{"id":3,"date":"2023-05-19T08:35:09","date_gmt":"2023-05-19T00:35:09","guid":{"rendered":"https:\/\/www.aocfiberlink.com\/?page_id=3"},"modified":"2023-09-22T17:36:33","modified_gmt":"2023-09-22T09:36:33","slug":"privacy-policy","status":"publish","type":"page","link":"https:\/\/www.aocfiberlink.com\/de\/privacy-policy\/","title":{"rendered":"Datenschutzrichtlinie"},"content":{"rendered":"<p><strong>Wer sind wir?<\/strong><\/p>\n\n\n\n<p>Unsere Website-Adresse lautet: https:\/\/www.aocfiberlink.com. .<\/p>\n\n\n\n<p><strong>Kommentar<\/strong><\/p>\n\n\n\n<p>Wenn Besucher Kommentare hinterlassen, sammeln wir die Daten, die im Kommentarformular angezeigt werden, sowie die IP-Adresse des Besuchers und den User-Agent-String des Browsers, um Spam-Kommentare zu erkennen.<\/p>\n\n\n\n<p>Die anonymisierte Zeichenfolge (auch als Hash bekannt), die von Ihrer E-Mail-Adresse erzeugt wird, kann dem Gravatar-Dienst zur Verf\u00fcgung gestellt werden, um zu best\u00e4tigen, dass Sie den Dienst genutzt haben. Die Datenschutzbestimmungen des Gravatar-Dienstes lauten wie folgt: https:\/\/automattic.com\/privacy\/. Nachdem Ihr Kommentar genehmigt wurde, wird Ihr Profilbild \u00f6ffentlich neben Ihrem Kommentar angezeigt.<\/p>\n\n\n\n<p><strong>Medien<\/strong><\/p>\n\n\n\n<p>Wenn Sie Bilder auf diese Website hochladen, sollten Sie das Hochladen von Bildern mit eingebetteten geografischen Standortinformationen (EXIF-GPS) vermeiden. Die Besucher dieser Website k\u00f6nnen Standortinformationen aus den Bildern der Website herunterladen und extrahieren.<\/p>\n\n\n\n<p><strong>Cookies<\/strong><\/p>\n\n\n\n<p>Wenn Sie einen Kommentar auf unserer Website hinterlassen, k\u00f6nnen Sie die Verwendung von Cookies w\u00e4hlen, um Ihren Namen, Ihre E-Mail-Adresse und Ihre Website-Adresse zu speichern. Dies ist praktisch, denn so m\u00fcssen Sie den entsprechenden Inhalt nicht erneut eingeben, wenn Sie einen Kommentar abgeben. Diese Cookies werden ein Jahr lang aufbewahrt.<\/p>\n\n\n\n<p>Wenn Sie unsere Anmeldeseite besuchen, setzen wir ein tempor\u00e4res Cookie, um zu pr\u00fcfen, ob Ihr Browser Cookies akzeptiert. Dieses Cookie enth\u00e4lt keine pers\u00f6nlichen Daten und wird gel\u00f6scht, wenn Sie den Browser schlie\u00dfen.<\/p>\n\n\n\n<p>Wenn Sie sich anmelden, setzen wir au\u00dferdem mehrere Cookies, um Ihre Anmeldeinformationen und Bildschirmoptionen zu speichern. Die Anmelde-Cookies werden zwei Tage lang gespeichert, w\u00e4hrend die Cookies f\u00fcr die Bildschirmanzeigeoptionen ein Jahr lang gespeichert werden. Wenn Sie \u2018Remember Me\u2019 w\u00e4hlen, wird Ihr Anmeldestatus zwei Wochen lang gespeichert. Wenn Sie sich von Ihrem Konto abmelden, werden die f\u00fcr die Anmeldung verwendeten Cookies gel\u00f6scht.<\/p>\n\n\n\n<p>Wenn Sie einen Artikel bearbeiten oder ver\u00f6ffentlichen, speichern wir ein zus\u00e4tzliches Cookie in Ihrem Browser. Dieser Cookie enth\u00e4lt keine pers\u00f6nlichen Daten, sondern speichert nur die ID des Artikels, den Sie gerade bearbeitet haben. Dieses Cookie wird einen Tag lang aufbewahrt.<\/p>\n\n\n\n<p><strong>Eingebettete Inhalte von anderen Websites<\/strong><\/p>\n\n\n\n<p>Die Artikel auf dieser Website k\u00f6nnen eingebettete Inhalte (wie Videos, Bilder, Artikel usw.) enthalten. Das Verhalten von eingebetteten Inhalten von anderen Websites unterscheidet sich nicht vom direkten Zugriff auf diese anderen Websites.<\/p>\n\n\n\n<p>Diese Websites k\u00f6nnen Daten \u00fcber Sie sammeln, Cookies verwenden, zus\u00e4tzliche Tracking-Programme von Drittanbietern einbetten und Ihre Interaktion mit eingebetteten Inhalten \u00fcberwachen, einschlie\u00dflich der Verfolgung Ihrer Interaktion mit eingebetteten Inhalten, wenn Sie ein Konto bei diesen Websites haben und sich dort anmelden.<\/p>\n\n\n\n<p><strong>Mit wem teilen wir Ihre Informationen<\/strong><\/p>\n\n\n\n<p>Wenn Sie eine Passwortr\u00fccksetzung anfordern, wird Ihre IP-Adresse in der E-Mail zur Passwortr\u00fccksetzung angegeben.<\/p>\n\n\n\n<p><strong>Wie lange bewahren wir Ihre Informationen auf?<\/strong><\/p>\n\n\n\n<p>Wenn Sie einen Kommentar hinterlassen, werden der Kommentar und seine Metadaten auf unbestimmte Zeit gespeichert. Auf diese Weise k\u00f6nnen wir nachfolgende Kommentare erkennen und automatisch genehmigen, ohne sie in die Warteschlange zu stellen.<\/p>\n\n\n\n<p>Bei registrierten Nutzern dieser Website speichern wir auch die vom Nutzer angegebenen pers\u00f6nlichen Daten in seinem pers\u00f6nlichen Profil. Alle Nutzer k\u00f6nnen ihre pers\u00f6nlichen Daten jederzeit einsehen, bearbeiten oder l\u00f6schen (mit Ausnahme der Unm\u00f6glichkeit, ihren Benutzernamen zu \u00e4ndern), und auch die Administratoren der Website k\u00f6nnen diese Daten einsehen und bearbeiten.<\/p>\n\n\n\n<p><strong>Welche Rechte haben Sie in Bezug auf Ihre Informationen?<\/strong><\/p>\n\n\n\n<p>Wenn Sie ein Konto f\u00fcr diese Website haben oder einen Kommentar hinterlassen haben, k\u00f6nnen Sie uns auffordern, eine Exportdatei Ihrer pers\u00f6nlichen Daten, die wir haben, zur Verf\u00fcgung zu stellen, die alle Daten enth\u00e4lt, die Sie uns zur Verf\u00fcgung stellen. Sie k\u00f6nnen uns auch auffordern, alle personenbezogenen Daten \u00fcber Sie zu l\u00f6schen. Davon ausgenommen sind Daten, die wir aus verwaltungstechnischen, rechtlichen oder sicherheitsrelevanten Gr\u00fcnden aufbewahren m\u00fcssen.<\/p>\n\n\n\n<p><strong>Wohin werden Ihre Daten gesendet?<\/strong><\/p>\n\n\n\n<p>Besucherkommentare k\u00f6nnen durch den automatischen Dienst zur \u00dcberwachung von Spam-Kommentaren \u00fcberpr\u00fcft werden.<\/p>\n\n\n\n<p>Email:<a href=\"https:\/\/www.aocfiberlink.com\/de\/checkout\/\">sales@aocfiberlink.com<\/a><\/p>","protected":false},"excerpt":{"rendered":"<p>Who are we Our website address is: https:\/\/www.aocfiberlink.com . comment When visitors leave comments, we collect the data displayed in the comment form, as well as<span class=\"excerpt-hellip\"> [\u2026]<\/span><\/p>\n","protected":false},"author":1,"featured_media":0,"parent":0,"menu_order":0,"comment_status":"closed","ping_status":"open","template":"","meta":{"rs_blank_template":"","rs_page_bg_color":"","slide_template_v7":"","footnotes":""},"class_list":["post-3","page","type-page","status-publish","hentry"],"aioseo_notices":[],"_links":{"self":[{"href":"https:\/\/www.aocfiberlink.com\/de\/wp-json\/wp\/v2\/pages\/3","targetHints":{"allow":["GET"]}}],"collection":[{"href":"https:\/\/www.aocfiberlink.com\/de\/wp-json\/wp\/v2\/pages"}],"about":[{"href":"https:\/\/www.aocfiberlink.com\/de\/wp-json\/wp\/v2\/types\/page"}],"author":[{"embeddable":true,"href":"https:\/\/www.aocfiberlink.com\/de\/wp-json\/wp\/v2\/users\/1"}],"replies":[{"embeddable":true,"href":"https:\/\/www.aocfiberlink.com\/de\/wp-json\/wp\/v2\/comments?post=3"}],"version-history":[{"count":0,"href":"https:\/\/www.aocfiberlink.com\/de\/wp-json\/wp\/v2\/pages\/3\/revisions"}],"wp:attachment":[{"href":"https:\/\/www.aocfiberlink.com\/de\/wp-json\/wp\/v2\/media?parent=3"}],"curies":[{"name":"wp","href":"https:\/\/api.w.org\/{rel}","templated":true}]}}