{"id":1195,"date":"2023-01-01T09:10:23","date_gmt":"2023-01-01T01:10:23","guid":{"rendered":"https:\/\/www.aocfiberlink.com\/?post_type=product&#038;p=1195"},"modified":"2025-10-24T16:17:21","modified_gmt":"2025-10-24T08:17:21","slug":"8k-aktives-optisches-hdmi-2-1-glasfaserkabel-typ-am-zu-typ-am-48-gbit-s-2","status":"publish","type":"product","link":"https:\/\/www.aocfiberlink.com\/de\/product\/ultra-slim-8k-hdmi2-fiber-active-optical-cable-5m\/","title":{"rendered":"Ultraflaches 8K HDMI2.1 Glasfaser Aktiv Optisches Kabel-AM zu AM-48Gbps-5m"},"content":{"rendered":"<p data-sourcepos=\"11:1-11:308\">The FHDC-2102S series <strong>Super Slim 8K HDMI 2.1 Fiber Active Optical Cable<\/strong>, also known as 8K Fiber Optic HDMI Cable, 8K HDMI Fiber Cable, HDMI 2.1 Fiber Cable, 8K HDMI 2.1 Active Optical Cable, 8K Optical HDMI Cable, and 8K HDMI Active Optical Cable, offers exceptional performance and reliability for demanding applications.<\/p>\n<p><img loading=\"lazy\" decoding=\"async\" class=\"size-large wp-image-1736 aligncenter\" src=\"https:\/\/www.aocfiberlink.com\/wp-content\/uploads\/2024\/09\/8K-HDMI-2.1-Active-Fiber-Optical-Cables-Application-1024x437.png\" alt=\"8K HDMI 2.1 Active Fiber Optical Cables Application\" width=\"1024\" height=\"437\" srcset=\"https:\/\/www.aocfiberlink.com\/wp-content\/uploads\/2024\/09\/8K-HDMI-2.1-Active-Fiber-Optical-Cables-Application-1024x437.png 1024w, https:\/\/www.aocfiberlink.com\/wp-content\/uploads\/2024\/09\/8K-HDMI-2.1-Active-Fiber-Optical-Cables-Application-300x128.png 300w, https:\/\/www.aocfiberlink.com\/wp-content\/uploads\/2024\/09\/8K-HDMI-2.1-Active-Fiber-Optical-Cables-Application-768x328.png 768w, https:\/\/www.aocfiberlink.com\/wp-content\/uploads\/2024\/09\/8K-HDMI-2.1-Active-Fiber-Optical-Cables-Application-18x8.png 18w, https:\/\/www.aocfiberlink.com\/wp-content\/uploads\/2024\/09\/8K-HDMI-2.1-Active-Fiber-Optical-Cables-Application-150x64.png 150w, https:\/\/www.aocfiberlink.com\/wp-content\/uploads\/2024\/09\/8K-HDMI-2.1-Active-Fiber-Optical-Cables-Application-480x205.png 480w, https:\/\/www.aocfiberlink.com\/wp-content\/uploads\/2024\/09\/8K-HDMI-2.1-Active-Fiber-Optical-Cables-Application-600x256.png 600w, https:\/\/www.aocfiberlink.com\/wp-content\/uploads\/2024\/09\/8K-HDMI-2.1-Active-Fiber-Optical-Cables-Application.png 1464w\" sizes=\"auto, (max-width:767px) 480px, (max-width:1024px) 100vw, 1024px\" \/><\/p>\n<p data-sourcepos=\"13:1-13:411\">Crafted with high-quality super slim, flexible, and lightweight hybrid optical fiber cable, the FHDC-2102 8K HDMI2.1 Fiber Active Optical Cable delivers unmatched transmission and flexibility with a maximum data rate of 48Gbps, supporting stunning visuals with resolutions up to 8K (7680 x 4320p) at 60Hz and a smooth refresh rate of 144Hz for 4K (3840 x 2160p). This 8K HDMI 2.1 Fiber Optical Cable supports enhanced features like CEC, HDCP 2.3, and HDR for an immersive viewing experience as well.<\/p>\n<p><img loading=\"lazy\" decoding=\"async\" class=\"size-large wp-image-2107\" src=\"https:\/\/www.aocfiberlink.com\/wp-content\/uploads\/2025\/04\/IMG_20250428201331-1007x1024.jpg\" alt=\"AOCFiberlink Ultra-thin 8K HDMI2.1 Active Optical Cable\" width=\"1007\" height=\"1024\" srcset=\"https:\/\/www.aocfiberlink.com\/wp-content\/uploads\/2025\/04\/IMG_20250428201331-1007x1024.jpg 1007w, https:\/\/www.aocfiberlink.com\/wp-content\/uploads\/2025\/04\/IMG_20250428201331-295x300.jpg 295w, https:\/\/www.aocfiberlink.com\/wp-content\/uploads\/2025\/04\/IMG_20250428201331-768x781.jpg 768w, https:\/\/www.aocfiberlink.com\/wp-content\/uploads\/2025\/04\/IMG_20250428201331-1511x1536.jpg 1511w, https:\/\/www.aocfiberlink.com\/wp-content\/uploads\/2025\/04\/IMG_20250428201331-12x12.jpg 12w, https:\/\/www.aocfiberlink.com\/wp-content\/uploads\/2025\/04\/IMG_20250428201331-74x75.jpg 74w, https:\/\/www.aocfiberlink.com\/wp-content\/uploads\/2025\/04\/IMG_20250428201331-480x488.jpg 480w, https:\/\/www.aocfiberlink.com\/wp-content\/uploads\/2025\/04\/IMG_20250428201331-600x610.jpg 600w, https:\/\/www.aocfiberlink.com\/wp-content\/uploads\/2025\/04\/IMG_20250428201331.jpg 1580w\" sizes=\"auto, (max-width:767px) 480px, (max-width:1007px) 100vw, 1007px\" \/><\/p>\n<p><strong>Highlight-Funktionen:<\/strong><\/p>\n<ul>\n<li><strong>Super slim,flexible and lightweight<\/strong><\/li>\n<li><strong>2.5 x 3.5mm OD, transparent PVC jacket, nearly invisible<\/strong><\/li>\n<li class=\"text-th-primary-dark\"><strong>Hochwertige Aufl\u00f6sung<\/strong>: Unterst\u00fctzt 8K@60Hz, 4K@144Hz, 4K@120Hz gem\u00e4\u00df HDMI 2.1-Spezifikationen, abw\u00e4rtskompatibel<\/li>\n<li class=\"text-th-primary-dark\"><strong>Grosse Bandbreite<\/strong>: 48 Gbit\/s Kapazit\u00e4t, abw\u00e4rtskompatibel<\/li>\n<li class=\"text-th-primary-dark\"><strong>Verlustfreie \u00dcbertragung<\/strong>: Liefert 8K@60Hz-Bilder, VR- und 3D-Anzeigesignale \u00fcber gro\u00dfe Entfernungen<\/li>\n<li class=\"text-th-primary-dark\"><strong>Dynamisches HDR<\/strong>: Optimiert Kontrast, Tiefe, Helligkeit und Farbraum Bild f\u00fcr Bild<\/li>\n<li class=\"text-th-primary-dark\"><strong>Hochwertige Audioqualit\u00e4t<\/strong>: Unterst\u00fctzt bis zu 192 kHz, 24 Bit, unkomprimiertes 5.1 und 7.1, verlustfreie Dolby-Formate und 32-Kanal-Audio<\/li>\n<li class=\"text-th-primary-dark\"><strong>VRR f\u00fcr Gaming<\/strong>: Fl\u00fcssiges Gameplay mit minimaler Verz\u00f6gerung, Ruckeln und Frame-Tearing<\/li>\n<li class=\"text-th-primary-dark\"><strong>Erweiterte Funktionen<\/strong>: Unterst\u00fctzt EDID, Selbsterkennungsfunktion, ALLM, QMS und QFT<\/li>\n<li class=\"text-th-primary-dark\"><strong>Langlebige Konstruktion<\/strong>: Geh\u00e4use aus Zinklegierung, korrosionsbest\u00e4ndige vergoldete Anschl\u00fcsse<\/li>\n<li class=\"text-th-primary-dark\"><strong>EMI-Widerstand<\/strong>: Hohe Best\u00e4ndigkeit gegen elektromagnetische St\u00f6rungen, wodurch eine sichere, strahlungsfreie Umgebung gew\u00e4hrleistet wird<\/li>\n<li class=\"text-th-primary-dark\"><strong>Anpassbar<\/strong>: Up to 20m maximum length, custom length, logo, and packaging available<\/li>\n<\/ul>\n<p><img loading=\"lazy\" decoding=\"async\" class=\"size-large wp-image-2108\" src=\"https:\/\/www.aocfiberlink.com\/wp-content\/uploads\/2025\/04\/IMG_20250428201340-795x1024.jpg\" alt=\"AOCFiberlink Ultra-slim 8K Fiber Optic HDMI2.1 Optical Cable\" width=\"795\" height=\"1024\" srcset=\"https:\/\/www.aocfiberlink.com\/wp-content\/uploads\/2025\/04\/IMG_20250428201340-795x1024.jpg 795w, https:\/\/www.aocfiberlink.com\/wp-content\/uploads\/2025\/04\/IMG_20250428201340-233x300.jpg 233w, https:\/\/www.aocfiberlink.com\/wp-content\/uploads\/2025\/04\/IMG_20250428201340-768x990.jpg 768w, https:\/\/www.aocfiberlink.com\/wp-content\/uploads\/2025\/04\/IMG_20250428201340-1192x1536.jpg 1192w, https:\/\/www.aocfiberlink.com\/wp-content\/uploads\/2025\/04\/IMG_20250428201340-9x12.jpg 9w, https:\/\/www.aocfiberlink.com\/wp-content\/uploads\/2025\/04\/IMG_20250428201340-58x75.jpg 58w, https:\/\/www.aocfiberlink.com\/wp-content\/uploads\/2025\/04\/IMG_20250428201340-480x619.jpg 480w, https:\/\/www.aocfiberlink.com\/wp-content\/uploads\/2025\/04\/IMG_20250428201340-600x773.jpg 600w, https:\/\/www.aocfiberlink.com\/wp-content\/uploads\/2025\/04\/IMG_20250428201340.jpg 1580w\" sizes=\"auto, (max-width:767px) 480px, (max-width:795px) 100vw, 795px\" \/><\/p>\n<p><strong>Anwendungen:<\/strong><\/p>\n<ul>\n<li>Gaming-PC<\/li>\n<li>Digitale Signatur<\/li>\n<li>LED-Schilder und Monitore f\u00fcr Stadien, Krankenh\u00e4user und Versandzentren<\/li>\n<li>Medizinische Bildgebungsger\u00e4te<\/li>\n<li>Video-Informationssystem zum Boarding am Flughafen<\/li>\n<li>Heimkino, Blu-ray, 3D-Video, Projektor, Set-Top-Box, DVR, Spielekonsolensteuerung und Monitoranschluss<\/li>\n<li>Radio- und Fernsehsender<\/li>\n<li>Videokonferenzausr\u00fcstung<\/li>\n<li>Sicherheits\u00fcberwachungssystem<\/li>\n<\/ul>\n<p><img loading=\"lazy\" decoding=\"async\" class=\"size-large wp-image-1740\" style=\"width: 50%;\" src=\"https:\/\/www.aocfiberlink.com\/wp-content\/uploads\/2024\/09\/8k-HDMI-2.1-picture-quality-compared-to-4k-and-2k-819x1024.jpg\" alt=\"8k HDMI 2.1 picture quality compared to 4k and 2k\" width=\"819\" height=\"1024\" align=\"left\" srcset=\"https:\/\/www.aocfiberlink.com\/wp-content\/uploads\/2024\/09\/8k-HDMI-2.1-picture-quality-compared-to-4k-and-2k-819x1024.jpg 819w, https:\/\/www.aocfiberlink.com\/wp-content\/uploads\/2024\/09\/8k-HDMI-2.1-picture-quality-compared-to-4k-and-2k-240x300.jpg 240w, https:\/\/www.aocfiberlink.com\/wp-content\/uploads\/2024\/09\/8k-HDMI-2.1-picture-quality-compared-to-4k-and-2k-768x960.jpg 768w, https:\/\/www.aocfiberlink.com\/wp-content\/uploads\/2024\/09\/8k-HDMI-2.1-picture-quality-compared-to-4k-and-2k-10x12.jpg 10w, https:\/\/www.aocfiberlink.com\/wp-content\/uploads\/2024\/09\/8k-HDMI-2.1-picture-quality-compared-to-4k-and-2k-60x75.jpg 60w, https:\/\/www.aocfiberlink.com\/wp-content\/uploads\/2024\/09\/8k-HDMI-2.1-picture-quality-compared-to-4k-and-2k-480x600.jpg 480w, https:\/\/www.aocfiberlink.com\/wp-content\/uploads\/2024\/09\/8k-HDMI-2.1-picture-quality-compared-to-4k-and-2k-600x750.jpg 600w, https:\/\/www.aocfiberlink.com\/wp-content\/uploads\/2024\/09\/8k-HDMI-2.1-picture-quality-compared-to-4k-and-2k.jpg 1200w\" sizes=\"auto, (max-width:767px) 480px, (max-width:819px) 100vw, 819px\" \/><img loading=\"lazy\" decoding=\"async\" class=\"size-large wp-image-1741\" style=\"width: 50%;\" src=\"https:\/\/www.aocfiberlink.com\/wp-content\/uploads\/2024\/09\/Enjoy-eARC-Perfect-Audio-Fidelity-819x1024.jpg\" alt=\"Enjoy eARC Perfect Audio Fidelity\" width=\"819\" height=\"1024\" align=\"right\" srcset=\"https:\/\/www.aocfiberlink.com\/wp-content\/uploads\/2024\/09\/Enjoy-eARC-Perfect-Audio-Fidelity-819x1024.jpg 819w, https:\/\/www.aocfiberlink.com\/wp-content\/uploads\/2024\/09\/Enjoy-eARC-Perfect-Audio-Fidelity-240x300.jpg 240w, https:\/\/www.aocfiberlink.com\/wp-content\/uploads\/2024\/09\/Enjoy-eARC-Perfect-Audio-Fidelity-768x960.jpg 768w, https:\/\/www.aocfiberlink.com\/wp-content\/uploads\/2024\/09\/Enjoy-eARC-Perfect-Audio-Fidelity-10x12.jpg 10w, https:\/\/www.aocfiberlink.com\/wp-content\/uploads\/2024\/09\/Enjoy-eARC-Perfect-Audio-Fidelity-60x75.jpg 60w, https:\/\/www.aocfiberlink.com\/wp-content\/uploads\/2024\/09\/Enjoy-eARC-Perfect-Audio-Fidelity-480x600.jpg 480w, https:\/\/www.aocfiberlink.com\/wp-content\/uploads\/2024\/09\/Enjoy-eARC-Perfect-Audio-Fidelity-600x750.jpg 600w, https:\/\/www.aocfiberlink.com\/wp-content\/uploads\/2024\/09\/Enjoy-eARC-Perfect-Audio-Fidelity.jpg 1200w\" sizes=\"auto, (max-width:767px) 480px, (max-width:819px) 100vw, 819px\" \/><\/p>","protected":false},"excerpt":{"rendered":"<p>-Super slim,ultra-thin,transparent,flexible and lightweight;<br \/>\n-Unvergleichliche 8K 60Hz-Aufl\u00f6sung;<br \/>\n-Optische\/elektrische L\u00f6sung f\u00fcr verlustfreie \u00dcbertragung;<br \/>\n-48 Gbit\/s Bandbreite;<br \/>\n- Griffiges Geh\u00e4use aus Zinklegierung und vergoldete Anschl\u00fcsse<\/p>","protected":false},"featured_media":1196,"comment_status":"open","ping_status":"closed","template":"","meta":{"rs_blank_template":"","rs_page_bg_color":"","slide_template_v7":""},"product_brand":[],"product_cat":[488,490,38,24,493],"product_tag":[465,467,452,40,248,39,41,35,466,29,641,639,640],"class_list":{"0":"post-1195","1":"product","2":"type-product","3":"status-publish","4":"has-post-thumbnail","6":"product_cat-solution-audio-visual","7":"product_cat-solution-hd-conferences","8":"product_cat-hdmi-2-1","9":"product_cat-optical-hdmi-cables","10":"product_cat-solution-smart-home","11":"product_tag-8k-fiber-optic-hdmi-cable","12":"product_tag-8k-hdmi-2-1-active-optical-cable","13":"product_tag-8k-hdmi-active-optical-cable","14":"product_tag-8k-hdmi-fiber-cable","15":"product_tag-8k-optical-hdmi-cable","16":"product_tag-active-hdmi-2-1-cable","17":"product_tag-fiber-optic-hdmi-2-1-cable","18":"product_tag-hdmi-2-1-aoc","19":"product_tag-hdmi-2-1-fiber-cable","20":"product_tag-optical-hdmi-cable","21":"product_tag-super-slim","22":"product_tag-ultra-slim","23":"product_tag-ultra-thin","25":"first","26":"instock","27":"shipping-taxable","28":"product-type-simple"},"aioseo_notices":[],"_links":{"self":[{"href":"https:\/\/www.aocfiberlink.com\/de\/wp-json\/wp\/v2\/product\/1195","targetHints":{"allow":["GET"]}}],"collection":[{"href":"https:\/\/www.aocfiberlink.com\/de\/wp-json\/wp\/v2\/product"}],"about":[{"href":"https:\/\/www.aocfiberlink.com\/de\/wp-json\/wp\/v2\/types\/product"}],"replies":[{"embeddable":true,"href":"https:\/\/www.aocfiberlink.com\/de\/wp-json\/wp\/v2\/comments?post=1195"}],"wp:featuredmedia":[{"embeddable":true,"href":"https:\/\/www.aocfiberlink.com\/de\/wp-json\/wp\/v2\/media\/1196"}],"wp:attachment":[{"href":"https:\/\/www.aocfiberlink.com\/de\/wp-json\/wp\/v2\/media?parent=1195"}],"wp:term":[{"taxonomy":"product_brand","embeddable":true,"href":"https:\/\/www.aocfiberlink.com\/de\/wp-json\/wp\/v2\/product_brand?post=1195"},{"taxonomy":"product_cat","embeddable":true,"href":"https:\/\/www.aocfiberlink.com\/de\/wp-json\/wp\/v2\/product_cat?post=1195"},{"taxonomy":"product_tag","embeddable":true,"href":"https:\/\/www.aocfiberlink.com\/de\/wp-json\/wp\/v2\/product_tag?post=1195"}],"curies":[{"name":"wp","href":"https:\/\/api.w.org\/{rel}","templated":true}]}}