{"id":293,"date":"2023-01-01T09:01:24","date_gmt":"2023-01-01T01:01:24","guid":{"rendered":"https:\/\/www.aocfiberlink.com\/?post_type=product&#038;p=293"},"modified":"2025-10-24T16:08:03","modified_gmt":"2025-10-24T08:08:03","slug":"abnehmbares-gepanzertes-8k-hdmi-aoc-aktives-optisches-kabel","status":"publish","type":"product","link":"https:\/\/www.aocfiberlink.com\/de\/product\/detachable-8k-hdmi-aoc-active-optical-cable\/","title":{"rendered":"Abnehmbares 8K HDMI 2.1 AOC-aktives optisches Kabel-AD zu AD-48Gbps"},"content":{"rendered":"<p>Die FHDA-21AD-XX-Serie <strong>Abnehmbare, gepanzerte HDMI 2.1 AOC-aktive optische Kabel <\/strong>werden auch HDMI 2.1 AOC, aktives optisches HDMI 2.1-Kabel, Glasfaser-HDMI-Kabel, optisches HDMI-Kabel, aktives HDMI-Kabel, aktives HDMI 2.1-Kabel, aktives optisches HDMI-Kabel genannt.<\/p>\n<p>Die gepanzerten HDMI 2.1 AOC-Aktiv-Lichtwellenleiter bestehen aus hochwertigem Edelstahl und einem verst\u00e4rkten Hybrid-Glasfaserkabel (4 Fasern und 7 Kupfer) und bieten au\u00dfergew\u00f6hnliche Haltbarkeit und Widerstandsf\u00e4higkeit. Mit einer bruchfesten Panzerung, die einer Kraft von bis zu 500 kg standh\u00e4lt, sind diese Kabel f\u00fcr anspruchsvolle Umgebungen konzipiert. Die TPU-Ummantelung in Industriequalit\u00e4t bietet einen weiten Betriebstemperaturbereich (-40\u2103 bis +80\u2103) und eignet sich daher perfekt f\u00fcr den Einsatz in anspruchsvollen Umgebungen wie medizinischen Praxen, der Vermietung von Live-Veranstaltungen, beim Milit\u00e4r, an Bord von Schiffen, bei tempor\u00e4ren B\u00fchnen oder \u00fcberall dort, wo l\u00e4ngere Zeitr\u00e4ume erforderlich sind HDMI-Kabel unter harten Bedingungen.<\/p>\n<p>Die abnehmbaren, gepanzerten HDMI 2.1 AOC-Kabel der FHDA-21AD-XX-Serie, \u00e4hnlich den Standard-HDMI 2.1 AOC-Kabeln, \u00fcbertragen Ultrahochgeschwindigkeitssignale von bis zu 48 Gbit\/s und 8K@60Hz Aufl\u00f6sung, 4:4:4 Farbunterabtastung, HDR, eARC ohne Signalverlust. Diese EMI-best\u00e4ndigen abnehmbaren Glasfaser-HDMI-Kabel, die den HDMI 2.1-Spezifikationen entsprechen, liefern eine beispiellose visuelle Qualit\u00e4t mit einer Aufl\u00f6sung von bis zu 8K und einer Bildwiederholfrequenz von bis zu 144 Hz. Tauchen Sie ein in ein au\u00dfergew\u00f6hnliches Unterhaltungs- und Spielerlebnis. Die optische L\u00f6sung gew\u00e4hrleistet eine verlustfreie \u00dcbertragung auch \u00fcber gro\u00dfe Entfernungen und garantiert so eine hervorragende Signalqualit\u00e4t.<\/p>\n<p><strong>Highlight-Funktionen:<\/strong><\/p>\n<ul>\n<li class=\"text-th-primary-dark\"><strong>Hochwertige Aufl\u00f6sung<\/strong>: Unterst\u00fctzt 8K@60Hz, 4K@144Hz, 4K@120Hz gem\u00e4\u00df HDMI 2.1-Spezifikationen, abw\u00e4rtskompatibel<\/li>\n<li class=\"text-th-primary-dark\"><strong>Grosse Bandbreite<\/strong>: 48 Gbit\/s Kapazit\u00e4t, abw\u00e4rtskompatibel<\/li>\n<li class=\"text-th-primary-dark\"><strong>Verlustfreie \u00dcbertragung<\/strong>: Liefert 8K@60Hz-Bilder, VR- und 3D-Anzeigesignale \u00fcber gro\u00dfe Entfernungen<\/li>\n<li class=\"text-th-primary-dark\"><strong>Schnelle Bildwiederholfrequenz<\/strong>: 120 Hz bei 4K-Aufl\u00f6sung f\u00fcr gestochen scharfe Bilder; h\u00f6here Raten bei niedrigeren Aufl\u00f6sungen<\/li>\n<li class=\"text-th-primary-dark\"><strong>Dynamisches HDR<\/strong>: Optimiert Kontrast, Tiefe, Helligkeit und Farbraum Bild f\u00fcr Bild<\/li>\n<li class=\"text-th-primary-dark\"><strong>Verbessertes eARC<\/strong>: Vereinfacht die Konnektivit\u00e4t und Audiooptimierung f\u00fcr mehrere Komponenten<\/li>\n<li class=\"text-th-primary-dark\"><strong>Hochwertige Audioqualit\u00e4t<\/strong>: Unterst\u00fctzt bis zu 192 kHz, 24 Bit, unkomprimiertes 5.1 und 7.1, verlustfreie Dolby-Formate und 32-Kanal-Audio<\/li>\n<li class=\"text-th-primary-dark\"><strong>VRR f\u00fcr Gaming<\/strong>: Fl\u00fcssiges Gameplay mit minimaler Verz\u00f6gerung, Ruckeln und Frame-Tearing<\/li>\n<li class=\"text-th-primary-dark\"><strong>Erweiterte Funktionen<\/strong>: Unterst\u00fctzt EDID, Selbsterkennungsfunktion, ALLM, QMS und QFT<\/li>\n<li class=\"text-th-primary-dark\"><strong>Langlebige Konstruktion<\/strong>: Geh\u00e4use aus Zinklegierung, korrosionsbest\u00e4ndige vergoldete Anschl\u00fcsse<\/li>\n<li class=\"text-th-primary-dark\"><strong>EMI-Widerstand<\/strong>: Hohe Best\u00e4ndigkeit gegen elektromagnetische St\u00f6rungen, wodurch eine sichere, strahlungsfreie Umgebung gew\u00e4hrleistet wird<\/li>\n<li class=\"text-th-primary-dark\"><strong>Anpassbar<\/strong>: Bis zu 70 m maximale L\u00e4nge (maximal 30 m f\u00fcr eARC), kundenspezifische L\u00e4nge, Logo und Verpackung verf\u00fcgbar<\/li>\n<\/ul>\n<p><strong>Anwendungen:<\/strong><\/p>\n<ul>\n<li>Digitale Signatur<\/li>\n<li>LED-Schilder und Monitore f\u00fcr Stadien, Krankenh\u00e4user und Versandzentren<\/li>\n<li>Medizinische Bildgebungsger\u00e4te<\/li>\n<li>Video-Informationssystem zum Boarding am Flughafen<\/li>\n<li>Heimkino, Blu-ray, 3D-Video, Projektor, Set-Top-Box, DVR, Spielekonsolensteuerung und Monitoranschluss<\/li>\n<li>Radio- und Fernsehsender<\/li>\n<li>Videokonferenzausr\u00fcstung<\/li>\n<li>Sicherheits\u00fcberwachungssystem<\/li>\n<\/ul>","protected":false},"excerpt":{"rendered":"<p>-Abnehmbare Enden f\u00fcr einfacheren Einsatz<br \/>\n-HDMI2.1, 8K\/60Hz, 48Gbps Bandbreite;<br \/>\n-LED-Anzeige, sichere Verriegelung;<br \/>\n-EMI-freie \u00dcbertragung;<br \/>\n-Minimaler Biegeradius 48 mm oder ~ 1,8 Zoll<br \/>\n-Maximale Zugkraft 15kg oder ~ 33 Pfund<br \/>\n-Minimaler Rohrdurchmesser 16 mm oder ~ 0,63 Zoll<\/p>","protected":false},"featured_media":2265,"comment_status":"open","ping_status":"closed","template":"","meta":{"rs_blank_template":"","rs_page_bg_color":"","slide_template_v7":""},"product_brand":[],"product_cat":[488,490,38,76,24,493],"product_tag":[39,30,33,34,31,35,32,36,29],"class_list":{"0":"post-293","1":"product","2":"type-product","3":"status-publish","4":"has-post-thumbnail","6":"product_cat-solution-audio-visual","7":"product_cat-solution-hd-conferences","8":"product_cat-hdmi-2-1","9":"product_cat-hot-sellers","10":"product_cat-optical-hdmi-cables","11":"product_cat-solution-smart-home","12":"product_tag-active-hdmi-2-1-cable","13":"product_tag-active-hdmi-cable","14":"product_tag-active-optical-hdmi-cable","15":"product_tag-aoc-hdmi-cable","16":"product_tag-fiber-optic-hdmi-cable","17":"product_tag-hdmi-2-1-aoc","18":"product_tag-hdmi-fiber-cable","19":"product_tag-hybrid-hdmi-cable-8k","20":"product_tag-optical-hdmi-cable","22":"first","23":"instock","24":"shipping-taxable","25":"product-type-simple"},"aioseo_notices":[],"_links":{"self":[{"href":"https:\/\/www.aocfiberlink.com\/de\/wp-json\/wp\/v2\/product\/293","targetHints":{"allow":["GET"]}}],"collection":[{"href":"https:\/\/www.aocfiberlink.com\/de\/wp-json\/wp\/v2\/product"}],"about":[{"href":"https:\/\/www.aocfiberlink.com\/de\/wp-json\/wp\/v2\/types\/product"}],"replies":[{"embeddable":true,"href":"https:\/\/www.aocfiberlink.com\/de\/wp-json\/wp\/v2\/comments?post=293"}],"wp:featuredmedia":[{"embeddable":true,"href":"https:\/\/www.aocfiberlink.com\/de\/wp-json\/wp\/v2\/media\/2265"}],"wp:attachment":[{"href":"https:\/\/www.aocfiberlink.com\/de\/wp-json\/wp\/v2\/media?parent=293"}],"wp:term":[{"taxonomy":"product_brand","embeddable":true,"href":"https:\/\/www.aocfiberlink.com\/de\/wp-json\/wp\/v2\/product_brand?post=293"},{"taxonomy":"product_cat","embeddable":true,"href":"https:\/\/www.aocfiberlink.com\/de\/wp-json\/wp\/v2\/product_cat?post=293"},{"taxonomy":"product_tag","embeddable":true,"href":"https:\/\/www.aocfiberlink.com\/de\/wp-json\/wp\/v2\/product_tag?post=293"}],"curies":[{"name":"wp","href":"https:\/\/api.w.org\/{rel}","templated":true}]}}