{"id":328,"date":"2023-01-01T09:46:34","date_gmt":"2023-01-01T01:46:34","guid":{"rendered":"https:\/\/www.aocfiberlink.com\/?post_type=product&#038;p=328"},"modified":"2025-10-25T10:18:16","modified_gmt":"2025-10-25T02:18:16","slug":"abnehmbares-hdmi-20-aoc-aktives-optisches-kabel","status":"publish","type":"product","link":"https:\/\/www.aocfiberlink.com\/de\/product\/detachable-4k-hdmi2-active-optical-cable-aoc\/","title":{"rendered":"Abnehmbares 4K HDMI 2.0 Aktiv Optisches Kabel-AOC-DM-DM,18Gbps"},"content":{"rendered":"<p>Die Serie FHDC-20DD-XX <strong>Detacbale HDMI 2.0 AOC-aktive optische Kabel <\/strong>werden auch HDMI 2.0 AOC, aktives optisches HDMI 2.0-Kabel, Glasfaser-HDMI-Kabel, optisches HDMI-Kabel, aktives HDMI-Kabel, aktives HDMI 2.0-Kabel, aktives optisches HDMI-Kabel genannt.<\/p>\n<p>Die aktiven optischen 4K-HDMI-2.0-Faserkabel bestehen aus hochwertigen Hybrid-Glasfaserkabeln (3 Fasern und 7 Kupfer) und bieten un\u00fcbertroffene \u00dcbertragungsm\u00f6glichkeiten. Mit einer maximalen Datenrate von 18 Gbit\/s liefern diese Kabel High-Speed-Leistung und gew\u00e4hrleisten eine makellose visuelle Qualit\u00e4t mit Aufl\u00f6sungen von bis zu 4096 x 2160\/3840 x 2160 (4K) bei 60-Hz-Videosignalen. Erleben Sie das volle Farbspektrum mit 4:4:4 und genie\u00dfen Sie erweiterte Funktionen wie HDR und eARC \u2013 und das alles ohne Signalverlust, selbst \u00fcber gro\u00dfe Entfernungen.<\/p>\n<p>Die 4K Active Fiber Optic HDMI 2.0-Kabel sind auf Langlebigkeit und Zuverl\u00e4ssigkeit ausgelegt und verf\u00fcgen \u00fcber eine TPU-Ummantelung in Industriequalit\u00e4t. Dieser Mantel bietet au\u00dfergew\u00f6hnlichen Schutz und erm\u00f6glicht den einwandfreien Betrieb dieser Kabel in einem weiten Temperaturbereich von -40\u2103 bis +80\u2103. Mit dieser robusten Konstruktion eignen sich diese Kabel ideal f\u00fcr anspruchsvolle Umgebungen wie medizinische Praxen, die Vermietung von Live-Events, milit\u00e4rische Anwendungen, Schiffsinstallationen, tempor\u00e4re B\u00fchnen oder alle Szenarien, die eine erweiterte HDMI-Konnektivit\u00e4t unter schwierigen Bedingungen erfordern.<\/p>\n<p><strong>Highlight-Funktionen:<\/strong><\/p>\n<ul>\n<li class=\"text-th-primary-dark\"><strong>Sichere Verriegelung<\/strong>: Abnehmbares Design mit zuverl\u00e4ssigem Verriegelungsmechanismus, um ein versehentliches Trennen zu verhindern<\/li>\n<li class=\"text-th-primary-dark\"><strong>Hochwertige Aufl\u00f6sung<\/strong>: Unterst\u00fctzt 4K@60Hz 4:4:4-Videosignale bis zu 150 Meter f\u00fcr ein hochwertiges Seherlebnis.<\/li>\n<li class=\"text-th-primary-dark\"><strong>Grosse Bandbreite<\/strong>: 18 Gbit\/s Kapazit\u00e4t, gew\u00e4hrleistet eine schnelle und zuverl\u00e4ssige \u00dcbertragung von Multimedia-Inhalten<\/li>\n<li class=\"text-th-primary-dark\"><strong>Verlustfreie \u00dcbertragung<\/strong>: Liefert 4K@60Hz-Bilder, VR- und 3D-Anzeigesignale \u00fcber gro\u00dfe Entfernungen<\/li>\n<li class=\"text-th-primary-dark\"><strong>Schnelle Bildwiederholfrequenz<\/strong>: 6 Hz bei 4K-Aufl\u00f6sung f\u00fcr gestochen scharfe Bilder; h\u00f6here Raten bei niedrigeren Aufl\u00f6sungen<\/li>\n<li class=\"text-th-primary-dark\"><strong>Dynamisches HDR<\/strong>: Optimiert Kontrast, Tiefe, Helligkeit und Farbraum Bild f\u00fcr Bild<\/li>\n<li class=\"text-th-primary-dark\"><strong>Verbessertes eARC<\/strong>: Vereinfacht die Konnektivit\u00e4t und Audiooptimierung f\u00fcr mehrere Komponenten<\/li>\n<li class=\"text-th-primary-dark\"><strong>Hochwertige Audioqualit\u00e4t<\/strong>: Unterst\u00fctzt bis zu 192 kHz, 24 Bit, unkomprimiertes 5.1 und 7.1, verlustfreie Dolby-Formate und 32-Kanal-Audio<\/li>\n<li class=\"text-th-primary-dark\"><strong>VRR f\u00fcr Gaming<\/strong>: Fl\u00fcssiges Gameplay mit minimaler Verz\u00f6gerung, Ruckeln und Frame-Tearing<\/li>\n<li class=\"text-th-primary-dark\"><strong>Erweiterte Funktionen<\/strong>: Unterst\u00fctzt EDID, Selbsterkennungsfunktion, ALLM, QMS und QFT<\/li>\n<li class=\"text-th-primary-dark\"><strong>Langlebige Konstruktion<\/strong>: Geh\u00e4use aus Zinklegierung, korrosionsbest\u00e4ndige vergoldete Anschl\u00fcsse<\/li>\n<li class=\"text-th-primary-dark\"><strong>EMI-Widerstand<\/strong>: Hohe Best\u00e4ndigkeit gegen elektromagnetische St\u00f6rungen, wodurch eine sichere, strahlungsfreie Umgebung gew\u00e4hrleistet wird<\/li>\n<li class=\"text-th-primary-dark\"><strong>Anpassbar<\/strong>: Bis zu 150 m maximale L\u00e4nge (maximal 30 m f\u00fcr eARC), kundenspezifische L\u00e4nge, Logo und Verpackung verf\u00fcgbar<\/li>\n<\/ul>\n<p><strong>Anwendungen:<\/strong><\/p>\n<ul>\n<li>Digitale Signatur<\/li>\n<li>LED-Schilder und Monitore f\u00fcr Stadien, Krankenh\u00e4user und Versandzentren<\/li>\n<li>Medizinische Bildgebungsger\u00e4te<\/li>\n<li>Video-Informationssystem zum Boarding am Flughafen<\/li>\n<li>Heimkino, Blu-ray, 3D-Video, Projektor, Set-Top-Box, DVR, Spielekonsolensteuerung und Monitoranschluss<\/li>\n<li>Radio- und Fernsehsender<\/li>\n<li>Videokonferenzausr\u00fcstung<\/li>\n<li>Sicherheits\u00fcberwachungssystem<\/li>\n<\/ul>","protected":false},"excerpt":{"rendered":"<p>-Abnehmbare Enden f\u00fcr einfacheren Einsatz<br \/>\n-HDMI2.0, 4K\/60Hz, 18Gbps Bandbreite;<br \/>\n-LED-Anzeige, sichere Verriegelung;<br \/>\n-EMI-freie \u00dcbertragung;<br \/>\n-Minimaler Biegeradius 48 mm oder ~ 1,8 Zoll<br \/>\n-Maximale Zugkraft 15kg oder ~ 33 Pfund<br \/>\n-Minimaler Rohrdurchmesser 16 mm oder ~ 0,63 Zoll<\/p>","protected":false},"featured_media":329,"comment_status":"open","ping_status":"closed","template":"","meta":{"rs_blank_template":"","rs_page_bg_color":"","slide_template_v7":""},"product_brand":[],"product_cat":[488,490,37,24,493],"product_tag":[51,44,53,50,49,52,48,29],"class_list":{"0":"post-328","1":"product","2":"type-product","3":"status-publish","4":"has-post-thumbnail","6":"product_cat-solution-audio-visual","7":"product_cat-solution-hd-conferences","8":"product_cat-hdmi-2-0","9":"product_cat-optical-hdmi-cables","10":"product_cat-solution-smart-home","11":"product_tag-4k-hdmi-aoc-cable","12":"product_tag-4k-hdmi-fiber-cable","13":"product_tag-active-fiber-optic-aoc","14":"product_tag-active-optical-hdmi-2-0-cable","15":"product_tag-detachable-hdmi-2-0-aoc-cable","16":"product_tag-detachable-hdmi-aoc-cable","17":"product_tag-hdmi-2-0-aoc-cable","18":"product_tag-optical-hdmi-cable","20":"first","21":"instock","22":"shipping-taxable","23":"product-type-simple"},"aioseo_notices":[],"_links":{"self":[{"href":"https:\/\/www.aocfiberlink.com\/de\/wp-json\/wp\/v2\/product\/328","targetHints":{"allow":["GET"]}}],"collection":[{"href":"https:\/\/www.aocfiberlink.com\/de\/wp-json\/wp\/v2\/product"}],"about":[{"href":"https:\/\/www.aocfiberlink.com\/de\/wp-json\/wp\/v2\/types\/product"}],"replies":[{"embeddable":true,"href":"https:\/\/www.aocfiberlink.com\/de\/wp-json\/wp\/v2\/comments?post=328"}],"wp:featuredmedia":[{"embeddable":true,"href":"https:\/\/www.aocfiberlink.com\/de\/wp-json\/wp\/v2\/media\/329"}],"wp:attachment":[{"href":"https:\/\/www.aocfiberlink.com\/de\/wp-json\/wp\/v2\/media?parent=328"}],"wp:term":[{"taxonomy":"product_brand","embeddable":true,"href":"https:\/\/www.aocfiberlink.com\/de\/wp-json\/wp\/v2\/product_brand?post=328"},{"taxonomy":"product_cat","embeddable":true,"href":"https:\/\/www.aocfiberlink.com\/de\/wp-json\/wp\/v2\/product_cat?post=328"},{"taxonomy":"product_tag","embeddable":true,"href":"https:\/\/www.aocfiberlink.com\/de\/wp-json\/wp\/v2\/product_tag?post=328"}],"curies":[{"name":"wp","href":"https:\/\/api.w.org\/{rel}","templated":true}]}}