{"id":332,"date":"2023-01-01T09:50:53","date_gmt":"2023-01-01T01:50:53","guid":{"rendered":"https:\/\/www.aocfiberlink.com\/?post_type=product&#038;p=332"},"modified":"2025-10-25T10:21:57","modified_gmt":"2025-10-25T02:21:57","slug":"detachable-hdmi-2-0-aoc-hdmi-2-0-active-optical-cable-%e5%a4%8d%e5%88%b6","status":"publish","type":"product","link":"https:\/\/www.aocfiberlink.com\/de\/product\/armored-4k-hdmi2-aoc-active-optical-cable\/","title":{"rendered":"Gepanzertes abnehmbares 4K HDMI2.0 AOC-Active Optisches Kabel,DM-AM,18Gbps"},"content":{"rendered":"<p>Der FHDC-2103 <strong>Gepanzerte 4K HDMI2.0 AOC-Active Optische Kabel Typ AM zu D <\/strong>ist sehr robust und eignet sich perfekt f\u00fcr die h\u00e4rtesten Einsatzbedingungen im Verleih und auf der Stra\u00dfe. Dieses gepanzerte aktive optische 4K-HDMI-Kabel unterst\u00fctzt Aufl\u00f6sungen bis zu 4K@60 (4:4:4) 18 Gbit\/s \u00fcber lange Kabelstrecken von bis zu 300 Metern, ohne dass eine externe Stromversorgung oder zus\u00e4tzliche Extender erforderlich sind.<\/p>\n<p>Die aktiven optischen 4K-HDMI-2.0-Faserkabel bestehen aus hochwertigen Hybrid-Glasfaserkabeln (3 Fasern und 7 Kupfer) und bieten un\u00fcbertroffene \u00dcbertragungsm\u00f6glichkeiten. Mit einer maximalen Datenrate von 18 Gbit\/s liefern diese Kabel High-Speed-Leistung und gew\u00e4hrleisten eine makellose visuelle Qualit\u00e4t mit Aufl\u00f6sungen von bis zu 4096 x 2160\/3840 x 2160 (4K) bei 60-Hz-Videosignalen. Erleben Sie das volle Farbspektrum mit 4:4:4 und genie\u00dfen Sie erweiterte Funktionen wie HDR und eARC \u2013 und das alles ohne Signalverlust, selbst \u00fcber gro\u00dfe Entfernungen.<\/p>\n<p><strong>Highlight-Funktionen:<\/strong><\/p>\n<ul>\n<li><strong>Idealer Ersatz<\/strong>f\u00fcr\u00a0<a href=\"https:\/\/shop.klotz-ais.com\/foahd.html\">Klotz FOAHD<\/a>,<a href=\"https:\/\/shop.klotz-ais.com\/foauhd.html\">FOAUHD<\/a>,<a href=\"https:\/\/shop.klotz-ais.com\/foauh.html\">FOAUH<\/a>,<a href=\"https:\/\/shop.klotz-ais.com\/foauhr.html\">FOAUHR,<\/a> <a href=\"https:\/\/www.l-com.com\/search?keywords=AOC-HDAA20A4K&amp;view_type=grid\">L-COM AOC-HDAA20A4K Reihe<\/a>, <a href=\"https:\/\/beetekav.com\/products\/gdh05\">Beetek GHD05<\/a>, <a href=\"https:\/\/tripplite.eaton.com\/main\/search?q=P568FA\">Eaton P568FA<\/a> Und <a href=\"https:\/\/www1.kramerav.com\/Product\/CRS-PlugNView-H#Tab_Overview\">Kramer CRS-PlugNView-H<\/a>\u00a0Serie<\/li>\n<li class=\"text-th-primary-dark\"><strong>Hohe Aufl\u00f6sung:<\/strong>\u00a0Unterst\u00fctzt 4K@60Hz 4:4:4-Videosignale bis zu 150 Meter f\u00fcr ein hochwertiges Seherlebnis.<\/li>\n<li class=\"text-th-primary-dark\"><strong>Grosse Bandbreite<\/strong>: 18 Gbit\/s Kapazit\u00e4t, gew\u00e4hrleistet eine schnelle und zuverl\u00e4ssige \u00dcbertragung von Multimedia-Inhalten<\/li>\n<li class=\"text-th-primary-dark\"><strong>Verlustfreie \u00dcbertragung<\/strong>: Liefert 4K@60Hz-Bilder, VR- und 3D-Anzeigesignale \u00fcber gro\u00dfe Entfernungen<\/li>\n<li class=\"text-th-primary-dark\"><strong>Schnelle Bildwiederholfrequenz<\/strong>: 60 Hz bei 4K-Aufl\u00f6sung f\u00fcr gestochen scharfe Bilder; h\u00f6here Raten bei niedrigeren Aufl\u00f6sungen<\/li>\n<li class=\"text-th-primary-dark\"><strong>Dynamisches HDR<\/strong>: Optimiert Kontrast, Tiefe, Helligkeit und Farbraum Bild f\u00fcr Bild<\/li>\n<li class=\"text-th-primary-dark\"><strong>Verbessertes eARC<\/strong>: Vereinfacht die Konnektivit\u00e4t und Audiooptimierung f\u00fcr mehrere Komponenten<\/li>\n<li class=\"text-th-primary-dark\"><strong>Hochwertige Audioqualit\u00e4t<\/strong>: Unterst\u00fctzt bis zu 192 kHz, 24 Bit, unkomprimiertes 5.1 und 7.1, verlustfreie Dolby-Formate und 32-Kanal-Audio<\/li>\n<li class=\"text-th-primary-dark\"><strong>VRR f\u00fcr Gaming<\/strong>: Fl\u00fcssiges Gameplay mit minimaler Verz\u00f6gerung, Ruckeln und Frame-Tearing<\/li>\n<li class=\"text-th-primary-dark\"><strong>Erweiterte Funktionen<\/strong>: Unterst\u00fctzt EDID, Selbsterkennungsfunktion, ALLM, QMS und QFT<\/li>\n<li class=\"text-th-primary-dark\"><strong>Langlebige Konstruktion<\/strong>: Geh\u00e4use aus Zinklegierung, korrosionsbest\u00e4ndige vergoldete Anschl\u00fcsse<\/li>\n<li class=\"text-th-primary-dark\"><strong>EMI-Widerstand<\/strong>: Hohe Best\u00e4ndigkeit gegen elektromagnetische St\u00f6rungen, wodurch eine sichere, strahlungsfreie Umgebung gew\u00e4hrleistet wird<\/li>\n<li class=\"text-th-primary-dark\"><strong>Anpassbar<\/strong>: Bis zu 150 m maximale L\u00e4nge (maximal 30 m f\u00fcr eARC), kundenspezifische L\u00e4nge, Logo und Verpackung verf\u00fcgbar<\/li>\n<\/ul>\n<p><strong>Anwendungen:<\/strong><\/p>\n<ul>\n<li>Digitale Signatur<\/li>\n<li>LED-Schilder und Monitore f\u00fcr Stadien, Krankenh\u00e4user und Versandzentren<\/li>\n<li>Medizinische Bildgebungsger\u00e4te<\/li>\n<li>Video-Informationssystem zum Boarding am Flughafen<\/li>\n<li>Heimkino, Blu-ray, 3D-Video, Projektor, Set-Top-Box, DVR, Spielekonsolensteuerung und Monitoranschluss<\/li>\n<li>Radio- und Fernsehsender<\/li>\n<li>Videokonferenzausr\u00fcstung<\/li>\n<li>Sicherheits\u00fcberwachungssystem<\/li>\n<\/ul>","protected":false},"excerpt":{"rendered":"<p>-Verl\u00e4ngert volle 4096 x 2160 \/ 3840 x 2160 (4K) bei 60Hz 4:4:4 Videosignale bis zu 150m (492ft)<\/p>\n<p>Vollst\u00e4ndige Unterst\u00fctzung der HDMI 2.0-Spezifikation, einschlie\u00dflich eARC, 21:9-Bildseitenverh\u00e4ltnis und mehr<\/p>\n<p>-Kompatibel mit PCM, DTS-HD Master und Dolby Digital True HD Surround Sound<\/p>\n<p>Praktisch Null EMI\/RFI-Profil f\u00fcr einwandfreie Leistung<\/p>\n<p>-Hybriddesign aus Glasfaser und Kupfer erfordert keine externe Stromversorgung<\/p>\n<p>-Unterst\u00fctzt HDCP 2.2 \/ EDID \/ DDC \/ CEC<\/p>","protected":false},"featured_media":470,"comment_status":"open","ping_status":"closed","template":"","meta":{"rs_blank_template":"","rs_page_bg_color":"","slide_template_v7":""},"product_brand":[],"product_cat":[488,490,37,24,108,493],"product_tag":[51,44,53,50,49,52,48,29],"class_list":{"0":"post-332","1":"product","2":"type-product","3":"status-publish","4":"has-post-thumbnail","6":"product_cat-solution-audio-visual","7":"product_cat-solution-hd-conferences","8":"product_cat-hdmi-2-0","9":"product_cat-optical-hdmi-cables","10":"product_cat-shop","11":"product_cat-solution-smart-home","12":"product_tag-4k-hdmi-aoc-cable","13":"product_tag-4k-hdmi-fiber-cable","14":"product_tag-active-fiber-optic-aoc","15":"product_tag-active-optical-hdmi-2-0-cable","16":"product_tag-detachable-hdmi-2-0-aoc-cable","17":"product_tag-detachable-hdmi-aoc-cable","18":"product_tag-hdmi-2-0-aoc-cable","19":"product_tag-optical-hdmi-cable","21":"first","22":"instock","23":"shipping-taxable","24":"product-type-simple"},"aioseo_notices":[],"_links":{"self":[{"href":"https:\/\/www.aocfiberlink.com\/de\/wp-json\/wp\/v2\/product\/332","targetHints":{"allow":["GET"]}}],"collection":[{"href":"https:\/\/www.aocfiberlink.com\/de\/wp-json\/wp\/v2\/product"}],"about":[{"href":"https:\/\/www.aocfiberlink.com\/de\/wp-json\/wp\/v2\/types\/product"}],"replies":[{"embeddable":true,"href":"https:\/\/www.aocfiberlink.com\/de\/wp-json\/wp\/v2\/comments?post=332"}],"wp:featuredmedia":[{"embeddable":true,"href":"https:\/\/www.aocfiberlink.com\/de\/wp-json\/wp\/v2\/media\/470"}],"wp:attachment":[{"href":"https:\/\/www.aocfiberlink.com\/de\/wp-json\/wp\/v2\/media?parent=332"}],"wp:term":[{"taxonomy":"product_brand","embeddable":true,"href":"https:\/\/www.aocfiberlink.com\/de\/wp-json\/wp\/v2\/product_brand?post=332"},{"taxonomy":"product_cat","embeddable":true,"href":"https:\/\/www.aocfiberlink.com\/de\/wp-json\/wp\/v2\/product_cat?post=332"},{"taxonomy":"product_tag","embeddable":true,"href":"https:\/\/www.aocfiberlink.com\/de\/wp-json\/wp\/v2\/product_tag?post=332"}],"curies":[{"name":"wp","href":"https:\/\/api.w.org\/{rel}","templated":true}]}}