{"id":363,"date":"2024-01-02T09:00:13","date_gmt":"2024-01-02T01:00:13","guid":{"rendered":"https:\/\/www.aocfiberlink.com\/?post_type=product&#038;p=363"},"modified":"2025-10-25T10:43:02","modified_gmt":"2025-10-25T02:43:02","slug":"usb-c-3-2-aoc-20-gbit-s-aktives-optisches-kabel","status":"publish","type":"product","link":"https:\/\/www.aocfiberlink.com\/de\/product\/usb-type-c-aoc-active-optical-cable\/","title":{"rendered":"10 Gbit\/s USB 3.2 GEN2 Typ-C AOC-Aktives optisches Kabel"},"content":{"rendered":"<p>Die FUCC-3201 <strong>USB 3.2 Gen 2 Typ C AOC-10Gbps Aktive optische Kabel <\/strong>werden auch als USB-C AOC, USB 3.2 AOC, Glasfaser-USB-Kabel, optisches USB-Kabel, aktives optisches USB-Kabel, Hybrid-USB-AOC und aktives optisches USB 3.2-Kabel bezeichnet. Sie wurden speziell entwickelt, um der steigenden Nachfrage nach Verbindungen mit hoher Bandbreite von bis zu 10 Gbit\/s gerecht zu werden. Diese Kabel bieten Plug-and-Play-Verbindungen, die die Einschr\u00e4nkungen herk\u00f6mmlicher Kupferkabel \u00fcbertreffen und gr\u00f6\u00dfere Entfernungen f\u00fcr die Daten\u00fcbertragung erm\u00f6glichen.<\/p>\n<p>Unsere USB 3.2 GEN 2 AOCs sind auf die Unterst\u00fctzung der neuesten USB 3.2 Gen 2-Standards ausgelegt und eignen sich perfekt f\u00fcr eine Vielzahl von Anwendungen. Ganz gleich, ob es sich um immersive AR\/VR-Erlebnisse, Konferenzraumkameras, Bildverarbeitungssysteme oder Speicherger\u00e4te handelt \u2013 diese Kabel bieten zuverl\u00e4ssige und leistungsstarke Konnektivit\u00e4t.<\/p>\n<p>Die aktiven optischen Kabel USB 3.2 GEN 2 Typ C auf Typ C sind auf moderne Peripherieger\u00e4te zugeschnitten, die den USB-Typ-C-Anschluss verwenden. Mit diesen Kabeln k\u00f6nnen Benutzer eine \u00fcberragende Leistung und ein nahtloses Plug-and-Play-Erlebnis erwarten. Verabschieden Sie sich vom Aufwand komplizierter Einrichtungsvorg\u00e4nge und genie\u00dfen Sie m\u00fchelose Konnektivit\u00e4t mit unseren USB 3.2 GEN 2 CC AOCs.<\/p>\n<p><strong>Highlight-Funktionen:<\/strong><\/p>\n<ul>\n<li class=\"text-th-primary-dark\"><strong>Grosse Bandbreite<\/strong>: Entspricht den neuesten USB 3.2 Gen 2-Standards, bis zu 10 Gbit\/s Supergeschwindigkeit<\/li>\n<li class=\"text-th-primary-dark\"><strong>R\u00fcckw\u00e4rtskompatibel<\/strong>: Unterst\u00fctzt USB 3.0 @ 5Gbps, USB 2.0<\/li>\n<li><strong>Langstrecken\u00fcbertragung<\/strong>: Liefert verlustfreie Signale \u00fcber eine maximale L\u00e4nge von 8 Metern<\/li>\n<li><strong>Stromversorgung<\/strong>: Unterst\u00fctzt 9-20V@3A (60W) zum Remote-Ger\u00e4t<\/li>\n<li><strong>Einfache Installation<\/strong>: Plug-and-Play f\u00fcr beide Seiten, unidirektionales Design<\/li>\n<li class=\"text-th-primary-dark\"><strong>Langlebige Konstruktion<\/strong>: Geh\u00e4use aus Zinklegierung, korrosionsbest\u00e4ndige vergoldete Anschl\u00fcsse<\/li>\n<li class=\"text-th-primary-dark\"><strong>EMI-Widerstand<\/strong>: Hohe Best\u00e4ndigkeit gegen elektromagnetische St\u00f6rungen, wodurch eine sichere, strahlungsfreie Umgebung gew\u00e4hrleistet wird<\/li>\n<li class=\"text-th-primary-dark\"><strong>Anpassbar<\/strong>: Bis zu 8 m maximale L\u00e4nge, individuelle L\u00e4nge, Logo und Verpackung verf\u00fcgbar<\/li>\n<\/ul>\n<p><strong>Anwendungen:<\/strong><\/p>\n<ul>\n<li>Bordvideosystem f\u00fcr Flugzeuge<\/li>\n<li>Konferenzraum<\/li>\n<li>Digitale Beschilderung<\/li>\n<li>Gaming-PC<\/li>\n<li>Heimkino<\/li>\n<li>LED-Tafeln<\/li>\n<li>Mobiles Terminal<\/li>\n<li>Medizinische Bildgebungsger\u00e4te<\/li>\n<li>Radio- und Fernsehsender<\/li>\n<li>Sicherheits\u00fcberwachungssystem<\/li>\n<li>Virtual-Reality-Headsets<\/li>\n<li>Videokonferenzausr\u00fcstung<\/li>\n<li>Webcams<\/li>\n<\/ul>\n<p><img loading=\"lazy\" decoding=\"async\" class=\"alignnone wp-image-1746 size-full\" src=\"https:\/\/www.aocfiberlink.com\/wp-content\/uploads\/2024\/10\/Connect-USB-C-Devices-over-a-long-distance.jpg\" alt=\"Verbinden Sie USB-C-Ger\u00e4te \u00fcber eine gro\u00dfe Entfernung\" width=\"1000\" height=\"1000\" srcset=\"https:\/\/www.aocfiberlink.com\/wp-content\/uploads\/2024\/10\/Connect-USB-C-Devices-over-a-long-distance.jpg 1000w, https:\/\/www.aocfiberlink.com\/wp-content\/uploads\/2024\/10\/Connect-USB-C-Devices-over-a-long-distance-300x300.jpg 300w, https:\/\/www.aocfiberlink.com\/wp-content\/uploads\/2024\/10\/Connect-USB-C-Devices-over-a-long-distance-150x150.jpg 150w, https:\/\/www.aocfiberlink.com\/wp-content\/uploads\/2024\/10\/Connect-USB-C-Devices-over-a-long-distance-768x768.jpg 768w, https:\/\/www.aocfiberlink.com\/wp-content\/uploads\/2024\/10\/Connect-USB-C-Devices-over-a-long-distance-12x12.jpg 12w, https:\/\/www.aocfiberlink.com\/wp-content\/uploads\/2024\/10\/Connect-USB-C-Devices-over-a-long-distance-75x75.jpg 75w, https:\/\/www.aocfiberlink.com\/wp-content\/uploads\/2024\/10\/Connect-USB-C-Devices-over-a-long-distance-480x480.jpg 480w, https:\/\/www.aocfiberlink.com\/wp-content\/uploads\/2024\/10\/Connect-USB-C-Devices-over-a-long-distance-500x500.jpg 500w, https:\/\/www.aocfiberlink.com\/wp-content\/uploads\/2024\/10\/Connect-USB-C-Devices-over-a-long-distance-600x600.jpg 600w\" sizes=\"auto, (max-width:767px) 480px, (max-width:1000px) 100vw, 1000px\" \/><\/p>\n<p><b>USB-Anschluss Typ Referenzen:<\/b><\/p>\n<table class=\"table table-bordered\">\n<tbody>\n<tr>\n<td align=\"center\">USB 2.0 Typ A<br \/>\nUSB 3.0 Typ A<br \/>\nUSB 3.1 Typ A<img decoding=\"async\" src=\"https:\/\/www.activeopticalcable.com\/image\/catalog\/products\/USBConnector\/USB-A.jpg\" \/><\/td>\n<td align=\"center\">USB 2.0 Typ C<br \/>\nUSB 3.0 Typ C<br \/>\nUSB 3.1 Typ C<img decoding=\"async\" src=\"https:\/\/www.activeopticalcable.com\/image\/catalog\/products\/USBConnector\/USB-C.jpg\" \/><\/td>\n<\/tr>\n<tr>\n<td align=\"center\">USB 2.0 Typ B<\/p>\n<p><img decoding=\"async\" src=\"https:\/\/www.activeopticalcable.com\/image\/catalog\/products\/USBConnector\/USB2.0-B.jpg\" \/><\/td>\n<td align=\"center\">USB 3.0 Typ B<\/p>\n<p><img decoding=\"async\" src=\"https:\/\/www.activeopticalcable.com\/image\/catalog\/products\/USBConnector\/USB3.0-B.jpg\" \/><\/td>\n<\/tr>\n<tr>\n<td align=\"center\">USB 2.0 Micro B<\/p>\n<p><img decoding=\"async\" src=\"https:\/\/www.activeopticalcable.com\/image\/catalog\/products\/USBConnector\/USB2.0-Micro-B.jpg\" \/><\/td>\n<td align=\"center\">USB 3.0 Micro B<\/p>\n<p><img decoding=\"async\" src=\"https:\/\/www.activeopticalcable.com\/image\/catalog\/products\/USBConnector\/USB3.0-Micro-B.jpg\" \/><\/td>\n<\/tr>\n<tr>\n<td align=\"center\">USB 2.0 Mini B<br \/>\nUSB 3.0 Mini B<img decoding=\"async\" src=\"https:\/\/www.activeopticalcable.com\/image\/catalog\/products\/USBConnector\/USB-Mini-B.jpg\" \/><\/td>\n<td><\/td>\n<\/tr>\n<\/tbody>\n<\/table>\n<p><b>Garantie: 2 Jahre Garantie<\/b><\/p>","protected":false},"excerpt":{"rendered":"<p>-Glasfaserkabel USB 3.2 zu Typ C Link, kompatibel f\u00fcr Quest 2 VR Headset<\/p>\n<p>-Schnelles Aufladen 9-20V@3A (60W)<\/p>\n<p>-USB 3.2 Gen2 10Gbps<\/p>\n<p>Praktisch Null EMI\/RFI-Profil f\u00fcr einwandfreie Leistung<\/p>\n<p>-Hybriddesign aus Glasfaser und Kupfer erfordert keine externe Stromversorgung<\/p>\n<p>-Verl\u00e4ngert die Reichweite auf bis zu 8 m<\/p>\n<p>-Kabel wiegt nur 195g, genie\u00dfen Sie PC-VR Gaming<\/p>","protected":false},"featured_media":366,"comment_status":"open","ping_status":"closed","template":"","meta":{"rs_blank_template":"","rs_page_bg_color":"","slide_template_v7":""},"product_brand":[],"product_cat":[489,490,25,108,493,26],"product_tag":[56,59,57,60,55,293,58,54],"class_list":{"0":"post-363","1":"product","2":"type-product","3":"status-publish","4":"has-post-thumbnail","6":"product_cat-solution-education","7":"product_cat-solution-hd-conferences","8":"product_cat-optical-usb-cables","9":"product_cat-shop","10":"product_cat-solution-smart-home","11":"product_cat-virtual-reality-headset-cable","12":"product_tag-fiber-optic-usb-cable","13":"product_tag-hybrid-usb-aoc","14":"product_tag-optical-usb-cable","15":"product_tag-usb-3-2-active-optical-cable","16":"product_tag-usb-3-2-aoc","17":"product_tag-usb-3-2-gen2-type-c-aoc","18":"product_tag-usb-active-optical-cable","19":"product_tag-usb-c-aoc","21":"first","22":"instock","23":"shipping-taxable","24":"product-type-simple"},"aioseo_notices":[],"_links":{"self":[{"href":"https:\/\/www.aocfiberlink.com\/de\/wp-json\/wp\/v2\/product\/363","targetHints":{"allow":["GET"]}}],"collection":[{"href":"https:\/\/www.aocfiberlink.com\/de\/wp-json\/wp\/v2\/product"}],"about":[{"href":"https:\/\/www.aocfiberlink.com\/de\/wp-json\/wp\/v2\/types\/product"}],"replies":[{"embeddable":true,"href":"https:\/\/www.aocfiberlink.com\/de\/wp-json\/wp\/v2\/comments?post=363"}],"wp:featuredmedia":[{"embeddable":true,"href":"https:\/\/www.aocfiberlink.com\/de\/wp-json\/wp\/v2\/media\/366"}],"wp:attachment":[{"href":"https:\/\/www.aocfiberlink.com\/de\/wp-json\/wp\/v2\/media?parent=363"}],"wp:term":[{"taxonomy":"product_brand","embeddable":true,"href":"https:\/\/www.aocfiberlink.com\/de\/wp-json\/wp\/v2\/product_brand?post=363"},{"taxonomy":"product_cat","embeddable":true,"href":"https:\/\/www.aocfiberlink.com\/de\/wp-json\/wp\/v2\/product_cat?post=363"},{"taxonomy":"product_tag","embeddable":true,"href":"https:\/\/www.aocfiberlink.com\/de\/wp-json\/wp\/v2\/product_tag?post=363"}],"curies":[{"name":"wp","href":"https:\/\/api.w.org\/{rel}","templated":true}]}}