{"id":369,"date":"2024-01-02T08:00:44","date_gmt":"2024-01-02T00:00:44","guid":{"rendered":"https:\/\/www.aocfiberlink.com\/?post_type=product&#038;p=369"},"modified":"2025-10-25T10:47:51","modified_gmt":"2025-10-25T02:47:51","slug":"usb3-aoc-active-optical-cable-am-microb-15m","status":"publish","type":"product","link":"https:\/\/www.aocfiberlink.com\/de\/produkt\/usb-c-3-1-aoc-typ-c-zu-c-hybrid-10-gbit-s-usb-3-1-aktives-optisches-kabel\/","title":{"rendered":"USB3.1 Gen2 AOC-Active Optical Cable-AM to Micro B,10Gbps,15m"},"content":{"rendered":"<p>Die FUBC-31AB-XX-Serie <strong>Aktive optische USB-3.1-Gen-2-AOC-10-Gbit\/s-Kabel vom Typ A auf Micro-B <\/strong>werden auch als USB 3.1 AOC, Glasfaser-USB-Kabel, optisches USB-Kabel, aktives optisches USB-Kabel, Hybrid USB AOC, aktives optisches USB 3.1-Kabel bezeichnet. Sie wurden speziell entwickelt, um der steigenden Nachfrage nach Verbindungen mit hoher Bandbreite von bis zu 10 Gbit\/s gerecht zu werden. Diese Kabel bieten Plug-and-Play-Verbindungen, die die Einschr\u00e4nkungen herk\u00f6mmlicher Kupferkabel \u00fcbertreffen und gr\u00f6\u00dfere Entfernungen f\u00fcr die Daten\u00fcbertragung erm\u00f6glichen.<\/p>\n<p>Unsere USB 3.1 GEN 2 AOCs sind auf die Unterst\u00fctzung der neuesten USB 3.1 Gen 2-Standards ausgelegt und eignen sich perfekt f\u00fcr eine Vielzahl von Anwendungen. Ganz gleich, ob es sich um immersive AR\/VR-Erlebnisse, Konferenzraumkameras, Bildverarbeitungssysteme oder Speicherger\u00e4te handelt \u2013 diese Kabel bieten zuverl\u00e4ssige und leistungsstarke Konnektivit\u00e4t.<\/p>\n<p>Die aktiven optischen USB 3.1 GEN 2 Typ-A-zu-Micro-B-Kabel sind auf moderne Peripherieger\u00e4te zugeschnitten, die den USB-Typ-C-Anschluss verwenden. Mit diesen Kabeln k\u00f6nnen Benutzer eine \u00fcberragende Leistung und ein nahtloses Plug-and-Play-Erlebnis erwarten. Verabschieden Sie sich vom Aufwand komplizierter Einrichtungsvorg\u00e4nge und genie\u00dfen Sie m\u00fchelose Konnektivit\u00e4t mit unseren USB 3.1 GEN 2 AB AOCs.<\/p>\n<p><strong>Highlight-Funktionen:<\/strong><\/p>\n<ul>\n<li class=\"text-th-primary-dark\"><strong>Grosse Bandbreite<\/strong>: Entspricht den neuesten USB 3.1 Gen 2-Standards, bis zu 10 Gbit\/s Supergeschwindigkeit<\/li>\n<li class=\"text-th-primary-dark\"><strong>R\u00fcckw\u00e4rtskompatibel<\/strong>: Supports USB 3.2 @ 10Gbps up to 100 meters (330ft)<\/li>\n<li><strong>Langstrecken\u00fcbertragung<\/strong>: Liefert verlustfreie Signale \u00fcber eine maximale L\u00e4nge von 100 Metern<\/li>\n<li><strong>Stromversorgung<\/strong>: Unterst\u00fctzt maximal 5 V 900 mA zum Remote-Ger\u00e4t<\/li>\n<li><strong>Einfache Installation<\/strong>: Plug-and-Play f\u00fcr beide Seiten, unidirektionales Design<\/li>\n<li class=\"text-th-primary-dark\"><strong>Langlebige Konstruktion<\/strong>: Geh\u00e4use aus Zinklegierung, korrosionsbest\u00e4ndige vergoldete Anschl\u00fcsse<\/li>\n<li class=\"text-th-primary-dark\"><strong>EMI-Widerstand<\/strong>: Hohe Best\u00e4ndigkeit gegen elektromagnetische St\u00f6rungen, wodurch eine sichere, strahlungsfreie Umgebung gew\u00e4hrleistet wird<\/li>\n<li class=\"text-th-primary-dark\"><strong>Anpassbar<\/strong>: Up to 100m maximum length, custom length, logo, and packaging available<\/li>\n<\/ul>\n<p><strong>Anwendungen:<\/strong><\/p>\n<ul>\n<li>Kameraverbindung f\u00fcr maschinelles Sehen<\/li>\n<li>Sicherheits\u00fcberwachungssystem<\/li>\n<\/ul>","protected":false},"excerpt":{"rendered":"<ul>\n<li>Fiber Optic USB 3.1 to Type-A to Micro-B Link Cable, Compatible for main industrial cameras<\/li>\n<li>USB 3.1 Gen2 10 Gbit\/s<\/li>\n<li>Praktisch null EMI\/RFI-Profil f\u00fcr einwandfreie Leistung<\/li>\n<li>Das Hybrid-Faser-\/Kupfer-Design erfordert keine externe Stromversorgung<\/li>\n<li>Extend long distance up to 100m, customizable<\/li>\n<\/ul>","protected":false},"featured_media":473,"comment_status":"open","ping_status":"closed","template":"","meta":[],"product_brand":[],"product_cat":[491,25,108],"product_tag":[56,57,244,67,292,291,58,66],"class_list":{"0":"post-369","1":"product","2":"type-product","3":"status-publish","4":"has-post-thumbnail","6":"product_cat-solution-machine-vision","7":"product_cat-optical-usb-cables","8":"product_cat-shop","9":"product_tag-fiber-optic-usb-cable","10":"product_tag-optical-usb-cable","11":"product_tag-usb-3-1-active-optical-cable","12":"product_tag-usb-3-1-aoc","13":"product_tag-usb-3-1-gen2-active-optical-cable","14":"product_tag-usb-3-1-gen2-aoc","15":"product_tag-usb-active-optical-cable","16":"product_tag-usb-aoc","18":"first","19":"instock","20":"shipping-taxable","21":"product-type-simple"},"aioseo_notices":[],"_links":{"self":[{"href":"https:\/\/www.aocfiberlink.com\/de\/wp-json\/wp\/v2\/product\/369","targetHints":{"allow":["GET"]}}],"collection":[{"href":"https:\/\/www.aocfiberlink.com\/de\/wp-json\/wp\/v2\/product"}],"about":[{"href":"https:\/\/www.aocfiberlink.com\/de\/wp-json\/wp\/v2\/types\/product"}],"replies":[{"embeddable":true,"href":"https:\/\/www.aocfiberlink.com\/de\/wp-json\/wp\/v2\/comments?post=369"}],"wp:featuredmedia":[{"embeddable":true,"href":"https:\/\/www.aocfiberlink.com\/de\/wp-json\/wp\/v2\/media\/473"}],"wp:attachment":[{"href":"https:\/\/www.aocfiberlink.com\/de\/wp-json\/wp\/v2\/media?parent=369"}],"wp:term":[{"taxonomy":"product_brand","embeddable":true,"href":"https:\/\/www.aocfiberlink.com\/de\/wp-json\/wp\/v2\/product_brand?post=369"},{"taxonomy":"product_cat","embeddable":true,"href":"https:\/\/www.aocfiberlink.com\/de\/wp-json\/wp\/v2\/product_cat?post=369"},{"taxonomy":"product_tag","embeddable":true,"href":"https:\/\/www.aocfiberlink.com\/de\/wp-json\/wp\/v2\/product_tag?post=369"}],"curies":[{"name":"wp","href":"https:\/\/api.w.org\/{rel}","templated":true}]}}