{"id":427,"date":"2023-01-01T09:25:36","date_gmt":"2023-01-01T01:25:36","guid":{"rendered":"https:\/\/www.aocfiberlink.com\/?post_type=product&#038;p=427"},"modified":"2025-10-24T16:18:25","modified_gmt":"2025-10-24T08:18:25","slug":"8k-aktives-optisches-hdmi-2-1-glasfaserkabel-typ-am-zu-typ-am-48-gbit-s","status":"publish","type":"product","link":"https:\/\/www.aocfiberlink.com\/de\/product\/8k-hdmi-aoc-active-optical-cable\/","title":{"rendered":"8K HDMI 2.1 AOC-Aktiv Optisches Kabel-AM zu AM-48Gbps"},"content":{"rendered":"<p>Die Serie FHDC-21AA-XX <strong>8K HDMI 2.1 Aktive optische Glasfaserkabel <\/strong>werden auch als aktives HDMI 2.1-Kabel, HDMI 2.1-Glasfaserkabel, 8K aktives HDMI 2.1-Kabel, optisches HDMI-Kabel, aktives HDMI-Kabel, aktives HDMI 2.1-Kabel, aktives optisches HDMI-Kabel bezeichnet.<\/p>\n<p>Die 8K Active Fiber Optic HDMI 2.1-Kabel bestehen aus hochwertigen Hybrid-Glasfaserkabeln (4 Fasern und 7 Kupfer) und bieten un\u00fcbertroffene \u00dcbertragungsm\u00f6glichkeiten. Mit einer maximalen Datenrate von 48 Gbit\/s liefern diese Kabel Ultra-High-Speed-Leistung und sorgen f\u00fcr makellose Bildqualit\u00e4t mit Aufl\u00f6sungen von bis zu 8K (7680 x 4320p) bei 60 Hz und einer gleichm\u00e4\u00dfigen Bildwiederholfrequenz von 144 Hz. Erleben Sie das volle Farbspektrum mit 4:4:4 und genie\u00dfen Sie erweiterte Funktionen wie HDR und eARC \u2013 und das alles ohne Signalverlust, selbst \u00fcber gro\u00dfe Entfernungen.<\/p>\n<p>Die 8K Active Fiber Optic HDMI 2.1-Kabel sind auf Langlebigkeit und Zuverl\u00e4ssigkeit ausgelegt und verf\u00fcgen \u00fcber eine TPU-Ummantelung in Industriequalit\u00e4t. Dieser Mantel bietet au\u00dfergew\u00f6hnlichen Schutz und erm\u00f6glicht den einwandfreien Betrieb dieser Kabel in einem weiten Temperaturbereich von -40\u2103 bis +80\u2103. Mit dieser robusten Konstruktion eignen sich diese Kabel ideal f\u00fcr anspruchsvolle Umgebungen wie medizinische Praxen, die Vermietung von Live-Events, milit\u00e4rische Anwendungen, Schiffsinstallationen, tempor\u00e4re B\u00fchnen oder alle Szenarien, die eine erweiterte HDMI-Konnektivit\u00e4t unter schwierigen Bedingungen erfordern.<\/p>\n<p><strong>Highlight-Funktionen:<\/strong><\/p>\n<ul>\n<li class=\"text-th-primary-dark\"><strong>Hochwertige Aufl\u00f6sung<\/strong>: Unterst\u00fctzt 8K@60Hz, 4K@144Hz, 4K@120Hz gem\u00e4\u00df HDMI 2.1-Spezifikationen, abw\u00e4rtskompatibel<\/li>\n<li class=\"text-th-primary-dark\"><strong>Grosse Bandbreite<\/strong>: 48 Gbit\/s Kapazit\u00e4t, abw\u00e4rtskompatibel<\/li>\n<li class=\"text-th-primary-dark\"><strong>Verlustfreie \u00dcbertragung<\/strong>: Liefert 8K@60Hz-Bilder, VR- und 3D-Anzeigesignale \u00fcber gro\u00dfe Entfernungen<\/li>\n<li class=\"text-th-primary-dark\"><strong>Schnelle Bildwiederholfrequenz<\/strong>: 120 Hz bei 4K-Aufl\u00f6sung f\u00fcr gestochen scharfe Bilder; h\u00f6here Raten bei niedrigeren Aufl\u00f6sungen<\/li>\n<li class=\"text-th-primary-dark\"><strong>Dynamisches HDR<\/strong>: Optimiert Kontrast, Tiefe, Helligkeit und Farbraum Bild f\u00fcr Bild<\/li>\n<li class=\"text-th-primary-dark\"><strong>Verbessertes eARC<\/strong>: Vereinfacht die Konnektivit\u00e4t und Audiooptimierung f\u00fcr mehrere Komponenten<\/li>\n<li class=\"text-th-primary-dark\"><strong>Hochwertige Audioqualit\u00e4t<\/strong>: Unterst\u00fctzt bis zu 192 kHz, 24 Bit, unkomprimiertes 5.1 und 7.1, verlustfreie Dolby-Formate und 32-Kanal-Audio<\/li>\n<li class=\"text-th-primary-dark\"><strong>VRR f\u00fcr Gaming<\/strong>: Fl\u00fcssiges Gameplay mit minimaler Verz\u00f6gerung, Ruckeln und Frame-Tearing<\/li>\n<li class=\"text-th-primary-dark\"><strong>Erweiterte Funktionen<\/strong>: Unterst\u00fctzt EDID, Selbsterkennungsfunktion, ALLM, QMS und QFT<\/li>\n<li class=\"text-th-primary-dark\"><strong>Langlebige Konstruktion<\/strong>: Geh\u00e4use aus Zinklegierung, korrosionsbest\u00e4ndige vergoldete Anschl\u00fcsse<\/li>\n<li class=\"text-th-primary-dark\"><strong>EMI-Widerstand<\/strong>: Hohe Best\u00e4ndigkeit gegen elektromagnetische St\u00f6rungen, wodurch eine sichere, strahlungsfreie Umgebung gew\u00e4hrleistet wird<\/li>\n<li class=\"text-th-primary-dark\"><strong>Anpassbar<\/strong>: Bis zu 70 m maximale L\u00e4nge (maximal 30 m f\u00fcr eARC), kundenspezifische L\u00e4nge, Logo und Verpackung verf\u00fcgbar<\/li>\n<\/ul>\n<p><strong>Anwendungen:<\/strong><\/p>\n<ul>\n<li>Digitale Signatur<\/li>\n<li>LED-Schilder und Monitore f\u00fcr Stadien, Krankenh\u00e4user und Versandzentren<\/li>\n<li>Medizinische Bildgebungsger\u00e4te<\/li>\n<li>Video-Informationssystem zum Boarding am Flughafen<\/li>\n<li>Heimkino, Blu-ray, 3D-Video, Projektor, Set-Top-Box, DVR, Spielekonsolensteuerung und Monitoranschluss<\/li>\n<li>Radio- und Fernsehsender<\/li>\n<li>Videokonferenzausr\u00fcstung<\/li>\n<li>Sicherheits\u00fcberwachungssystem<\/li>\n<\/ul>","protected":false},"excerpt":{"rendered":"<p>-Unvergleichliche 8K 60Hz-Aufl\u00f6sung;<br \/>\n-Maximal 240 Hz, ideal f\u00fcr immersive Unterhaltung;<br \/>\n-Optische\/elektrische L\u00f6sung f\u00fcr verlustfreie \u00dcbertragung;<br \/>\n-48 Gbit\/s Bandbreite;<br \/>\n- Griffiges Geh\u00e4use aus Zinklegierung und vergoldete Anschl\u00fcsse<\/p>","protected":false},"featured_media":432,"comment_status":"open","ping_status":"closed","template":"","meta":{"rs_blank_template":"","rs_page_bg_color":"","slide_template_v7":""},"product_brand":[],"product_cat":[488,489,490,38,492,24,493],"product_tag":[40,39,30,34,41,35,29],"class_list":{"0":"post-427","1":"product","2":"type-product","3":"status-publish","4":"has-post-thumbnail","6":"product_cat-solution-audio-visual","7":"product_cat-solution-education","8":"product_cat-solution-hd-conferences","9":"product_cat-hdmi-2-1","10":"product_cat-solution-medical","11":"product_cat-optical-hdmi-cables","12":"product_cat-solution-smart-home","13":"product_tag-8k-hdmi-fiber-cable","14":"product_tag-active-hdmi-2-1-cable","15":"product_tag-active-hdmi-cable","16":"product_tag-aoc-hdmi-cable","17":"product_tag-fiber-optic-hdmi-2-1-cable","18":"product_tag-hdmi-2-1-aoc","19":"product_tag-optical-hdmi-cable","21":"first","22":"instock","23":"shipping-taxable","24":"product-type-simple"},"aioseo_notices":[],"_links":{"self":[{"href":"https:\/\/www.aocfiberlink.com\/de\/wp-json\/wp\/v2\/product\/427","targetHints":{"allow":["GET"]}}],"collection":[{"href":"https:\/\/www.aocfiberlink.com\/de\/wp-json\/wp\/v2\/product"}],"about":[{"href":"https:\/\/www.aocfiberlink.com\/de\/wp-json\/wp\/v2\/types\/product"}],"replies":[{"embeddable":true,"href":"https:\/\/www.aocfiberlink.com\/de\/wp-json\/wp\/v2\/comments?post=427"}],"wp:featuredmedia":[{"embeddable":true,"href":"https:\/\/www.aocfiberlink.com\/de\/wp-json\/wp\/v2\/media\/432"}],"wp:attachment":[{"href":"https:\/\/www.aocfiberlink.com\/de\/wp-json\/wp\/v2\/media?parent=427"}],"wp:term":[{"taxonomy":"product_brand","embeddable":true,"href":"https:\/\/www.aocfiberlink.com\/de\/wp-json\/wp\/v2\/product_brand?post=427"},{"taxonomy":"product_cat","embeddable":true,"href":"https:\/\/www.aocfiberlink.com\/de\/wp-json\/wp\/v2\/product_cat?post=427"},{"taxonomy":"product_tag","embeddable":true,"href":"https:\/\/www.aocfiberlink.com\/de\/wp-json\/wp\/v2\/product_tag?post=427"}],"curies":[{"name":"wp","href":"https:\/\/api.w.org\/{rel}","templated":true}]}}