{"id":487,"date":"2024-01-01T10:00:07","date_gmt":"2024-01-01T02:00:07","guid":{"rendered":"https:\/\/www.aocfiberlink.com\/?post_type=product&#038;p=487"},"modified":"2025-10-25T14:53:54","modified_gmt":"2025-10-25T06:53:54","slug":"usb-3-0-aoc-active-optical-cableam-to-af5gbps50m","status":"publish","type":"product","link":"https:\/\/www.aocfiberlink.com\/de\/product\/active-fiber-optical-usb-extension-cable-am-af-100m\/","title":{"rendered":"Aktives Glasfaser-USB 3.0-Verl\u00e4ngerungskabel, AM auf AF, 5 Gbit\/s, 100 m"},"content":{"rendered":"<p>Der FUMF-3001 ist serienm\u00e4\u00dfig <strong>Aktives faseroptisches USB 3.0-Verl\u00e4ngerungskabel mit 5 Gbit\/s - Typ A-Stecker auf Typ A-Buchse <\/strong>werden auch als USB 3.0 AOC, Glasfaser-USB-Kabel, optisches USB-Kabel, aktives optisches USB-Kabel, Hybrid USB AOC, aktives optisches USB 3.0-Kabel bezeichnet. Sie wurden speziell entwickelt, um der steigenden Nachfrage nach Verbindungen mit hoher Bandbreite von bis zu 5 Gbit\/s gerecht zu werden. Diese Kabel bieten Plug-and-Play-Verbindungen, die die Einschr\u00e4nkungen herk\u00f6mmlicher Kupferkabel \u00fcbertreffen und gr\u00f6\u00dfere Entfernungen f\u00fcr die Daten\u00fcbertragung erm\u00f6glichen.<\/p>\n<p>Unsere USB 3.0-AOCs unterst\u00fctzen die neuesten USB 3.0-Standards und eignen sich perfekt f\u00fcr eine Vielzahl von Anwendungen f\u00fcr immersive AR\/VR-Erlebnisse, Konferenzraumkameras, Machine-Vision-Systeme oder Speicherger\u00e4te und bieten zuverl\u00e4ssige und leistungsstarke Konnektivit\u00e4t.<\/p>\n<p><strong>Highlight-Funktionen:<\/strong><\/p>\n<ul>\n<li class=\"text-th-primary-dark\"><strong>Grosse Bandbreite<\/strong>: Entspricht den neuesten USB 3.0-Standards, bis zu 5 Gbit\/s Supergeschwindigkeit<\/li>\n<li class=\"text-th-primary-dark\"><strong>R\u00fcckw\u00e4rtskompatibel<\/strong>: Unterst\u00fctzt USB 3.0 @ 5Gbps bis zu 100 Meter (328ft)<\/li>\n<li><strong>Langstrecken\u00fcbertragung<\/strong>: Liefert verlustbehaftete Signale \u00fcber eine maximale L\u00e4nge von 100 m<\/li>\n<li><strong>Hohe Aufl\u00f6sung<\/strong>: DisplayPort Alternate Mode Unterst\u00fctzung bis zu 4K Aufl\u00f6sung<\/li>\n<li><strong>Stromversorgung<\/strong>: Unterst\u00fctzt maximal 5 V 900 mA zum Remote-Ger\u00e4t<\/li>\n<li><strong>Einfache Installation<\/strong>: Plug-and-Play f\u00fcr beide Seiten, unidirektionales Design<\/li>\n<li class=\"text-th-primary-dark\"><strong>Langlebige Konstruktion<\/strong>: Geh\u00e4use aus Zinklegierung, korrosionsbest\u00e4ndige vergoldete Anschl\u00fcsse<\/li>\n<li class=\"text-th-primary-dark\"><strong>EMI-Widerstand<\/strong>: Hohe Best\u00e4ndigkeit gegen elektromagnetische St\u00f6rungen, wodurch eine sichere, strahlungsfreie Umgebung gew\u00e4hrleistet wird<\/li>\n<li class=\"text-th-primary-dark\"><strong>Anpassbar<\/strong>: Bis zu 100 m maximale L\u00e4nge, kundenspezifische L\u00e4nge, Logo und Verpackung m\u00f6glich<\/li>\n<\/ul>\n<p><strong>Anwendungen:<\/strong><\/p>\n<ul>\n<li>Kameraverbindung f\u00fcr maschinelles Sehen<\/li>\n<li>Heimkino, Blu-ray, 3D-Video, Projektor, Set-Top-Box, DVR, Spielekonsolensteuerung und Monitoranschluss<\/li>\n<li>Medizinische Bildgebungsger\u00e4te<\/li>\n<li>LED-Schilder und Monitore<\/li>\n<li>Radio- und Fernsehsender<\/li>\n<li>Bordvideosystem f\u00fcr Flugzeuge<\/li>\n<li>Konferenzraum<\/li>\n<li>Digitale Signatur<\/li>\n<li>Videokonferenzausr\u00fcstung<\/li>\n<li>Sicherheits\u00fcberwachungssystem<\/li>\n<\/ul>\n<p><strong>H\u00e4ufig gestellte Fragen:<\/strong><\/p>\n<p>Q: <strong>Sind USB 3.0 aktive Glasfaserkabel von <a href=\"https:\/\/www.aocfiberlink.com\/de\/\">AOCFIBERLINK<\/a> mit allen USB-Ger\u00e4ten kompatibel?<\/strong><\/p>\n<p>A: Obwohl es derzeit keinen USB-Standard f\u00fcr optische Kabel gibt, sind USB 3. aktive optische Glasfaserkabel von <a href=\"https:\/\/www.aocfiberlink.com\/de\/\">AOCFIBERLINK <\/a>wurden erfolgreich mit mehr als hundert Ger\u00e4ten getestet, die alle wichtigen Betriebssysteme abdecken. Im Allgemeinen k\u00f6nnen Sie USB 3 erwarten. Aktive Glasfaserkabel von <a href=\"https:\/\/www.aocfiberlink.com\/de\/\">AOCFIBERLINK <\/a> f\u00fcr die meisten USB 3.0\/2.0-kompatiblen Ger\u00e4te mit eigener Stromversorgung.<\/p>\n<p>F: Kann ich mein tragbares Ger\u00e4t (z. B. iPhone oder iPad) mit USB 3 aufladen. Aktive Glasfaserkabel von <a href=\"https:\/\/www.aocfiberlink.com\/de\/\">AOCFIBERLINK<\/a> ?<\/p>\n<p>A: USB 3. aktive Glasfaserkabel von <a href=\"https:\/\/www.aocfiberlink.com\/de\/\">AOCFIBERLINK<\/a> sind nur f\u00fcr die Verwendung mit energieautarken Peripherieger\u00e4ten vorgesehen. Nach der Stromversorgung der internen Optoelektronik ist keine nennenswerte Leistung mehr verf\u00fcgbar. Ein USB 3.0\/2.0-Hub mit eigener Stromversorgung kann immer an der Peripherie (B-Seite) verwendet werden, um Strom zu liefern, falls gew\u00fcnscht.<\/p>","protected":false},"excerpt":{"rendered":"<ul>\n<li>Glasfaser-Verbindungskabel USB 3.0 auf Typ-A-Stecker auf Typ-A-Buchse<\/li>\n<li>USB 3.0 5Gbps<\/li>\n<li>Praktisch null EMI\/RFI-Profil f\u00fcr einwandfreie Leistung<\/li>\n<li>Das Hybrid-Faser-\/Kupfer-Design erfordert keine externe Stromversorgung<\/li>\n<li>Erweitern Sie gro\u00dfe Entfernungen auf bis zu 100 m<\/li>\n<\/ul>","protected":false},"featured_media":488,"comment_status":"open","ping_status":"closed","template":"","meta":{"rs_blank_template":"","rs_page_bg_color":"","slide_template_v7":""},"product_brand":[],"product_cat":[488,489,76,25],"product_tag":[267,56,59,57,71,72,66,69,70],"class_list":{"0":"post-487","1":"product","2":"type-product","3":"status-publish","4":"has-post-thumbnail","6":"product_cat-solution-audio-visual","7":"product_cat-solution-education","8":"product_cat-hot-sellers","9":"product_cat-optical-usb-cables","10":"product_tag-active-optical-usb","11":"product_tag-fiber-optic-usb-cable","12":"product_tag-hybrid-usb-aoc","13":"product_tag-optical-usb-cable","14":"product_tag-usb-3-0-aoc","15":"product_tag-usb-3-0-aoc-cable","16":"product_tag-usb-aoc","17":"product_tag-usb-aoc-cable","18":"product_tag-usb-optical-cable","20":"first","21":"instock","22":"shipping-taxable","23":"product-type-simple"},"aioseo_notices":[],"_links":{"self":[{"href":"https:\/\/www.aocfiberlink.com\/de\/wp-json\/wp\/v2\/product\/487","targetHints":{"allow":["GET"]}}],"collection":[{"href":"https:\/\/www.aocfiberlink.com\/de\/wp-json\/wp\/v2\/product"}],"about":[{"href":"https:\/\/www.aocfiberlink.com\/de\/wp-json\/wp\/v2\/types\/product"}],"replies":[{"embeddable":true,"href":"https:\/\/www.aocfiberlink.com\/de\/wp-json\/wp\/v2\/comments?post=487"}],"wp:featuredmedia":[{"embeddable":true,"href":"https:\/\/www.aocfiberlink.com\/de\/wp-json\/wp\/v2\/media\/488"}],"wp:attachment":[{"href":"https:\/\/www.aocfiberlink.com\/de\/wp-json\/wp\/v2\/media?parent=487"}],"wp:term":[{"taxonomy":"product_brand","embeddable":true,"href":"https:\/\/www.aocfiberlink.com\/de\/wp-json\/wp\/v2\/product_brand?post=487"},{"taxonomy":"product_cat","embeddable":true,"href":"https:\/\/www.aocfiberlink.com\/de\/wp-json\/wp\/v2\/product_cat?post=487"},{"taxonomy":"product_tag","embeddable":true,"href":"https:\/\/www.aocfiberlink.com\/de\/wp-json\/wp\/v2\/product_tag?post=487"}],"curies":[{"name":"wp","href":"https:\/\/api.w.org\/{rel}","templated":true}]}}