{"id":555,"date":"2023-06-18T07:58:16","date_gmt":"2023-06-17T23:58:16","guid":{"rendered":"https:\/\/www.aocfiberlink.com\/?post_type=product&#038;p=555"},"modified":"2025-07-08T10:10:23","modified_gmt":"2025-07-08T02:10:23","slug":"dvi-d-aoc-hybrid-aktives-optisches-faserkabel-10-2gbps-4k30hz","status":"publish","type":"product","link":"https:\/\/www.aocfiberlink.com\/de\/product\/dvi-d-hybrid-active-optical-cable-aoc-4k\/","title":{"rendered":"DVI-D Hybrid Aktiv Optisches Kabel-AOC 10.2Gbps 4K@30Hz"},"content":{"rendered":"<p>Die FDVC-10VV-XX-Serie <strong>DVI-D-Hybrid-aktive Glasfaserkabel, <\/strong>auch bekannt als DVI AOC, aktives optisches DVI-Kabel, optisches DVI-Kabel, aktives DVI-Kabel, DVI-Extender \u00fcber Glasfaserkabel, bietet kompaktes Design, zuverl\u00e4ssige \u00dcbertragung von WUXGA (1920\u00d71200) oder 1080p@60Hz (4K 30Hz) Signalen bis zu 100m. Mit niedrigem Stromverbrauch und Unterst\u00fctzung f\u00fcr EDID und HDCP bietet es eine einfache Installation und Kompatibilit\u00e4t f\u00fcr mehr Flexibilit\u00e4t in verschiedenen Umgebungen.<\/p>\n<p>Die auf Langlebigkeit und Zuverl\u00e4ssigkeit ausgelegten DVI-Aktiv-Glasfaserkabel verf\u00fcgen \u00fcber einen industrietauglichen TPU-Mantel, der au\u00dfergew\u00f6hnlichen Schutz bietet und einen einwandfreien Betrieb in einem breiten Temperaturbereich von -40\u2103 bis +80\u2103 erm\u00f6glicht. Mit dieser robusten Konstruktion sind diese Kabel ideal f\u00fcr anspruchsvolle Umgebungen wie z. B. <a href=\"https:\/\/www.aocfiberlink.com\/de\/medizinisch\/\">Chirurgische Eingriffe<\/a>, L<a href=\"https:\/\/www.aocfiberlink.com\/de\/audiovisuell-2\/\">ive Events Vermietung<\/a>, Milit\u00e4rische Anwendungen, Installationen an Bord von Schiffen, tempor\u00e4re Bereitstellungen oder jedes Szenario, das erweiterte HDMI-Konnektivit\u00e4t unter schwierigen Bedingungen erfordert.<\/p>\n<p><strong>Highlight-Funktionen:<\/strong><\/p>\n<ul>\n<li>Erweitert WUXGA (1920\u00d71200) bei 60 Hz oder 1080p bei 60 Hz (36 Bit, 3,4 Gbit\/s\/Kanal)<\/li>\n<li>Einkanalige DVI-Schnittstelle, unterst\u00fctzt eine Bandbreite von bis zu 10,2 Gbit\/s<\/li>\n<li>D\u00fcnner, leichter und weicher als herk\u00f6mmliche Kupferkabel<\/li>\n<li>Betrieb \u00fcber DVI-Quelle ohne externe Stromversorgung<\/li>\n<li>\u00dcbertr\u00e4gt DVI-Daten bis zu 100 m \u00fcber ein optisches Hybridkabel<\/li>\n<li>Unterst\u00fctzt die \u00dcbertragung von 3D-Inhalten<\/li>\n<li>Entspricht EDID, HDCP<\/li>\n<li>Erweitert jede DVI Single-Link Aufl\u00f6sung auf bis zu 100 Meter (328 ft.)<\/li>\n<\/ul>\n<p><strong>Anwendungen:<\/strong><\/p>\n<ul>\n<li>Digitale Signatur<\/li>\n<li>LED-Schilder und Monitore f\u00fcr Stadien, Krankenh\u00e4user und Versandzentren<\/li>\n<li>Medizinische Bildgebungsger\u00e4te<\/li>\n<li>Video-Informationssystem zum Boarding am Flughafen<\/li>\n<li>Heimkino, Blu-ray, 3D-Video, Projektor, Set-Top-Box, DVR, Spielekonsolensteuerung und Monitoranschluss<\/li>\n<li>Radio- und Fernsehsender<\/li>\n<li>Videokonferenzausr\u00fcstung<\/li>\n<li>Sicherheits\u00fcberwachungssystem<\/li>\n<\/ul>","protected":false},"excerpt":{"rendered":"<ul>\n<li>Bis zu 100 m lange Distanz\u00fcbertragungen<\/li>\n<li>Unterst\u00fctzt bis zu 10,2 Gbit\/s<\/li>\n<li>Unterst\u00fctzt Aufl\u00f6sungen bis 1080p und 4K2K<\/li>\n<li>Keine externe Stromversorgung erforderlich<\/li>\n<li>Keine Strahlung und \u00e4u\u00dferst resistent gegen elektromagnetische St\u00f6rungen<\/li>\n<li>Quellanschluss programmierbar zum Speichern von EDID-Informationen<\/li>\n<\/ul>","protected":false},"featured_media":559,"comment_status":"open","ping_status":"closed","template":"","meta":{"rs_blank_template":"","rs_page_bg_color":"","slide_template_v7":""},"product_brand":[683],"product_cat":[488,89,108,493],"product_tag":[94,91,241,95,92,93],"class_list":{"0":"post-555","1":"product","2":"type-product","3":"status-publish","4":"has-post-thumbnail","6":"product_brand-aocfiberlink","7":"product_cat-solution-audio-visual","8":"product_cat-dvi-aoc","9":"product_cat-shop","10":"product_cat-solution-smart-home","11":"product_tag-active-dvi-cable","12":"product_tag-dvi-active-optical-cable","13":"product_tag-dvi-aoc","14":"product_tag-dvi-extender-over-fiber-optical-cable","15":"product_tag-dvi-fiber-optical-cable","16":"product_tag-optical-dvi-cable","18":"first","19":"instock","20":"shipping-taxable","21":"product-type-simple"},"aioseo_notices":[],"_links":{"self":[{"href":"https:\/\/www.aocfiberlink.com\/de\/wp-json\/wp\/v2\/product\/555","targetHints":{"allow":["GET"]}}],"collection":[{"href":"https:\/\/www.aocfiberlink.com\/de\/wp-json\/wp\/v2\/product"}],"about":[{"href":"https:\/\/www.aocfiberlink.com\/de\/wp-json\/wp\/v2\/types\/product"}],"replies":[{"embeddable":true,"href":"https:\/\/www.aocfiberlink.com\/de\/wp-json\/wp\/v2\/comments?post=555"}],"wp:featuredmedia":[{"embeddable":true,"href":"https:\/\/www.aocfiberlink.com\/de\/wp-json\/wp\/v2\/media\/559"}],"wp:attachment":[{"href":"https:\/\/www.aocfiberlink.com\/de\/wp-json\/wp\/v2\/media?parent=555"}],"wp:term":[{"taxonomy":"product_brand","embeddable":true,"href":"https:\/\/www.aocfiberlink.com\/de\/wp-json\/wp\/v2\/product_brand?post=555"},{"taxonomy":"product_cat","embeddable":true,"href":"https:\/\/www.aocfiberlink.com\/de\/wp-json\/wp\/v2\/product_cat?post=555"},{"taxonomy":"product_tag","embeddable":true,"href":"https:\/\/www.aocfiberlink.com\/de\/wp-json\/wp\/v2\/product_tag?post=555"}],"curies":[{"name":"wp","href":"https:\/\/api.w.org\/{rel}","templated":true}]}}