{"id":558,"date":"2023-01-01T11:40:31","date_gmt":"2023-01-01T03:40:31","guid":{"rendered":"https:\/\/www.aocfiberlink.com\/?post_type=product&#038;p=558"},"modified":"2025-10-25T10:30:24","modified_gmt":"2025-10-25T02:30:24","slug":"dvi-hdmi-aoc-hybrid-aktives-optisches-faserkabel-10-2gbps-4k30hz","status":"publish","type":"product","link":"https:\/\/www.aocfiberlink.com\/de\/product\/detachable-dvi-to-hdmi-aoc-active-optical-cable-4k\/","title":{"rendered":"Abnehmbares DVI-auf-HDMI-AOC-aktives optisches Kabel-10.2Gbps 4K@30Hz"},"content":{"rendered":"<p>Die FDVC-10VM-XX-Serie <strong>Aktive optische DVI\/HDMI-Kabel, <\/strong>Auch bekannt als DIV-HDMI AOC, aktives optisches DVI-HDMI-Kabel, optisches DVI-HDMI-Glasfaserkabel, optisches DVI-Kabel, aktives DVI-Kabel. Es bietet eine nahtlose digitale Verbindung zwischen einer DVI-f\u00e4higen Quelle und einem HDMI-f\u00e4higen Display und erm\u00f6glicht so eine einfache Konnektivit\u00e4t zwischen Ger\u00e4ten. Egal, ob Sie Videos von Ihrem Laptop auf einem gr\u00f6\u00dferen Bildschirm ansehen oder ein mit HDMI ausgestattetes Ger\u00e4t an ein DVI-Display anschlie\u00dfen m\u00f6chten, dieser DVI-zu-HDMI-AOC bietet zuverl\u00e4ssige Leistung und hochwertige Video\u00fcbertragung.<\/p>\n<p>Erleben Sie verbesserte Videoqualit\u00e4t und beeindruckende Unterhaltung mit dem aktiven optischen HDMI-auf-DVI-Kabel. Dieses Kabel eignet sich perfekt f\u00fcr Gaming-Enthusiasten und Heimkino-Setups und erm\u00f6glicht Ihnen den Anschluss von HDMI an DVI und ein erstklassiges Videoerlebnis auf Ihrem kompatiblen Ger\u00e4t. Egal, ob Sie spielen, streamen oder Filme ansehen, der HDMI-zu-DVI-AOC sorgt f\u00fcr ein nahtloses und beeindruckendes visuelles Erlebnis.<\/p>\n<p><strong>Highlight-Funktionen:<\/strong><\/p>\n<ul>\n<li>Erweitert WUXGA (1920\u00d71200) bei 60 Hz oder 1080p bei 60 Hz (36 Bit, 3,4 Gbit\/s\/Kanal)<\/li>\n<li>Einkanalige DVI-Schnittstelle, unterst\u00fctzt eine Bandbreite von bis zu 10,2 Gbit\/s<\/li>\n<li>D\u00fcnner, leichter und weicher als herk\u00f6mmliche Kupferkabel<\/li>\n<li>Betrieb \u00fcber DVI-Quelle ohne externe Stromversorgung<\/li>\n<li>\u00dcbertr\u00e4gt DVI-Daten bis zu 100 m \u00fcber ein optisches Hybridkabel<\/li>\n<li>Unterst\u00fctzt die \u00dcbertragung von 3D-Inhalten<\/li>\n<li>Entspricht EDID, HDCP<\/li>\n<\/ul>\n<p><strong>Anwendungen:<\/strong><\/p>\n<ul>\n<li>Digitale Signatur<\/li>\n<li>LED-Schilder und Monitore f\u00fcr Stadien, Krankenh\u00e4user und Versandzentren<\/li>\n<li>Medizinische Bildgebungsger\u00e4te<\/li>\n<li>Video-Informationssystem zum Boarding am Flughafen<\/li>\n<li>Heimkino, Blu-ray, 3D-Video, Projektor, Set-Top-Box, DVR, Spielekonsolensteuerung und Monitoranschluss<\/li>\n<li>Radio- und Fernsehsender<\/li>\n<li>Videokonferenzausr\u00fcstung<\/li>\n<li>Sicherheits\u00fcberwachungssystem<\/li>\n<\/ul>","protected":false},"excerpt":{"rendered":"<ul>\n<li>Bis zu 100 m lange Distanz\u00fcbertragungen<\/li>\n<li>Unterst\u00fctzt bis zu 10,2 Gbit\/s<\/li>\n<li>Unterst\u00fctzt Aufl\u00f6sungen bis 1080p und 4K2K<\/li>\n<li>Keine externe Stromversorgung erforderlich<\/li>\n<li>Keine Strahlung und \u00e4u\u00dferst resistent gegen elektromagnetische St\u00f6rungen<\/li>\n<li>Quellanschluss programmierbar zum Speichern von EDID-Informationen<\/li>\n<\/ul>","protected":false},"featured_media":560,"comment_status":"open","ping_status":"closed","template":"","meta":{"rs_blank_template":"","rs_page_bg_color":"","slide_template_v7":""},"product_brand":[683],"product_cat":[488,89,37,24,493],"product_tag":[44,94,90,91,92,97,96,32,29],"class_list":{"0":"post-558","1":"product","2":"type-product","3":"status-publish","4":"has-post-thumbnail","6":"product_brand-aocfiberlink","7":"product_cat-solution-audio-visual","8":"product_cat-dvi-aoc","9":"product_cat-hdmi-2-0","10":"product_cat-optical-hdmi-cables","11":"product_cat-solution-smart-home","12":"product_tag-4k-hdmi-fiber-cable","13":"product_tag-active-dvi-cable","14":"product_tag-div-aoc","15":"product_tag-dvi-active-optical-cable","16":"product_tag-dvi-fiber-optical-cable","17":"product_tag-hdmi-2-0-fiber-cable","18":"product_tag-hdmi-aoc","19":"product_tag-hdmi-fiber-cable","20":"product_tag-optical-hdmi-cable","22":"first","23":"instock","24":"shipping-taxable","25":"product-type-simple"},"aioseo_notices":[],"_links":{"self":[{"href":"https:\/\/www.aocfiberlink.com\/de\/wp-json\/wp\/v2\/product\/558","targetHints":{"allow":["GET"]}}],"collection":[{"href":"https:\/\/www.aocfiberlink.com\/de\/wp-json\/wp\/v2\/product"}],"about":[{"href":"https:\/\/www.aocfiberlink.com\/de\/wp-json\/wp\/v2\/types\/product"}],"replies":[{"embeddable":true,"href":"https:\/\/www.aocfiberlink.com\/de\/wp-json\/wp\/v2\/comments?post=558"}],"wp:featuredmedia":[{"embeddable":true,"href":"https:\/\/www.aocfiberlink.com\/de\/wp-json\/wp\/v2\/media\/560"}],"wp:attachment":[{"href":"https:\/\/www.aocfiberlink.com\/de\/wp-json\/wp\/v2\/media?parent=558"}],"wp:term":[{"taxonomy":"product_brand","embeddable":true,"href":"https:\/\/www.aocfiberlink.com\/de\/wp-json\/wp\/v2\/product_brand?post=558"},{"taxonomy":"product_cat","embeddable":true,"href":"https:\/\/www.aocfiberlink.com\/de\/wp-json\/wp\/v2\/product_cat?post=558"},{"taxonomy":"product_tag","embeddable":true,"href":"https:\/\/www.aocfiberlink.com\/de\/wp-json\/wp\/v2\/product_tag?post=558"}],"curies":[{"name":"wp","href":"https:\/\/api.w.org\/{rel}","templated":true}]}}