{"id":711,"date":"2023-01-01T10:00:45","date_gmt":"2023-01-01T02:00:45","guid":{"rendered":"https:\/\/www.aocfiberlink.com\/?post_type=product&#038;p=711"},"modified":"2025-10-25T10:24:28","modified_gmt":"2025-10-25T02:24:28","slug":"einziehbares-4k-hdmi-2-0-aoc-reel-armoured-active-optical-cable-am-to-am-100m-2","status":"publish","type":"product","link":"https:\/\/www.aocfiberlink.com\/de\/product\/armored-8k-fiber-optic-hdmi-active-optical-cable-drum\/","title":{"rendered":"Gepanzertes 8K-Glasfaserkabel HDMI 2.1 Aktiv Optisch auf Roxtone PCD 310 Trommel"},"content":{"rendered":"<p>Die Serie FHDC-21AA-XX <strong>Gepanzerte 8K-Glasfaserkabel HDMI 2.1 Aktiv Optisch Kabel <\/strong>werden mit Schutzkappen und optionalen tragbaren Roxtone PCD 235 &amp; PCD 310 Trommeln geliefert. Sie sind ein idealer alternativer Ersatz f\u00fcr #<a href=\"https:\/\/shop.klotz-ais.com\/foauhw.html\">Klotz FOAUHW<\/a>, #<a href=\"https:\/\/www1.kramerav.com\/hk\/Product\/CRS-PlugNView-H\">Kramer CRS-PlugNView<\/a>,#<a href=\"https:\/\/www.bhphotovideo.com\/c\/product\/1672319-REG\/techlogix_networx_mofo_hd20st_100_mofo_media_over_fiber.html\">TechLogix Networx MOFO-HD20ST<\/a>, #<a href=\"https:\/\/tripplite.eaton.com\/armored-hdmi-active-optical-cable-aoc-on-reel-4k-60hz-hdr-18-gbps-waterproof-shell-cap-70m-230ft~P568FA70MWR\">Tripplit<\/a> #<a href=\"http:\/\/Eaton P568FA series Armored\">Eaton P568FA Serie gepanzertes optisches Hochgeschwindigkeits-HDMI-Kabel<\/a> auf tragbaren, aber unzerbrechlichen Trommelspulen.<\/p>\n<p>Die 8K Fiber Optic HDMI 2.1 Active Optical Fiber Kabel sind aus hochwertigem Hybrid-Glasfaserkabel (4 Glasfaser &amp; 7 Kupfer) gefertigt und wurden entwickelt, um die \u00dcbertragungsdistanz zwischen Datenquelle und Anzeigeger\u00e4ten mit einer maximalen L\u00e4nge von 150 Metern zu verl\u00e4ngern, die un\u00fcbertroffene \u00dcbertragungsf\u00e4higkeiten mit einer maximalen Datenrate von 48Gbps bieten. Diese Fiber Optic HDMI 2.1 AOC Kabel liefern Ultra High Speed Leistung und gew\u00e4hrleisten eine unverf\u00e4lschte visuelle Qualit\u00e4t mit Aufl\u00f6sungen bis zu UHD 8K\/60p und 4K\/120p.<\/p>\n<p><strong>Highlight-Funktionen:<\/strong><\/p>\n<ul>\n<li><strong>Idealer Ersatz<\/strong>: f\u00fcr Klotz FOAUHW,Kramer CRS-PlugNView,TechLogix Networx MOFO-HD20ST,Tripplite #Eaton P568FA Serie<\/li>\n<li class=\"text-th-primary-dark\"><strong>Einziehbares und extrem langlebiges Design<\/strong>: Robuste Aluminium-\/Stahlkonstruktion f\u00fcr weniger als 25 Pfund; Stapelbares Rahmendesign; Schutzkappen im Lieferumfang enthalten;<\/li>\n<li><strong>Konform<\/strong> mit HDMI 1.4, 2.0 und 2.1 Spezifikation;<\/li>\n<li class=\"text-th-primary-dark\"><strong>Hohe Aufl\u00f6sung:<\/strong> Unterst\u00fctzt UHD 8K\/60p und 4K\/120p 4:4:4 Videosignale bis zu 150 Meter f\u00fcr ein hochwertiges Seherlebnis;<\/li>\n<li class=\"text-th-primary-dark\"><strong>Grosse Bandbreite<\/strong>: 48Gbps Kapazit\u00e4t f\u00fcr die schnelle und zuverl\u00e4ssige \u00dcbertragung von Multimedia-Inhalten<\/li>\n<li class=\"text-th-primary-dark\"><strong>Verlustfreie \u00dcbertragung<\/strong>: Liefert 8K\/60p- und 4K\/120p-Visualisierungen, VR- und 3D-Anzeigesignale \u00fcber gro\u00dfe Entfernungen<\/li>\n<li class=\"text-th-primary-dark\"><strong>Schnelle Bildwiederholfrequenz<\/strong>60 Hz bei 8K UHD-Aufl\u00f6sung f\u00fcr gestochen scharfe Bilder; h\u00f6here Raten bei niedrigeren Aufl\u00f6sungen<\/li>\n<li class=\"text-th-primary-dark\"><strong>Dynamisches HDR<\/strong>: Optimiert Kontrast, Tiefe, Helligkeit und Farbraum Bild f\u00fcr Bild<\/li>\n<li class=\"text-th-primary-dark\"><strong>Verbessertes eARC<\/strong>: Vereinfacht die Konnektivit\u00e4t und Audiooptimierung f\u00fcr mehrere Komponenten<\/li>\n<li class=\"text-th-primary-dark\"><strong>Hochwertige Audioqualit\u00e4t<\/strong>: Unterst\u00fctzt bis zu 192 kHz, 24 Bit, unkomprimiertes 5.1 und 7.1, verlustfreie Dolby-Formate und 32-Kanal-Audio<\/li>\n<li class=\"text-th-primary-dark\"><strong>VRR f\u00fcr Gaming<\/strong>: Fl\u00fcssiges Gameplay mit minimaler Verz\u00f6gerung, Ruckeln und Frame-Tearing<\/li>\n<li class=\"text-th-primary-dark\"><strong>Erweiterte Funktionen<\/strong>: Unterst\u00fctzt EDID, Selbsterkennungsfunktion, ALLM, QMS und QFT<\/li>\n<li class=\"text-th-primary-dark\"><strong>Langlebige Konstruktion<\/strong>: Geh\u00e4use aus Zinklegierung, korrosionsbest\u00e4ndige vergoldete Anschl\u00fcsse<\/li>\n<li class=\"text-th-primary-dark\"><strong>EMI-Widerstand<\/strong>: Hohe Best\u00e4ndigkeit gegen elektromagnetische St\u00f6rungen, wodurch eine sichere, strahlungsfreie Umgebung gew\u00e4hrleistet wird<\/li>\n<li class=\"text-th-primary-dark\"><strong>Anpassbar<\/strong>: Bis zu 150 m maximale L\u00e4nge (maximal 30 m f\u00fcr eARC), kundenspezifische L\u00e4nge, Logo und Verpackung verf\u00fcgbar<\/li>\n<\/ul>\n<p><strong>Anwendungen:<\/strong><\/p>\n<ul>\n<li>Digitale Signatur<\/li>\n<li>LED-Schilder und Monitore f\u00fcr Stadien, Krankenh\u00e4user und Versandzentren<\/li>\n<li>Medizinische Bildgebungsger\u00e4te<\/li>\n<li>Video-Informationssystem zum Boarding am Flughafen<\/li>\n<li>Heimkino, Blu-ray, 3D-Video, Projektor, Set-Top-Box, DVR, Spielekonsolensteuerung und Monitoranschluss<\/li>\n<li>Radio- und Fernsehsender<\/li>\n<li>Videokonferenzausr\u00fcstung<\/li>\n<li>Sicherheits\u00fcberwachungssystem<\/li>\n<\/ul>","protected":false},"excerpt":{"rendered":"<ul>\n<li>Versenkbare und langlebige Konstruktion mit Schutzkappen;<\/li>\n<li>Verl\u00e4ngert volle 7680 x 4320 (8K), 4096 x 2160 (4K), 3840 x 2160 (2K) bei 60Hz 4:4:4 Videosignale bis zu 150m<\/li>\n<li>Vollst\u00e4ndige Unterst\u00fctzung der HDMI 1.4, 2.0 und 2.1 Spezifikationen, einschlie\u00dflich eARC, 21:9 Bildseitenverh\u00e4ltnis und mehr<\/li>\n<li>Kompatibel mit PCM, DTS-HD Master und Dolby Digital True HD Surround Sound<\/li>\n<li>Praktisch null EMI\/RFI-Profil f\u00fcr einwandfreie Leistung<\/li>\n<li>Das Hybrid-Faser-\/Kupfer-Design erfordert keine externe Stromversorgung<\/li>\n<li>Unterst\u00fctzt HDCP 2.2 \/ EDID \/ DDC \/ CEC<\/li>\n<li>Kundenspezifische L\u00e4nge bis zu 150 m<\/li>\n<\/ul>","protected":false},"featured_media":1090,"comment_status":"open","ping_status":"closed","template":"","meta":{"rs_blank_template":"","rs_page_bg_color":"","slide_template_v7":""},"product_brand":[],"product_cat":[488,38,76,24,108],"product_tag":[169,40,165,168,35,164,166,96,29,167],"class_list":{"0":"post-711","1":"product","2":"type-product","3":"status-publish","4":"has-post-thumbnail","6":"product_cat-solution-audio-visual","7":"product_cat-hdmi-2-1","8":"product_cat-hot-sellers","9":"product_cat-optical-hdmi-cables","10":"product_cat-shop","11":"product_tag-8k-hdmi-aoc","12":"product_tag-8k-hdmi-fiber-cable","13":"product_tag-active-optical-hdmi-2-1-cable","14":"product_tag-armored-8k-hdmi-2-1-cable","15":"product_tag-hdmi-2-1-aoc","16":"product_tag-hdmi-2-1-fiber","17":"product_tag-hdmi-2-1-optical-cable","18":"product_tag-hdmi-aoc","19":"product_tag-optical-hdmi-cable","20":"product_tag-tactical-hdmi-aoc","22":"first","23":"instock","24":"shipping-taxable","25":"product-type-simple"},"aioseo_notices":[],"_links":{"self":[{"href":"https:\/\/www.aocfiberlink.com\/de\/wp-json\/wp\/v2\/product\/711","targetHints":{"allow":["GET"]}}],"collection":[{"href":"https:\/\/www.aocfiberlink.com\/de\/wp-json\/wp\/v2\/product"}],"about":[{"href":"https:\/\/www.aocfiberlink.com\/de\/wp-json\/wp\/v2\/types\/product"}],"replies":[{"embeddable":true,"href":"https:\/\/www.aocfiberlink.com\/de\/wp-json\/wp\/v2\/comments?post=711"}],"wp:featuredmedia":[{"embeddable":true,"href":"https:\/\/www.aocfiberlink.com\/de\/wp-json\/wp\/v2\/media\/1090"}],"wp:attachment":[{"href":"https:\/\/www.aocfiberlink.com\/de\/wp-json\/wp\/v2\/media?parent=711"}],"wp:term":[{"taxonomy":"product_brand","embeddable":true,"href":"https:\/\/www.aocfiberlink.com\/de\/wp-json\/wp\/v2\/product_brand?post=711"},{"taxonomy":"product_cat","embeddable":true,"href":"https:\/\/www.aocfiberlink.com\/de\/wp-json\/wp\/v2\/product_cat?post=711"},{"taxonomy":"product_tag","embeddable":true,"href":"https:\/\/www.aocfiberlink.com\/de\/wp-json\/wp\/v2\/product_tag?post=711"}],"curies":[{"name":"wp","href":"https:\/\/api.w.org\/{rel}","templated":true}]}}