{"id":811,"date":"2024-07-17T10:08:51","date_gmt":"2024-07-17T02:08:51","guid":{"rendered":"https:\/\/www.aocfiberlink.com\/?post_type=product&#038;p=811"},"modified":"2025-07-30T07:36:10","modified_gmt":"2025-07-29T23:36:10","slug":"abnehmbares-hdmi-20-aoc-aktives-optisches-kabel-2","status":"publish","type":"product","link":"https:\/\/www.aocfiberlink.com\/de\/product\/detachable-8k-active-optical-hdmi-cable-latching\/","title":{"rendered":"Abnehmbares aktives optisches 8K-HDMI-Kabel, einrastend, DM-DM, 48Gbps"},"content":{"rendered":"<p>Die FHDC-21DD-XX-Serie <strong>Detacbale 8K Hybrid Aktiv Optische HDMI 2.1 Kabel <\/strong>werden auch als HDMI 2.1 AOC bezeichnet, <a href=\"https:\/\/www.aocfiberlink.com\/de\/produkt\/8k-active-optical-hdmi-2-1-fiber-cable-type-am-to-type-am-48gbps\/\">Aktives optisches HDMI 2.1-Kabel<\/a>, <a href=\"https:\/\/www.aocfiberlink.com\/de\/produkt\/locking-hdmi-2-1-aoc-active-optical-cable-armored-8k60hz-48gbps\/\">Faseroptisches HDMI 2.1-Kabel<\/a>, <a href=\"https:\/\/www.aocfiberlink.com\/de\/produkt-kategorie\/optische-hdmi-kabel\/\">Optisches HDMI-Kabel<\/a>, Aktives HDMI-Kabel, Aktives optisches HDMI-Kabel.<\/p>\n<p>Die gepanzerten HDMI 2.1 AOC-Aktiv-Lichtwellenleiter bestehen aus hochwertigem Edelstahl und einem verst\u00e4rkten Hybrid-Glasfaserkabel (4 Fasern und 7 Kupfer) und bieten au\u00dfergew\u00f6hnliche Haltbarkeit und Widerstandsf\u00e4higkeit. Mit einer bruchfesten Panzerung, die einer Kraft von bis zu 500 kg standh\u00e4lt, sind diese Kabel f\u00fcr anspruchsvolle Umgebungen konzipiert. Die TPU-Ummantelung in Industriequalit\u00e4t bietet einen weiten Betriebstemperaturbereich (-40\u2103 bis +80\u2103) und eignet sich daher perfekt f\u00fcr den Einsatz in anspruchsvollen Umgebungen wie medizinischen Praxen, der Vermietung von Live-Veranstaltungen, beim Milit\u00e4r, an Bord von Schiffen, bei tempor\u00e4ren B\u00fchnen oder \u00fcberall dort, wo l\u00e4ngere Zeitr\u00e4ume erforderlich sind HDMI-Kabel unter harten Bedingungen.<\/p>\n<p>Die abnehmbaren 8K Hybrid Active Optical HDMI 2.1 AOC Kabel der FHDC-21DD-XX Serie \u00fcbertragen Ultra-High-Speed-Signale mit bis zu 48Gbps und 8K@60Hz Aufl\u00f6sung, 4:4:4 Farbunterabtastung, HDR, eARC ohne Signalverlust. Diese EMI-resistenten abnehmbaren Glasfaser-HDMI-Kabel, die den HDMI 2.1-Spezifikationen entsprechen, liefern eine unvergleichliche visuelle Qualit\u00e4t mit einer Aufl\u00f6sung von bis zu 8K und einer Bildwiederholfrequenz von bis zu 144 Hz. Tauchen Sie ein in ein au\u00dfergew\u00f6hnliches Unterhaltungs- und Spielerlebnis. Die optische L\u00f6sung sorgt f\u00fcr eine verlustfreie \u00dcbertragung auch \u00fcber gro\u00dfe Entfernungen und garantiert eine hervorragende Signalqualit\u00e4t.<\/p>\n<p><strong>Highlight-Funktionen:<\/strong><\/p>\n<ul>\n<li class=\"text-th-primary-dark\"><strong>Hochwertige Aufl\u00f6sung<\/strong>: Unterst\u00fctzt 8K@60Hz, 4K@144Hz, 4K@120Hz gem\u00e4\u00df HDMI 2.1-Spezifikationen, abw\u00e4rtskompatibel<\/li>\n<li class=\"text-th-primary-dark\"><strong>Grosse Bandbreite<\/strong>: 48 Gbit\/s Kapazit\u00e4t, abw\u00e4rtskompatibel<\/li>\n<li class=\"text-th-primary-dark\"><strong>Verlustfreie \u00dcbertragung<\/strong>: Liefert 8K@60Hz-Bilder, VR- und 3D-Anzeigesignale \u00fcber gro\u00dfe Entfernungen<\/li>\n<li class=\"text-th-primary-dark\"><strong>Schnelle Bildwiederholfrequenz<\/strong>: 120 Hz bei 4K-Aufl\u00f6sung f\u00fcr gestochen scharfe Bilder; h\u00f6here Raten bei niedrigeren Aufl\u00f6sungen<\/li>\n<li class=\"text-th-primary-dark\"><strong>Dynamisches HDR<\/strong>: Optimiert Kontrast, Tiefe, Helligkeit und Farbraum Bild f\u00fcr Bild<\/li>\n<li class=\"text-th-primary-dark\"><strong>Verbessertes eARC<\/strong>: Vereinfacht die Konnektivit\u00e4t und Audiooptimierung f\u00fcr mehrere Komponenten<\/li>\n<li class=\"text-th-primary-dark\"><strong>Hochwertige Audioqualit\u00e4t<\/strong>: Unterst\u00fctzt bis zu 192 kHz, 24 Bit, unkomprimiertes 5.1 und 7.1, verlustfreie Dolby-Formate und 32-Kanal-Audio<\/li>\n<li class=\"text-th-primary-dark\"><strong>VRR f\u00fcr Gaming<\/strong>: Fl\u00fcssiges Gameplay mit minimaler Verz\u00f6gerung, Ruckeln und Frame-Tearing<\/li>\n<li class=\"text-th-primary-dark\"><strong>Erweiterte Funktionen<\/strong>: Unterst\u00fctzt EDID, Selbsterkennungsfunktion, ALLM, QMS und QFT<\/li>\n<li class=\"text-th-primary-dark\"><strong>Langlebige Konstruktion<\/strong>: Geh\u00e4use aus Zinklegierung, korrosionsbest\u00e4ndige vergoldete Anschl\u00fcsse<\/li>\n<li class=\"text-th-primary-dark\"><strong>EMI-Widerstand<\/strong>: Hohe Best\u00e4ndigkeit gegen elektromagnetische St\u00f6rungen, wodurch eine sichere, strahlungsfreie Umgebung gew\u00e4hrleistet wird<\/li>\n<li class=\"text-th-primary-dark\"><strong>Anpassbar<\/strong>: Bis zu 70 m maximale L\u00e4nge (maximal 30 m f\u00fcr eARC), kundenspezifische L\u00e4nge, Logo und Verpackung verf\u00fcgbar<\/li>\n<\/ul>\n<p><strong>Anwendungen:<\/strong><\/p>\n<ul>\n<li>Digitale Signatur<\/li>\n<li>LED-Schilder und Monitore f\u00fcr Stadien, Krankenh\u00e4user und Versandzentren<\/li>\n<li>Medizinische Bildgebungsger\u00e4te<\/li>\n<li>Video-Informationssystem zum Boarding am Flughafen<\/li>\n<li>Heimkino, Blu-ray, 3D-Video, Projektor, Set-Top-Box, DVR, Spielekonsolensteuerung und Monitoranschluss<\/li>\n<li>Radio- und Fernsehsender<\/li>\n<li>Videokonferenzausr\u00fcstung<\/li>\n<li>Sicherheits\u00fcberwachungssystem<\/li>\n<\/ul>","protected":false},"excerpt":{"rendered":"<ul>\n<li>Verl\u00e4ngert volle 8K@60Hz, 4K@144Hz, 4K@120Hz gem\u00e4\u00df HDMI 2.1 Videosignale bis zu 150m (492ft)<\/li>\n<li>Vollst\u00e4ndige Unterst\u00fctzung der HDMI 2.1-Spezifikation, einschlie\u00dflich eARC, 21:9-Seitenverh\u00e4ltnis und mehr<\/li>\n<li>Kompatibel mit PCM, DTS-HD Master und Dolby Digital True HD Surround Sound<\/li>\n<li>Praktisch null EMI\/RFI-Profil f\u00fcr einwandfreie Leistung<\/li>\n<li>Das Hybrid-Faser-\/Kupfer-Design erfordert keine externe Stromversorgung<\/li>\n<li>Unterst\u00fctzt HDCP 2.2 \/ EDID \/ DDC \/ CEC<\/li>\n<\/ul>","protected":false},"featured_media":329,"comment_status":"open","ping_status":"closed","template":"","meta":{"rs_blank_template":"","rs_page_bg_color":"","slide_template_v7":""},"product_brand":[683],"product_cat":[488,489,490,38,76,24,108,493],"product_tag":[40,39,30,33,41,35,29],"class_list":{"0":"post-811","1":"product","2":"type-product","3":"status-publish","4":"has-post-thumbnail","6":"product_brand-aocfiberlink","7":"product_cat-solution-audio-visual","8":"product_cat-solution-education","9":"product_cat-solution-hd-conferences","10":"product_cat-hdmi-2-1","11":"product_cat-hot-sellers","12":"product_cat-optical-hdmi-cables","13":"product_cat-shop","14":"product_cat-solution-smart-home","15":"product_tag-8k-hdmi-fiber-cable","16":"product_tag-active-hdmi-2-1-cable","17":"product_tag-active-hdmi-cable","18":"product_tag-active-optical-hdmi-cable","19":"product_tag-fiber-optic-hdmi-2-1-cable","20":"product_tag-hdmi-2-1-aoc","21":"product_tag-optical-hdmi-cable","23":"first","24":"instock","25":"shipping-taxable","26":"product-type-simple"},"aioseo_notices":[],"_links":{"self":[{"href":"https:\/\/www.aocfiberlink.com\/de\/wp-json\/wp\/v2\/product\/811","targetHints":{"allow":["GET"]}}],"collection":[{"href":"https:\/\/www.aocfiberlink.com\/de\/wp-json\/wp\/v2\/product"}],"about":[{"href":"https:\/\/www.aocfiberlink.com\/de\/wp-json\/wp\/v2\/types\/product"}],"replies":[{"embeddable":true,"href":"https:\/\/www.aocfiberlink.com\/de\/wp-json\/wp\/v2\/comments?post=811"}],"wp:featuredmedia":[{"embeddable":true,"href":"https:\/\/www.aocfiberlink.com\/de\/wp-json\/wp\/v2\/media\/329"}],"wp:attachment":[{"href":"https:\/\/www.aocfiberlink.com\/de\/wp-json\/wp\/v2\/media?parent=811"}],"wp:term":[{"taxonomy":"product_brand","embeddable":true,"href":"https:\/\/www.aocfiberlink.com\/de\/wp-json\/wp\/v2\/product_brand?post=811"},{"taxonomy":"product_cat","embeddable":true,"href":"https:\/\/www.aocfiberlink.com\/de\/wp-json\/wp\/v2\/product_cat?post=811"},{"taxonomy":"product_tag","embeddable":true,"href":"https:\/\/www.aocfiberlink.com\/de\/wp-json\/wp\/v2\/product_tag?post=811"}],"curies":[{"name":"wp","href":"https:\/\/api.w.org\/{rel}","templated":true}]}}