{"id":831,"date":"2024-01-02T07:00:47","date_gmt":"2024-01-01T23:00:47","guid":{"rendered":"https:\/\/www.aocfiberlink.com\/?post_type=product&#038;p=831"},"modified":"2025-10-25T10:47:01","modified_gmt":"2025-10-25T02:47:01","slug":"usb-3-1-gen-2-aoc-active-optical-cableam-to-af50m10gbps-2","status":"publish","type":"product","link":"https:\/\/www.aocfiberlink.com\/de\/product\/usb3-pure-fiber-optical-extension-cable-100m\/","title":{"rendered":"USB3.0-Verl\u00e4ngerungskabel aus reinem Glasfaserglas - AM auf AM - 5 Gbit\/s - 100 m"},"content":{"rendered":"<p>The\u00a0FPUC-3001\u00a0serires\u00a0<strong>USB3.0 Pure Fiber Optical Extension Cable-type A Male to type A Male <\/strong>are also called USB 3.0 Optical Cable, Fiber Optic USB Cable, Optical USB Cable, Pure Fiber USB Cable,USB 3.0 Optical Extension Cable. They are specifically designed to extend the transmission distance between USB hosts and devices, and each cable consists of two USB 3.0 Standard-A connectors. The transmission distance can be up to 100m (330ft) through OM3 pure fiber optical cable, with maximum transmission of 5Gbps.<\/p>\n<p>Without any other connector or power adapter, FPUC-3001 is powered by vBus of two USB3.0 Standard-A connectors.<\/p>\n<p>Built to support the latest USB 3.0 standard, our USB 3.0 pure fiber USB cables are perfect for a wide range of applications, especially for EMI application such as medical devices,industrial machine vision systems, web cameras.<\/p>\n<p><strong>Highlight-Funktionen:<\/strong><\/p>\n<ul>\n<li class=\"text-th-primary-dark\"><strong>Hohe Bandbreite:<\/strong> entspricht dem USB 3.0-Standard, bis zu 5Gbps Super Speed<\/li>\n<li class=\"text-th-primary-dark\"><strong>Abw\u00e4rtskompatibel:<\/strong> Unterst\u00fctzt USB 2.0\/1.1 bei der Arbeit mit eingebauten SuperTT-Ger\u00e4ten<\/li>\n<li class=\"text-th-primary-dark\"><strong>Lange L\u00e4nge \u00dcbertragung:<\/strong> Liefert verlustfreie Signale \u00fcber eine maximale L\u00e4nge von 100 Metern<\/li>\n<li class=\"text-th-primary-dark\"><strong>Angetrieben<\/strong> \u00fcber USB VBUS<\/li>\n<li class=\"text-th-primary-dark\"><strong>Einfache Installation:<\/strong> Plug and Play f\u00fcr beide Seiten, unidirektionales Design<\/li>\n<li class=\"text-th-primary-dark\"><strong>Unterst\u00fctzt<\/strong> USB 3.0-konforme Ger\u00e4te mit eigener Stromversorgung<\/li>\n<li class=\"text-th-primary-dark\"><strong>Langlebige Konstruktion:<\/strong> Zinc-alloy housing, corrosion-resistant gold-plated connectors<\/li>\n<li class=\"text-th-primary-dark\"><strong>RFI\/EMI-Widerstand:<\/strong> Hohe Widerstandsf\u00e4higkeit gegen elektromagnetische St\u00f6rungen f\u00fcr eine sichere, strahlungsfreie Umgebung<\/li>\n<li class=\"text-th-primary-dark\"><strong>Anpassungen:<\/strong> Bis zu 100 m maximale L\u00e4nge, Logo und Verpackung erh\u00e4ltlich<\/li>\n<\/ul>\n<p><strong>Anwendungen:<\/strong><\/p>\n<ul>\n<li>Kameraverbindung f\u00fcr maschinelles Sehen<\/li>\n<li>Industrielle Steuerung<\/li>\n<li>Digitale Beschilderung<\/li>\n<li>Integration von Heimnetzwerken<\/li>\n<li>Konnektivit\u00e4t f\u00fcr medizinische Ger\u00e4te<\/li>\n<li>KVM-Erweiterung<\/li>\n<li>Remote Desktop USB 3.0-Verbindungen<\/li>\n<li>Sicherheit: Webkamera, Zugangskontrolle<\/li>\n<li>USB 3.0 Ger\u00e4tefreigabe: Drucken, Scannen, Speichern<\/li>\n<\/ul>","protected":false},"excerpt":{"rendered":"<p>-Pure Fiber USB3 Active Optical Cable AM to AM<\/p>\n<p>-USB3 5Gbps super speed<\/p>\n<p>Praktisch Null EMI\/RFI-Profil f\u00fcr einwandfreie Leistung<\/p>\n<p>-Erweitern Sie die Reichweite auf bis zu 100 m<\/p>","protected":false},"featured_media":833,"comment_status":"open","ping_status":"closed","template":"","meta":{"rs_blank_template":"","rs_page_bg_color":"","slide_template_v7":""},"product_brand":[],"product_cat":[488,489,490,491,492,25,108],"product_tag":[56,57,212,213,455,454,456,58,66,69,70,458,457,459],"class_list":{"0":"post-831","1":"product","2":"type-product","3":"status-publish","4":"has-post-thumbnail","6":"product_cat-solution-audio-visual","7":"product_cat-solution-education","8":"product_cat-solution-hd-conferences","9":"product_cat-solution-machine-vision","10":"product_cat-solution-medical","11":"product_cat-optical-usb-cables","12":"product_cat-shop","13":"product_tag-fiber-optic-usb-cable","14":"product_tag-optical-usb-cable","15":"product_tag-pure-fiber-aoc","16":"product_tag-pure-fiber-usb","17":"product_tag-pure-fiber-usb-cable","18":"product_tag-usb-3-0-optical-cable","19":"product_tag-usb-3-0-optical-extension-cable","20":"product_tag-usb-active-optical-cable","21":"product_tag-usb-aoc","22":"product_tag-usb-aoc-cable","23":"product_tag-usb-optical-cable","24":"product_tag-usb3-extension-cable","25":"product_tag-usb3-fiber-optical-cable","26":"product_tag-usb3-optical-extension-cable","28":"first","29":"instock","30":"shipping-taxable","31":"product-type-simple"},"aioseo_notices":[],"_links":{"self":[{"href":"https:\/\/www.aocfiberlink.com\/de\/wp-json\/wp\/v2\/product\/831","targetHints":{"allow":["GET"]}}],"collection":[{"href":"https:\/\/www.aocfiberlink.com\/de\/wp-json\/wp\/v2\/product"}],"about":[{"href":"https:\/\/www.aocfiberlink.com\/de\/wp-json\/wp\/v2\/types\/product"}],"replies":[{"embeddable":true,"href":"https:\/\/www.aocfiberlink.com\/de\/wp-json\/wp\/v2\/comments?post=831"}],"wp:featuredmedia":[{"embeddable":true,"href":"https:\/\/www.aocfiberlink.com\/de\/wp-json\/wp\/v2\/media\/833"}],"wp:attachment":[{"href":"https:\/\/www.aocfiberlink.com\/de\/wp-json\/wp\/v2\/media?parent=831"}],"wp:term":[{"taxonomy":"product_brand","embeddable":true,"href":"https:\/\/www.aocfiberlink.com\/de\/wp-json\/wp\/v2\/product_brand?post=831"},{"taxonomy":"product_cat","embeddable":true,"href":"https:\/\/www.aocfiberlink.com\/de\/wp-json\/wp\/v2\/product_cat?post=831"},{"taxonomy":"product_tag","embeddable":true,"href":"https:\/\/www.aocfiberlink.com\/de\/wp-json\/wp\/v2\/product_tag?post=831"}],"curies":[{"name":"wp","href":"https:\/\/api.w.org\/{rel}","templated":true}]}}