{"id":872,"date":"2024-01-04T04:00:37","date_gmt":"2024-01-03T20:00:37","guid":{"rendered":"https:\/\/www.aocfiberlink.com\/?post_type=product&#038;p=872"},"modified":"2025-10-25T10:54:21","modified_gmt":"2025-10-25T02:54:21","slug":"usb-3-0-aoc-active-optical-cableam-to-af5gbps50m-2","status":"publish","type":"product","link":"https:\/\/www.aocfiberlink.com\/de\/product\/usb3-hybrid-aoc-active-optical-cable-am-to-microb-20m\/","title":{"rendered":"USB3.1 Gen1 Hybrid AOC-Aktiv Optisches Kabel-AM zu Micro-B 20m 5Gbps"},"content":{"rendered":"<p>Das FUBC-31AB-XX <strong>USB 3.1 Gen 1(5Gbps) Hybrid AOC-Active Optical Kabel, Typ A Stecker auf Micro-B <\/strong>bieten eine L\u00f6sung f\u00fcr eine wesentliche Einschr\u00e4nkung von rein optischen Kabeln: die Unf\u00e4higkeit, Endger\u00e4te mit Strom zu versorgen.<\/p>\n<p>Das USB 3.1 Hybrid Active Optical Cable verwendet eine schlanke, hochflexible (4,8 mm) Glasfaser als \u00dcbertragungsmedium und integriert auf innovative Weise Kupfer f\u00fcr die Stromversorgung sowohl der aktiven Komponenten des Kabels als auch der angeschlossenen Ger\u00e4te, insbesondere wenn diese mit Bus-Power betrieben werden.<\/p>\n<p>Das USB 3.1 Hybrid Active Optical Cable verl\u00e4ngert den USB 3.x-Bus auf beachtliche 20 Meter und gew\u00e4hrleistet eine maximale Bandbreitengeschwindigkeit von 5 Gbit\/s. Mit einem Micro-B-Stecker mit Schraubensicherung ist es perfekt f\u00fcr Anwendungen in der industriellen Bildverarbeitung und Robotik geeignet.<\/p>\n<p>Idealer Ersatz f\u00fcr:<\/p>\n<ul>\n<li><a href=\"https:\/\/store.unibrain.com\/product-category\/usb3x-products\/usb-3-0-active-optical-cables\/\">Unibrain USB-AOC-Kabel<\/a>;<\/li>\n<li><a href=\"https:\/\/www.l-com.com\/active-optical-cable-10gbps-5m-aoc-u31ammbm-aoc-u31ammbm-bc-005\">L-COM USB 3.1 Aktive optische Kabel<\/a>;<\/li>\n<li><a href=\"https:\/\/www.compufox.com\/AOC-U30-AM-MB-p\/aoc-u30-am-mb.htm\">Compufox USA USB 3.0 AOC<\/a>;<\/li>\n<li><a href=\"https:\/\/www.edmundoptics.com\/p\/usb-30-locking-cable-3m-length\/29172\/?gad_source=1&amp;gclid=EAIaIQobChMI3tjw14yRgwMV6yWtBh3qPQ2DEAMYASAAEgK5avD_BwE\">Edmudoptics USB 3.0 Kamera Link Kabel<\/a>;<\/li>\n<li><a href=\"https:\/\/www.intercon-1.com\/products\/usb\/usb-3-0-hybrid-active-optical-cable\/\">Intercon-1 USB 3.1 Hyrbid Aktives Optisches Kabel<\/a><\/li>\n<\/ul>\n<p><strong>Highlight-Funktionen:<\/strong><\/p>\n<ul>\n<li class=\"text-th-primary-dark\"><strong>Maximale \u00dcbertragungsgeschwindigkeit<\/strong>: USB 3.1 @ 5Gbps<\/li>\n<li><strong>Maximale \u00dcbertragungsl\u00e4nge<\/strong>20 Meter (65ft), USB 2.0 bis zu 50 Meter (115ft)<\/li>\n<li><strong>Stromversorgung<\/strong>: Unterst\u00fctzt maximal 5 V 900 mA zum Remote-Ger\u00e4t<\/li>\n<li><strong>Einfache Installation<\/strong>: Hot-Plugging, kein Treiber erforderlich<\/li>\n<li class=\"text-th-primary-dark\"><strong>EMI-Widerstand<\/strong>: Hohe Best\u00e4ndigkeit gegen elektromagnetische St\u00f6rungen, wodurch eine sichere, strahlungsfreie Umgebung gew\u00e4hrleistet wird<\/li>\n<li class=\"text-th-primary-dark\"><strong>Anpassbar<\/strong>: Bis zu 20m maximale L\u00e4nge, kundenspezifische L\u00e4nge (5m\/10m\/15m\/20m), Logo und Verpackung verf\u00fcgbar<\/li>\n<\/ul>\n<p><strong>Spezifikationen:<\/strong><\/p>\n<ul>\n<li>Host-Seite: USB 3.1 Typ-A Stecker, Abmessungen: 34mm x 16mmx 8mm<\/li>\n<li>Ger\u00e4teseite: USB 3.1 Micro-B Stecker mit Verriegelungsschrauben, Abmessungen: 36mm x 22mm x8mm<\/li>\n<li>Kabeldurchmesser: 4,8 mm<\/li>\n<li>Biegeradius: 40 mm<\/li>\n<li>Hochflexibel f\u00fcr &gt;10 Millionen Zyklen bei einem Biegehub von 1 m, Geschwindigkeit 80 Zyklen\/min<\/li>\n<li>Zugfestigkeit (Langzeit\/Kurzzeit): 150N\/300N<\/li>\n<li>Quetschwiderstand (Langzeit\/Kurzzeit)\/100mm: 500N\/1000N<\/li>\n<li>Versorgungsspannung: 4,75 - 5,25 V<\/li>\n<li>Verlustleistung: 0.95 W<\/li>\n<li>Versorgungsstrom des Ger\u00e4ts: Max 5V - 900mA (bis zu 20m), 600mA (21m-50m)<\/li>\n<li>Betriebsbedingungen: -10\u2019C -55\u2032C, 15%-80% Feuchtigkeit<\/li>\n<li>Maximaler Temperaturgradient: 6\u2032 C pro Stunde<\/li>\n<li>Einhaltung der Vorschriften: FCC\/CE\/RoHS<\/li>\n<\/ul>\n<p><strong>Anwendungen:<\/strong><\/p>\n<ul>\n<li>Kameraverbindung f\u00fcr maschinelles Sehen<\/li>\n<li>Medizinische Bildgebungsger\u00e4te<\/li>\n<li>Maschinelles Sehen<\/li>\n<\/ul>","protected":false},"excerpt":{"rendered":"<ul>\n<li>Glasfaser-USB 3.1 Typ-A Stecker auf Micro-B Link Kabel<\/li>\n<li>USB 3.1 bis zu 5Gbps@20m(65ft)<\/li>\n<li>Praktisch null EMI\/RFI-Profil f\u00fcr einwandfreie Leistung<\/li>\n<li>Hybrides Design erfordert keine externe Stromversorgung<\/li>\n<li>Schleppkettentest 20 Millionen Mal<\/li>\n<li>Typ A mit Feststellschraube optional<\/li>\n<\/ul>","protected":false},"featured_media":873,"comment_status":"open","ping_status":"closed","template":"","meta":{"rs_blank_template":"","rs_page_bg_color":"","slide_template_v7":""},"product_brand":[],"product_cat":[76,491,25,108],"product_tag":[56,57,67,243,242,70],"class_list":{"0":"post-872","1":"product","2":"type-product","3":"status-publish","4":"has-post-thumbnail","6":"product_cat-hot-sellers","7":"product_cat-solution-machine-vision","8":"product_cat-optical-usb-cables","9":"product_cat-shop","10":"product_tag-fiber-optic-usb-cable","11":"product_tag-optical-usb-cable","12":"product_tag-usb-3-1-aoc","13":"product_tag-usb-3-1-hybrid-active-optical-cable","14":"product_tag-usb-3-1-hybrid-aoc","15":"product_tag-usb-optical-cable","17":"first","18":"instock","19":"shipping-taxable","20":"product-type-simple"},"aioseo_notices":[],"_links":{"self":[{"href":"https:\/\/www.aocfiberlink.com\/de\/wp-json\/wp\/v2\/product\/872","targetHints":{"allow":["GET"]}}],"collection":[{"href":"https:\/\/www.aocfiberlink.com\/de\/wp-json\/wp\/v2\/product"}],"about":[{"href":"https:\/\/www.aocfiberlink.com\/de\/wp-json\/wp\/v2\/types\/product"}],"replies":[{"embeddable":true,"href":"https:\/\/www.aocfiberlink.com\/de\/wp-json\/wp\/v2\/comments?post=872"}],"wp:featuredmedia":[{"embeddable":true,"href":"https:\/\/www.aocfiberlink.com\/de\/wp-json\/wp\/v2\/media\/873"}],"wp:attachment":[{"href":"https:\/\/www.aocfiberlink.com\/de\/wp-json\/wp\/v2\/media?parent=872"}],"wp:term":[{"taxonomy":"product_brand","embeddable":true,"href":"https:\/\/www.aocfiberlink.com\/de\/wp-json\/wp\/v2\/product_brand?post=872"},{"taxonomy":"product_cat","embeddable":true,"href":"https:\/\/www.aocfiberlink.com\/de\/wp-json\/wp\/v2\/product_cat?post=872"},{"taxonomy":"product_tag","embeddable":true,"href":"https:\/\/www.aocfiberlink.com\/de\/wp-json\/wp\/v2\/product_tag?post=872"}],"curies":[{"name":"wp","href":"https:\/\/api.w.org\/{rel}","templated":true}]}}