{"id":954,"date":"2024-01-02T05:00:34","date_gmt":"2024-01-01T21:00:34","guid":{"rendered":"https:\/\/www.aocfiberlink.com\/?post_type=product&#038;p=954"},"modified":"2025-10-25T10:47:28","modified_gmt":"2025-10-25T02:47:28","slug":"usb-3-1-gen-2-aoc-active-optical-cableam-to-af50m10gbps-4","status":"publish","type":"product","link":"https:\/\/www.aocfiberlink.com\/de\/product\/usb3-pure-fiber-active-optical-extension-cable\/","title":{"rendered":"Aktives optisches USB3.1-Verl\u00e4ngerungskabel mit reinem Glasfaserkabel - AM zu AF-100m-5Gbps"},"content":{"rendered":"<p>The FPUC-3001 serires <strong>USB 3.1 Fiber Active Optical Extension Cable-type A Male to type A Female, with power supply Y-cable <\/strong>are also called USB 3.0 AOC, Fiber Optic USB Cable, Optical USB Cable, USB Active Optical Cable,USB Active Optical Extension Cable. They are specifically designed to extend the transmission distance between USB hosts and devices, and each cable consists of two USB 3.0 Standard-A connectors. The transmission distance can be up to 100m (330ft) through OM3 pure fiber optical cable, with maximum transmission of 5Gbps.<\/p>\n<p>FPUC-3001 device side is powered by its Y-cable.<\/p>\n<p><strong>Highlight-Funktionen:<\/strong><\/p>\n<ul>\n<li class=\"text-th-primary-dark\"><strong>Hohe Bandbreite:<\/strong> entspricht dem USB 3.0-Standard, bis zu 5Gbps Super Speed<\/li>\n<li class=\"text-th-primary-dark\"><strong>Abw\u00e4rtskompatibel:<\/strong> Unterst\u00fctzt USB 2.0\/1.1 bei der Arbeit mit eingebauten SuperTT-Ger\u00e4ten<\/li>\n<li class=\"text-th-primary-dark\"><strong>Lange L\u00e4nge \u00dcbertragung:<\/strong> Liefert verlustfreie Signale \u00fcber eine maximale L\u00e4nge von 100 Metern<\/li>\n<li class=\"text-th-primary-dark\"><strong>Angetrieben<\/strong> by Y-cable (USB 2.0 type-A Male)<\/li>\n<li class=\"text-th-primary-dark\"><strong>Einfache Installation:<\/strong> Plug and Play f\u00fcr beide Seiten, unidirektionales Design<\/li>\n<li class=\"text-th-primary-dark\"><strong>Unterst\u00fctzt<\/strong> USB 3.0-konforme Ger\u00e4te mit eigener Stromversorgung<\/li>\n<li class=\"text-th-primary-dark\"><strong>Langlebige Konstruktion:<\/strong> Zinc-alloy housing, corrosion-resistant gold-plated connectors<\/li>\n<li class=\"text-th-primary-dark\"><strong>RFI\/EMI-Widerstand:<\/strong> Hohe Widerstandsf\u00e4higkeit gegen elektromagnetische St\u00f6rungen f\u00fcr eine sichere, strahlungsfreie Umgebung<\/li>\n<li class=\"text-th-primary-dark\"><strong>Anpassungen:<\/strong> Bis zu 100 m maximale L\u00e4nge, Logo und Verpackung erh\u00e4ltlich<\/li>\n<\/ul>\n<p><strong>Anwendungen:<\/strong><\/p>\n<ul>\n<li>Kameraverbindung f\u00fcr maschinelles Sehen<\/li>\n<li>Industrielle Steuerung<\/li>\n<li>Digitale Beschilderung<\/li>\n<li>Integration von Heimnetzwerken<\/li>\n<li>Konnektivit\u00e4t f\u00fcr medizinische Ger\u00e4te<\/li>\n<li>KVM-Erweiterung<\/li>\n<li>Remote Desktop USB 3.0-Verbindungen<\/li>\n<li>Sicherheit: Webkamera, Zugangskontrolle<\/li>\n<li>USB 3.0 Ger\u00e4tefreigabe: Drucken, Scannen, Speichern<\/li>\n<\/ul>","protected":false},"excerpt":{"rendered":"<p>-Pure Fiber Optic USB 3.0 to Type-A Male to Type-A Male Link Cable<\/p>\n<p>-USB 3.0 mit bis zu 5 Gbit\/s H\u00f6chstgeschwindigkeit<\/p>\n<p>Praktisch Null EMI\/RFI-Profil f\u00fcr einwandfreie Leistung<\/p>\n<p>-Erweitern Sie die Reichweite auf bis zu 100 m<\/p>","protected":false},"featured_media":958,"comment_status":"open","ping_status":"closed","template":"","meta":{"rs_blank_template":"","rs_page_bg_color":"","slide_template_v7":""},"product_brand":[],"product_cat":[76,491,25,108],"product_tag":[56,57,213,455,71,266,58,66,69,265,461,462,70,460,458,457,459],"class_list":{"0":"post-954","1":"product","2":"type-product","3":"status-publish","4":"has-post-thumbnail","6":"product_cat-hot-sellers","7":"product_cat-solution-machine-vision","8":"product_cat-optical-usb-cables","9":"product_cat-shop","10":"product_tag-fiber-optic-usb-cable","11":"product_tag-optical-usb-cable","12":"product_tag-pure-fiber-usb","13":"product_tag-pure-fiber-usb-cable","14":"product_tag-usb-3-0-aoc","15":"product_tag-usb-3-1-fiber-active-optical-extension-cable","16":"product_tag-usb-active-optical-cable","17":"product_tag-usb-aoc","18":"product_tag-usb-aoc-cable","19":"product_tag-usb-fiber-optic","20":"product_tag-usb-fiber-optical-cable","21":"product_tag-usb-fiber-optical-extension","22":"product_tag-usb-optical-cable","23":"product_tag-usb-optical-extension-cable","24":"product_tag-usb3-extension-cable","25":"product_tag-usb3-fiber-optical-cable","26":"product_tag-usb3-optical-extension-cable","28":"first","29":"instock","30":"shipping-taxable","31":"product-type-simple"},"aioseo_notices":[],"_links":{"self":[{"href":"https:\/\/www.aocfiberlink.com\/de\/wp-json\/wp\/v2\/product\/954","targetHints":{"allow":["GET"]}}],"collection":[{"href":"https:\/\/www.aocfiberlink.com\/de\/wp-json\/wp\/v2\/product"}],"about":[{"href":"https:\/\/www.aocfiberlink.com\/de\/wp-json\/wp\/v2\/types\/product"}],"replies":[{"embeddable":true,"href":"https:\/\/www.aocfiberlink.com\/de\/wp-json\/wp\/v2\/comments?post=954"}],"wp:featuredmedia":[{"embeddable":true,"href":"https:\/\/www.aocfiberlink.com\/de\/wp-json\/wp\/v2\/media\/958"}],"wp:attachment":[{"href":"https:\/\/www.aocfiberlink.com\/de\/wp-json\/wp\/v2\/media?parent=954"}],"wp:term":[{"taxonomy":"product_brand","embeddable":true,"href":"https:\/\/www.aocfiberlink.com\/de\/wp-json\/wp\/v2\/product_brand?post=954"},{"taxonomy":"product_cat","embeddable":true,"href":"https:\/\/www.aocfiberlink.com\/de\/wp-json\/wp\/v2\/product_cat?post=954"},{"taxonomy":"product_tag","embeddable":true,"href":"https:\/\/www.aocfiberlink.com\/de\/wp-json\/wp\/v2\/product_tag?post=954"}],"curies":[{"name":"wp","href":"https:\/\/api.w.org\/{rel}","templated":true}]}}