{"id":974,"date":"2024-01-04T02:00:19","date_gmt":"2024-01-03T18:00:19","guid":{"rendered":"https:\/\/www.aocfiberlink.com\/?post_type=product&#038;p=974"},"modified":"2025-10-25T10:52:57","modified_gmt":"2025-10-25T02:52:57","slug":"usb-3-0-aoc-active-optical-cableam-to-af5gbps50m-5","status":"publish","type":"product","link":"https:\/\/www.aocfiberlink.com\/de\/product\/usb3-active-optical-extension-cable-20m\/","title":{"rendered":"USB3.2 Aktives optisches Verl\u00e4ngerungskabel Typ A Stecker auf Buchse Y-Kabel Stromversorgung"},"content":{"rendered":"<p>The FUBC-32A0A4-XXX <strong>USB 3.2 Gen 2 (10Gbps) Hybrid Active Optical Extension Cable, type A Male to Female, with Y cable power supply, <\/strong>bietet eine L\u00f6sung f\u00fcr eine wesentliche Einschr\u00e4nkung von rein optischen Kabeln: die Unf\u00e4higkeit, Endger\u00e4te mit Strom zu versorgen.<\/p>\n<p>Employing a sleek, high-flex (5.5mm) optical fiber as its transmission medium, the USB 3.2 Hybrid Active Optical Extension Cable innovatively integrates copper for supplying power to both the cable&#8217;s active components and the connected device(s), particularly when they&#8217;re bus-powered.<\/p>\n<p>Extending the USB 3.2 bus to a remarkable 20 meters or 65 ft, this USB 3.2 Hybrid Active Optical Extension Cable ensures a maximum bandwidth speed of 10 Gbps. With a Y Cable external power supply at host end,\u00a0 perfectly suited for machine vision, industrial, and robotic applications.<\/p>\n<p>Idealer Ersatz f\u00fcr:<\/p>\n<ul>\n<li><a href=\"https:\/\/store.unibrain.com\/product-category\/usb3x-products\/usb-3-0-active-optical-cables\/\">Unibrain USB-AOC-Kabel<\/a>;<\/li>\n<li><a href=\"https:\/\/www.l-com.com\/active-optical-cable-10gbps-5m-aoc-u31ammbm-aoc-u31ammbm-bc-005\">L-COM USB 3.1 Aktive optische Kabel<\/a>;<\/li>\n<li><a href=\"https:\/\/www.compufox.com\/AOC-U30-AM-MB-p\/aoc-u30-am-mb.htm\">Compufox USA USB 3.0 AOC<\/a>;<\/li>\n<li><a href=\"https:\/\/www.edmundoptics.com\/p\/usb-30-locking-cable-3m-length\/29172\/?gad_source=1&amp;gclid=EAIaIQobChMI3tjw14yRgwMV6yWtBh3qPQ2DEAMYASAAEgK5avD_BwE\">Edmudoptics USB 3.0 Kamera Link Kabel<\/a>;<\/li>\n<li><a href=\"https:\/\/www.intercon-1.com\/products\/usb\/usb-3-0-hybrid-active-optical-cable\/\">Intercon-1 USB 3.1 Hyrbid Aktives Optisches Kabel<\/a><\/li>\n<\/ul>\n<p><strong>Highlight-Funktionen:<\/strong><\/p>\n<ul>\n<li><strong>Schleppkettentest<\/strong>: 20 Millionen Mal<\/li>\n<li class=\"text-th-primary-dark\"><strong>Maximale \u00dcbertragungsgeschwindigkeit<\/strong>: USB 3.2 @ 10Gbps<\/li>\n<li><strong>Maximale \u00dcbertragungsl\u00e4nge<\/strong>20 Meter (65ft), USB 2.0 bis zu 50 Meter (115ft)<\/li>\n<li><strong>Stromversorgung<\/strong>: Support 5V 300mA max to the remote device<\/li>\n<li><strong>Einfache Installation<\/strong>: Hot-Plugging, kein Treiber erforderlich<\/li>\n<li class=\"text-th-primary-dark\"><strong>EMI-Widerstand<\/strong>: Hohe Best\u00e4ndigkeit gegen elektromagnetische St\u00f6rungen, wodurch eine sichere, strahlungsfreie Umgebung gew\u00e4hrleistet wird<\/li>\n<li class=\"text-th-primary-dark\"><strong>Anpassbar<\/strong>: Bis zu 20m maximale L\u00e4nge, kundenspezifische L\u00e4nge (5m\/10m\/15m\/20m), Logo und Verpackung verf\u00fcgbar<\/li>\n<\/ul>\n<p><strong>Spezifikationen:<\/strong><\/p>\n<ul>\n<li>Host side: USB 3.2 Type-A plug, dimensions: 45.5mm x 16mmx 8mm<\/li>\n<li>Device side: USB 3.2 Type-A plug with Y-Cable external power supply, dimensions: 56mm x 28mm x12mm<\/li>\n<li>Cable diameter: 5.5 mm<\/li>\n<li>Bend radius(Dynamic\/Static) : 75\/40 mm<\/li>\n<li>Hochflexibel f\u00fcr &gt;10 Millionen Zyklen bei einem Biegehub von 1 m, Geschwindigkeit 80 Zyklen\/min<\/li>\n<li>Tensile Strength(Long Term\/Short Term): 200N\/500N<\/li>\n<li>Crush Resistance (Long Term\/Short Term)\/100mm: 200N\/500N<\/li>\n<li>Versorgungsspannung: 4,75 - 5,25 V<\/li>\n<li>Power dissipation: &lt;1.50 W<\/li>\n<li>Versorgungsstrom des Ger\u00e4ts: Max 5V - 900mA (bis zu 20m), 600mA (21m-50m)<\/li>\n<li>Betriebsbedingungen: -10\u2019C -55\u2032C, 15%-80% Feuchtigkeit<\/li>\n<li>Maximaler Temperaturgradient: 6\u2032 C pro Stunde<\/li>\n<li>Einhaltung der Vorschriften: FCC\/CE\/RoHS<\/li>\n<\/ul>\n<p><strong>Anwendungen:<\/strong><\/p>\n<ul>\n<li>Kameraverbindung f\u00fcr maschinelles Sehen<\/li>\n<li>Medizinische Bildgebungsger\u00e4te<\/li>\n<li>Maschinelles Sehen<\/li>\n<\/ul>","protected":false},"excerpt":{"rendered":"<ul>\n<li>USB 3.2 Type-A Male to Female Link Cable<\/li>\n<li>USB 3.2 up to 10Gbps@20m(65ft)<\/li>\n<li>Praktisch null EMI\/RFI-Profil f\u00fcr einwandfreie Leistung<\/li>\n<li>Hybrides Design erfordert keine externe Stromversorgung<\/li>\n<li>Schleppkettentest 20 Millionen Mal<\/li>\n<li>Type-A Female with Y Cable power supply,optioncal with locked screw<\/li>\n<\/ul>","protected":false},"featured_media":977,"comment_status":"open","ping_status":"closed","template":"","meta":{"rs_blank_template":"","rs_page_bg_color":"","slide_template_v7":""},"product_brand":[],"product_cat":[489,491,25,108],"product_tag":[56,57,60,55,58,279,66,69,280,70],"class_list":{"0":"post-974","1":"product","2":"type-product","3":"status-publish","4":"has-post-thumbnail","6":"product_cat-solution-education","7":"product_cat-solution-machine-vision","8":"product_cat-optical-usb-cables","9":"product_cat-shop","10":"product_tag-fiber-optic-usb-cable","11":"product_tag-optical-usb-cable","12":"product_tag-usb-3-2-active-optical-cable","13":"product_tag-usb-3-2-aoc","14":"product_tag-usb-active-optical-cable","15":"product_tag-usb-active-optical-extension-cable","16":"product_tag-usb-aoc","17":"product_tag-usb-aoc-cable","18":"product_tag-usb-extension-cable","19":"product_tag-usb-optical-cable","21":"first","22":"instock","23":"shipping-taxable","24":"product-type-simple"},"aioseo_notices":[],"_links":{"self":[{"href":"https:\/\/www.aocfiberlink.com\/de\/wp-json\/wp\/v2\/product\/974","targetHints":{"allow":["GET"]}}],"collection":[{"href":"https:\/\/www.aocfiberlink.com\/de\/wp-json\/wp\/v2\/product"}],"about":[{"href":"https:\/\/www.aocfiberlink.com\/de\/wp-json\/wp\/v2\/types\/product"}],"replies":[{"embeddable":true,"href":"https:\/\/www.aocfiberlink.com\/de\/wp-json\/wp\/v2\/comments?post=974"}],"wp:featuredmedia":[{"embeddable":true,"href":"https:\/\/www.aocfiberlink.com\/de\/wp-json\/wp\/v2\/media\/977"}],"wp:attachment":[{"href":"https:\/\/www.aocfiberlink.com\/de\/wp-json\/wp\/v2\/media?parent=974"}],"wp:term":[{"taxonomy":"product_brand","embeddable":true,"href":"https:\/\/www.aocfiberlink.com\/de\/wp-json\/wp\/v2\/product_brand?post=974"},{"taxonomy":"product_cat","embeddable":true,"href":"https:\/\/www.aocfiberlink.com\/de\/wp-json\/wp\/v2\/product_cat?post=974"},{"taxonomy":"product_tag","embeddable":true,"href":"https:\/\/www.aocfiberlink.com\/de\/wp-json\/wp\/v2\/product_tag?post=974"}],"curies":[{"name":"wp","href":"https:\/\/api.w.org\/{rel}","templated":true}]}}