{"id":3,"date":"2023-05-19T08:35:09","date_gmt":"2023-05-19T00:35:09","guid":{"rendered":"https:\/\/www.aocfiberlink.com\/?page_id=3"},"modified":"2023-09-22T17:36:33","modified_gmt":"2023-09-22T09:36:33","slug":"politica-de-privacidad","status":"publish","type":"page","link":"https:\/\/www.aocfiberlink.com\/es\/privacy-policy\/","title":{"rendered":"pol\u00edtica de privacidad"},"content":{"rendered":"<p><strong>Qui\u00e9nes somos<\/strong><\/p>\n\n\n\n<p>La direcci\u00f3n de nuestro sitio web es: https:\/\/www.aocfiberlink.com .<\/p>\n\n\n\n<p><strong>comentario<\/strong><\/p>\n\n\n\n<p>Cuando los visitantes dejan comentarios, recopilamos los datos que aparecen en el formulario de comentarios, as\u00ed como la direcci\u00f3n IP del visitante y la cadena de agente de usuario del navegador para ayudar a comprobar si hay comentarios spam.<\/p>\n\n\n\n<p>La cadena anonimizada (tambi\u00e9n conocida como hash) generada por su direcci\u00f3n de correo electr\u00f3nico puede ser proporcionada al servicio Gravatar para confirmar si usted ha utilizado el servicio. La pol\u00edtica de privacidad del servicio Gravatar es la siguiente: https:\/\/automattic.com\/privacy\/ . Una vez aprobado su comentario, su imagen de perfil se mostrar\u00e1 p\u00fablicamente junto a su comentario.<\/p>\n\n\n\n<p><strong>medios de comunicaci\u00f3n<\/strong><\/p>\n\n\n\n<p>Si sube im\u00e1genes a este sitio web, debe evitar subir im\u00e1genes con informaci\u00f3n de localizaci\u00f3n geogr\u00e1fica incrustada (EXIF GPS). Los visitantes de este sitio web podr\u00e1n descargar y extraer informaci\u00f3n de localizaci\u00f3n de las im\u00e1genes del sitio web.<\/p>\n\n\n\n<p><strong>Cookies<\/strong><\/p>\n\n\n\n<p>Si deja un comentario en nuestro sitio web, puede optar por utilizar cookies para guardar su nombre, direcci\u00f3n de correo electr\u00f3nico y direcci\u00f3n del sitio web. Esto es conveniente porque le permite evitar tener que rellenar de nuevo el contenido relevante al comentar. Estas cookies se conservar\u00e1n durante un a\u00f1o.<\/p>\n\n\n\n<p>Si visita nuestra p\u00e1gina de inicio de sesi\u00f3n, instalaremos una cookie temporal para confirmar si su navegador acepta cookies. Esta cookie no contiene datos personales y se descartar\u00e1 cuando cierre el navegador.<\/p>\n\n\n\n<p>Cuando inicie sesi\u00f3n, tambi\u00e9n instalaremos varias cookies para guardar su informaci\u00f3n de inicio de sesi\u00f3n y las opciones de visualizaci\u00f3n en pantalla. Las cookies de inicio de sesi\u00f3n se conservar\u00e1n durante dos d\u00edas, mientras que las cookies de opciones de visualizaci\u00f3n en pantalla se conservar\u00e1n durante un a\u00f1o. Si elige \u2018Recordarme\u2019, su estado de conexi\u00f3n se conservar\u00e1 durante dos semanas. Si sale de su cuenta, se eliminar\u00e1n las cookies utilizadas para iniciar sesi\u00f3n.<\/p>\n\n\n\n<p>Si edita o publica un art\u00edculo, guardaremos una cookie adicional en su navegador. Esta cookie no contiene datos personales y s\u00f3lo registra el ID del art\u00edculo que acaba de editar. Esta cookie se guardar\u00e1 durante un d\u00eda.<\/p>\n\n\n\n<p><strong>Contenido incrustado de otros sitios web<\/strong><\/p>\n\n\n\n<p>Los art\u00edculos de este sitio pueden contener contenidos incrustados (como v\u00eddeos, im\u00e1genes, art\u00edculos, etc.). El comportamiento de los contenidos incrustados de otros sitios no difiere del acceso directo a estos otros sitios.<\/p>\n\n\n\n<p>Estos sitios pueden recopilar datos sobre usted, utilizar cookies, incrustar programas de seguimiento adicionales de terceros y supervisar su interacci\u00f3n con el contenido incrustado, incluido el seguimiento de su interacci\u00f3n con el contenido incrustado cuando tiene una cuenta en estos sitios e inicia sesi\u00f3n en ellos.<\/p>\n\n\n\n<p><strong>\u00bfCon qui\u00e9n compartimos su informaci\u00f3n?<\/strong><\/p>\n\n\n\n<p>Si solicita un restablecimiento de contrase\u00f1a, su direcci\u00f3n IP se incluir\u00e1 en el correo electr\u00f3nico de restablecimiento de contrase\u00f1a.<\/p>\n\n\n\n<p><strong>\u00bfCu\u00e1nto tiempo conservamos sus datos?<\/strong><\/p>\n\n\n\n<p>Si deja un comentario, el comentario y sus metadatos se guardar\u00e1n indefinidamente. Hacemos esto para poder identificar y aprobar autom\u00e1ticamente cualquier comentario posterior sin a\u00f1adirlo a la cola de pendientes.<\/p>\n\n\n\n<p>Para los usuarios registrados de este sitio web, tambi\u00e9n guardaremos la informaci\u00f3n personal proporcionada por el usuario en su perfil personal. Todos los usuarios pueden ver, editar o borrar su informaci\u00f3n personal en cualquier momento (excepto la imposibilidad de cambiar su nombre de usuario), y los administradores del sitio tambi\u00e9n pueden ver y editar esa informaci\u00f3n.<\/p>\n\n\n\n<p><strong>\u00bfQu\u00e9 derechos tiene sobre sus datos?<\/strong><\/p>\n\n\n\n<p>Si tiene una cuenta en este sitio o ha dejado un comentario, puede solicitarnos que le facilitemos un archivo de exportaci\u00f3n de los datos personales que tenemos sobre usted, que incluya todos los datos que nos ha facilitado. Tambi\u00e9n puede solicitarnos que borremos todos sus datos personales. Esto no incluye los datos que debamos conservar por necesidades de gesti\u00f3n, reglamentarias o de seguridad.<\/p>\n\n\n\n<p><strong>\u00bfD\u00f3nde se enviar\u00e1n sus datos?<\/strong><\/p>\n\n\n\n<p>Los comentarios de los visitantes pueden ser comprobados por el servicio autom\u00e1tico de control de comentarios spam.<\/p>\n\n\n\n<p>Correo electr\u00f3nico:<a href=\"https:\/\/www.aocfiberlink.com\/es\/checkout\/\">sales@aocfiberlink.com<\/a><\/p>","protected":false},"excerpt":{"rendered":"<p>Who are we Our website address is: https:\/\/www.aocfiberlink.com . comment When visitors leave comments, we collect the data displayed in the comment form, as well as<span class=\"excerpt-hellip\"> [\u2026]<\/span><\/p>\n","protected":false},"author":1,"featured_media":0,"parent":0,"menu_order":0,"comment_status":"closed","ping_status":"open","template":"","meta":{"rs_blank_template":"","rs_page_bg_color":"","slide_template_v7":"","footnotes":""},"class_list":["post-3","page","type-page","status-publish","hentry"],"aioseo_notices":[],"_links":{"self":[{"href":"https:\/\/www.aocfiberlink.com\/es\/wp-json\/wp\/v2\/pages\/3","targetHints":{"allow":["GET"]}}],"collection":[{"href":"https:\/\/www.aocfiberlink.com\/es\/wp-json\/wp\/v2\/pages"}],"about":[{"href":"https:\/\/www.aocfiberlink.com\/es\/wp-json\/wp\/v2\/types\/page"}],"author":[{"embeddable":true,"href":"https:\/\/www.aocfiberlink.com\/es\/wp-json\/wp\/v2\/users\/1"}],"replies":[{"embeddable":true,"href":"https:\/\/www.aocfiberlink.com\/es\/wp-json\/wp\/v2\/comments?post=3"}],"version-history":[{"count":0,"href":"https:\/\/www.aocfiberlink.com\/es\/wp-json\/wp\/v2\/pages\/3\/revisions"}],"wp:attachment":[{"href":"https:\/\/www.aocfiberlink.com\/es\/wp-json\/wp\/v2\/media?parent=3"}],"curies":[{"name":"wp","href":"https:\/\/api.w.org\/{rel}","templated":true}]}}