{"id":1112,"date":"2023-01-01T09:38:47","date_gmt":"2023-01-01T01:38:47","guid":{"rendered":"https:\/\/www.aocfiberlink.com\/?post_type=product&#038;p=1112"},"modified":"2025-10-25T10:19:30","modified_gmt":"2025-10-25T02:19:30","slug":"4k-hdmi-fibra-optica-activa-cable-2","status":"publish","type":"product","link":"https:\/\/www.aocfiberlink.com\/es\/product\/4k-fiber-optic-hdmi2-aoc-active-optical-cable\/","title":{"rendered":"4K Fibra \u00d3ptica HDMI2.0 AOC-Cable \u00d3ptico Activo-AM a AM"},"content":{"rendered":"<p>Fiber optic HDMI AOC cables far surpass the limitations of traditional copper cables by harnessing the power of light. These innovative cables transmit signals through pulses of light, resulting in superior performance across the board.<\/p>\n<p>Our FHDC-2002 <strong>18Gbps <\/strong><strong>4K Fiber Optic HDMI2.0 AOC-Active Optical Cables<\/strong>\u00a0are slimmer, lighter, and more flexible than their copper counterparts, while offering significantly higher bandwidth and longer transmission distances. Their immunity to electromagnetic interference ensures pristine signal quality, making them ideal for diverse applications, from home theaters to professional settings.<\/p>\n<p>AOCFiberlink is at the forefront of fiber optic HDMI cable technology. Our commitment to research and development, coupled with rigorous quality control, has enabled us to streamline manufacturing processes and deliver exceptional products. This dedication has solidified our position as a global leader in the fiber optic industry.<\/p>\n<p><strong>Caracter\u00edsticas destacadas:<\/strong><\/p>\n<ul>\n<li class=\"text-th-primary-dark\"><strong>Resoluci\u00f3n de alta calidad<\/strong>: Supports 4K@60Hz 4:4:4 video signals up to 300 meters for a high-quality viewing experience.<\/li>\n<li class=\"text-th-primary-dark\"><strong>Alto ancho de banda<\/strong>: capacidad de 18 Gbps, lo que garantiza una transmisi\u00f3n r\u00e1pida y fiable de contenido multimedia<\/li>\n<li class=\"text-th-primary-dark\"><strong>Transmisi\u00f3n sin p\u00e9rdidas<\/strong>: ofrece im\u00e1genes de 4K a 60 Hz, VR y se\u00f1ales de visualizaci\u00f3n en 3D a largas distancias<\/li>\n<li class=\"text-th-primary-dark\"><strong>Tasa de actualizaci\u00f3n r\u00e1pida<\/strong>: 4K\/60Hz resolution for crisp, sharp images; higher rates at lower resolutions<\/li>\n<li class=\"text-th-primary-dark\"><strong>HDR din\u00e1mico<\/strong>: optimiza el contraste, la profundidad, el brillo y la gama de colores cuadro por cuadro<\/li>\n<li class=\"text-th-primary-dark\"><strong>eARC mejorado<\/strong>: Simplifica la conectividad y la optimizaci\u00f3n de audio para m\u00faltiples componentes<\/li>\n<li class=\"text-th-primary-dark\"><strong>Audio de alta calidad<\/strong>: admite hasta 192 kHz, 24 bits, 5.1 y 7.1 sin comprimir, formatos Dolby sin p\u00e9rdidas y audio de 32 canales<\/li>\n<li class=\"text-th-primary-dark\"><strong>VRR para juegos<\/strong>: Jugabilidad fluida con retraso, vibraci\u00f3n y desgarro de fotogramas m\u00ednimos<\/li>\n<li class=\"text-th-primary-dark\"><strong>Caracter\u00edsticas avanzadas<\/strong>: Admite EDID, funci\u00f3n de autodetecci\u00f3n, ALLM, QMS y QFT<\/li>\n<li class=\"text-th-primary-dark\"><strong>Construcci\u00f3n duradera<\/strong>: Carcasa de aleaci\u00f3n de zinc, conectores chapados en oro resistentes a la corrosi\u00f3n<\/li>\n<li class=\"text-th-primary-dark\"><strong>Resistencia EMI<\/strong>: Alta resistencia a las interferencias electromagn\u00e9ticas, lo que garantiza un entorno seguro y libre de radiaciones<\/li>\n<li class=\"text-th-primary-dark\"><strong>personalizable<\/strong>: Up to 300m maximum length (30m max for ARC), custom length, logo, and packaging available<\/li>\n<\/ul>\n<p><strong>Aplicaciones:<\/strong><\/p>\n<ul>\n<li>Se\u00f1alizaci\u00f3n digital<\/li>\n<li>Se\u00f1ales y monitores LED para estadios, hospitales, centros comerciales de env\u00edo<\/li>\n<li>Equipo de im\u00e1genes m\u00e9dicas<\/li>\n<li>Sistema de informaci\u00f3n de v\u00eddeo de embarque en el aeropuerto<\/li>\n<li>Cine en casa, Blu-ray, video 3D, proyector, decodificador, DVR, control de consola de juegos y conexi\u00f3n de monitor<\/li>\n<li>Estaci\u00f3n de radio y televisi\u00f3n<\/li>\n<li>Equipo de videoconferencia<\/li>\n<li>Sistema de monitoreo de seguridad<\/li>\n<\/ul>","protected":false},"excerpt":{"rendered":"<p>-Extend full 4096 x 2160 \/ 3840 x 2160 (4K) at 60Hz 4:4:4 video signals up to 300m (1000ft)<\/p>\n<p>-Fully supports HDMI 2.0 spec, including ARC, 21:9 Aspect Ratio and more<\/p>\n<p>-PCM, DTS-HD Master and Dolby Digital True HD Surround Sound compatible<\/p>\n<p>-Practically Zero EMI\/RFI profile for flawless performance<\/p>\n<p>-Hybrid Fiber\/Copper design requires no external power<\/p>\n<p>-Supports HDCP 2.2 \/ EDID \/ DDC \/ CEC<\/p>","protected":false},"featured_media":1124,"comment_status":"open","ping_status":"closed","template":"","meta":{"rs_blank_template":"","rs_page_bg_color":"","slide_template_v7":""},"product_brand":[],"product_cat":[488,489,490,37,76,492,24,108,493],"product_tag":[45,421,429,42,44,43,30,430,426,298,424,31,431,422,46,47,425,423,427,428,29],"class_list":{"0":"post-1112","1":"product","2":"type-product","3":"status-publish","4":"has-post-thumbnail","6":"product_cat-solution-audio-visual","7":"product_cat-solution-education","8":"product_cat-solution-hd-conferences","9":"product_cat-hdmi-2-0","10":"product_cat-hot-sellers","11":"product_cat-solution-medical","12":"product_cat-optical-hdmi-cables","13":"product_cat-shop","14":"product_cat-solution-smart-home","15":"product_tag-4k-active-optical-cable","16":"product_tag-4k-fiber-optic-hdmi","17":"product_tag-4k-fiber-optic-hdmi-cable","18":"product_tag-4k-fiber-optical-cable","19":"product_tag-4k-hdmi-fiber-cable","20":"product_tag-active-hdmi-2-0-cable","21":"product_tag-active-hdmi-cable","22":"product_tag-best-fiber-optic-hdmi-cable","23":"product_tag-fiber-optic-cable-hdmi","24":"product_tag-fiber-optic-hdmi","25":"product_tag-fiber-optic-hdmi-aoc-cable","26":"product_tag-fiber-optic-hdmi-cable","27":"product_tag-fiber-optic-hdmi-cable-benefits","28":"product_tag-fiber-optic-hdmi2-0","29":"product_tag-hdmi-2-0-active-optical-cable","30":"product_tag-hdmi-2-0-optical-cable","31":"product_tag-hdmi-aoc-cable","32":"product_tag-hdmi2-0-aoc","33":"product_tag-high-speed-hdmi-cable","34":"product_tag-long-distance-hdmi-cable","35":"product_tag-optical-hdmi-cable","37":"first","38":"instock","39":"shipping-taxable","40":"product-type-variable"},"aioseo_notices":[],"_links":{"self":[{"href":"https:\/\/www.aocfiberlink.com\/es\/wp-json\/wp\/v2\/product\/1112","targetHints":{"allow":["GET"]}}],"collection":[{"href":"https:\/\/www.aocfiberlink.com\/es\/wp-json\/wp\/v2\/product"}],"about":[{"href":"https:\/\/www.aocfiberlink.com\/es\/wp-json\/wp\/v2\/types\/product"}],"replies":[{"embeddable":true,"href":"https:\/\/www.aocfiberlink.com\/es\/wp-json\/wp\/v2\/comments?post=1112"}],"wp:featuredmedia":[{"embeddable":true,"href":"https:\/\/www.aocfiberlink.com\/es\/wp-json\/wp\/v2\/media\/1124"}],"wp:attachment":[{"href":"https:\/\/www.aocfiberlink.com\/es\/wp-json\/wp\/v2\/media?parent=1112"}],"wp:term":[{"taxonomy":"product_brand","embeddable":true,"href":"https:\/\/www.aocfiberlink.com\/es\/wp-json\/wp\/v2\/product_brand?post=1112"},{"taxonomy":"product_cat","embeddable":true,"href":"https:\/\/www.aocfiberlink.com\/es\/wp-json\/wp\/v2\/product_cat?post=1112"},{"taxonomy":"product_tag","embeddable":true,"href":"https:\/\/www.aocfiberlink.com\/es\/wp-json\/wp\/v2\/product_tag?post=1112"}],"curies":[{"name":"wp","href":"https:\/\/api.w.org\/{rel}","templated":true}]}}