{"id":1195,"date":"2023-01-01T09:10:23","date_gmt":"2023-01-01T01:10:23","guid":{"rendered":"https:\/\/www.aocfiberlink.com\/?post_type=product&#038;p=1195"},"modified":"2025-10-24T16:17:21","modified_gmt":"2025-10-24T08:17:21","slug":"8k-activo-optico-hdmi-2-1-fibra-cable-tipo-am-a-tipo-am-48gbps-2","status":"publish","type":"product","link":"https:\/\/www.aocfiberlink.com\/es\/product\/ultra-slim-8k-hdmi2-fiber-active-optical-cable-5m\/","title":{"rendered":"Cable \u00f3ptico activo de fibra HDMI2.1 8K ultrafino-AM a AM-48Gbps-5m"},"content":{"rendered":"<p data-sourcepos=\"11:1-11:308\">La serie FHDC-2102S <strong>Cable \u00f3ptico activo de fibra HDMI 2.1 Super Slim 8K<\/strong>, tambi\u00e9n conocido como cable HDMI de fibra \u00f3ptica 8K, cable de fibra HDMI 8K, cable de fibra HDMI 2.1, cable \u00f3ptico activo HDMI 2.1 8K, cable HDMI \u00f3ptico 8K y cable \u00f3ptico activo HDMI 8K, ofrece un rendimiento y una fiabilidad excepcionales para aplicaciones exigentes.<\/p>\n<p><img loading=\"lazy\" decoding=\"async\" class=\"size-large wp-image-1736 aligncenter\" src=\"https:\/\/www.aocfiberlink.com\/wp-content\/uploads\/2024\/09\/8K-HDMI-2.1-Active-Fiber-Optical-Cables-Application-1024x437.png\" alt=\"8K HDMI 2.1 Cables activos de fibra \u00f3ptica Aplicaci\u00f3n\" width=\"1024\" height=\"437\" srcset=\"https:\/\/www.aocfiberlink.com\/wp-content\/uploads\/2024\/09\/8K-HDMI-2.1-Active-Fiber-Optical-Cables-Application-1024x437.png 1024w, https:\/\/www.aocfiberlink.com\/wp-content\/uploads\/2024\/09\/8K-HDMI-2.1-Active-Fiber-Optical-Cables-Application-300x128.png 300w, https:\/\/www.aocfiberlink.com\/wp-content\/uploads\/2024\/09\/8K-HDMI-2.1-Active-Fiber-Optical-Cables-Application-768x328.png 768w, https:\/\/www.aocfiberlink.com\/wp-content\/uploads\/2024\/09\/8K-HDMI-2.1-Active-Fiber-Optical-Cables-Application-18x8.png 18w, https:\/\/www.aocfiberlink.com\/wp-content\/uploads\/2024\/09\/8K-HDMI-2.1-Active-Fiber-Optical-Cables-Application-150x64.png 150w, https:\/\/www.aocfiberlink.com\/wp-content\/uploads\/2024\/09\/8K-HDMI-2.1-Active-Fiber-Optical-Cables-Application-480x205.png 480w, https:\/\/www.aocfiberlink.com\/wp-content\/uploads\/2024\/09\/8K-HDMI-2.1-Active-Fiber-Optical-Cables-Application-600x256.png 600w, https:\/\/www.aocfiberlink.com\/wp-content\/uploads\/2024\/09\/8K-HDMI-2.1-Active-Fiber-Optical-Cables-Application.png 1464w\" sizes=\"auto, (max-width:767px) 480px, (max-width:1024px) 100vw, 1024px\" \/><\/p>\n<p data-sourcepos=\"13:1-13:411\">Fabricado con cable de fibra \u00f3ptica h\u00edbrida de alta calidad, superfino, flexible y ligero, el cable \u00f3ptico activo de fibra HDMI 2.1 FHDC-2102 8K ofrece una transmisi\u00f3n y flexibilidad inigualables con una velocidad de datos m\u00e1xima de 48 Gbps, compatible con im\u00e1genes impresionantes con resoluciones de hasta 8K (7680 x 4320p) a 60 Hz y una frecuencia de actualizaci\u00f3n suave de 144 Hz para 4K (3840 x 2160p). Este cable de fibra \u00f3ptica HDMI 2.1 8K es compatible con funciones mejoradas como CEC, HDCP 2.3 y HDR para una experiencia visual envolvente.<\/p>\n<p><img loading=\"lazy\" decoding=\"async\" class=\"size-large wp-image-2107\" src=\"https:\/\/www.aocfiberlink.com\/wp-content\/uploads\/2025\/04\/IMG_20250428201331-1007x1024.jpg\" alt=\"Cable \u00f3ptico activo HDMI2.1 ultrafino 8K AOCFiberlink\" width=\"1007\" height=\"1024\" srcset=\"https:\/\/www.aocfiberlink.com\/wp-content\/uploads\/2025\/04\/IMG_20250428201331-1007x1024.jpg 1007w, https:\/\/www.aocfiberlink.com\/wp-content\/uploads\/2025\/04\/IMG_20250428201331-295x300.jpg 295w, https:\/\/www.aocfiberlink.com\/wp-content\/uploads\/2025\/04\/IMG_20250428201331-768x781.jpg 768w, https:\/\/www.aocfiberlink.com\/wp-content\/uploads\/2025\/04\/IMG_20250428201331-1511x1536.jpg 1511w, https:\/\/www.aocfiberlink.com\/wp-content\/uploads\/2025\/04\/IMG_20250428201331-12x12.jpg 12w, https:\/\/www.aocfiberlink.com\/wp-content\/uploads\/2025\/04\/IMG_20250428201331-74x75.jpg 74w, https:\/\/www.aocfiberlink.com\/wp-content\/uploads\/2025\/04\/IMG_20250428201331-480x488.jpg 480w, https:\/\/www.aocfiberlink.com\/wp-content\/uploads\/2025\/04\/IMG_20250428201331-600x610.jpg 600w, https:\/\/www.aocfiberlink.com\/wp-content\/uploads\/2025\/04\/IMG_20250428201331.jpg 1580w\" sizes=\"auto, (max-width:767px) 480px, (max-width:1007px) 100vw, 1007px\" \/><\/p>\n<p><strong>Caracter\u00edsticas destacadas:<\/strong><\/p>\n<ul>\n<li><strong>Superfino, flexible y ligero<\/strong><\/li>\n<li><strong>2,5 x 3,5 mm de di\u00e1metro exterior, cubierta de PVC transparente, casi invisible<\/strong><\/li>\n<li class=\"text-th-primary-dark\"><strong>Resoluci\u00f3n de alta calidad<\/strong>: Admite 8K a 60 Hz, 4K a 144 Hz, 4K a 120 Hz seg\u00fan las especificaciones de HDMI 2.1, compatible con versiones anteriores<\/li>\n<li class=\"text-th-primary-dark\"><strong>Alto ancho de banda<\/strong>: capacidad de 48 Gbps, compatible con versiones anteriores<\/li>\n<li class=\"text-th-primary-dark\"><strong>Transmisi\u00f3n sin p\u00e9rdidas<\/strong>: Ofrece im\u00e1genes de 8K@60Hz, VR y se\u00f1ales de pantalla 3D a largas distancias<\/li>\n<li class=\"text-th-primary-dark\"><strong>HDR din\u00e1mico<\/strong>: optimiza el contraste, la profundidad, el brillo y la gama de colores cuadro por cuadro<\/li>\n<li class=\"text-th-primary-dark\"><strong>Audio de alta calidad<\/strong>: admite hasta 192 kHz, 24 bits, 5.1 y 7.1 sin comprimir, formatos Dolby sin p\u00e9rdidas y audio de 32 canales<\/li>\n<li class=\"text-th-primary-dark\"><strong>VRR para juegos<\/strong>: Jugabilidad fluida con retraso, vibraci\u00f3n y desgarro de fotogramas m\u00ednimos<\/li>\n<li class=\"text-th-primary-dark\"><strong>Caracter\u00edsticas avanzadas<\/strong>: Admite EDID, funci\u00f3n de autodetecci\u00f3n, ALLM, QMS y QFT<\/li>\n<li class=\"text-th-primary-dark\"><strong>Construcci\u00f3n duradera<\/strong>: Carcasa de aleaci\u00f3n de zinc, conectores chapados en oro resistentes a la corrosi\u00f3n<\/li>\n<li class=\"text-th-primary-dark\"><strong>Resistencia EMI<\/strong>: Alta resistencia a las interferencias electromagn\u00e9ticas, lo que garantiza un entorno seguro y libre de radiaciones<\/li>\n<li class=\"text-th-primary-dark\"><strong>personalizable<\/strong>: Hasta 20 m de longitud m\u00e1xima; longitud, logotipo y embalaje personalizados.<\/li>\n<\/ul>\n<p><img loading=\"lazy\" decoding=\"async\" class=\"size-large wp-image-2108\" src=\"https:\/\/www.aocfiberlink.com\/wp-content\/uploads\/2025\/04\/IMG_20250428201340-795x1024.jpg\" alt=\"AOCFiberlink Cable \u00f3ptico HDMI2.1 de fibra \u00f3ptica 8K ultradelgado\" width=\"795\" height=\"1024\" srcset=\"https:\/\/www.aocfiberlink.com\/wp-content\/uploads\/2025\/04\/IMG_20250428201340-795x1024.jpg 795w, https:\/\/www.aocfiberlink.com\/wp-content\/uploads\/2025\/04\/IMG_20250428201340-233x300.jpg 233w, https:\/\/www.aocfiberlink.com\/wp-content\/uploads\/2025\/04\/IMG_20250428201340-768x990.jpg 768w, https:\/\/www.aocfiberlink.com\/wp-content\/uploads\/2025\/04\/IMG_20250428201340-1192x1536.jpg 1192w, https:\/\/www.aocfiberlink.com\/wp-content\/uploads\/2025\/04\/IMG_20250428201340-9x12.jpg 9w, https:\/\/www.aocfiberlink.com\/wp-content\/uploads\/2025\/04\/IMG_20250428201340-58x75.jpg 58w, https:\/\/www.aocfiberlink.com\/wp-content\/uploads\/2025\/04\/IMG_20250428201340-480x619.jpg 480w, https:\/\/www.aocfiberlink.com\/wp-content\/uploads\/2025\/04\/IMG_20250428201340-600x773.jpg 600w, https:\/\/www.aocfiberlink.com\/wp-content\/uploads\/2025\/04\/IMG_20250428201340.jpg 1580w\" sizes=\"auto, (max-width:767px) 480px, (max-width:795px) 100vw, 795px\" \/><\/p>\n<p><strong>Aplicaciones:<\/strong><\/p>\n<ul>\n<li>PC para juegos<\/li>\n<li>Se\u00f1alizaci\u00f3n digital<\/li>\n<li>Se\u00f1ales y monitores LED para estadios, hospitales, centros comerciales de env\u00edo<\/li>\n<li>Equipo de im\u00e1genes m\u00e9dicas<\/li>\n<li>Sistema de informaci\u00f3n de v\u00eddeo de embarque en el aeropuerto<\/li>\n<li>Cine en casa, Blu-ray, video 3D, proyector, decodificador, DVR, control de consola de juegos y conexi\u00f3n de monitor<\/li>\n<li>Estaci\u00f3n de radio y televisi\u00f3n<\/li>\n<li>Equipo de videoconferencia<\/li>\n<li>Sistema de monitoreo de seguridad<\/li>\n<\/ul>\n<p><img loading=\"lazy\" decoding=\"async\" class=\"size-large wp-image-1740\" style=\"width: 50%;\" src=\"https:\/\/www.aocfiberlink.com\/wp-content\/uploads\/2024\/09\/8k-HDMI-2.1-picture-quality-compared-to-4k-and-2k-819x1024.jpg\" alt=\"Calidad de imagen 8k HDMI 2.1 comparada con 4k y 2k\" width=\"819\" height=\"1024\" align=\"left\" srcset=\"https:\/\/www.aocfiberlink.com\/wp-content\/uploads\/2024\/09\/8k-HDMI-2.1-picture-quality-compared-to-4k-and-2k-819x1024.jpg 819w, https:\/\/www.aocfiberlink.com\/wp-content\/uploads\/2024\/09\/8k-HDMI-2.1-picture-quality-compared-to-4k-and-2k-240x300.jpg 240w, https:\/\/www.aocfiberlink.com\/wp-content\/uploads\/2024\/09\/8k-HDMI-2.1-picture-quality-compared-to-4k-and-2k-768x960.jpg 768w, https:\/\/www.aocfiberlink.com\/wp-content\/uploads\/2024\/09\/8k-HDMI-2.1-picture-quality-compared-to-4k-and-2k-10x12.jpg 10w, https:\/\/www.aocfiberlink.com\/wp-content\/uploads\/2024\/09\/8k-HDMI-2.1-picture-quality-compared-to-4k-and-2k-60x75.jpg 60w, https:\/\/www.aocfiberlink.com\/wp-content\/uploads\/2024\/09\/8k-HDMI-2.1-picture-quality-compared-to-4k-and-2k-480x600.jpg 480w, https:\/\/www.aocfiberlink.com\/wp-content\/uploads\/2024\/09\/8k-HDMI-2.1-picture-quality-compared-to-4k-and-2k-600x750.jpg 600w, https:\/\/www.aocfiberlink.com\/wp-content\/uploads\/2024\/09\/8k-HDMI-2.1-picture-quality-compared-to-4k-and-2k.jpg 1200w\" sizes=\"auto, (max-width:767px) 480px, (max-width:819px) 100vw, 819px\" \/><img loading=\"lazy\" decoding=\"async\" class=\"size-large wp-image-1741\" style=\"width: 50%;\" src=\"https:\/\/www.aocfiberlink.com\/wp-content\/uploads\/2024\/09\/Enjoy-eARC-Perfect-Audio-Fidelity-819x1024.jpg\" alt=\"Disfrute de la perfecta fidelidad de audio de los eARC\" width=\"819\" height=\"1024\" align=\"right\" srcset=\"https:\/\/www.aocfiberlink.com\/wp-content\/uploads\/2024\/09\/Enjoy-eARC-Perfect-Audio-Fidelity-819x1024.jpg 819w, https:\/\/www.aocfiberlink.com\/wp-content\/uploads\/2024\/09\/Enjoy-eARC-Perfect-Audio-Fidelity-240x300.jpg 240w, https:\/\/www.aocfiberlink.com\/wp-content\/uploads\/2024\/09\/Enjoy-eARC-Perfect-Audio-Fidelity-768x960.jpg 768w, https:\/\/www.aocfiberlink.com\/wp-content\/uploads\/2024\/09\/Enjoy-eARC-Perfect-Audio-Fidelity-10x12.jpg 10w, https:\/\/www.aocfiberlink.com\/wp-content\/uploads\/2024\/09\/Enjoy-eARC-Perfect-Audio-Fidelity-60x75.jpg 60w, https:\/\/www.aocfiberlink.com\/wp-content\/uploads\/2024\/09\/Enjoy-eARC-Perfect-Audio-Fidelity-480x600.jpg 480w, https:\/\/www.aocfiberlink.com\/wp-content\/uploads\/2024\/09\/Enjoy-eARC-Perfect-Audio-Fidelity-600x750.jpg 600w, https:\/\/www.aocfiberlink.com\/wp-content\/uploads\/2024\/09\/Enjoy-eARC-Perfect-Audio-Fidelity.jpg 1200w\" sizes=\"auto, (max-width:767px) 480px, (max-width:819px) 100vw, 819px\" \/><\/p>","protected":false},"excerpt":{"rendered":"<p>-Superfino, ultrafino, transparente, flexible y ligero;<br \/>\n-Definici\u00f3n incomparable de 8K 60Hz;<br \/>\n-Soluci\u00f3n \u00f3ptica\/el\u00e9ctrica para transmisi\u00f3n sin p\u00e9rdidas;<br \/>\n-48 Gbps de ancho de banda;<br \/>\n-Carcasa de aleaci\u00f3n de zinc de f\u00e1cil agarre y conectores chapados en oro<\/p>","protected":false},"featured_media":1196,"comment_status":"open","ping_status":"closed","template":"","meta":{"rs_blank_template":"","rs_page_bg_color":"","slide_template_v7":""},"product_brand":[],"product_cat":[488,490,38,24,493],"product_tag":[465,467,452,40,248,39,41,35,466,29,641,639,640],"class_list":{"0":"post-1195","1":"product","2":"type-product","3":"status-publish","4":"has-post-thumbnail","6":"product_cat-solution-audio-visual","7":"product_cat-solution-hd-conferences","8":"product_cat-hdmi-2-1","9":"product_cat-optical-hdmi-cables","10":"product_cat-solution-smart-home","11":"product_tag-8k-fiber-optic-hdmi-cable","12":"product_tag-8k-hdmi-2-1-active-optical-cable","13":"product_tag-8k-hdmi-active-optical-cable","14":"product_tag-8k-hdmi-fiber-cable","15":"product_tag-8k-optical-hdmi-cable","16":"product_tag-active-hdmi-2-1-cable","17":"product_tag-fiber-optic-hdmi-2-1-cable","18":"product_tag-hdmi-2-1-aoc","19":"product_tag-hdmi-2-1-fiber-cable","20":"product_tag-optical-hdmi-cable","21":"product_tag-super-slim","22":"product_tag-ultra-slim","23":"product_tag-ultra-thin","25":"first","26":"instock","27":"shipping-taxable","28":"product-type-simple"},"aioseo_notices":[],"_links":{"self":[{"href":"https:\/\/www.aocfiberlink.com\/es\/wp-json\/wp\/v2\/product\/1195","targetHints":{"allow":["GET"]}}],"collection":[{"href":"https:\/\/www.aocfiberlink.com\/es\/wp-json\/wp\/v2\/product"}],"about":[{"href":"https:\/\/www.aocfiberlink.com\/es\/wp-json\/wp\/v2\/types\/product"}],"replies":[{"embeddable":true,"href":"https:\/\/www.aocfiberlink.com\/es\/wp-json\/wp\/v2\/comments?post=1195"}],"wp:featuredmedia":[{"embeddable":true,"href":"https:\/\/www.aocfiberlink.com\/es\/wp-json\/wp\/v2\/media\/1196"}],"wp:attachment":[{"href":"https:\/\/www.aocfiberlink.com\/es\/wp-json\/wp\/v2\/media?parent=1195"}],"wp:term":[{"taxonomy":"product_brand","embeddable":true,"href":"https:\/\/www.aocfiberlink.com\/es\/wp-json\/wp\/v2\/product_brand?post=1195"},{"taxonomy":"product_cat","embeddable":true,"href":"https:\/\/www.aocfiberlink.com\/es\/wp-json\/wp\/v2\/product_cat?post=1195"},{"taxonomy":"product_tag","embeddable":true,"href":"https:\/\/www.aocfiberlink.com\/es\/wp-json\/wp\/v2\/product_tag?post=1195"}],"curies":[{"name":"wp","href":"https:\/\/api.w.org\/{rel}","templated":true}]}}