{"id":1223,"date":"2023-01-01T10:15:32","date_gmt":"2023-01-01T02:15:32","guid":{"rendered":"https:\/\/www.aocfiberlink.com\/?post_type=product&#038;p=1223"},"modified":"2025-10-25T10:28:16","modified_gmt":"2025-10-25T02:28:16","slug":"retractil-4k-hdmi-2-0-aoc-carrete-cable-optico-activo-blindado-am-a-am-100m-8","status":"publish","type":"product","link":"https:\/\/www.aocfiberlink.com\/es\/product\/armored-4k-fiber-optic-hdmi-aoc-active-optical-cable-on-roxtone-pcd310-drum\/","title":{"rendered":"Armored 4K Fiber Optic HDMI AOC-Active Optical Cable on Roxtone PCD 310 drum-150m"},"content":{"rendered":"<p>The FHDR-K2001-150 <strong>Armored 4K Fiber Optic HDMI Active Optical Cable <\/strong>is designed with heavy\u2212duty durability perfectly suited for the harshest use and abuse expected from rental and road applications. This FHDR-K2001-150 Armored 4K HDMI AOC-Active Optical Cable supports resolutions up to 4K@60 (4:4:4)\u00a0 over long cable runs up to 150 meters without the need for an external power supply or additional extenders.<\/p>\n<p>Crafted with high-quality hybrid optical fiber cable (3 Fiber &amp; 7 Copper), this armored 4K Fiber Optic HDMI 2.0 AOC-Active Optical Cable offers unmatched transmission capabilities. With a maximum data rate of 18Gbps, this armored 4K Fiber Optic HDMI 2.0 AOC-Active Optical Cable delivers High Speed performance, ensuring pristine visual quality with resolutions up to 4096 x 2160 \/ 3840 x 2160 (4K) at 60Hz video signals. Experience the full spectrum of colors with 4:4:4 , and enjoy enhanced features like HDR and eARC, all without any signal loss, even over long distances.<\/p>\n<p><strong>Caracter\u00edsticas destacadas:<\/strong><\/p>\n<ul>\n<li><strong>Reemplazo ideal<\/strong>: for <a href=\"https:\/\/shop.klotz-ais.com\/foauhw.html\">Klotz FOAUHW050,FOAUHW075,FOAUHW100<\/a> y <a href=\"https:\/\/www1.kramerav.com\/Product\/CRS-PlugNView-H#Tab_Overview\">Kramer CRS-PlugNView-H<\/a> series<\/li>\n<li class=\"text-th-primary-dark\"><strong>Dise\u00f1o retr\u00e1ctil y extremadamente duradero<\/strong>: Construcci\u00f3n duradera de aluminio\/acero por menos de 25 libras; Dise\u00f1o de marco apilable; tapas de protecci\u00f3n incluidas;<\/li>\n<li class=\"text-th-primary-dark\"><strong>Alta resoluci\u00f3n:<\/strong> Admite se\u00f1ales de video 4K@60Hz 4:4:4 hasta 150 metros para una experiencia de visualizaci\u00f3n de alta calidad.<\/li>\n<li class=\"text-th-primary-dark\"><strong>Alto ancho de banda<\/strong>: capacidad de 18 Gbps, lo que garantiza una transmisi\u00f3n r\u00e1pida y fiable de contenido multimedia<\/li>\n<li class=\"text-th-primary-dark\"><strong>Transmisi\u00f3n sin p\u00e9rdidas<\/strong>: ofrece im\u00e1genes de 4K a 60 Hz, VR y se\u00f1ales de visualizaci\u00f3n en 3D a largas distancias<\/li>\n<li class=\"text-th-primary-dark\"><strong>Tasa de actualizaci\u00f3n r\u00e1pida<\/strong>: 60 Hz a resoluci\u00f3n 4K para im\u00e1genes n\u00edtidas y n\u00edtidas; tasas m\u00e1s altas a resoluciones m\u00e1s bajas<\/li>\n<li class=\"text-th-primary-dark\"><strong>HDR din\u00e1mico<\/strong>: optimiza el contraste, la profundidad, el brillo y la gama de colores cuadro por cuadro<\/li>\n<li class=\"text-th-primary-dark\"><strong>eARC mejorado<\/strong>: Simplifica la conectividad y la optimizaci\u00f3n de audio para m\u00faltiples componentes<\/li>\n<li class=\"text-th-primary-dark\"><strong>Audio de alta calidad<\/strong>: admite hasta 192 kHz, 24 bits, 5.1 y 7.1 sin comprimir, formatos Dolby sin p\u00e9rdidas y audio de 32 canales<\/li>\n<li class=\"text-th-primary-dark\"><strong>VRR para juegos<\/strong>: Jugabilidad fluida con retraso, vibraci\u00f3n y desgarro de fotogramas m\u00ednimos<\/li>\n<li class=\"text-th-primary-dark\"><strong>Caracter\u00edsticas avanzadas<\/strong>: Admite EDID, funci\u00f3n de autodetecci\u00f3n, ALLM, QMS y QFT<\/li>\n<li class=\"text-th-primary-dark\"><strong>Construcci\u00f3n duradera<\/strong>: Carcasa de aleaci\u00f3n de zinc, conectores chapados en oro resistentes a la corrosi\u00f3n<\/li>\n<li class=\"text-th-primary-dark\"><strong>Resistencia EMI<\/strong>: Alta resistencia a las interferencias electromagn\u00e9ticas, lo que garantiza un entorno seguro y libre de radiaciones<\/li>\n<li class=\"text-th-primary-dark\"><strong>personalizable<\/strong>: Longitud m\u00e1xima de hasta 150 m (30 m m\u00e1x. para eARC), longitud personalizada, logotipo y empaque disponibles<\/li>\n<\/ul>\n<p><strong>Aplicaciones:<\/strong><\/p>\n<ul>\n<li>Rental and Staging<\/li>\n<li>LED signs &amp; monitors<\/li>\n<li>Equipo de im\u00e1genes m\u00e9dicas<\/li>\n<li>Estaci\u00f3n de radio y televisi\u00f3n<\/li>\n<\/ul>","protected":false},"excerpt":{"rendered":"<ul>\n<li>-Rectractable &amp; durable design on solid Roxtone PCD 310 cable drum;<\/li>\n<li>-Extend full 4096 x 2160 \/ 3840 x 2160 (4K) at 60Hz 4:4:4 video signals up to 150m (490ft)<\/li>\n<li>-Fully supports HDMI 2.0 spec, including eARC, 21:9 Aspect Ratio and more<\/li>\n<li>-PCM, DTS-HD Master and Dolby Digital True HD Surround Sound compatible<\/li>\n<li>-Practically Zero EMI\/RFI profile for flawless performance<\/li>\n<li>-Extremely Durable \u2014 integrated. stainless steel, corrugated tube with Kevlar reinforcement protection<\/li>\n<li>-Supports HDCP 2.2 \/ EDID \/ DDC \/ CEC<\/li>\n<\/ul>","protected":false},"featured_media":493,"comment_status":"open","ping_status":"closed","template":"","meta":{"rs_blank_template":"","rs_page_bg_color":"","slide_template_v7":""},"product_brand":[],"product_cat":[488,37,24,108],"product_tag":[421,486,51,43,50,484,487,485,483,298,47,29,75,73,74],"class_list":{"0":"post-1223","1":"product","2":"type-product","3":"status-publish","4":"has-post-thumbnail","6":"product_cat-solution-audio-visual","7":"product_cat-hdmi-2-0","8":"product_cat-optical-hdmi-cables","9":"product_cat-shop","10":"product_tag-4k-fiber-optic-hdmi","11":"product_tag-4k-hdmi-aoc","12":"product_tag-4k-hdmi-aoc-cable","13":"product_tag-active-hdmi-2-0-cable","14":"product_tag-active-optical-hdmi-2-0-cable","15":"product_tag-armored-4k-active-optical-hdmi-cable","16":"product_tag-armored-4k-aoc-cable","17":"product_tag-armored-4k-fiber-optic","18":"product_tag-armored-4k-hdmi-cable","19":"product_tag-fiber-optic-hdmi","20":"product_tag-hdmi-2-0-optical-cable","21":"product_tag-optical-hdmi-cable","22":"product_tag-retractable-active-optical-cables","23":"product_tag-retractable-hdmi-aoc-reel","24":"product_tag-retractable-hdmi-cable-reel","26":"first","27":"instock","28":"shipping-taxable","29":"product-type-simple"},"aioseo_notices":[],"_links":{"self":[{"href":"https:\/\/www.aocfiberlink.com\/es\/wp-json\/wp\/v2\/product\/1223","targetHints":{"allow":["GET"]}}],"collection":[{"href":"https:\/\/www.aocfiberlink.com\/es\/wp-json\/wp\/v2\/product"}],"about":[{"href":"https:\/\/www.aocfiberlink.com\/es\/wp-json\/wp\/v2\/types\/product"}],"replies":[{"embeddable":true,"href":"https:\/\/www.aocfiberlink.com\/es\/wp-json\/wp\/v2\/comments?post=1223"}],"wp:featuredmedia":[{"embeddable":true,"href":"https:\/\/www.aocfiberlink.com\/es\/wp-json\/wp\/v2\/media\/493"}],"wp:attachment":[{"href":"https:\/\/www.aocfiberlink.com\/es\/wp-json\/wp\/v2\/media?parent=1223"}],"wp:term":[{"taxonomy":"product_brand","embeddable":true,"href":"https:\/\/www.aocfiberlink.com\/es\/wp-json\/wp\/v2\/product_brand?post=1223"},{"taxonomy":"product_cat","embeddable":true,"href":"https:\/\/www.aocfiberlink.com\/es\/wp-json\/wp\/v2\/product_cat?post=1223"},{"taxonomy":"product_tag","embeddable":true,"href":"https:\/\/www.aocfiberlink.com\/es\/wp-json\/wp\/v2\/product_tag?post=1223"}],"curies":[{"name":"wp","href":"https:\/\/api.w.org\/{rel}","templated":true}]}}