{"id":1714,"date":"2023-01-01T11:35:22","date_gmt":"2023-01-01T03:35:22","guid":{"rendered":"https:\/\/www.aocfiberlink.com\/?post_type=product&#038;p=1714"},"modified":"2025-10-25T10:30:03","modified_gmt":"2025-10-25T02:30:03","slug":"dvi-d-aoc-hybrid-active-optical-fiber-cable-10-2gbps-4k30hz-2","status":"publish","type":"product","link":"https:\/\/www.aocfiberlink.com\/es\/product\/dvi-fiber-active-optical-cable-aoc-4k30hz\/","title":{"rendered":"Cable \u00f3ptico activo de fibra DVI-AOC 10,2 Gbps 4K@30Hz"},"content":{"rendered":"<p>El serire FDVC-2001 <strong>Cables \u00f3pticos activos de fibra DVI, <\/strong> tambi\u00e9n se conoce como DVI AOC, cable \u00f3ptico activo de DVI, cable de fibra \u00f3ptica de DVI, cable \u00f3ptico de DVI, cable activo de DVI, extensor de DVI sobre cable de fibra \u00f3ptica. Se trata de una nueva generaci\u00f3n de cables \u00f3pticos activos avanzados (AOC) que emplea tecnolog\u00eda de vanguardia para ofrecer una resoluci\u00f3n sin precedentes, el rendimiento y el valor. Este cable \u00f3ptico activo DVI FDVC-2001 ofrece un dise\u00f1o compacto y una transmisi\u00f3n fiable de se\u00f1ales WUXGA (1920\u00d71200) o 1080p@60Hz (4K 30Hz) hasta 100 m. Con un bajo consumo de energ\u00eda y compatibilidad con EDID y HDCP, proporciona una f\u00e1cil instalaci\u00f3n y compatibilidad para una mayor flexibilidad en diversos entornos.<\/p>\n<p>Dise\u00f1ados para ofrecer durabilidad y fiabilidad, los cables de fibra \u00f3ptica activa DVI cuentan con una cubierta de TPU de calidad industrial que proporciona una protecci\u00f3n excepcional y permite que estos cables funcionen sin problemas en un amplio rango de temperaturas, desde -40\u2103 hasta +80\u2103. Con esta construcci\u00f3n robusta, estos cables son ideales para entornos exigentes como <a href=\"https:\/\/www.aocfiberlink.com\/es\/medico\/\">Cirug\u00edas m\u00e9dicas<\/a>, <a href=\"https:\/\/www.aocfiberlink.com\/es\/audiovisual-2\/\">Alquiler de eventos en directo<\/a>, Aplicaciones militares, instalaciones navales, montaje temporal o cualquier situaci\u00f3n que requiera conectividad HDMI ampliada en condiciones dif\u00edciles.<\/p>\n<p><strong>Caracter\u00edsticas destacadas:<\/strong><\/p>\n<ul>\n<li>Extiende WUXGA (1920 \u00d7 1200) a 60 Hz o 1080p a 60 Hz (36 bits, 3,4 Gbps\/canal)<\/li>\n<li>Interfaz DVI de un solo canal, admite un ancho de banda de hasta 10,2 Gbps<\/li>\n<li>M\u00e1s delgado, liviano y suave que el cable de cobre convencional<\/li>\n<li>Operado por fuente DVI sin alimentaci\u00f3n externa<\/li>\n<li>Transmite datos DVI hasta 100 m (328 pies) por cable h\u00edbrido \u00f3ptico<\/li>\n<li>Soporta transmisi\u00f3n de contenidos 3D<\/li>\n<li>Cumple con EDID, HDCP<\/li>\n<li>Ampl\u00eda cualquier resoluci\u00f3n DVI Single-Link hasta 100 metros.<\/li>\n<\/ul>\n<p><strong>Aplicaciones:<\/strong><\/p>\n<ul>\n<p>Conector A: DVI-D 24+1 Macho<br \/>\nConector B: DVI-D 24+1 Macho<br \/>\nCable: cable h\u00edbrido de fibra de 4 n\u00facleos y cobre de 8 n\u00facleos<br \/>\nProtocolos admitidos: DVI<br \/>\nLongitud: hasta 100 m (328 pies)<br \/>\nDi\u00e1metro del cable: 4,0 mm<br \/>\nCubierta:         \tPVC, conforme a la Directiva RoHS<br \/>\nResoluci\u00f3n de v\u00eddeo: 4K@30Hz, 1080P<br \/>\nAncho de banda: 10,2 Gbps<br \/>\nRadio de curvatura m\u00ednimo: 40 mm<br \/>\nFuente de alimentaci\u00f3n:   \tNo requiere fuente de alimentaci\u00f3n externa, plug and play<\/p>\n<\/ul>\n<p><strong>Aplicaciones:<\/strong><\/p>\n<ul>\n<li>Se\u00f1alizaci\u00f3n digital<\/li>\n<li>Se\u00f1ales y monitores LED para estadios, hospitales, centros comerciales de env\u00edo<\/li>\n<li>Equipo de im\u00e1genes m\u00e9dicas<\/li>\n<li>Sistema de informaci\u00f3n de v\u00eddeo de embarque en el aeropuerto<\/li>\n<li>Cine en casa, Blu-ray, video 3D, proyector, decodificador, DVR, control de consola de juegos y conexi\u00f3n de monitor<\/li>\n<li>Estaci\u00f3n de radio y televisi\u00f3n<\/li>\n<li>Equipo de videoconferencia<\/li>\n<li>Sistema de monitoreo de seguridad<\/li>\n<\/ul>","protected":false},"excerpt":{"rendered":"<ul>\n<li>Transmisiones de larga distancia de hasta 100 m<\/li>\n<li>Admite hasta 10,2 Gbps<\/li>\n<li>Admite resoluciones de hasta 1080p y 4K2K\/30fps<\/li>\n<li>No se necesita fuente de alimentaci\u00f3n externa<\/li>\n<li>Sin radiaci\u00f3n y altamente resistente a EMI<\/li>\n<li>Conector de fuente programable para almacenar informaci\u00f3n EDID<\/li>\n<\/ul>","protected":false},"featured_media":1716,"comment_status":"open","ping_status":"closed","template":"","meta":{"rs_blank_template":"","rs_page_bg_color":"","slide_template_v7":""},"product_brand":[683],"product_cat":[488,89,37,24,108,493],"product_tag":[94,91,241,95,92,93],"class_list":{"0":"post-1714","1":"product","2":"type-product","3":"status-publish","4":"has-post-thumbnail","6":"product_brand-aocfiberlink","7":"product_cat-solution-audio-visual","8":"product_cat-dvi-aoc","9":"product_cat-hdmi-2-0","10":"product_cat-optical-hdmi-cables","11":"product_cat-shop","12":"product_cat-solution-smart-home","13":"product_tag-active-dvi-cable","14":"product_tag-dvi-active-optical-cable","15":"product_tag-dvi-aoc","16":"product_tag-dvi-extender-over-fiber-optical-cable","17":"product_tag-dvi-fiber-optical-cable","18":"product_tag-optical-dvi-cable","20":"first","21":"instock","22":"shipping-taxable","23":"product-type-simple"},"aioseo_notices":[],"_links":{"self":[{"href":"https:\/\/www.aocfiberlink.com\/es\/wp-json\/wp\/v2\/product\/1714","targetHints":{"allow":["GET"]}}],"collection":[{"href":"https:\/\/www.aocfiberlink.com\/es\/wp-json\/wp\/v2\/product"}],"about":[{"href":"https:\/\/www.aocfiberlink.com\/es\/wp-json\/wp\/v2\/types\/product"}],"replies":[{"embeddable":true,"href":"https:\/\/www.aocfiberlink.com\/es\/wp-json\/wp\/v2\/comments?post=1714"}],"wp:featuredmedia":[{"embeddable":true,"href":"https:\/\/www.aocfiberlink.com\/es\/wp-json\/wp\/v2\/media\/1716"}],"wp:attachment":[{"href":"https:\/\/www.aocfiberlink.com\/es\/wp-json\/wp\/v2\/media?parent=1714"}],"wp:term":[{"taxonomy":"product_brand","embeddable":true,"href":"https:\/\/www.aocfiberlink.com\/es\/wp-json\/wp\/v2\/product_brand?post=1714"},{"taxonomy":"product_cat","embeddable":true,"href":"https:\/\/www.aocfiberlink.com\/es\/wp-json\/wp\/v2\/product_cat?post=1714"},{"taxonomy":"product_tag","embeddable":true,"href":"https:\/\/www.aocfiberlink.com\/es\/wp-json\/wp\/v2\/product_tag?post=1714"}],"curies":[{"name":"wp","href":"https:\/\/api.w.org\/{rel}","templated":true}]}}