{"id":2170,"date":"2023-08-18T10:18:14","date_gmt":"2023-08-18T02:18:14","guid":{"rendered":"https:\/\/www.aocfiberlink.com\/?post_type=product&#038;p=2170"},"modified":"2025-07-08T11:43:09","modified_gmt":"2025-07-08T03:43:09","slug":"retractil-4k-hdmi-2-0-aoc-carrete-cable-optico-activo-blindado-am-a-am-100m-12","status":"publish","type":"product","link":"https:\/\/www.aocfiberlink.com\/es\/product\/armored-fiber-optic-cable-assembly-with-8lc-on-tactical-drum-reel\/","title":{"rendered":"Conjunto de cables de fibra \u00f3ptica blindados con 8LC en carrete de tambor t\u00e1ctico"},"content":{"rendered":"<h5>Armored Fiber Optic Cable Assembly pre-terminated with 8 LC Connectors &#8211; with Roxtone PCD Drum<\/h5>\n<p>Terminados con conectores LC, los cables de fibra \u00f3ptica t\u00e1cticos blindados de acero inoxidable FTCD sereis est\u00e1n disponibles en 4\/6\/8\/12\/24 n\u00facleos y admiten opciones monomodo y multimodo, lo que garantiza la compatibilidad con diversos requisitos de transmisi\u00f3n.<\/p>\n<ul>\n<li data-sourcepos=\"7:1-7:67\"><strong>Construido para durar:<\/strong> The FTCD-GA108LC-XXXX series delivers reliable fiber optic connections for demanding environments. Ideal for temporary networks at concerts, festivals, and more.<\/li>\n<li data-sourcepos=\"8:1-8:44\"><strong>Durabilidad de grado militar:<\/strong> El cable blindado de acero inoxidable resiste condiciones duras, superando la resistencia de la fibra est\u00e1ndar.<\/li>\n<li data-sourcepos=\"9:1-9:82\"><strong>Despliegue flexible:<\/strong> Su dise\u00f1o altamente port\u00e1til simplifica el montaje y el enrollado para m\u00faltiples usos. Perfecto para organizadores de eventos y servicios de alquiler.<\/li>\n<li data-sourcepos=\"10:1-10:166\"><strong>Instalaci\u00f3n r\u00e1pida y sencilla:<\/strong> Los conectores LC preterminados y el tambor de cable Roxtone PCD garantizan un despliegue r\u00e1pido. Incluye extensiones de tambor de almacenamiento para un acceso sin esfuerzo.<\/li>\n<li data-sourcepos=\"11:1-12:0\"><strong>Alcance ampliado:<\/strong> Transmita datos a largas distancias (hasta 1.000 metros) con fibra 4\/6\/8\/12\/24 SM o MM de alta calidad.<\/li>\n<\/ul>\n<p data-sourcepos=\"13:1-13:17\"><strong>Caracter\u00edsticas principales:<\/strong><\/p>\n<ul data-sourcepos=\"15:1-19:24\">\n<li data-sourcepos=\"15:1-15:51\">Cable blindado de acero inoxidable resistente<\/li>\n<li data-sourcepos=\"16:1-16:46\">Conectores LC preterminados para una configuraci\u00f3n r\u00e1pida<\/li>\n<li data-sourcepos=\"17:1-17:48\">Tambor de cable irrompible Roxtone PCD con enrollador<\/li>\n<li data-sourcepos=\"18:1-18:34\">Gran resistencia al impacto y al aplastamiento<\/li>\n<li data-sourcepos=\"19:1-19:24\">Funcionamiento en un amplio rango de temperaturas<\/li>\n<li data-sourcepos=\"20:1-20:47\">Freno de arrastre ajustable y rebobinado directo de manivela<\/li>\n<li data-sourcepos=\"21:1-21:37\">Asa permanente para facilitar el transporte<\/li>\n<li data-sourcepos=\"22:1-23:0\">Includes: 8core G657A1 fiber cable, cable drum, zinc alloy caps<\/li>\n<\/ul>\n<p>Este t\u00e1ctico blindado OM4 carrete de cable de fibra \u00f3ptica viene con los siguientes accesorios:<\/p>\n<ul>\n<li>1x Stainless Steel Armored, TPU Sheathed, 8-core Fiber Optic Cable on both terminations as junction interfaces;<\/li>\n<li>1x Tambor de cable Roxtone PCD 235\/310\/380 port\u00e1til pero irrompible con enrollador;<\/li>\n<\/ul>\n<p>Crafted with high-quality 8-core G657A1 pure fiber optical cable, this tactical Fiber Optical Cable reel is designed to extend the transmission distance between data source and display devices with a maximum length of 1000 meters for, which offer unmatched transmission capabilities.<\/p>\n<p data-sourcepos=\"24:1-24:17\"><strong>Aplicaciones:<\/strong><\/p>\n<p>Estos cables \u00f3pticos de fibrar blindados con carrete est\u00e1n dise\u00f1ados para ofrecer durabilidad y fiabilidad en entornos exigentes como:<\/p>\n<ul data-sourcepos=\"26:1-31:0\">\n<li data-sourcepos=\"26:1-26:44\">Producci\u00f3n y difusi\u00f3n de v\u00eddeo a distancia<\/li>\n<li data-sourcepos=\"27:1-27:41\">Despliegues sobre el terreno en entornos dif\u00edciles<\/li>\n<li data-sourcepos=\"28:1-28:52\">Instalaciones temporales en red (eventos, conciertos)<\/li>\n<li data-sourcepos=\"29:1-29:20\">Zonas muy transitadas<\/li>\n<li data-sourcepos=\"30:1-31:0\">Aplicaciones de seguridad y detecci\u00f3n<\/li>\n<\/ul>\n<p data-sourcepos=\"39:1-39:21\"><strong>Sustituye a:<\/strong><\/p>\n<ul data-sourcepos=\"41:1-45:0\">\n<li data-sourcepos=\"41:1-41:27\">#<a href=\"https:\/\/www.bhphotovideo.com\/c\/product\/1172060-REG\/tactical_fiber_systems_12lc1000tfr_tfs_duratac_stainless_steel.html\/specs\">BHphotovideo TA12LC1000TF<\/a><\/li>\n<li data-sourcepos=\"42:1-42:14\">#<a href=\"https:\/\/tacticalfiber.eu\/products.php?cat=12+Fiber+Armored+DuraTAC+Reels+-+12+LC+Connectors\">TFS DuraTAC<\/a><\/li>\n<li data-sourcepos=\"43:1-43:20\">#<a href=\"https:\/\/beetekav.com\/collections\/armored-multi-mode-cable\">Beetek Serie G202<\/a><\/li>\n<li data-sourcepos=\"44:1-45:0\">#<a href=\"https:\/\/shop.klotz-ais.com\/fiber-optic-1\/fiberlink-cable-drum\/lc-lc-1.html\">Bobinas de cable Klotz Fiberlink LC-LC <\/a><\/li>\n<\/ul>","protected":false},"excerpt":{"rendered":"<p>-2\/4\/6\/8\/10\/12\/24 cuentas de fibra con protecci\u00f3n blindada de acero inoxidable en carrete de cable de fibra t\u00e1ctico<\/p>\n<p>-Cable de fibra \u00f3ptica t\u00e1ctico blindado de acero inoxidable 10 veces m\u00e1s resistente<\/p>\n<p>-Dise\u00f1o retr\u00e1ctil y duradero con tapas de protecci\u00f3n;<\/p>\n<p>-Construcci\u00f3n muy flexible que permite m\u00faltiples despliegues<\/p>\n<p>-Alta resistencia al impacto y al aplastamiento<\/p>\n<p>-Ancho de banda de hasta 100 Gbps<\/p>\n<p>-Longitud personalizada de hasta 1.000 m<\/p>","protected":false},"featured_media":2164,"comment_status":"open","ping_status":"closed","template":"","meta":{"rs_blank_template":"","rs_page_bg_color":"","slide_template_v7":""},"product_brand":[],"product_cat":[488,692,76,108],"product_tag":[688,689,690,403,397,405,408,407,400,399,406,691,409,396,393,398,404],"class_list":{"0":"post-2170","1":"product","2":"type-product","3":"status-publish","4":"has-post-thumbnail","6":"product_cat-solution-audio-visual","7":"product_cat-fiber-cable-assemblies","8":"product_cat-hot-sellers","9":"product_cat-shop","10":"product_tag-armored-fiber-optic-cable","11":"product_tag-armored-fiber-reel","12":"product_tag-armored-fiber-system","13":"product_tag-armored-tactical-cable-drum","14":"product_tag-armored-tactical-fiber-optical-cable","15":"product_tag-klotz-cable-drum","16":"product_tag-klotz-fiber-cable","17":"product_tag-klotz-fiberlink-alternative","18":"product_tag-klotz-fiberlink-cable","19":"product_tag-klotz-fiberlink-drum","20":"product_tag-klotz-fiberlink-replacement","21":"product_tag-tactical-cable-reel","22":"product_tag-tactical-fiber-cable","23":"product_tag-tactical-fiber-optic-cable","24":"product_tag-tactical-fiber-optic-cable-reel","25":"product_tag-tactical-fiber-optical-cable-drum","26":"product_tag-tactical-fiber-systems","28":"first","29":"instock","30":"shipping-taxable","31":"product-type-simple"},"aioseo_notices":[],"_links":{"self":[{"href":"https:\/\/www.aocfiberlink.com\/es\/wp-json\/wp\/v2\/product\/2170","targetHints":{"allow":["GET"]}}],"collection":[{"href":"https:\/\/www.aocfiberlink.com\/es\/wp-json\/wp\/v2\/product"}],"about":[{"href":"https:\/\/www.aocfiberlink.com\/es\/wp-json\/wp\/v2\/types\/product"}],"replies":[{"embeddable":true,"href":"https:\/\/www.aocfiberlink.com\/es\/wp-json\/wp\/v2\/comments?post=2170"}],"wp:featuredmedia":[{"embeddable":true,"href":"https:\/\/www.aocfiberlink.com\/es\/wp-json\/wp\/v2\/media\/2164"}],"wp:attachment":[{"href":"https:\/\/www.aocfiberlink.com\/es\/wp-json\/wp\/v2\/media?parent=2170"}],"wp:term":[{"taxonomy":"product_brand","embeddable":true,"href":"https:\/\/www.aocfiberlink.com\/es\/wp-json\/wp\/v2\/product_brand?post=2170"},{"taxonomy":"product_cat","embeddable":true,"href":"https:\/\/www.aocfiberlink.com\/es\/wp-json\/wp\/v2\/product_cat?post=2170"},{"taxonomy":"product_tag","embeddable":true,"href":"https:\/\/www.aocfiberlink.com\/es\/wp-json\/wp\/v2\/product_tag?post=2170"}],"curies":[{"name":"wp","href":"https:\/\/api.w.org\/{rel}","templated":true}]}}