{"id":2279,"date":"2025-10-25T10:56:07","date_gmt":"2025-10-25T02:56:07","guid":{"rendered":"https:\/\/www.aocfiberlink.com\/?post_type=product&#038;p=2279"},"modified":"2025-10-25T14:22:42","modified_gmt":"2025-10-25T06:22:42","slug":"usb-3-1-gen-2-aoc-active-optical-cableam-to-af50m10gbps-6","status":"publish","type":"product","link":"https:\/\/www.aocfiberlink.com\/es\/product\/7-port-usb3-hub-for-usb3-aoc-active-optical-cable\/","title":{"rendered":"HUB USB3 de 7 puertos para USB3 AOC-Cable \u00f3ptico activo"},"content":{"rendered":"<p>En <strong>FBWT-U307<\/strong> es un concentrador USB 3.0 de 7 puertos de alto rendimiento, dise\u00f1ado para simplificar y mejorar la conectividad de varios dispositivos USB. Con 7 puertos USB 3.0, ampl\u00eda un \u00fanico puerto USB a diez, lo que permite conectar sin problemas perif\u00e9ricos como teclados, ratones, impresoras, esc\u00e1neres, etc.<\/p>\n<p>Alojado en una resistente carcasa met\u00e1lica, el FBWT-U307 ofrece un rendimiento estable en entornos exigentes, como oficinas dom\u00e9sticas, laboratorios, instalaciones industriales, centros de datos e instituciones financieras. Dise\u00f1ado para ofrecer fiabilidad y eficiencia, es la soluci\u00f3n ideal para los profesionales que necesitan una conectividad USB robusta y organizada.<\/p>\n<p><strong><b>Especificaci\u00f3n:<\/b><\/strong><\/p>\n<table>\n<tbody>\n<tr>\n<td width=\"292\"><strong><b>Modelo<\/b><\/strong><\/td>\n<td width=\"528\">AOCFiberlink FBWT-U307<\/td>\n<\/tr>\n<tr>\n<td width=\"292\"><strong><b>Salida<\/b><\/strong><strong><b>\u00a0<\/b><\/strong><strong><b>Interfaz<\/b><\/strong><\/td>\n<td width=\"528\">USB 3.0 *7 puertos<\/td>\n<\/tr>\n<tr>\n<td width=\"292\"><strong><b>Tama\u00f1o del producto<\/b><\/strong><\/td>\n<td width=\"528\">125.6(L)*70.8(W)*27.3(H)mm<\/td>\n<\/tr>\n<tr>\n<td width=\"292\"><strong><b>Color:<\/b><\/strong><\/td>\n<td width=\"528\">Negro<\/td>\n<\/tr>\n<tr>\n<td width=\"292\"><strong><b>Caso<\/b><\/strong><strong><b>\u00a0<\/b><\/strong><strong><b>Material<\/b><\/strong><\/td>\n<td width=\"528\">Aluminio<\/td>\n<\/tr>\n<tr>\n<td width=\"292\"><strong><b>Peso neto<\/b><\/strong><\/td>\n<td width=\"528\">300g<\/td>\n<\/tr>\n<tr>\n<td width=\"292\"><strong><b>Peso bruto<\/b><\/strong><\/td>\n<td width=\"528\">700 g NOTA: Se incluye una fuente de alimentaci\u00f3n.<\/td>\n<\/tr>\n<tr>\n<td width=\"292\"><strong><b>Velocidad m\u00e1xima de transferencia de datos<\/b><\/strong><\/td>\n<td width=\"528\">Hasta 5 Gbps<\/td>\n<\/tr>\n<tr>\n<td width=\"292\"><strong><b>Adaptador de corriente<\/b><\/strong><\/td>\n<td width=\"528\">12V 3A<\/td>\n<\/tr>\n<tr>\n<td width=\"292\"><strong><b>Salida nominal<\/b><\/strong><\/td>\n<td width=\"528\">5V 0,9A<\/td>\n<\/tr>\n<tr>\n<td width=\"292\"><strong><b>Protecci\u00f3n de corriente\/Enchufe caliente<\/b><\/strong><\/td>\n<td width=\"528\">Ayuda<\/td>\n<\/tr>\n<tr>\n<td width=\"292\"><strong><b>M\u00f3dulo de seguridad<\/b><\/strong><\/td>\n<td width=\"528\">Protecci\u00f3n contra sobrecorriente, sobretensi\u00f3n y cortocircuito<\/td>\n<\/tr>\n<tr>\n<td width=\"292\"><strong><b>Indicador LED<\/b><\/strong><\/td>\n<td width=\"528\">Azul y rojo<\/td>\n<\/tr>\n<tr>\n<td width=\"292\"><strong><b>Sistema de apoyo<\/b><\/strong><\/td>\n<td width=\"528\">Windows W2000\/Vista\/XP\/7\/MAC9.1\/10.2 etc.<\/td>\n<\/tr>\n<\/tbody>\n<\/table>\n<p><strong><b>Sistema<\/b><\/strong><strong><b>\u00a0<\/b><\/strong><strong><b>Requisitos<\/b><\/strong><\/p>\n<ul>\n<li>PC de sobremesa o port\u00e1til con un puerto USB disponible (se recomienda USB 3.0);<\/li>\n<li>Compatible con todos los sistemas operativos con USB;<\/li>\n<\/ul>\n<p><strong><b>Paquete<\/b><\/strong><strong><b>\u00a0<\/b><\/strong><strong><b>Incluye<\/b><\/strong><\/p>\n<ul>\n<li>Hub de carga USB de 10 puertos*1<\/li>\n<li>Cable de datos USB0*2<\/li>\n<li>Cable de alimentaci\u00f3n*1<\/li>\n<li>Manual de uso*1<\/li>\n<\/ul>\n<p><strong><b>Garant\u00eda<\/b><\/strong>: 1 a\u00f1o contra gastos de env\u00edo<\/p>\n<p><strong>Aplicaciones:<\/strong><\/p>\n<ul>\n<li>Ampl\u00ede las capacidades de su sistema USB 3.2 Gen 1 con puertos adicionales<\/li>\n<li>Haga m\u00e1s accesibles los puertos USB colocando el concentrador en cualquier lugar al alcance de los cables<\/li>\n<li>Ampl\u00eda el alcance de los dispositivos USB haciendo que el concentrador act\u00fae como repetidor de punto medio<\/li>\n<li>Separe los puertos USB apretados, para acomodar mejor los enchufes USB m\u00e1s grandes o evitar el hacinamiento.<\/li>\n<\/ul>","protected":false},"excerpt":{"rendered":"<ul>\n<li>Amplia compatibilidad con dispositivos USB<\/li>\n<li>Compatible con Windows W2000\/Vista\/XP\/7\/MAC9.1\/10.2, etc.<\/li>\n<li>Transferencia de datos de alta velocidad de 5 GBps<\/li>\n<li>Sincroniza y carga sin dudarlo<\/li>\n<li>Compatible con versiones anteriores USB 3.0\/2.0\/1.1<\/li>\n<li>Calidad industrial: aleaci\u00f3n de aluminio negro industrial resistente a los ara\u00f1azos<\/li>\n<li>Opciones de montaje: Soporte de pared y superficie con 2 soportes de montaje<\/li>\n<li>Plug &amp; play: Compatible con<\/li>\n<li>Indicadores LED azules para cada uno de los 7 puertos<\/li>\n<\/ul>","protected":false},"featured_media":2280,"comment_status":"open","ping_status":"closed","template":"","meta":{"rs_blank_template":"","rs_page_bg_color":"","slide_template_v7":""},"product_brand":[],"product_cat":[488,491,108,726],"product_tag":[730,729,728,215,71,72,214,58,66,69,70,727],"class_list":{"0":"post-2279","1":"product","2":"type-product","3":"status-publish","4":"has-post-thumbnail","6":"product_cat-solution-audio-visual","7":"product_cat-solution-machine-vision","8":"product_cat-shop","9":"product_cat-powered-usb3-hub","10":"product_tag-7-port-usb3-hub","11":"product_tag-7port-usb3-hub","12":"product_tag-powered-usb3-hub","13":"product_tag-usb-3-0-active-optical-cable","14":"product_tag-usb-3-0-aoc","15":"product_tag-usb-3-0-aoc-cable","16":"product_tag-usb-3-0-hub","17":"product_tag-usb-active-optical-cable","18":"product_tag-usb-aoc","19":"product_tag-usb-aoc-cable","20":"product_tag-usb-optical-cable","21":"product_tag-usb3-hub","23":"first","24":"instock","25":"shipping-taxable","26":"product-type-simple"},"aioseo_notices":[],"_links":{"self":[{"href":"https:\/\/www.aocfiberlink.com\/es\/wp-json\/wp\/v2\/product\/2279","targetHints":{"allow":["GET"]}}],"collection":[{"href":"https:\/\/www.aocfiberlink.com\/es\/wp-json\/wp\/v2\/product"}],"about":[{"href":"https:\/\/www.aocfiberlink.com\/es\/wp-json\/wp\/v2\/types\/product"}],"replies":[{"embeddable":true,"href":"https:\/\/www.aocfiberlink.com\/es\/wp-json\/wp\/v2\/comments?post=2279"}],"wp:featuredmedia":[{"embeddable":true,"href":"https:\/\/www.aocfiberlink.com\/es\/wp-json\/wp\/v2\/media\/2280"}],"wp:attachment":[{"href":"https:\/\/www.aocfiberlink.com\/es\/wp-json\/wp\/v2\/media?parent=2279"}],"wp:term":[{"taxonomy":"product_brand","embeddable":true,"href":"https:\/\/www.aocfiberlink.com\/es\/wp-json\/wp\/v2\/product_brand?post=2279"},{"taxonomy":"product_cat","embeddable":true,"href":"https:\/\/www.aocfiberlink.com\/es\/wp-json\/wp\/v2\/product_cat?post=2279"},{"taxonomy":"product_tag","embeddable":true,"href":"https:\/\/www.aocfiberlink.com\/es\/wp-json\/wp\/v2\/product_tag?post=2279"}],"curies":[{"name":"wp","href":"https:\/\/api.w.org\/{rel}","templated":true}]}}