{"id":328,"date":"2023-01-01T09:46:34","date_gmt":"2023-01-01T01:46:34","guid":{"rendered":"https:\/\/www.aocfiberlink.com\/?post_type=product&#038;p=328"},"modified":"2025-10-25T10:18:16","modified_gmt":"2025-10-25T02:18:16","slug":"desmontable-hdmi-20-aoc-cable-optico-activo","status":"publish","type":"product","link":"https:\/\/www.aocfiberlink.com\/es\/product\/detachable-4k-hdmi2-active-optical-cable-aoc\/","title":{"rendered":"Cable \u00f3ptico activo HDMI 2.0 4K desmontable-AOC-DM-DM,18Gbps"},"content":{"rendered":"<p>La serie FHDC-20DD-XX <strong>Cables \u00f3pticos desmontables HDMI 2.0 AOC-Active <\/strong>tambi\u00e9n se denominan HDMI 2.0 AOC, cable \u00f3ptico activo HDMI 2.0, cable HDMI de fibra \u00f3ptica, cable HDMI \u00f3ptico, cable HDMI activo, cable activo HDMI 2.0, cable HDMI \u00f3ptico activo.<\/p>\n<p>Fabricados con cable de fibra \u00f3ptica h\u00edbrida de alta calidad (3 de fibra y 7 de cobre), los cables \u00f3pticos activos de fibra 4K HDMI 2.0 ofrecen capacidades de transmisi\u00f3n inigualables. Con una tasa de datos m\u00e1xima de 18 Gbps, estos cables ofrecen un rendimiento de alta velocidad, lo que garantiza una calidad visual impecable con resoluciones de hasta 4096 x 2160\/3840 x 2160 (4K) a se\u00f1ales de video de 60 Hz. Experimente el espectro completo de colores con 4: 4: 4 y disfrute de funciones mejoradas como HDR y eARC, todo sin p\u00e9rdida de se\u00f1al, incluso en largas distancias.<\/p>\n<p>Dise\u00f1ados para brindar durabilidad y confiabilidad, los cables HDMI 2.0 de fibra \u00f3ptica activa 4K cuentan con una cubierta de TPU de grado industrial. Esta cubierta brinda una protecci\u00f3n excepcional y permite que estos cables funcionen sin problemas en un amplio rango de temperatura, desde -40 \u2103 hasta +80 \u2103. Con esta construcci\u00f3n robusta, estos cables son ideales para entornos exigentes como cirug\u00edas m\u00e9dicas, alquiler de eventos en vivo, aplicaciones militares, instalaciones a bordo, escenarios temporales o cualquier escenario que requiera conectividad HDMI extendida en condiciones desafiantes.<\/p>\n<p><strong>Caracter\u00edsticas destacadas:<\/strong><\/p>\n<ul>\n<li class=\"text-th-primary-dark\"><strong>Bloqueo seguro<\/strong>: Dise\u00f1o desmontable con un mecanismo de bloqueo confiable para evitar la desconexi\u00f3n accidental<\/li>\n<li class=\"text-th-primary-dark\"><strong>Resoluci\u00f3n de alta calidad<\/strong>: Admite se\u00f1ales de video 4K@60Hz 4:4:4 hasta 150 metros para una experiencia de visualizaci\u00f3n de alta calidad.<\/li>\n<li class=\"text-th-primary-dark\"><strong>Alto ancho de banda<\/strong>: capacidad de 18 Gbps, lo que garantiza una transmisi\u00f3n r\u00e1pida y fiable de contenido multimedia<\/li>\n<li class=\"text-th-primary-dark\"><strong>Transmisi\u00f3n sin p\u00e9rdidas<\/strong>: ofrece im\u00e1genes de 4K a 60 Hz, VR y se\u00f1ales de visualizaci\u00f3n en 3D a largas distancias<\/li>\n<li class=\"text-th-primary-dark\"><strong>Tasa de actualizaci\u00f3n r\u00e1pida<\/strong>: 6 Hz a resoluci\u00f3n 4K para im\u00e1genes n\u00edtidas y n\u00edtidas; tasas m\u00e1s altas a resoluciones m\u00e1s bajas<\/li>\n<li class=\"text-th-primary-dark\"><strong>HDR din\u00e1mico<\/strong>: optimiza el contraste, la profundidad, el brillo y la gama de colores cuadro por cuadro<\/li>\n<li class=\"text-th-primary-dark\"><strong>eARC mejorado<\/strong>: Simplifica la conectividad y la optimizaci\u00f3n de audio para m\u00faltiples componentes<\/li>\n<li class=\"text-th-primary-dark\"><strong>Audio de alta calidad<\/strong>: admite hasta 192 kHz, 24 bits, 5.1 y 7.1 sin comprimir, formatos Dolby sin p\u00e9rdidas y audio de 32 canales<\/li>\n<li class=\"text-th-primary-dark\"><strong>VRR para juegos<\/strong>: Jugabilidad fluida con retraso, vibraci\u00f3n y desgarro de fotogramas m\u00ednimos<\/li>\n<li class=\"text-th-primary-dark\"><strong>Caracter\u00edsticas avanzadas<\/strong>: Admite EDID, funci\u00f3n de autodetecci\u00f3n, ALLM, QMS y QFT<\/li>\n<li class=\"text-th-primary-dark\"><strong>Construcci\u00f3n duradera<\/strong>: Carcasa de aleaci\u00f3n de zinc, conectores chapados en oro resistentes a la corrosi\u00f3n<\/li>\n<li class=\"text-th-primary-dark\"><strong>Resistencia EMI<\/strong>: Alta resistencia a las interferencias electromagn\u00e9ticas, lo que garantiza un entorno seguro y libre de radiaciones<\/li>\n<li class=\"text-th-primary-dark\"><strong>personalizable<\/strong>: Longitud m\u00e1xima de hasta 150 m (30 m m\u00e1x. para eARC), longitud personalizada, logotipo y empaque disponibles<\/li>\n<\/ul>\n<p><strong>Aplicaciones:<\/strong><\/p>\n<ul>\n<li>Se\u00f1alizaci\u00f3n digital<\/li>\n<li>Se\u00f1ales y monitores LED para estadios, hospitales, centros comerciales de env\u00edo<\/li>\n<li>Equipo de im\u00e1genes m\u00e9dicas<\/li>\n<li>Sistema de informaci\u00f3n de v\u00eddeo de embarque en el aeropuerto<\/li>\n<li>Cine en casa, Blu-ray, video 3D, proyector, decodificador, DVR, control de consola de juegos y conexi\u00f3n de monitor<\/li>\n<li>Estaci\u00f3n de radio y televisi\u00f3n<\/li>\n<li>Equipo de videoconferencia<\/li>\n<li>Sistema de monitoreo de seguridad<\/li>\n<\/ul>","protected":false},"excerpt":{"rendered":"<p>-Extremos desmontables para facilitar el despliegue<br \/>\n-HDMI2.0, 4K\/60Hz, ancho de banda de 18 Gbps;<br \/>\n-Indicaci\u00f3n LED, enclavamiento seguro;<br \/>\n-Transmisi\u00f3n sin EMI;<br \/>\n-Radio de curvatura m\u00ednimo 48 mm o ~ 1,8 pulgadas<br \/>\n-Fuerza m\u00e1xima de tracci\u00f3n 15kg o ~ 33 libras<br \/>\n-Di\u00e1metro m\u00ednimo del conducto 16 mm o ~ 0,63 pulgadas<\/p>","protected":false},"featured_media":329,"comment_status":"open","ping_status":"closed","template":"","meta":{"rs_blank_template":"","rs_page_bg_color":"","slide_template_v7":""},"product_brand":[],"product_cat":[488,490,37,24,493],"product_tag":[51,44,53,50,49,52,48,29],"class_list":{"0":"post-328","1":"product","2":"type-product","3":"status-publish","4":"has-post-thumbnail","6":"product_cat-solution-audio-visual","7":"product_cat-solution-hd-conferences","8":"product_cat-hdmi-2-0","9":"product_cat-optical-hdmi-cables","10":"product_cat-solution-smart-home","11":"product_tag-4k-hdmi-aoc-cable","12":"product_tag-4k-hdmi-fiber-cable","13":"product_tag-active-fiber-optic-aoc","14":"product_tag-active-optical-hdmi-2-0-cable","15":"product_tag-detachable-hdmi-2-0-aoc-cable","16":"product_tag-detachable-hdmi-aoc-cable","17":"product_tag-hdmi-2-0-aoc-cable","18":"product_tag-optical-hdmi-cable","20":"first","21":"instock","22":"shipping-taxable","23":"product-type-simple"},"aioseo_notices":[],"_links":{"self":[{"href":"https:\/\/www.aocfiberlink.com\/es\/wp-json\/wp\/v2\/product\/328","targetHints":{"allow":["GET"]}}],"collection":[{"href":"https:\/\/www.aocfiberlink.com\/es\/wp-json\/wp\/v2\/product"}],"about":[{"href":"https:\/\/www.aocfiberlink.com\/es\/wp-json\/wp\/v2\/types\/product"}],"replies":[{"embeddable":true,"href":"https:\/\/www.aocfiberlink.com\/es\/wp-json\/wp\/v2\/comments?post=328"}],"wp:featuredmedia":[{"embeddable":true,"href":"https:\/\/www.aocfiberlink.com\/es\/wp-json\/wp\/v2\/media\/329"}],"wp:attachment":[{"href":"https:\/\/www.aocfiberlink.com\/es\/wp-json\/wp\/v2\/media?parent=328"}],"wp:term":[{"taxonomy":"product_brand","embeddable":true,"href":"https:\/\/www.aocfiberlink.com\/es\/wp-json\/wp\/v2\/product_brand?post=328"},{"taxonomy":"product_cat","embeddable":true,"href":"https:\/\/www.aocfiberlink.com\/es\/wp-json\/wp\/v2\/product_cat?post=328"},{"taxonomy":"product_tag","embeddable":true,"href":"https:\/\/www.aocfiberlink.com\/es\/wp-json\/wp\/v2\/product_tag?post=328"}],"curies":[{"name":"wp","href":"https:\/\/api.w.org\/{rel}","templated":true}]}}