{"id":363,"date":"2024-01-02T09:00:13","date_gmt":"2024-01-02T01:00:13","guid":{"rendered":"https:\/\/www.aocfiberlink.com\/?post_type=product&#038;p=363"},"modified":"2025-10-25T10:43:02","modified_gmt":"2025-10-25T02:43:02","slug":"usb-c-3-2-aoc-20gbps-activo-cable-optico","status":"publish","type":"product","link":"https:\/\/www.aocfiberlink.com\/es\/product\/usb-type-c-aoc-active-optical-cable\/","title":{"rendered":"Cable \u00f3ptico activo AOC USB 3.2 GEN2 tipo C de 10 Gbps"},"content":{"rendered":"<p>El FUCC-3201 <strong>Cables \u00f3pticos activos USB 3.2 Gen 2 Tipo C AOC-10Gbps <\/strong>tambi\u00e9n se denominan USB-C AOC, USB 3.2 AOC, cable USB de fibra \u00f3ptica, cable USB \u00f3ptico, cable \u00f3ptico activo USB, AOC USB h\u00edbrido, cable \u00f3ptico activo USB 3.2. Est\u00e1n dise\u00f1ados espec\u00edficamente para hacer frente a la creciente demanda de conexiones de gran ancho de banda, hasta 10 Gbps. Estos cables proporcionan enlaces plug-and-play que superan las limitaciones de los cables de cobre tradicionales, lo que permite distancias extendidas para la transmisi\u00f3n de datos.<\/p>\n<p>Dise\u00f1ados para admitir los \u00faltimos est\u00e1ndares USB 3.2 Gen 2, nuestros AOC USB 3.2 GEN 2 son perfectos para una amplia gama de aplicaciones. Ya se trate de experiencias inmersivas de AR\/VR, c\u00e1maras de salas de conferencias, sistemas de visi\u00f3n artificial o dispositivos de almacenamiento, estos cables ofrecen conectividad confiable y de alto rendimiento.<\/p>\n<p>Los cables \u00f3pticos activos USB 3.2 GEN 2 tipo C a tipo C est\u00e1n dise\u00f1ados para dispositivos perif\u00e9ricos contempor\u00e1neos que utilizan el conector USB tipo C. Con estos cables, los usuarios pueden esperar un rendimiento superior y una experiencia plug-and-play perfecta. Diga adi\u00f3s a las molestias de las configuraciones complicadas y disfrute de una conectividad sin esfuerzo con nuestros AOC USB 3.2 GEN 2 CC.<\/p>\n<p><strong>Caracter\u00edsticas destacadas:<\/strong><\/p>\n<ul>\n<li class=\"text-th-primary-dark\"><strong>Alto ancho de banda<\/strong>: cumple con los \u00faltimos est\u00e1ndares USB 3.2 Gen 2, supervelocidad de hasta 10 Gbps<\/li>\n<li class=\"text-th-primary-dark\"><strong>Compatible con versiones anteriores<\/strong>: Soporta USB 3.0 @ 5Gbps, USB 2.0<\/li>\n<li><strong>Transmisi\u00f3n de larga duraci\u00f3n<\/strong>: Ofrece se\u00f1ales sin p\u00e9rdidas de m\u00e1s de 8 metros de longitud m\u00e1xima<\/li>\n<li><strong>La entrega de energ\u00eda<\/strong>: Soporta 9-20V@3A (60W) al dispositivo remoto<\/li>\n<li><strong>F\u00e1cil instalaci\u00f3n<\/strong>: Plug and play para ambos lados, dise\u00f1o unidireccional<\/li>\n<li class=\"text-th-primary-dark\"><strong>Construcci\u00f3n duradera<\/strong>: Carcasa de aleaci\u00f3n de zinc, conectores chapados en oro resistentes a la corrosi\u00f3n<\/li>\n<li class=\"text-th-primary-dark\"><strong>Resistencia EMI<\/strong>: Alta resistencia a las interferencias electromagn\u00e9ticas, lo que garantiza un entorno seguro y libre de radiaciones<\/li>\n<li class=\"text-th-primary-dark\"><strong>personalizable<\/strong>: Longitud m\u00e1xima de hasta 8 m, longitud personalizada, logotipo y empaque disponibles<\/li>\n<\/ul>\n<p><strong>Aplicaciones:<\/strong><\/p>\n<ul>\n<li>Sistema de video a bordo del avi\u00f3n<\/li>\n<li>Sala de conferencias<\/li>\n<li>Se\u00f1alizaci\u00f3n digital<\/li>\n<li>PC para juegos<\/li>\n<li>Teatro en casa<\/li>\n<li>Letreros LED<\/li>\n<li>Terminal m\u00f3vil<\/li>\n<li>Equipo de im\u00e1genes m\u00e9dicas<\/li>\n<li>Estaci\u00f3n de transmisi\u00f3n de radio y televisi\u00f3n<\/li>\n<li>Sistema de monitoreo de seguridad<\/li>\n<li>Auriculares de realidad virtual<\/li>\n<li>Equipo de videoconferencia<\/li>\n<li>c\u00e1maras web<\/li>\n<\/ul>\n<p><img loading=\"lazy\" decoding=\"async\" class=\"alignnone wp-image-1746 size-full\" src=\"https:\/\/www.aocfiberlink.com\/wp-content\/uploads\/2024\/10\/Connect-USB-C-Devices-over-a-long-distance.jpg\" alt=\"Conecta dispositivos USB-C a larga distancia\" width=\"1000\" height=\"1000\" srcset=\"https:\/\/www.aocfiberlink.com\/wp-content\/uploads\/2024\/10\/Connect-USB-C-Devices-over-a-long-distance.jpg 1000w, https:\/\/www.aocfiberlink.com\/wp-content\/uploads\/2024\/10\/Connect-USB-C-Devices-over-a-long-distance-300x300.jpg 300w, https:\/\/www.aocfiberlink.com\/wp-content\/uploads\/2024\/10\/Connect-USB-C-Devices-over-a-long-distance-150x150.jpg 150w, https:\/\/www.aocfiberlink.com\/wp-content\/uploads\/2024\/10\/Connect-USB-C-Devices-over-a-long-distance-768x768.jpg 768w, https:\/\/www.aocfiberlink.com\/wp-content\/uploads\/2024\/10\/Connect-USB-C-Devices-over-a-long-distance-12x12.jpg 12w, https:\/\/www.aocfiberlink.com\/wp-content\/uploads\/2024\/10\/Connect-USB-C-Devices-over-a-long-distance-75x75.jpg 75w, https:\/\/www.aocfiberlink.com\/wp-content\/uploads\/2024\/10\/Connect-USB-C-Devices-over-a-long-distance-480x480.jpg 480w, https:\/\/www.aocfiberlink.com\/wp-content\/uploads\/2024\/10\/Connect-USB-C-Devices-over-a-long-distance-500x500.jpg 500w, https:\/\/www.aocfiberlink.com\/wp-content\/uploads\/2024\/10\/Connect-USB-C-Devices-over-a-long-distance-600x600.jpg 600w\" sizes=\"auto, (max-width:767px) 480px, (max-width:1000px) 100vw, 1000px\" \/><\/p>\n<p><b>Referencias de tipo de conector USB:<\/b><\/p>\n<table class=\"table table-bordered\">\n<tbody>\n<tr>\n<td align=\"center\">USB 2.0 Tipo A<br \/>\nUSB 3.0 Tipo A<br \/>\nUSB 3.1 Tipo A<img decoding=\"async\" src=\"https:\/\/www.activeopticalcable.com\/image\/catalog\/products\/USBConnector\/USB-A.jpg\" \/><\/td>\n<td align=\"center\">USB 2.0 Tipo C<br \/>\nUSB 3.0 Tipo C<br \/>\nUSB 3.1 Tipo C<img decoding=\"async\" src=\"https:\/\/www.activeopticalcable.com\/image\/catalog\/products\/USBConnector\/USB-C.jpg\" \/><\/td>\n<\/tr>\n<tr>\n<td align=\"center\">USB 2.0 Tipo B<\/p>\n<p><img decoding=\"async\" src=\"https:\/\/www.activeopticalcable.com\/image\/catalog\/products\/USBConnector\/USB2.0-B.jpg\" \/><\/td>\n<td align=\"center\">USB 3.0 Tipo B<\/p>\n<p><img decoding=\"async\" src=\"https:\/\/www.activeopticalcable.com\/image\/catalog\/products\/USBConnector\/USB3.0-B.jpg\" \/><\/td>\n<\/tr>\n<tr>\n<td align=\"center\">USB 2.0 Micro B<\/p>\n<p><img decoding=\"async\" src=\"https:\/\/www.activeopticalcable.com\/image\/catalog\/products\/USBConnector\/USB2.0-Micro-B.jpg\" \/><\/td>\n<td align=\"center\">USB 3.0 Micro B<\/p>\n<p><img decoding=\"async\" src=\"https:\/\/www.activeopticalcable.com\/image\/catalog\/products\/USBConnector\/USB3.0-Micro-B.jpg\" \/><\/td>\n<\/tr>\n<tr>\n<td align=\"center\">USB 2.0 Mini B<br \/>\nUSB 3.0 Mini B<img decoding=\"async\" src=\"https:\/\/www.activeopticalcable.com\/image\/catalog\/products\/USBConnector\/USB-Mini-B.jpg\" \/><\/td>\n<td><\/td>\n<\/tr>\n<\/tbody>\n<\/table>\n<p><b>Garant\u00eda: 2 a\u00f1os<\/b><\/p>","protected":false},"excerpt":{"rendered":"<p>-Cable de enlace de fibra \u00f3ptica USB 3.2 a tipo C, compatible con el casco de realidad virtual Quest 2<\/p>\n<p>-Carga r\u00e1pida 9-20V@3A (60W)<\/p>\n<p>-USB 3.2 Gen2 10Gbps<\/p>\n<p>-Perfil EMI\/RFI pr\u00e1cticamente nulo para un rendimiento impecable.<\/p>\n<p>-El dise\u00f1o h\u00edbrido de fibra y cobre no requiere alimentaci\u00f3n externa.<\/p>\n<p>-Alarga la distancia hasta 8 m<\/p>\n<p>-El cable s\u00f3lo pesa 195 g, disfruta de PC-VR Gaming<\/p>","protected":false},"featured_media":366,"comment_status":"open","ping_status":"closed","template":"","meta":{"rs_blank_template":"","rs_page_bg_color":"","slide_template_v7":""},"product_brand":[],"product_cat":[489,490,25,108,493,26],"product_tag":[56,59,57,60,55,293,58,54],"class_list":{"0":"post-363","1":"product","2":"type-product","3":"status-publish","4":"has-post-thumbnail","6":"product_cat-solution-education","7":"product_cat-solution-hd-conferences","8":"product_cat-optical-usb-cables","9":"product_cat-shop","10":"product_cat-solution-smart-home","11":"product_cat-virtual-reality-headset-cable","12":"product_tag-fiber-optic-usb-cable","13":"product_tag-hybrid-usb-aoc","14":"product_tag-optical-usb-cable","15":"product_tag-usb-3-2-active-optical-cable","16":"product_tag-usb-3-2-aoc","17":"product_tag-usb-3-2-gen2-type-c-aoc","18":"product_tag-usb-active-optical-cable","19":"product_tag-usb-c-aoc","21":"first","22":"instock","23":"shipping-taxable","24":"product-type-simple"},"aioseo_notices":[],"_links":{"self":[{"href":"https:\/\/www.aocfiberlink.com\/es\/wp-json\/wp\/v2\/product\/363","targetHints":{"allow":["GET"]}}],"collection":[{"href":"https:\/\/www.aocfiberlink.com\/es\/wp-json\/wp\/v2\/product"}],"about":[{"href":"https:\/\/www.aocfiberlink.com\/es\/wp-json\/wp\/v2\/types\/product"}],"replies":[{"embeddable":true,"href":"https:\/\/www.aocfiberlink.com\/es\/wp-json\/wp\/v2\/comments?post=363"}],"wp:featuredmedia":[{"embeddable":true,"href":"https:\/\/www.aocfiberlink.com\/es\/wp-json\/wp\/v2\/media\/366"}],"wp:attachment":[{"href":"https:\/\/www.aocfiberlink.com\/es\/wp-json\/wp\/v2\/media?parent=363"}],"wp:term":[{"taxonomy":"product_brand","embeddable":true,"href":"https:\/\/www.aocfiberlink.com\/es\/wp-json\/wp\/v2\/product_brand?post=363"},{"taxonomy":"product_cat","embeddable":true,"href":"https:\/\/www.aocfiberlink.com\/es\/wp-json\/wp\/v2\/product_cat?post=363"},{"taxonomy":"product_tag","embeddable":true,"href":"https:\/\/www.aocfiberlink.com\/es\/wp-json\/wp\/v2\/product_tag?post=363"}],"curies":[{"name":"wp","href":"https:\/\/api.w.org\/{rel}","templated":true}]}}