{"id":369,"date":"2024-01-02T08:00:44","date_gmt":"2024-01-02T00:00:44","guid":{"rendered":"https:\/\/www.aocfiberlink.com\/?post_type=product&#038;p=369"},"modified":"2025-10-25T10:47:51","modified_gmt":"2025-10-25T02:47:51","slug":"usb-c-3-1-aoc-type-c-to-c-hybrid-10gbps-usb-3-1-active-optical-cable","status":"publish","type":"product","link":"https:\/\/www.aocfiberlink.com\/es\/product\/usb3-aoc-active-optical-cable-am-microb-15m\/","title":{"rendered":"USB3.1 Gen2 AOC-Cable \u00f3ptico activo-AM a Micro B,10Gbps,15m"},"content":{"rendered":"<p>La serie FUBC-31AB-XX <strong>USB 3.1 Gen 2 AOC-10Gbps Cables \u00f3pticos activos tipo A a Micro-B <\/strong>tambi\u00e9n se denominan USB 3.1 AOC, cable USB de fibra \u00f3ptica, cable USB \u00f3ptico, cable \u00f3ptico activo USB, AOC USB h\u00edbrido, cable \u00f3ptico activo USB 3.1. Est\u00e1n dise\u00f1ados espec\u00edficamente para hacer frente a la creciente demanda de conexiones de gran ancho de banda, hasta 10 Gbps. Estos cables proporcionan enlaces plug-and-play que superan las limitaciones de los cables de cobre tradicionales, lo que permite distancias extendidas para la transmisi\u00f3n de datos.<\/p>\n<p>Dise\u00f1ados para admitir los \u00faltimos est\u00e1ndares USB 3.1 Gen 2, nuestros AOC USB 3.1 GEN 2 son perfectos para una amplia gama de aplicaciones. Ya se trate de experiencias inmersivas de AR\/VR, c\u00e1maras de salas de conferencias, sistemas de visi\u00f3n artificial o dispositivos de almacenamiento, estos cables ofrecen conectividad confiable y de alto rendimiento.<\/p>\n<p>Los cables \u00f3pticos activos USB 3.1 GEN 2 Tipo-A a Micro-B est\u00e1n dise\u00f1ados para dispositivos perif\u00e9ricos contempor\u00e1neos que utilizan el conector USB Tipo-C. Con estos cables, los usuarios pueden esperar un rendimiento superior y una experiencia plug-and-play perfecta. Diga adi\u00f3s a las molestias de las configuraciones complicadas y disfrute de una conectividad sin esfuerzo con nuestros AOC USB 3.1 GEN 2 AB.<\/p>\n<p><strong>Caracter\u00edsticas destacadas:<\/strong><\/p>\n<ul>\n<li class=\"text-th-primary-dark\"><strong>Alto ancho de banda<\/strong>: cumple con los \u00faltimos est\u00e1ndares USB 3.1 Gen 2, supervelocidad de hasta 10 Gbps<\/li>\n<li class=\"text-th-primary-dark\"><strong>Compatible con versiones anteriores<\/strong>: Admite USB 3.2 a 10 Gbps hasta 100 metros (330 pies)<\/li>\n<li><strong>Transmisi\u00f3n de larga duraci\u00f3n<\/strong>: Ofrece se\u00f1ales sin p\u00e9rdidas de m\u00e1s de 100 metros de longitud m\u00e1xima<\/li>\n<li><strong>Fuente de alimentaci\u00f3n<\/strong>: Soporta 5V 900mA max al dispositivo remoto<\/li>\n<li><strong>F\u00e1cil instalaci\u00f3n<\/strong>: Plug and play para ambos lados, dise\u00f1o unidireccional<\/li>\n<li class=\"text-th-primary-dark\"><strong>Construcci\u00f3n duradera<\/strong>: Carcasa de aleaci\u00f3n de zinc, conectores chapados en oro resistentes a la corrosi\u00f3n<\/li>\n<li class=\"text-th-primary-dark\"><strong>Resistencia EMI<\/strong>: Alta resistencia a las interferencias electromagn\u00e9ticas, lo que garantiza un entorno seguro y libre de radiaciones<\/li>\n<li class=\"text-th-primary-dark\"><strong>personalizable<\/strong>: Hasta 100 m de longitud m\u00e1xima; longitud, logotipo y embalaje personalizados.<\/li>\n<\/ul>\n<p><strong>Aplicaciones:<\/strong><\/p>\n<ul>\n<li>Enlace de c\u00e1mara de visi\u00f3n artificial<\/li>\n<li>Sistema de monitoreo de seguridad<\/li>\n<\/ul>","protected":false},"excerpt":{"rendered":"<ul>\n<li>Cable de enlace de fibra \u00f3ptica USB 3.1 a Tipo-A a Micro-B, compatible para las principales c\u00e1maras industriales<\/li>\n<li>USB 3.1 Gen2 10Gbps<\/li>\n<li>Perfil pr\u00e1cticamente cero EMI\/RFI para un rendimiento impecable<\/li>\n<li>El dise\u00f1o h\u00edbrido de fibra\/cobre no requiere alimentaci\u00f3n externa<\/li>\n<li>Prolongue la distancia hasta 100 m, personalizable<\/li>\n<\/ul>","protected":false},"featured_media":473,"comment_status":"open","ping_status":"closed","template":"","meta":{"rs_blank_template":"","rs_page_bg_color":"","slide_template_v7":""},"product_brand":[],"product_cat":[491,25,108],"product_tag":[56,57,244,67,292,291,58,66],"class_list":{"0":"post-369","1":"product","2":"type-product","3":"status-publish","4":"has-post-thumbnail","6":"product_cat-solution-machine-vision","7":"product_cat-optical-usb-cables","8":"product_cat-shop","9":"product_tag-fiber-optic-usb-cable","10":"product_tag-optical-usb-cable","11":"product_tag-usb-3-1-active-optical-cable","12":"product_tag-usb-3-1-aoc","13":"product_tag-usb-3-1-gen2-active-optical-cable","14":"product_tag-usb-3-1-gen2-aoc","15":"product_tag-usb-active-optical-cable","16":"product_tag-usb-aoc","18":"first","19":"instock","20":"shipping-taxable","21":"product-type-simple"},"aioseo_notices":[],"_links":{"self":[{"href":"https:\/\/www.aocfiberlink.com\/es\/wp-json\/wp\/v2\/product\/369","targetHints":{"allow":["GET"]}}],"collection":[{"href":"https:\/\/www.aocfiberlink.com\/es\/wp-json\/wp\/v2\/product"}],"about":[{"href":"https:\/\/www.aocfiberlink.com\/es\/wp-json\/wp\/v2\/types\/product"}],"replies":[{"embeddable":true,"href":"https:\/\/www.aocfiberlink.com\/es\/wp-json\/wp\/v2\/comments?post=369"}],"wp:featuredmedia":[{"embeddable":true,"href":"https:\/\/www.aocfiberlink.com\/es\/wp-json\/wp\/v2\/media\/473"}],"wp:attachment":[{"href":"https:\/\/www.aocfiberlink.com\/es\/wp-json\/wp\/v2\/media?parent=369"}],"wp:term":[{"taxonomy":"product_brand","embeddable":true,"href":"https:\/\/www.aocfiberlink.com\/es\/wp-json\/wp\/v2\/product_brand?post=369"},{"taxonomy":"product_cat","embeddable":true,"href":"https:\/\/www.aocfiberlink.com\/es\/wp-json\/wp\/v2\/product_cat?post=369"},{"taxonomy":"product_tag","embeddable":true,"href":"https:\/\/www.aocfiberlink.com\/es\/wp-json\/wp\/v2\/product_tag?post=369"}],"curies":[{"name":"wp","href":"https:\/\/api.w.org\/{rel}","templated":true}]}}