{"id":427,"date":"2023-01-01T09:25:36","date_gmt":"2023-01-01T01:25:36","guid":{"rendered":"https:\/\/www.aocfiberlink.com\/?post_type=product&#038;p=427"},"modified":"2025-10-24T16:18:25","modified_gmt":"2025-10-24T08:18:25","slug":"8k-activo-optico-hdmi-2-1-fibra-cable-tipo-am-a-tipo-am-48gbps","status":"publish","type":"product","link":"https:\/\/www.aocfiberlink.com\/es\/product\/8k-hdmi-aoc-active-optical-cable\/","title":{"rendered":"8K HDMI 2.1 AOC-Cable \u00f3ptico activo-AM a AM-48Gbps"},"content":{"rendered":"<p>La serie FHDC-21AA-XX <strong>8K HDMI 2.1 Active Optical Fiber Cables <\/strong>tambi\u00e9n se denominan cable HDMI 2.1 activo, cable de fibra HDMI 2.1, cable HDMI 2.1 activo 8K, cable HDMI \u00f3ptico, cable HDMI activo, cable HDMI 2.1 activo, cable HDMI \u00f3ptico activo.<\/p>\n<p>Fabricados con cable de fibra \u00f3ptica h\u00edbrida de alta calidad (4 de fibra y 7 de cobre), los cables HDMI 2.1 de fibra \u00f3ptica activa de 8K ofrecen capacidades de transmisi\u00f3n inigualables. Con una velocidad de datos m\u00e1xima de 48 Gbps, estos cables ofrecen un rendimiento de ultra alta velocidad, lo que garantiza una calidad visual impecable con resoluciones de hasta 8K (7680 x 4320p) a 60 Hz y una frecuencia de actualizaci\u00f3n fluida de 144 Hz. Experimente el espectro completo de colores con 4: 4: 4 y disfrute de funciones mejoradas como HDR y eARC, todo sin p\u00e9rdida de se\u00f1al, incluso en largas distancias.<\/p>\n<p>Dise\u00f1ados para brindar durabilidad y confiabilidad, los cables HDMI 2.1 de fibra \u00f3ptica activa de 8K cuentan con una cubierta de TPU de grado industrial. Esta cubierta brinda una protecci\u00f3n excepcional y permite que estos cables funcionen sin problemas en un amplio rango de temperatura, desde -40 \u2103 hasta +80 \u2103. Con esta construcci\u00f3n robusta, estos cables son ideales para entornos exigentes como cirug\u00edas m\u00e9dicas, alquiler de eventos en vivo, aplicaciones militares, instalaciones a bordo, escenarios temporales o cualquier escenario que requiera conectividad HDMI extendida en condiciones desafiantes.<\/p>\n<p><strong>Caracter\u00edsticas destacadas:<\/strong><\/p>\n<ul>\n<li class=\"text-th-primary-dark\"><strong>Resoluci\u00f3n de alta calidad<\/strong>: Admite 8K a 60 Hz, 4K a 144 Hz, 4K a 120 Hz seg\u00fan las especificaciones de HDMI 2.1, compatible con versiones anteriores<\/li>\n<li class=\"text-th-primary-dark\"><strong>Alto ancho de banda<\/strong>: capacidad de 48 Gbps, compatible con versiones anteriores<\/li>\n<li class=\"text-th-primary-dark\"><strong>Transmisi\u00f3n sin p\u00e9rdidas<\/strong>: Ofrece im\u00e1genes de 8K@60Hz, VR y se\u00f1ales de pantalla 3D a largas distancias<\/li>\n<li class=\"text-th-primary-dark\"><strong>Tasa de actualizaci\u00f3n r\u00e1pida<\/strong>: 120 Hz a resoluci\u00f3n 4K para im\u00e1genes n\u00edtidas y n\u00edtidas; tasas m\u00e1s altas a resoluciones m\u00e1s bajas<\/li>\n<li class=\"text-th-primary-dark\"><strong>HDR din\u00e1mico<\/strong>: optimiza el contraste, la profundidad, el brillo y la gama de colores cuadro por cuadro<\/li>\n<li class=\"text-th-primary-dark\"><strong>eARC mejorado<\/strong>: Simplifica la conectividad y la optimizaci\u00f3n de audio para m\u00faltiples componentes<\/li>\n<li class=\"text-th-primary-dark\"><strong>Audio de alta calidad<\/strong>: admite hasta 192 kHz, 24 bits, 5.1 y 7.1 sin comprimir, formatos Dolby sin p\u00e9rdidas y audio de 32 canales<\/li>\n<li class=\"text-th-primary-dark\"><strong>VRR para juegos<\/strong>: Jugabilidad fluida con retraso, vibraci\u00f3n y desgarro de fotogramas m\u00ednimos<\/li>\n<li class=\"text-th-primary-dark\"><strong>Caracter\u00edsticas avanzadas<\/strong>: Admite EDID, funci\u00f3n de autodetecci\u00f3n, ALLM, QMS y QFT<\/li>\n<li class=\"text-th-primary-dark\"><strong>Construcci\u00f3n duradera<\/strong>: Carcasa de aleaci\u00f3n de zinc, conectores chapados en oro resistentes a la corrosi\u00f3n<\/li>\n<li class=\"text-th-primary-dark\"><strong>Resistencia EMI<\/strong>: Alta resistencia a las interferencias electromagn\u00e9ticas, lo que garantiza un entorno seguro y libre de radiaciones<\/li>\n<li class=\"text-th-primary-dark\"><strong>personalizable<\/strong>: Longitud m\u00e1xima de hasta 70 m (30 m m\u00e1x. para eARC), longitud personalizada, logotipo y embalaje disponibles<\/li>\n<\/ul>\n<p><strong>Aplicaciones:<\/strong><\/p>\n<ul>\n<li>Se\u00f1alizaci\u00f3n digital<\/li>\n<li>Se\u00f1ales y monitores LED para estadios, hospitales, centros comerciales de env\u00edo<\/li>\n<li>Equipo de im\u00e1genes m\u00e9dicas<\/li>\n<li>Sistema de informaci\u00f3n de v\u00eddeo de embarque en el aeropuerto<\/li>\n<li>Cine en casa, Blu-ray, video 3D, proyector, decodificador, DVR, control de consola de juegos y conexi\u00f3n de monitor<\/li>\n<li>Estaci\u00f3n de radio y televisi\u00f3n<\/li>\n<li>Equipo de videoconferencia<\/li>\n<li>Sistema de monitoreo de seguridad<\/li>\n<\/ul>","protected":false},"excerpt":{"rendered":"<p>-Definici\u00f3n incomparable de 8K 60Hz;<br \/>\n-M\u00e1ximo 240 Hz ideal para entretenimiento inmersivo;<br \/>\n-Soluci\u00f3n \u00f3ptica\/el\u00e9ctrica para transmisi\u00f3n sin p\u00e9rdidas;<br \/>\n-48 Gbps de ancho de banda;<br \/>\n-Carcasa de aleaci\u00f3n de zinc de f\u00e1cil agarre y conectores chapados en oro<\/p>","protected":false},"featured_media":432,"comment_status":"open","ping_status":"closed","template":"","meta":{"rs_blank_template":"","rs_page_bg_color":"","slide_template_v7":""},"product_brand":[],"product_cat":[488,489,490,38,492,24,493],"product_tag":[40,39,30,34,41,35,29],"class_list":{"0":"post-427","1":"product","2":"type-product","3":"status-publish","4":"has-post-thumbnail","6":"product_cat-solution-audio-visual","7":"product_cat-solution-education","8":"product_cat-solution-hd-conferences","9":"product_cat-hdmi-2-1","10":"product_cat-solution-medical","11":"product_cat-optical-hdmi-cables","12":"product_cat-solution-smart-home","13":"product_tag-8k-hdmi-fiber-cable","14":"product_tag-active-hdmi-2-1-cable","15":"product_tag-active-hdmi-cable","16":"product_tag-aoc-hdmi-cable","17":"product_tag-fiber-optic-hdmi-2-1-cable","18":"product_tag-hdmi-2-1-aoc","19":"product_tag-optical-hdmi-cable","21":"first","22":"instock","23":"shipping-taxable","24":"product-type-simple"},"aioseo_notices":[],"_links":{"self":[{"href":"https:\/\/www.aocfiberlink.com\/es\/wp-json\/wp\/v2\/product\/427","targetHints":{"allow":["GET"]}}],"collection":[{"href":"https:\/\/www.aocfiberlink.com\/es\/wp-json\/wp\/v2\/product"}],"about":[{"href":"https:\/\/www.aocfiberlink.com\/es\/wp-json\/wp\/v2\/types\/product"}],"replies":[{"embeddable":true,"href":"https:\/\/www.aocfiberlink.com\/es\/wp-json\/wp\/v2\/comments?post=427"}],"wp:featuredmedia":[{"embeddable":true,"href":"https:\/\/www.aocfiberlink.com\/es\/wp-json\/wp\/v2\/media\/432"}],"wp:attachment":[{"href":"https:\/\/www.aocfiberlink.com\/es\/wp-json\/wp\/v2\/media?parent=427"}],"wp:term":[{"taxonomy":"product_brand","embeddable":true,"href":"https:\/\/www.aocfiberlink.com\/es\/wp-json\/wp\/v2\/product_brand?post=427"},{"taxonomy":"product_cat","embeddable":true,"href":"https:\/\/www.aocfiberlink.com\/es\/wp-json\/wp\/v2\/product_cat?post=427"},{"taxonomy":"product_tag","embeddable":true,"href":"https:\/\/www.aocfiberlink.com\/es\/wp-json\/wp\/v2\/product_tag?post=427"}],"curies":[{"name":"wp","href":"https:\/\/api.w.org\/{rel}","templated":true}]}}