{"id":478,"date":"2023-07-08T06:18:46","date_gmt":"2023-07-07T22:18:46","guid":{"rendered":"https:\/\/www.aocfiberlink.com\/?post_type=product&#038;p=478"},"modified":"2025-11-16T18:11:59","modified_gmt":"2025-11-16T10:11:59","slug":"displayport-1-4-aoc-active-optical-cable-8k-32-4gbps","status":"publish","type":"product","link":"https:\/\/www.aocfiberlink.com\/es\/product\/8k-active-optical-displayport-cable-hdr\/","title":{"rendered":"Cable DisplayPort 1.4 \u00f3ptico activo 8K-HDR-32,4 Gbps"},"content":{"rendered":"<article class=\"4ever-article\" data-clipboard-cangjie=\"[&quot;root&quot;,{&quot;copyFrom&quot;:&quot;im-native&quot;},[&quot;p&quot;,{}],[&quot;p&quot;,{},[&quot;span&quot;,{&quot;data-type&quot;:&quot;text&quot;},[&quot;span&quot;,{&quot;data-type&quot;:&quot;leaf&quot;},&quot;Active Optical Cable DisplayPort 1.4 AOC 8K @ 60Hz 32.4 Gbps Snap Connectors 50m - TECHLY - ICOC DSP-HY-050&quot;]]],[&quot;p&quot;,{},[&quot;span&quot;,{&quot;data-type&quot;:&quot;text&quot;},[&quot;span&quot;,{&quot;data-type&quot;:&quot;leaf&quot;},&quot;AOC Active Optical Cable HDMI\u2122 2.1 8K 48Gbps eARC HDMI\u2122 A\/A M\/M 15m&quot;]]],[&quot;p&quot;,{},[&quot;span&quot;,{&quot;data-type&quot;:&quot;text&quot;},[&quot;span&quot;,{&quot;data-type&quot;:&quot;leaf&quot;},&quot;AOC Active Optical Cable HDMI\u2122 2.1 8K 48Gbps ARC HDMI\u2122 A\/A M\/M 30m&quot;]]],[&quot;p&quot;,{},[&quot;span&quot;,{&quot;data-type&quot;:&quot;text&quot;},[&quot;span&quot;,{&quot;data-type&quot;:&quot;leaf&quot;},&quot;Buy together&quot;]]],[&quot;p&quot;,{},[&quot;span&quot;,{&quot;data-type&quot;:&quot;text&quot;},[&quot;span&quot;,{&quot;data-type&quot;:&quot;leaf&quot;},&quot;3 products selected&quot;]]],[&quot;p&quot;,{},[&quot;span&quot;,{&quot;data-type&quot;:&quot;text&quot;},[&quot;span&quot;,{&quot;data-type&quot;:&quot;leaf&quot;},&quot;Total \u20ac436.54&quot;]]],[&quot;p&quot;,{}],[&quot;p&quot;,{},[&quot;span&quot;,{&quot;data-type&quot;:&quot;text&quot;},[&quot;span&quot;,{&quot;data-type&quot;:&quot;leaf&quot;},&quot;You may also be interested in the following product(s)&quot;]]],[&quot;p&quot;,{}],[&quot;p&quot;,{}],[&quot;p&quot;,{}],[&quot;p&quot;,{}],[&quot;p&quot;,{}],[&quot;p&quot;,{}],[&quot;p&quot;,{}],[&quot;p&quot;,{}],[&quot;p&quot;,{}],[&quot;p&quot;,{}],[&quot;p&quot;,{}],[&quot;p&quot;,{}],[&quot;p&quot;,{}],[&quot;p&quot;,{}],[&quot;p&quot;,{}],[&quot;p&quot;,{}],[&quot;p&quot;,{}],[&quot;p&quot;,{}],[&quot;p&quot;,{}],[&quot;p&quot;,{}],[&quot;p&quot;,{}],[&quot;p&quot;,{}],[&quot;p&quot;,{}],[&quot;p&quot;,{}],[&quot;p&quot;,{}],[&quot;p&quot;,{}],[&quot;p&quot;,{}],[&quot;p&quot;,{}],[&quot;p&quot;,{}],[&quot;p&quot;,{}],[&quot;p&quot;,{}],[&quot;p&quot;,{}],[&quot;p&quot;,{},[&quot;span&quot;,{&quot;data-type&quot;:&quot;text&quot;},[&quot;span&quot;,{&quot;data-type&quot;:&quot;leaf&quot;},&quot;Fiber optic technology enables active optical (AOC) cables to transmit ultra-high bandwidth data signals over distances that copper cannot reach. Copper cables struggle to transmit 4K @ 60Hz at 5 meters and have to switch to modular transmitter \/ receiver extenders to reach greater distances, while all-in-one AOC cables can easily support DisplayPort 1.4 bandwidths of 32.4 Gbps over hundreds of meters. Just connect the two connectors to the HDTV and the source device to get the connection. It therefore represents an excellent solution for home video connections, video games, schools, showrooms and trade fairs.&quot;]]]]\"><\/article>\n<article class=\"4ever-article\" data-clipboard-cangjie=\"[&quot;root&quot;,{&quot;copyFrom&quot;:&quot;im-native&quot;},[&quot;p&quot;,{}],[&quot;p&quot;,{},[&quot;span&quot;,{&quot;data-type&quot;:&quot;text&quot;},[&quot;span&quot;,{&quot;data-type&quot;:&quot;leaf&quot;},&quot;Active Optical Cable DisplayPort 1.4 AOC 8K @ 60Hz 32.4 Gbps Snap Connectors 50m - TECHLY - ICOC DSP-HY-050&quot;]]],[&quot;p&quot;,{},[&quot;span&quot;,{&quot;data-type&quot;:&quot;text&quot;},[&quot;span&quot;,{&quot;data-type&quot;:&quot;leaf&quot;},&quot;AOC Active Optical Cable HDMI\u2122 2.1 8K 48Gbps eARC HDMI\u2122 A\/A M\/M 15m&quot;]]],[&quot;p&quot;,{},[&quot;span&quot;,{&quot;data-type&quot;:&quot;text&quot;},[&quot;span&quot;,{&quot;data-type&quot;:&quot;leaf&quot;},&quot;AOC Active Optical Cable HDMI\u2122 2.1 8K 48Gbps ARC HDMI\u2122 A\/A M\/M 30m&quot;]]],[&quot;p&quot;,{},[&quot;span&quot;,{&quot;data-type&quot;:&quot;text&quot;},[&quot;span&quot;,{&quot;data-type&quot;:&quot;leaf&quot;},&quot;Buy together&quot;]]],[&quot;p&quot;,{},[&quot;span&quot;,{&quot;data-type&quot;:&quot;text&quot;},[&quot;span&quot;,{&quot;data-type&quot;:&quot;leaf&quot;},&quot;3 products selected&quot;]]],[&quot;p&quot;,{},[&quot;span&quot;,{&quot;data-type&quot;:&quot;text&quot;},[&quot;span&quot;,{&quot;data-type&quot;:&quot;leaf&quot;},&quot;Total \u20ac436.54&quot;]]],[&quot;p&quot;,{}],[&quot;p&quot;,{},[&quot;span&quot;,{&quot;data-type&quot;:&quot;text&quot;},[&quot;span&quot;,{&quot;data-type&quot;:&quot;leaf&quot;},&quot;You may also be interested in the following product(s)&quot;]]],[&quot;p&quot;,{}],[&quot;p&quot;,{}],[&quot;p&quot;,{}],[&quot;p&quot;,{}],[&quot;p&quot;,{}],[&quot;p&quot;,{}],[&quot;p&quot;,{}],[&quot;p&quot;,{}],[&quot;p&quot;,{}],[&quot;p&quot;,{}],[&quot;p&quot;,{}],[&quot;p&quot;,{}],[&quot;p&quot;,{}],[&quot;p&quot;,{}],[&quot;p&quot;,{}],[&quot;p&quot;,{}],[&quot;p&quot;,{}],[&quot;p&quot;,{}],[&quot;p&quot;,{}],[&quot;p&quot;,{}],[&quot;p&quot;,{}],[&quot;p&quot;,{}],[&quot;p&quot;,{}],[&quot;p&quot;,{}],[&quot;p&quot;,{}],[&quot;p&quot;,{}],[&quot;p&quot;,{}],[&quot;p&quot;,{}],[&quot;p&quot;,{}],[&quot;p&quot;,{}],[&quot;p&quot;,{}],[&quot;p&quot;,{}],[&quot;p&quot;,{},[&quot;span&quot;,{&quot;data-type&quot;:&quot;text&quot;},[&quot;span&quot;,{&quot;data-type&quot;:&quot;leaf&quot;},&quot;Fiber optic technology enables active optical (AOC) cables to transmit ultra-high bandwidth data signals over distances that copper cannot reach. Copper cables struggle to transmit 4K @ 60Hz at 5 meters and have to switch to modular transmitter \/ receiver extenders to reach greater distances, while all-in-one AOC cables can easily support DisplayPort 1.4 bandwidths of 32.4 Gbps over hundreds of meters. Just connect the two connectors to the HDTV and the source device to get the connection. It therefore represents an excellent solution for home video connections, video games, schools, showrooms and trade fairs.&quot;]]]]\"><\/article>\n<h5>8K DisplayPort 1.4 Active Optical Cable-AOC-32.4Gbps,4K@120Hz\/144Hz<\/h5>\n<p>Fiber optic technology enables active optical cables (AOC) to transmit ultra-high bandwidth data signals over distances that copper cannot reach. Copper cables struggle to transmit 4K @ 60Hz at 8 meters and have to switch to modular transmitter \/ receiver extenders to reach greater distances, while our AOC cables can easily support\u00a0 DisplayPort 1.4 bandwidths of 32.4 Gbps for uncompromised Ultra High Definition video at extended distances to 150 meters.<\/p>\n<p><strong>Highlight Features:<\/strong><\/p>\n<ul>\n<li class=\"text-th-primary-dark\"><strong>High-Quality Resolution<\/strong>: 8K (7680&#215;4320)@60Hz, 5K (5120&#215;2880)@60Hz, 4K@144Hz, backward compatible<\/li>\n<li class=\"text-th-primary-dark\"><strong>High Bandwidth<\/strong>: DP1.4 standard, maximum 8.1 Gbps per chanel, 32Gbps total bandwidth<\/li>\n<li class=\"text-th-primary-dark\"><strong>Lossless Transmission<\/strong>: EMI-free signal over long extensions up to 150m<\/li>\n<li class=\"text-th-primary-dark\"><strong>Fast Refresh Rate<\/strong>: 4K\/144Hz resolution for ultimate gaming experience<\/li>\n<li class=\"text-th-primary-dark\"><strong>Dynamic HDR<\/strong>: Optimizes contrast, depth, brightness, and color gamut on a frame-by-frame basis<\/li>\n<li class=\"text-th-primary-dark\"><strong>High-Quality Audio<\/strong>: Up to 32 audio channels with 1536 Hz sampling rate<\/li>\n<li class=\"text-th-primary-dark\"><strong>VRR for Gaming<\/strong>: Fluid gameplay with minimal lag, judder, and frame tearing<\/li>\n<li class=\"text-th-primary-dark\"><strong>Advanced Features<\/strong>: Supports HBR3, HDCP 1.4 \/ 2.2\/QFT\/DPCP\/EDID\/CEC\/DDC\/<\/li>\n<li class=\"text-th-primary-dark\"><strong>Durable &amp; Reliable<\/strong>: Zinc-alloy housing, 24K gold-plated latching connector for secure connection<\/li>\n<li class=\"text-th-primary-dark\"><strong>Customizable<\/strong>: length, logo, and packaging available<\/li>\n<\/ul>\n<p><strong>Applications:<\/strong><\/p>\n<ul>\n<li>LED Digital signage<\/li>\n<li>Home Theater Applications (Blue-Ray, 3D Video, Projectors, DVR, Game Consoles and Computers)<\/li>\n<li>Medical imaging equipment<\/li>\n<li>Airport boarding video information system<\/li>\n<li>Security monitoring system<\/li>\n<li>Conference Room Video Equipment<\/li>\n<li>TV Broadcast Station<\/li>\n<\/ul>\n<p><strong>Certifications:<\/strong><\/p>\n<table style=\"border-collapse: collapse; width: 385px; height: 107px;\" border=\"0\" width=\"432\" cellspacing=\"0\" cellpadding=\"0\">\n<tbody>\n<tr style=\"height: 15.00pt;\">\n<td style=\"height: 15.00pt; width: 54.00pt;\" width=\"108\" height=\"30\"><img loading=\"lazy\" decoding=\"async\" class=\"alignright size-full wp-image-2329\" src=\"https:\/\/www.aocfiberlink.com\/wp-content\/uploads\/2023\/07\/AOCFiberlink-AOC-Certification_CE-450.png\" alt=\"AOCFiberlink-AOC-Certification_CE-450\" width=\"450\" height=\"450\" srcset=\"https:\/\/www.aocfiberlink.com\/wp-content\/uploads\/2023\/07\/AOCFiberlink-AOC-Certification_CE-450.png 450w, https:\/\/www.aocfiberlink.com\/wp-content\/uploads\/2023\/07\/AOCFiberlink-AOC-Certification_CE-450-300x300.png 300w, https:\/\/www.aocfiberlink.com\/wp-content\/uploads\/2023\/07\/AOCFiberlink-AOC-Certification_CE-450-150x150.png 150w, https:\/\/www.aocfiberlink.com\/wp-content\/uploads\/2023\/07\/AOCFiberlink-AOC-Certification_CE-450-12x12.png 12w, https:\/\/www.aocfiberlink.com\/wp-content\/uploads\/2023\/07\/AOCFiberlink-AOC-Certification_CE-450-75x75.png 75w\" sizes=\"auto, (max-width:767px) 450px, 450px\" \/><\/td>\n<td style=\"width: 54.00pt;\" width=\"108\"><img loading=\"lazy\" decoding=\"async\" class=\"alignright size-full wp-image-2328\" src=\"https:\/\/www.aocfiberlink.com\/wp-content\/uploads\/2023\/07\/AOCFiberlink-AOC-Certification_FCC-450.png\" alt=\"AOCFiberlink-AOC-Certification_FCC-450\" width=\"450\" height=\"450\" srcset=\"https:\/\/www.aocfiberlink.com\/wp-content\/uploads\/2023\/07\/AOCFiberlink-AOC-Certification_FCC-450.png 450w, https:\/\/www.aocfiberlink.com\/wp-content\/uploads\/2023\/07\/AOCFiberlink-AOC-Certification_FCC-450-300x300.png 300w, https:\/\/www.aocfiberlink.com\/wp-content\/uploads\/2023\/07\/AOCFiberlink-AOC-Certification_FCC-450-150x150.png 150w, https:\/\/www.aocfiberlink.com\/wp-content\/uploads\/2023\/07\/AOCFiberlink-AOC-Certification_FCC-450-12x12.png 12w, https:\/\/www.aocfiberlink.com\/wp-content\/uploads\/2023\/07\/AOCFiberlink-AOC-Certification_FCC-450-75x75.png 75w\" sizes=\"auto, (max-width:767px) 450px, 450px\" \/><\/td>\n<td style=\"width: 54.00pt;\" width=\"108\"><img loading=\"lazy\" decoding=\"async\" class=\"alignright size-thumbnail wp-image-2327\" src=\"https:\/\/www.aocfiberlink.com\/wp-content\/uploads\/2023\/07\/rohs-compliant-150x150.png\" alt=\"AOCFiberlink-AOC-Certification-rohs-compliant\" width=\"150\" height=\"150\" srcset=\"https:\/\/www.aocfiberlink.com\/wp-content\/uploads\/2023\/07\/rohs-compliant-150x150.png 150w, https:\/\/www.aocfiberlink.com\/wp-content\/uploads\/2023\/07\/rohs-compliant-300x300.png 300w, https:\/\/www.aocfiberlink.com\/wp-content\/uploads\/2023\/07\/rohs-compliant-768x768.png 768w, https:\/\/www.aocfiberlink.com\/wp-content\/uploads\/2023\/07\/rohs-compliant-12x12.png 12w, https:\/\/www.aocfiberlink.com\/wp-content\/uploads\/2023\/07\/rohs-compliant-75x75.png 75w, https:\/\/www.aocfiberlink.com\/wp-content\/uploads\/2023\/07\/rohs-compliant.png 868w, https:\/\/www.aocfiberlink.com\/wp-content\/uploads\/2023\/07\/rohs-compliant-480x480.png 480w, https:\/\/www.aocfiberlink.com\/wp-content\/uploads\/2023\/07\/rohs-compliant-500x500.png 500w, https:\/\/www.aocfiberlink.com\/wp-content\/uploads\/2023\/07\/rohs-compliant-600x600.png 600w\" sizes=\"auto, (max-width:767px) 150px, 150px\" \/><\/td>\n<td style=\"width: 54.00pt;\" width=\"108\"><img loading=\"lazy\" decoding=\"async\" class=\"alignright size-thumbnail wp-image-2326\" src=\"https:\/\/www.aocfiberlink.com\/wp-content\/uploads\/2023\/07\/reach-compliant-150x150.png\" alt=\"AOCFiberlink-AOC-Certification-reach-compliant\" width=\"150\" height=\"150\" srcset=\"https:\/\/www.aocfiberlink.com\/wp-content\/uploads\/2023\/07\/reach-compliant-150x150.png 150w, https:\/\/www.aocfiberlink.com\/wp-content\/uploads\/2023\/07\/reach-compliant-300x300.png 300w, https:\/\/www.aocfiberlink.com\/wp-content\/uploads\/2023\/07\/reach-compliant-768x768.png 768w, https:\/\/www.aocfiberlink.com\/wp-content\/uploads\/2023\/07\/reach-compliant-12x12.png 12w, https:\/\/www.aocfiberlink.com\/wp-content\/uploads\/2023\/07\/reach-compliant-75x75.png 75w, https:\/\/www.aocfiberlink.com\/wp-content\/uploads\/2023\/07\/reach-compliant.png 868w, https:\/\/www.aocfiberlink.com\/wp-content\/uploads\/2023\/07\/reach-compliant-480x480.png 480w, https:\/\/www.aocfiberlink.com\/wp-content\/uploads\/2023\/07\/reach-compliant-500x500.png 500w, https:\/\/www.aocfiberlink.com\/wp-content\/uploads\/2023\/07\/reach-compliant-600x600.png 600w\" sizes=\"auto, (max-width:767px) 150px, 150px\" \/><\/td>\n<\/tr>\n<\/tbody>\n<\/table>\n<p><strong>Warranty: <\/strong>2-Year<\/p>\n<p><strong>NOTE:<\/strong><br \/>\nThis active optical DisplayPort 1.4 cable is directional.<\/p>\n<p>Each cable end is marked with \u201cSource\u201d and \u201cDisplay\u201d to indicate the direction of the signal flow. Always test the cable to be sure that the signal flow is correct and for device compatibility before permanently installing in a wall or ceiling.<\/p>\n","protected":false},"excerpt":{"rendered":"<p>-DisplayPort 1.4, compatible con versiones anteriores<br \/>\n-Admite 8K@60Hz, HBR3, HDCP 1.4\/2.2, HDR<br \/>\n-8,1 Gbps por canal, ancho de banda m\u00e1ximo de hasta 32,4 Gbps<br \/>\n-Soporta resoluci\u00f3n 8K (7680\u00d74320)@60Hz, alta resoluci\u00f3n 4K@144Hz<br \/>\n-Admite una profundidad de color profunda de 48 bits<br \/>\n-Baja interferencia RFI\/EMI<br \/>\n-Plug and Play, no necesita alimentaci\u00f3n externa<\/p>","protected":false},"featured_media":479,"comment_status":"open","ping_status":"closed","template":"","meta":{"rs_blank_template":"","rs_page_bg_color":"","slide_template_v7":""},"product_brand":[683],"product_cat":[27,488,490,493],"product_tag":[281,294,295,762,83,284,86,759,297,296,760,761],"class_list":{"0":"post-478","1":"product","2":"type-product","3":"status-publish","4":"has-post-thumbnail","6":"product_brand-aocfiberlink","7":"product_cat-aoc-displayport-cables","8":"product_cat-solution-audio-visual","9":"product_cat-solution-hd-conferences","10":"product_cat-solution-smart-home","11":"product_tag-8k-active-optical-cable","12":"product_tag-8k-displayport-1-4-aoc","13":"product_tag-8k-displayport-active-optical-cable","14":"product_tag-aoc-displayport-cable","15":"product_tag-displayport-1-4-active-optical-cable","16":"product_tag-displayport-1-4-aoc","17":"product_tag-displayport-1-4-aoc-cable","18":"product_tag-displayport-cable","19":"product_tag-dp1-4-active-optical-cable","20":"product_tag-dp1-4-aoc","21":"product_tag-optical-displayport-cable","22":"product_tag-optical-displayport1-4-cable","24":"first","25":"instock","26":"shipping-taxable","27":"product-type-simple"},"aioseo_notices":[],"_links":{"self":[{"href":"https:\/\/www.aocfiberlink.com\/es\/wp-json\/wp\/v2\/product\/478","targetHints":{"allow":["GET"]}}],"collection":[{"href":"https:\/\/www.aocfiberlink.com\/es\/wp-json\/wp\/v2\/product"}],"about":[{"href":"https:\/\/www.aocfiberlink.com\/es\/wp-json\/wp\/v2\/types\/product"}],"replies":[{"embeddable":true,"href":"https:\/\/www.aocfiberlink.com\/es\/wp-json\/wp\/v2\/comments?post=478"}],"wp:featuredmedia":[{"embeddable":true,"href":"https:\/\/www.aocfiberlink.com\/es\/wp-json\/wp\/v2\/media\/479"}],"wp:attachment":[{"href":"https:\/\/www.aocfiberlink.com\/es\/wp-json\/wp\/v2\/media?parent=478"}],"wp:term":[{"taxonomy":"product_brand","embeddable":true,"href":"https:\/\/www.aocfiberlink.com\/es\/wp-json\/wp\/v2\/product_brand?post=478"},{"taxonomy":"product_cat","embeddable":true,"href":"https:\/\/www.aocfiberlink.com\/es\/wp-json\/wp\/v2\/product_cat?post=478"},{"taxonomy":"product_tag","embeddable":true,"href":"https:\/\/www.aocfiberlink.com\/es\/wp-json\/wp\/v2\/product_tag?post=478"}],"curies":[{"name":"wp","href":"https:\/\/api.w.org\/{rel}","templated":true}]}}