{"id":492,"date":"2023-01-01T10:10:41","date_gmt":"2023-01-01T02:10:41","guid":{"rendered":"https:\/\/www.aocfiberlink.com\/?post_type=product&#038;p=492"},"modified":"2025-10-25T10:26:01","modified_gmt":"2025-10-25T02:26:01","slug":"retractil-4k-hdmi-2-0-aoc-carrete-cable-optico-activo-blindado-am-a-am-100m","status":"publish","type":"product","link":"https:\/\/www.aocfiberlink.com\/es\/product\/armored-4k-active-optical-hdmi-cable-roxtone-drum-100m\/","title":{"rendered":"Cable HDMI \u00f3ptico activo blindado 4K en tambor Roxtone-AM a AM-100m"},"content":{"rendered":"<p>La serie FHDC-20AA-XX <strong>Cable HDMI \u00f3ptico activo blindado 4K <\/strong>est\u00e1 dise\u00f1ado con una durabilidad de alta resistencia perfectamente adecuada para el uso m\u00e1s duro y el abuso que se espera de las aplicaciones de alquiler y de carretera. Este cable HDMI 4K blindado \u00f3ptico activo admite resoluciones de hasta 4K@60 (4:4:4) a 18 Gbps en tramos de cable largos de hasta 100 metros sin necesidad de una fuente de alimentaci\u00f3n externa ni extensores adicionales.<\/p>\n<p>Fabricados con cable de fibra \u00f3ptica h\u00edbrida de alta calidad (3 de fibra y 7 de cobre), los cables \u00f3pticos activos de fibra 4K HDMI 2.0 ofrecen capacidades de transmisi\u00f3n inigualables. Con una tasa de datos m\u00e1xima de 18 Gbps, estos cables ofrecen un rendimiento de alta velocidad, lo que garantiza una calidad visual impecable con resoluciones de hasta 4096 x 2160\/3840 x 2160 (4K) a se\u00f1ales de video de 60 Hz. Experimente el espectro completo de colores con 4: 4: 4 y disfrute de funciones mejoradas como HDR y eARC, todo sin p\u00e9rdida de se\u00f1al, incluso en largas distancias.<\/p>\n<p><strong>Caracter\u00edsticas destacadas:<\/strong><\/p>\n<ul>\n<li><strong>Reemplazo ideal<\/strong>para <a href=\"https:\/\/shop.klotz-ais.com\/foauhw.html\">Klotz FOAUHW050,FOAUHW075,FOAUHW100<\/a> y <a href=\"https:\/\/www1.kramerav.com\/Product\/CRS-PlugNView-H#Tab_Overview\">Kramer CRS-PlugNView-H<\/a> serie<\/li>\n<li class=\"text-th-primary-dark\"><strong>Dise\u00f1o retr\u00e1ctil y extremadamente duradero<\/strong>: Construcci\u00f3n duradera de aluminio\/acero por menos de 25 libras; Dise\u00f1o de marco apilable; tapas de protecci\u00f3n incluidas;<\/li>\n<li class=\"text-th-primary-dark\"><strong>Alta resoluci\u00f3n:<\/strong> Admite se\u00f1ales de video 4K@60Hz 4:4:4 hasta 150 metros para una experiencia de visualizaci\u00f3n de alta calidad.<\/li>\n<li class=\"text-th-primary-dark\"><strong>Alto ancho de banda<\/strong>: capacidad de 18 Gbps, lo que garantiza una transmisi\u00f3n r\u00e1pida y fiable de contenido multimedia<\/li>\n<li class=\"text-th-primary-dark\"><strong>Transmisi\u00f3n sin p\u00e9rdidas<\/strong>: ofrece im\u00e1genes de 4K a 60 Hz, VR y se\u00f1ales de visualizaci\u00f3n en 3D a largas distancias<\/li>\n<li class=\"text-th-primary-dark\"><strong>Tasa de actualizaci\u00f3n r\u00e1pida<\/strong>: 60 Hz a resoluci\u00f3n 4K para im\u00e1genes n\u00edtidas y n\u00edtidas; tasas m\u00e1s altas a resoluciones m\u00e1s bajas<\/li>\n<li class=\"text-th-primary-dark\"><strong>HDR din\u00e1mico<\/strong>: optimiza el contraste, la profundidad, el brillo y la gama de colores cuadro por cuadro<\/li>\n<li class=\"text-th-primary-dark\"><strong>eARC mejorado<\/strong>: Simplifica la conectividad y la optimizaci\u00f3n de audio para m\u00faltiples componentes<\/li>\n<li class=\"text-th-primary-dark\"><strong>Audio de alta calidad<\/strong>: admite hasta 192 kHz, 24 bits, 5.1 y 7.1 sin comprimir, formatos Dolby sin p\u00e9rdidas y audio de 32 canales<\/li>\n<li class=\"text-th-primary-dark\"><strong>VRR para juegos<\/strong>: Jugabilidad fluida con retraso, vibraci\u00f3n y desgarro de fotogramas m\u00ednimos<\/li>\n<li class=\"text-th-primary-dark\"><strong>Caracter\u00edsticas avanzadas<\/strong>: Admite EDID, funci\u00f3n de autodetecci\u00f3n, ALLM, QMS y QFT<\/li>\n<li class=\"text-th-primary-dark\"><strong>Construcci\u00f3n duradera<\/strong>: Carcasa de aleaci\u00f3n de zinc, conectores chapados en oro resistentes a la corrosi\u00f3n<\/li>\n<li class=\"text-th-primary-dark\"><strong>Resistencia EMI<\/strong>: Alta resistencia a las interferencias electromagn\u00e9ticas, lo que garantiza un entorno seguro y libre de radiaciones<\/li>\n<li class=\"text-th-primary-dark\"><strong>personalizable<\/strong>: Longitud m\u00e1xima de hasta 150 m (30 m m\u00e1x. para eARC), longitud personalizada, logotipo y empaque disponibles<\/li>\n<\/ul>\n<p><strong>Aplicaciones:<\/strong><\/p>\n<ul>\n<li>Alquiler y montaje<\/li>\n<li>Se\u00f1ales y monitores LED<\/li>\n<li>Equipo de im\u00e1genes m\u00e9dicas<\/li>\n<li>Estaci\u00f3n de radio y televisi\u00f3n<\/li>\n<\/ul>","protected":false},"excerpt":{"rendered":"<ul>\n<li>Dise\u00f1o retr\u00e1ctil y duradero en tambor de cable s\u00f3lido;<\/li>\n<li>Extienda se\u00f1ales de v\u00eddeo completas de 4096 x 2160 \/ 3840 x 2160 (4K) a 60 Hz 4:4:4 hasta 300 m (985 pies)<\/li>\n<li>Totalmente compatible con la especificaci\u00f3n HDMI 2.0, incluido eARC, relaci\u00f3n de aspecto 21:9 y m\u00e1s<\/li>\n<li>Compatible con PCM, DTS-HD Master y Dolby Digital True HD Surround Sound<\/li>\n<li>Perfil pr\u00e1cticamente cero EMI\/RFI para un rendimiento impecable<\/li>\n<li>Extremadamente duradero - integrado. acero inoxidable, tubo corrugado con protecci\u00f3n de refuerzo Kevlar<\/li>\n<li>Soporta HDCP 2.2\/EDID\/DDC\/CEC<\/li>\n<\/ul>","protected":false},"featured_media":493,"comment_status":"open","ping_status":"closed","template":"","meta":{"rs_blank_template":"","rs_page_bg_color":"","slide_template_v7":""},"product_brand":[],"product_cat":[488,37,24,108],"product_tag":[43,50,484,483,47,29,75,73,74],"class_list":{"0":"post-492","1":"product","2":"type-product","3":"status-publish","4":"has-post-thumbnail","6":"product_cat-solution-audio-visual","7":"product_cat-hdmi-2-0","8":"product_cat-optical-hdmi-cables","9":"product_cat-shop","10":"product_tag-active-hdmi-2-0-cable","11":"product_tag-active-optical-hdmi-2-0-cable","12":"product_tag-armored-4k-active-optical-hdmi-cable","13":"product_tag-armored-4k-hdmi-cable","14":"product_tag-hdmi-2-0-optical-cable","15":"product_tag-optical-hdmi-cable","16":"product_tag-retractable-active-optical-cables","17":"product_tag-retractable-hdmi-aoc-reel","18":"product_tag-retractable-hdmi-cable-reel","20":"first","21":"instock","22":"shipping-taxable","23":"product-type-simple"},"aioseo_notices":[],"_links":{"self":[{"href":"https:\/\/www.aocfiberlink.com\/es\/wp-json\/wp\/v2\/product\/492","targetHints":{"allow":["GET"]}}],"collection":[{"href":"https:\/\/www.aocfiberlink.com\/es\/wp-json\/wp\/v2\/product"}],"about":[{"href":"https:\/\/www.aocfiberlink.com\/es\/wp-json\/wp\/v2\/types\/product"}],"replies":[{"embeddable":true,"href":"https:\/\/www.aocfiberlink.com\/es\/wp-json\/wp\/v2\/comments?post=492"}],"wp:featuredmedia":[{"embeddable":true,"href":"https:\/\/www.aocfiberlink.com\/es\/wp-json\/wp\/v2\/media\/493"}],"wp:attachment":[{"href":"https:\/\/www.aocfiberlink.com\/es\/wp-json\/wp\/v2\/media?parent=492"}],"wp:term":[{"taxonomy":"product_brand","embeddable":true,"href":"https:\/\/www.aocfiberlink.com\/es\/wp-json\/wp\/v2\/product_brand?post=492"},{"taxonomy":"product_cat","embeddable":true,"href":"https:\/\/www.aocfiberlink.com\/es\/wp-json\/wp\/v2\/product_cat?post=492"},{"taxonomy":"product_tag","embeddable":true,"href":"https:\/\/www.aocfiberlink.com\/es\/wp-json\/wp\/v2\/product_tag?post=492"}],"curies":[{"name":"wp","href":"https:\/\/api.w.org\/{rel}","templated":true}]}}