{"id":558,"date":"2023-01-01T11:40:31","date_gmt":"2023-01-01T03:40:31","guid":{"rendered":"https:\/\/www.aocfiberlink.com\/?post_type=product&#038;p=558"},"modified":"2025-10-25T10:30:24","modified_gmt":"2025-10-25T02:30:24","slug":"detachable-dvi-to-hdmi-aoc-active-optical-cable-4k","status":"publish","type":"product","link":"https:\/\/www.aocfiberlink.com\/es\/producto\/dvi-hdmi-aoc-hybrid-active-optical-fiber-cable-10-2gbps-4k30hz\/","title":{"rendered":"Detachable DVI to HDMI AOC-Active Optical Cable-10.2Gbps 4K@30Hz"},"content":{"rendered":"<p>La serie FDVC-10VM-XX <strong>DVI to HDMI Active Optical Cables, <\/strong>tambi\u00e9n se conoce como DIV-HDMI AOC, cable \u00f3ptico activo DVI-HDMI, cable de fibra \u00f3ptica DVI-HDMI, cable DVI \u00f3ptico, cable DVI activo. Proporciona una conexi\u00f3n digital perfecta entre una fuente habilitada para DVI y una pantalla habilitada para HDMI, lo que permite una f\u00e1cil conectividad entre dispositivos. Ya sea que desee ver videos desde su computadora port\u00e1til en una pantalla m\u00e1s grande o conectar un dispositivo equipado con HDMI a una pantalla DVI, este DVI a HDMI AOC ofrece un rendimiento confiable y una transmisi\u00f3n de video de alta calidad.<\/p>\n<p>Experimente una calidad de video mejorada y entretenimiento inmersivo con el cable \u00f3ptico activo HDMI a DVI. Perfecto para entusiastas de los juegos y configuraciones de cine en casa, este cable le permite conectar HDMI a DVI y disfrutar de una experiencia de video superior en su dispositivo compatible. Ya sea que est\u00e9 jugando, transmitiendo o viendo pel\u00edculas, el HDMI a DVI AOC garantiza una experiencia visual perfecta e impresionante.<\/p>\n<p><strong>Caracter\u00edsticas destacadas:<\/strong><\/p>\n<ul>\n<li>Extiende WUXGA (1920 \u00d7 1200) a 60 Hz o 1080p a 60 Hz (36 bits, 3,4 Gbps\/canal)<\/li>\n<li>Interfaz DVI de un solo canal, admite un ancho de banda de hasta 10,2 Gbps<\/li>\n<li>M\u00e1s delgado, liviano y suave que el cable de cobre convencional<\/li>\n<li>Operado por fuente DVI sin alimentaci\u00f3n externa<\/li>\n<li>Transmite datos DVI hasta 100 m (328 pies) por cable h\u00edbrido \u00f3ptico<\/li>\n<li>Soporta transmisi\u00f3n de contenidos 3D<\/li>\n<li>Cumple con EDID, HDCP<\/li>\n<\/ul>\n<p><strong>Aplicaciones:<\/strong><\/p>\n<ul>\n<li>Se\u00f1alizaci\u00f3n digital<\/li>\n<li>Se\u00f1ales y monitores LED para estadios, hospitales, centros comerciales de env\u00edo<\/li>\n<li>Equipo de im\u00e1genes m\u00e9dicas<\/li>\n<li>Sistema de informaci\u00f3n de v\u00eddeo de embarque en el aeropuerto<\/li>\n<li>Cine en casa, Blu-ray, video 3D, proyector, decodificador, DVR, control de consola de juegos y conexi\u00f3n de monitor<\/li>\n<li>Estaci\u00f3n de radio y televisi\u00f3n<\/li>\n<li>Equipo de videoconferencia<\/li>\n<li>Sistema de monitoreo de seguridad<\/li>\n<\/ul>","protected":false},"excerpt":{"rendered":"<ul>\n<li>Transmisiones de larga distancia de hasta 100 m<\/li>\n<li>Admite hasta 10,2 Gbps<\/li>\n<li>Soporta resoluciones hasta 1080p y 4K2K<\/li>\n<li>No se necesita fuente de alimentaci\u00f3n externa<\/li>\n<li>Sin radiaci\u00f3n y altamente resistente a EMI<\/li>\n<li>Conector de fuente programable para almacenar informaci\u00f3n EDID<\/li>\n<\/ul>","protected":false},"featured_media":560,"comment_status":"open","ping_status":"closed","template":"","meta":[],"product_brand":[683],"product_cat":[488,89,37,24,493],"product_tag":[44,94,90,91,92,97,96,32,29],"class_list":{"0":"post-558","1":"product","2":"type-product","3":"status-publish","4":"has-post-thumbnail","6":"product_brand-aocfiberlink","7":"product_cat-solution-audio-visual","8":"product_cat-dvi-aoc","9":"product_cat-hdmi-2-0","10":"product_cat-optical-hdmi-cables","11":"product_cat-solution-smart-home","12":"product_tag-4k-hdmi-fiber-cable","13":"product_tag-active-dvi-cable","14":"product_tag-div-aoc","15":"product_tag-dvi-active-optical-cable","16":"product_tag-dvi-fiber-optical-cable","17":"product_tag-hdmi-2-0-fiber-cable","18":"product_tag-hdmi-aoc","19":"product_tag-hdmi-fiber-cable","20":"product_tag-optical-hdmi-cable","22":"first","23":"instock","24":"shipping-taxable","25":"product-type-simple"},"aioseo_notices":[],"_links":{"self":[{"href":"https:\/\/www.aocfiberlink.com\/es\/wp-json\/wp\/v2\/product\/558","targetHints":{"allow":["GET"]}}],"collection":[{"href":"https:\/\/www.aocfiberlink.com\/es\/wp-json\/wp\/v2\/product"}],"about":[{"href":"https:\/\/www.aocfiberlink.com\/es\/wp-json\/wp\/v2\/types\/product"}],"replies":[{"embeddable":true,"href":"https:\/\/www.aocfiberlink.com\/es\/wp-json\/wp\/v2\/comments?post=558"}],"wp:featuredmedia":[{"embeddable":true,"href":"https:\/\/www.aocfiberlink.com\/es\/wp-json\/wp\/v2\/media\/560"}],"wp:attachment":[{"href":"https:\/\/www.aocfiberlink.com\/es\/wp-json\/wp\/v2\/media?parent=558"}],"wp:term":[{"taxonomy":"product_brand","embeddable":true,"href":"https:\/\/www.aocfiberlink.com\/es\/wp-json\/wp\/v2\/product_brand?post=558"},{"taxonomy":"product_cat","embeddable":true,"href":"https:\/\/www.aocfiberlink.com\/es\/wp-json\/wp\/v2\/product_cat?post=558"},{"taxonomy":"product_tag","embeddable":true,"href":"https:\/\/www.aocfiberlink.com\/es\/wp-json\/wp\/v2\/product_tag?post=558"}],"curies":[{"name":"wp","href":"https:\/\/api.w.org\/{rel}","templated":true}]}}