{"id":711,"date":"2023-01-01T10:00:45","date_gmt":"2023-01-01T02:00:45","guid":{"rendered":"https:\/\/www.aocfiberlink.com\/?post_type=product&#038;p=711"},"modified":"2025-10-25T10:24:28","modified_gmt":"2025-10-25T02:24:28","slug":"retractil-4k-hdmi-2-0-aoc-carrete-cable-optico-activo-blindado-am-a-am-100m-2","status":"publish","type":"product","link":"https:\/\/www.aocfiberlink.com\/es\/product\/armored-8k-fiber-optic-hdmi-active-optical-cable-drum\/","title":{"rendered":"Cable \u00f3ptico activo HDMI 2.1 blindado de fibra \u00f3ptica 8K en tambor Roxtone PCD 310"},"content":{"rendered":"<p>La serie FHDC-21AA-XX <strong>Cables \u00f3pticos activos HDMI 2.1 blindados de fibra \u00f3ptica 8K <\/strong>se suministran con tapas protectoras y tambor Roxtone PCD 235 y PCD 310 port\u00e1til opcional. Son la alternativa ideal para sustituir a la #.<a href=\"https:\/\/shop.klotz-ais.com\/foauhw.html\">Klotz FOAUHW<\/a>, #<a href=\"https:\/\/www1.kramerav.com\/hk\/Product\/CRS-PlugNView-H\">Kramer CRS-PlugNView<\/a>,#<a href=\"https:\/\/www.bhphotovideo.com\/c\/product\/1672319-REG\/techlogix_networx_mofo_hd20st_100_mofo_media_over_fiber.html\">TechLogix Networx MOFO-HD20ST<\/a>, #<a href=\"https:\/\/tripplite.eaton.com\/armored-hdmi-active-optical-cable-aoc-on-reel-4k-60hz-hdr-18-gbps-waterproof-shell-cap-70m-230ft~P568FA70MWR\">Tripplite<\/a> #<a href=\"http:\/\/Eaton P568FA series Armored\">Cable HDMI \u00f3ptico blindado de alta velocidad serie P568FA de Eaton<\/a> en carrete de tambor port\u00e1til pero irrompible.<\/p>\n<p>Fabricados con cable de fibra \u00f3ptica h\u00edbrida de alta calidad (4 fibras y 7 cobres), los cables de fibra \u00f3ptica activa HDMI 2.1 8K est\u00e1n dise\u00f1ados para ampliar la distancia de transmisi\u00f3n entre la fuente de datos y los dispositivos de visualizaci\u00f3n con una longitud m\u00e1xima de 150 metros, lo que ofrece una capacidad de transmisi\u00f3n inigualable con una velocidad de datos m\u00e1xima de 48 Gbps. Estos cables de Fibra \u00d3ptica HDMI 2.1 AOC ofrecen un rendimiento de Ultra Alta Velocidad, garantizando una calidad visual pr\u00edstina con resoluciones de hasta UHD 8K\/60p y 4K\/120p.<\/p>\n<p><strong>Caracter\u00edsticas destacadas:<\/strong><\/p>\n<ul>\n<li><strong>Reemplazo ideal<\/strong>para las series Klotz FOAUHW,Kramer CRS-PlugNView,TechLogix Networx MOFO-HD20ST,Tripplite #Eaton P568FA<\/li>\n<li class=\"text-th-primary-dark\"><strong>Dise\u00f1o retr\u00e1ctil y extremadamente duradero<\/strong>: Construcci\u00f3n duradera de aluminio\/acero por menos de 25 libras; Dise\u00f1o de marco apilable; tapas de protecci\u00f3n incluidas;<\/li>\n<li><strong>Conforme<\/strong> con la especificaci\u00f3n HDMI 1.4, 2.0 y 2.1;<\/li>\n<li class=\"text-th-primary-dark\"><strong>Alta resoluci\u00f3n:<\/strong> Admite se\u00f1ales de v\u00eddeo UHD 8K\/60p y 4K\/120p 4:4:4 hasta 150 metros para disfrutar de una experiencia visual de alta calidad;<\/li>\n<li class=\"text-th-primary-dark\"><strong>Alto ancho de banda<\/strong>: Capacidad de 48 Gbps, que garantiza una transmisi\u00f3n r\u00e1pida y fiable de contenidos multimedia.<\/li>\n<li class=\"text-th-primary-dark\"><strong>Transmisi\u00f3n sin p\u00e9rdidas<\/strong>: Transmite se\u00f1ales de visualizaci\u00f3n 8K\/60p y 4K\/120p, RV y 3D a largas distancias<\/li>\n<li class=\"text-th-primary-dark\"><strong>Tasa de actualizaci\u00f3n r\u00e1pida<\/strong>60 Hz con resoluci\u00f3n UHD 8K para im\u00e1genes n\u00edtidas y definidas; frecuencias superiores con resoluciones inferiores<\/li>\n<li class=\"text-th-primary-dark\"><strong>HDR din\u00e1mico<\/strong>: optimiza el contraste, la profundidad, el brillo y la gama de colores cuadro por cuadro<\/li>\n<li class=\"text-th-primary-dark\"><strong>eARC mejorado<\/strong>: Simplifica la conectividad y la optimizaci\u00f3n de audio para m\u00faltiples componentes<\/li>\n<li class=\"text-th-primary-dark\"><strong>Audio de alta calidad<\/strong>: admite hasta 192 kHz, 24 bits, 5.1 y 7.1 sin comprimir, formatos Dolby sin p\u00e9rdidas y audio de 32 canales<\/li>\n<li class=\"text-th-primary-dark\"><strong>VRR para juegos<\/strong>: Jugabilidad fluida con retraso, vibraci\u00f3n y desgarro de fotogramas m\u00ednimos<\/li>\n<li class=\"text-th-primary-dark\"><strong>Caracter\u00edsticas avanzadas<\/strong>: Admite EDID, funci\u00f3n de autodetecci\u00f3n, ALLM, QMS y QFT<\/li>\n<li class=\"text-th-primary-dark\"><strong>Construcci\u00f3n duradera<\/strong>: Carcasa de aleaci\u00f3n de zinc, conectores chapados en oro resistentes a la corrosi\u00f3n<\/li>\n<li class=\"text-th-primary-dark\"><strong>Resistencia EMI<\/strong>: Alta resistencia a las interferencias electromagn\u00e9ticas, lo que garantiza un entorno seguro y libre de radiaciones<\/li>\n<li class=\"text-th-primary-dark\"><strong>personalizable<\/strong>: Longitud m\u00e1xima de hasta 150 m (30 m m\u00e1x. para eARC), longitud personalizada, logotipo y empaque disponibles<\/li>\n<\/ul>\n<p><strong>Aplicaciones:<\/strong><\/p>\n<ul>\n<li>Se\u00f1alizaci\u00f3n digital<\/li>\n<li>Se\u00f1ales y monitores LED para estadios, hospitales, centros comerciales de env\u00edo<\/li>\n<li>Equipo de im\u00e1genes m\u00e9dicas<\/li>\n<li>Sistema de informaci\u00f3n de v\u00eddeo de embarque en el aeropuerto<\/li>\n<li>Cine en casa, Blu-ray, video 3D, proyector, decodificador, DVR, control de consola de juegos y conexi\u00f3n de monitor<\/li>\n<li>Estaci\u00f3n de radio y televisi\u00f3n<\/li>\n<li>Equipo de videoconferencia<\/li>\n<li>Sistema de monitoreo de seguridad<\/li>\n<\/ul>","protected":false},"excerpt":{"rendered":"<ul>\n<li>Dise\u00f1o retr\u00e1ctil y duradero con tapas de protecci\u00f3n;<\/li>\n<li>Extienda se\u00f1ales de v\u00eddeo completas 7680 x 4320(8K), 4096 x 2160 (4K), 3840 x 2160 (2K) a 60 Hz 4:4:4 hasta 150 m (492 pies)<\/li>\n<li>Totalmente compatible con las especificaciones HDMI 1.4, 2.0 y 2.1, incluyendo eARC, relaci\u00f3n de aspecto 21:9 y m\u00e1s<\/li>\n<li>Compatible con PCM, DTS-HD Master y Dolby Digital True HD Surround Sound<\/li>\n<li>Perfil pr\u00e1cticamente cero EMI\/RFI para un rendimiento impecable<\/li>\n<li>El dise\u00f1o h\u00edbrido de fibra\/cobre no requiere alimentaci\u00f3n externa<\/li>\n<li>Soporta HDCP 2.2\/EDID\/DDC\/CEC<\/li>\n<li>Longitud personalizada de hasta 150 m<\/li>\n<\/ul>","protected":false},"featured_media":1090,"comment_status":"open","ping_status":"closed","template":"","meta":{"rs_blank_template":"","rs_page_bg_color":"","slide_template_v7":""},"product_brand":[],"product_cat":[488,38,76,24,108],"product_tag":[169,40,165,168,35,164,166,96,29,167],"class_list":{"0":"post-711","1":"product","2":"type-product","3":"status-publish","4":"has-post-thumbnail","6":"product_cat-solution-audio-visual","7":"product_cat-hdmi-2-1","8":"product_cat-hot-sellers","9":"product_cat-optical-hdmi-cables","10":"product_cat-shop","11":"product_tag-8k-hdmi-aoc","12":"product_tag-8k-hdmi-fiber-cable","13":"product_tag-active-optical-hdmi-2-1-cable","14":"product_tag-armored-8k-hdmi-2-1-cable","15":"product_tag-hdmi-2-1-aoc","16":"product_tag-hdmi-2-1-fiber","17":"product_tag-hdmi-2-1-optical-cable","18":"product_tag-hdmi-aoc","19":"product_tag-optical-hdmi-cable","20":"product_tag-tactical-hdmi-aoc","22":"first","23":"instock","24":"shipping-taxable","25":"product-type-simple"},"aioseo_notices":[],"_links":{"self":[{"href":"https:\/\/www.aocfiberlink.com\/es\/wp-json\/wp\/v2\/product\/711","targetHints":{"allow":["GET"]}}],"collection":[{"href":"https:\/\/www.aocfiberlink.com\/es\/wp-json\/wp\/v2\/product"}],"about":[{"href":"https:\/\/www.aocfiberlink.com\/es\/wp-json\/wp\/v2\/types\/product"}],"replies":[{"embeddable":true,"href":"https:\/\/www.aocfiberlink.com\/es\/wp-json\/wp\/v2\/comments?post=711"}],"wp:featuredmedia":[{"embeddable":true,"href":"https:\/\/www.aocfiberlink.com\/es\/wp-json\/wp\/v2\/media\/1090"}],"wp:attachment":[{"href":"https:\/\/www.aocfiberlink.com\/es\/wp-json\/wp\/v2\/media?parent=711"}],"wp:term":[{"taxonomy":"product_brand","embeddable":true,"href":"https:\/\/www.aocfiberlink.com\/es\/wp-json\/wp\/v2\/product_brand?post=711"},{"taxonomy":"product_cat","embeddable":true,"href":"https:\/\/www.aocfiberlink.com\/es\/wp-json\/wp\/v2\/product_cat?post=711"},{"taxonomy":"product_tag","embeddable":true,"href":"https:\/\/www.aocfiberlink.com\/es\/wp-json\/wp\/v2\/product_tag?post=711"}],"curies":[{"name":"wp","href":"https:\/\/api.w.org\/{rel}","templated":true}]}}