{"id":811,"date":"2024-07-17T10:08:51","date_gmt":"2024-07-17T02:08:51","guid":{"rendered":"https:\/\/www.aocfiberlink.com\/?post_type=product&#038;p=811"},"modified":"2025-07-30T07:36:10","modified_gmt":"2025-07-29T23:36:10","slug":"desmontable-hdmi-20-aoc-cable-optico-activo-2","status":"publish","type":"product","link":"https:\/\/www.aocfiberlink.com\/es\/product\/detachable-8k-active-optical-hdmi-cable-latching\/","title":{"rendered":"Detachable 8K Active Optical HDMI Cable,Latching,DM-DM,48Gbps"},"content":{"rendered":"<p>The FHDC-21DD-XX serires <strong>Detacbale 8K Hybrid Active Optical HDMI 2.1 Cables <\/strong>are also called HDMI 2.1 AOC, <a href=\"https:\/\/www.aocfiberlink.com\/es\/producto\/8k-active-optical-hdmi-2-1-fiber-cable-type-am-to-type-am-48gbps\/\">HDMI 2.1 Active Optical Cable<\/a>, <a href=\"https:\/\/www.aocfiberlink.com\/es\/producto\/bloqueo-hdmi-2-1-aoc-activo-cable-optico-blindado-8k60hz-48gbps\/\">Fiber Optic HDMI 2.1 Cable<\/a>, <a href=\"https:\/\/www.aocfiberlink.com\/es\/categoria-producto\/cables-hdmi-opticos\/\">Optical HDMI Cable<\/a>, Active HDMI Cable, Active Optical HDMI Cable.<\/p>\n<p>Construidos con acero inoxidable de alta calidad y cable de fibra \u00f3ptica h\u00edbrida reforzada (4 de fibra y 7 de cobre), los cables \u00f3pticos blindados HDMI 2.1 AOC-Active ofrecen una durabilidad y resiliencia excepcionales. Con una armadura resistente al aplastamiento capaz de soportar hasta 500 kg de fuerza, estos cables est\u00e1n dise\u00f1ados para entornos exigentes. La chaqueta de TPU de grado industrial proporciona un amplio rango de temperatura de funcionamiento (-40 \u2103 a +80 \u2103), lo que las hace perfectas para su uso en entornos desafiantes como cirug\u00edas m\u00e9dicas, alquiler de eventos en vivo, militares, a bordo, escenarios temporales o en cualquier lugar que requiera m\u00e1s tiempo. Cables HDMI en condiciones dif\u00edciles.<\/p>\n<p>The FHDC-21DD-XX series Detachable 8K Hybrid Active Optical HDMI 2.1 AOC Cables, transmit ultra-high-speed signals of up to 48Gbps and 8K@60Hz resolution, 4:4:4 color subsampling, HDR,eARC without any signal loss. These EMI-resistant Detachable Fiber Optic HDMI Cables, compliant with HDMI 2.1 specifications, deliver unparalleled visual quality with up to 8K resolution and a refresh rate of up to 144Hz. Immerse yourself in an exceptional entertainment and gaming experience. The optical solution ensures lossless transmission even over long distances, guaranteeing superior signal quality.<\/p>\n<p><strong>Caracter\u00edsticas destacadas:<\/strong><\/p>\n<ul>\n<li class=\"text-th-primary-dark\"><strong>Resoluci\u00f3n de alta calidad<\/strong>: Admite 8K a 60 Hz, 4K a 144 Hz, 4K a 120 Hz seg\u00fan las especificaciones de HDMI 2.1, compatible con versiones anteriores<\/li>\n<li class=\"text-th-primary-dark\"><strong>Alto ancho de banda<\/strong>: capacidad de 48 Gbps, compatible con versiones anteriores<\/li>\n<li class=\"text-th-primary-dark\"><strong>Transmisi\u00f3n sin p\u00e9rdidas<\/strong>: Ofrece im\u00e1genes de 8K@60Hz, VR y se\u00f1ales de pantalla 3D a largas distancias<\/li>\n<li class=\"text-th-primary-dark\"><strong>Tasa de actualizaci\u00f3n r\u00e1pida<\/strong>: 120 Hz a resoluci\u00f3n 4K para im\u00e1genes n\u00edtidas y n\u00edtidas; tasas m\u00e1s altas a resoluciones m\u00e1s bajas<\/li>\n<li class=\"text-th-primary-dark\"><strong>HDR din\u00e1mico<\/strong>: optimiza el contraste, la profundidad, el brillo y la gama de colores cuadro por cuadro<\/li>\n<li class=\"text-th-primary-dark\"><strong>eARC mejorado<\/strong>: Simplifica la conectividad y la optimizaci\u00f3n de audio para m\u00faltiples componentes<\/li>\n<li class=\"text-th-primary-dark\"><strong>Audio de alta calidad<\/strong>: admite hasta 192 kHz, 24 bits, 5.1 y 7.1 sin comprimir, formatos Dolby sin p\u00e9rdidas y audio de 32 canales<\/li>\n<li class=\"text-th-primary-dark\"><strong>VRR para juegos<\/strong>: Jugabilidad fluida con retraso, vibraci\u00f3n y desgarro de fotogramas m\u00ednimos<\/li>\n<li class=\"text-th-primary-dark\"><strong>Caracter\u00edsticas avanzadas<\/strong>: Admite EDID, funci\u00f3n de autodetecci\u00f3n, ALLM, QMS y QFT<\/li>\n<li class=\"text-th-primary-dark\"><strong>Construcci\u00f3n duradera<\/strong>: Carcasa de aleaci\u00f3n de zinc, conectores chapados en oro resistentes a la corrosi\u00f3n<\/li>\n<li class=\"text-th-primary-dark\"><strong>Resistencia EMI<\/strong>: Alta resistencia a las interferencias electromagn\u00e9ticas, lo que garantiza un entorno seguro y libre de radiaciones<\/li>\n<li class=\"text-th-primary-dark\"><strong>personalizable<\/strong>: Longitud m\u00e1xima de hasta 70 m (30 m m\u00e1x. para eARC), longitud personalizada, logotipo y embalaje disponibles<\/li>\n<\/ul>\n<p><strong>Aplicaciones:<\/strong><\/p>\n<ul>\n<li>Se\u00f1alizaci\u00f3n digital<\/li>\n<li>Se\u00f1ales y monitores LED para estadios, hospitales, centros comerciales de env\u00edo<\/li>\n<li>Equipo de im\u00e1genes m\u00e9dicas<\/li>\n<li>Sistema de informaci\u00f3n de v\u00eddeo de embarque en el aeropuerto<\/li>\n<li>Cine en casa, Blu-ray, video 3D, proyector, decodificador, DVR, control de consola de juegos y conexi\u00f3n de monitor<\/li>\n<li>Estaci\u00f3n de radio y televisi\u00f3n<\/li>\n<li>Equipo de videoconferencia<\/li>\n<li>Sistema de monitoreo de seguridad<\/li>\n<\/ul>","protected":false},"excerpt":{"rendered":"<ul>\n<li>Extend full 8K@60Hz, 4K@144Hz, 4K@120Hz as per HDMI 2.1 video signals up to 150m (492ft)<\/li>\n<li>Fully supports HDMI 2.1 spec, including eARC, 21:9 Aspect Ratio and more<\/li>\n<li>Compatible con PCM, DTS-HD Master y Dolby Digital True HD Surround Sound<\/li>\n<li>Perfil pr\u00e1cticamente cero EMI\/RFI para un rendimiento impecable<\/li>\n<li>El dise\u00f1o h\u00edbrido de fibra\/cobre no requiere alimentaci\u00f3n externa<\/li>\n<li>Soporta HDCP 2.2\/EDID\/DDC\/CEC<\/li>\n<\/ul>","protected":false},"featured_media":329,"comment_status":"open","ping_status":"closed","template":"","meta":{"rs_blank_template":"","rs_page_bg_color":"","slide_template_v7":""},"product_brand":[683],"product_cat":[488,489,490,38,76,24,108,493],"product_tag":[40,39,30,33,41,35,29],"class_list":{"0":"post-811","1":"product","2":"type-product","3":"status-publish","4":"has-post-thumbnail","6":"product_brand-aocfiberlink","7":"product_cat-solution-audio-visual","8":"product_cat-solution-education","9":"product_cat-solution-hd-conferences","10":"product_cat-hdmi-2-1","11":"product_cat-hot-sellers","12":"product_cat-optical-hdmi-cables","13":"product_cat-shop","14":"product_cat-solution-smart-home","15":"product_tag-8k-hdmi-fiber-cable","16":"product_tag-active-hdmi-2-1-cable","17":"product_tag-active-hdmi-cable","18":"product_tag-active-optical-hdmi-cable","19":"product_tag-fiber-optic-hdmi-2-1-cable","20":"product_tag-hdmi-2-1-aoc","21":"product_tag-optical-hdmi-cable","23":"first","24":"instock","25":"shipping-taxable","26":"product-type-simple"},"aioseo_notices":[],"_links":{"self":[{"href":"https:\/\/www.aocfiberlink.com\/es\/wp-json\/wp\/v2\/product\/811","targetHints":{"allow":["GET"]}}],"collection":[{"href":"https:\/\/www.aocfiberlink.com\/es\/wp-json\/wp\/v2\/product"}],"about":[{"href":"https:\/\/www.aocfiberlink.com\/es\/wp-json\/wp\/v2\/types\/product"}],"replies":[{"embeddable":true,"href":"https:\/\/www.aocfiberlink.com\/es\/wp-json\/wp\/v2\/comments?post=811"}],"wp:featuredmedia":[{"embeddable":true,"href":"https:\/\/www.aocfiberlink.com\/es\/wp-json\/wp\/v2\/media\/329"}],"wp:attachment":[{"href":"https:\/\/www.aocfiberlink.com\/es\/wp-json\/wp\/v2\/media?parent=811"}],"wp:term":[{"taxonomy":"product_brand","embeddable":true,"href":"https:\/\/www.aocfiberlink.com\/es\/wp-json\/wp\/v2\/product_brand?post=811"},{"taxonomy":"product_cat","embeddable":true,"href":"https:\/\/www.aocfiberlink.com\/es\/wp-json\/wp\/v2\/product_cat?post=811"},{"taxonomy":"product_tag","embeddable":true,"href":"https:\/\/www.aocfiberlink.com\/es\/wp-json\/wp\/v2\/product_tag?post=811"}],"curies":[{"name":"wp","href":"https:\/\/api.w.org\/{rel}","templated":true}]}}