{"id":963,"date":"2023-01-01T09:21:33","date_gmt":"2023-01-01T01:21:33","guid":{"rendered":"https:\/\/www.aocfiberlink.com\/?post_type=product&#038;p=963"},"modified":"2025-10-25T10:17:05","modified_gmt":"2025-10-25T02:17:05","slug":"retractil-4k-hdmi-2-0-aoc-carrete-cable-optico-activo-blindado-am-a-am-100m-4","status":"publish","type":"product","link":"https:\/\/www.aocfiberlink.com\/es\/product\/detachable-8k-fiber-optical-hdmi-mpo-cable-extender-kit\/","title":{"rendered":"Kit extensor de cable HDMI MPO de fibra \u00f3ptica 8K desmontable"},"content":{"rendered":"","protected":false},"excerpt":{"rendered":"<ul>\n<li>\u00a0Fuente HDMI 2.1 \/ Pantalla HDMI 2.1 Juego de terminaci\u00f3n<\/li>\n<li>\u00a04,9 pies \/ 1,5 Metros de largo - cada lado, longitud personalizada disponible;<\/li>\n<li>Transmisi\u00f3n de fibra \u00f3ptica pura para una conexi\u00f3n de v\u00eddeo y sonido sin errores ni ruidos en comparaci\u00f3n con el cable de cobre tradicional.<\/li>\n<li>Compatibilidad total con cualquier TMDS HDMI heredado hasta HDMI 2.1 FRL 48gigabit\/s a m\u00e1xima velocidad<\/li>\n<li>Compatibilidad total con cualquier HDCP heredado hasta HDCP 2.3 o superior<\/li>\n<li>Compatible con versiones anteriores de HDMI, como HDMI 1.3\/1.4\/2.0a\/2.0b<\/li>\n<li>Admite cualquier resoluci\u00f3n, incluida SD HD 3D 4K 8K 10k<\/li>\n<li>Admite todas las frecuencias de imagen, incluida 4K@30 4K@60 4K@120Hz 8K@60 (y variantes mundiales)<\/li>\n<li>Admite DSC 4K@240Hz<\/li>\n<li>Admite 4K@144Hz 4:4:4 sin compresi\u00f3n<\/li>\n<li>Full 4:4:4 HDR10+ sin comprimir (HDMI 2.1 est\u00e1ndar FRL 48gigabit a m\u00e1xima velocidad)<\/li>\n<li>Dolby Atmos, THX, TRUE-HD, audio basado en objetos, 5.1 y 7.1 sin comprimir, y audio de 32 canales sin comprimir<\/li>\n<li>HDMI 2.1 con todas las especificaciones, incluidos DSC, ALLM, QFT, QMS, VRR y HDR din\u00e1mico,<\/li>\n<\/ul>","protected":false},"featured_media":1029,"comment_status":"open","ping_status":"closed","template":"","meta":{"rs_blank_template":"","rs_page_bg_color":"","slide_template_v7":""},"product_brand":[],"product_cat":[488,38,76,492,24],"product_tag":[270,246,269,271,274,268,273,29,272],"class_list":{"0":"post-963","1":"product","2":"type-product","3":"status-publish","4":"has-post-thumbnail","6":"product_cat-solution-audio-visual","7":"product_cat-hdmi-2-1","8":"product_cat-hot-sellers","9":"product_cat-solution-medical","10":"product_cat-optical-hdmi-cables","11":"product_tag-8k-fiber-optical","12":"product_tag-8k-fiber-optical-hdmi","13":"product_tag-8k-hdmi-extender","14":"product_tag-fiber-optical-hdmi","15":"product_tag-fiber-optical-hdmi-2-1","16":"product_tag-hdmi-2-1-extender","17":"product_tag-hdmi-mpo-extender","18":"product_tag-optical-hdmi-cable","19":"product_tag-optical-hdmi-extender","21":"first","22":"instock","23":"shipping-taxable","24":"product-type-simple"},"aioseo_notices":[],"_links":{"self":[{"href":"https:\/\/www.aocfiberlink.com\/es\/wp-json\/wp\/v2\/product\/963","targetHints":{"allow":["GET"]}}],"collection":[{"href":"https:\/\/www.aocfiberlink.com\/es\/wp-json\/wp\/v2\/product"}],"about":[{"href":"https:\/\/www.aocfiberlink.com\/es\/wp-json\/wp\/v2\/types\/product"}],"replies":[{"embeddable":true,"href":"https:\/\/www.aocfiberlink.com\/es\/wp-json\/wp\/v2\/comments?post=963"}],"wp:featuredmedia":[{"embeddable":true,"href":"https:\/\/www.aocfiberlink.com\/es\/wp-json\/wp\/v2\/media\/1029"}],"wp:attachment":[{"href":"https:\/\/www.aocfiberlink.com\/es\/wp-json\/wp\/v2\/media?parent=963"}],"wp:term":[{"taxonomy":"product_brand","embeddable":true,"href":"https:\/\/www.aocfiberlink.com\/es\/wp-json\/wp\/v2\/product_brand?post=963"},{"taxonomy":"product_cat","embeddable":true,"href":"https:\/\/www.aocfiberlink.com\/es\/wp-json\/wp\/v2\/product_cat?post=963"},{"taxonomy":"product_tag","embeddable":true,"href":"https:\/\/www.aocfiberlink.com\/es\/wp-json\/wp\/v2\/product_tag?post=963"}],"curies":[{"name":"wp","href":"https:\/\/api.w.org\/{rel}","templated":true}]}}