{"id":3,"date":"2023-05-19T08:35:09","date_gmt":"2023-05-19T00:35:09","guid":{"rendered":"https:\/\/www.aocfiberlink.com\/?page_id=3"},"modified":"2023-09-22T17:36:33","modified_gmt":"2023-09-22T09:36:33","slug":"politique-de-confidentialite","status":"publish","type":"page","link":"https:\/\/www.aocfiberlink.com\/fr\/privacy-policy\/","title":{"rendered":"politique de confidentialit\u00e9"},"content":{"rendered":"<p><strong>Qui sommes-nous ?<\/strong><\/p>\n\n\n\n<p>L'adresse de notre site web est la suivante : https:\/\/www.aocfiberlink.com .<\/p>\n\n\n\n<p><strong>commentaire<\/strong><\/p>\n\n\n\n<p>Lorsque les visiteurs laissent des commentaires, nous recueillons les donn\u00e9es affich\u00e9es dans le formulaire de commentaire, ainsi que l'adresse IP du visiteur et la cha\u00eene de l'agent utilisateur du navigateur, afin de v\u00e9rifier s'il n'y a pas de spam.<\/p>\n\n\n\n<p>La cha\u00eene anonymis\u00e9e (\u00e9galement connue sous le nom de hash) g\u00e9n\u00e9r\u00e9e par votre adresse \u00e9lectronique peut \u00eatre fournie au service Gravatar pour confirmer que vous avez utilis\u00e9 le service. La politique de confidentialit\u00e9 du service Gravatar est la suivante : https:\/\/automattic.com\/privacy\/ . Une fois votre commentaire approuv\u00e9, votre image de profil sera affich\u00e9e publiquement \u00e0 c\u00f4t\u00e9 de votre commentaire.<\/p>\n\n\n\n<p><strong>m\u00e9dias<\/strong><\/p>\n\n\n\n<p>Si vous t\u00e9l\u00e9chargez des images sur ce site web, vous devez \u00e9viter de t\u00e9l\u00e9charger des images contenant des informations de localisation g\u00e9ographique (EXIF GPS). Les visiteurs de ce site web pourront t\u00e9l\u00e9charger et extraire des informations de localisation \u00e0 partir des images du site web.<\/p>\n\n\n\n<p><strong>Cookies<\/strong><\/p>\n\n\n\n<p>Si vous laissez un commentaire sur notre site web, vous pouvez choisir d'utiliser des cookies pour enregistrer votre nom, votre adresse \u00e9lectronique et l'adresse de votre site web. Cela vous permet d'\u00e9viter d'avoir \u00e0 remplir \u00e0 nouveau le contenu pertinent lors de la r\u00e9daction d'un commentaire. Ces cookies seront conserv\u00e9s pendant un an.<\/p>\n\n\n\n<p>Si vous visitez notre page de connexion, nous installerons un cookie temporaire pour confirmer que votre navigateur accepte les cookies. Ce cookie ne contient pas de donn\u00e9es personnelles et sera supprim\u00e9 lorsque vous fermerez le navigateur.<\/p>\n\n\n\n<p>Lorsque vous vous connectez, nous installons \u00e9galement plusieurs cookies pour enregistrer vos informations de connexion et les options d'affichage de l'\u00e9cran. Les cookies de connexion seront conserv\u00e9s pendant deux jours, tandis que les cookies d'options d'affichage d'\u00e9cran seront conserv\u00e9s pendant un an. Si vous choisissez l'option \u2018Se souvenir de moi\u2019, votre statut de connexion sera conserv\u00e9 pendant deux semaines. Si vous vous d\u00e9connectez de votre compte, les cookies utilis\u00e9s pour la connexion seront supprim\u00e9s.<\/p>\n\n\n\n<p>Si vous modifiez ou publiez un article, nous enregistrons un cookie suppl\u00e9mentaire dans votre navigateur. Ce cookie ne contient pas de donn\u00e9es personnelles et enregistre uniquement l'identifiant de l'article que vous venez de modifier. Ce cookie est conserv\u00e9 pendant un jour.<\/p>\n\n\n\n<p><strong>Contenu int\u00e9gr\u00e9 d'autres sites web<\/strong><\/p>\n\n\n\n<p>Les articles de ce site peuvent contenir des contenus int\u00e9gr\u00e9s (tels que des vid\u00e9os, des images, des articles, etc.). Le comportement des contenus int\u00e9gr\u00e9s provenant d'autres sites n'est pas diff\u00e9rent de l'acc\u00e8s direct \u00e0 ces autres sites.<\/p>\n\n\n\n<p>Ces sites peuvent collecter des donn\u00e9es vous concernant, utiliser des cookies, int\u00e9grer des programmes de suivi tiers suppl\u00e9mentaires et surveiller votre interaction avec le contenu int\u00e9gr\u00e9, notamment lorsque vous avez un compte sur ces sites et que vous vous y connectez.<\/p>\n\n\n\n<p><strong>Avec qui partageons-nous vos informations ?<\/strong><\/p>\n\n\n\n<p>Si vous demandez une r\u00e9initialisation de votre mot de passe, votre adresse IP sera incluse dans l'e-mail de r\u00e9initialisation du mot de passe.<\/p>\n\n\n\n<p><strong>Combien de temps conservons-nous vos informations ?<\/strong><\/p>\n\n\n\n<p>Si vous laissez un commentaire, celui-ci et ses m\u00e9tadonn\u00e9es seront sauvegard\u00e9s ind\u00e9finiment. Cela nous permet d'identifier et d'approuver automatiquement tout commentaire ult\u00e9rieur sans l'ajouter \u00e0 la file d'attente.<\/p>\n\n\n\n<p>Pour les utilisateurs enregistr\u00e9s de ce site web, nous enregistrons \u00e9galement les informations personnelles fournies par l'utilisateur dans son profil personnel. Tous les utilisateurs peuvent consulter, modifier ou supprimer leurs informations personnelles \u00e0 tout moment (\u00e0 l'exception de l'impossibilit\u00e9 de changer leur nom d'utilisateur), et les administrateurs du site peuvent \u00e9galement consulter et modifier ces informations.<\/p>\n\n\n\n<p><strong>Quels sont vos droits en mati\u00e8re d'information ?<\/strong><\/p>\n\n\n\n<p>Si vous avez un compte sur ce site ou si vous avez laiss\u00e9 un commentaire, vous pouvez nous demander de vous fournir un fichier d'exportation de vos donn\u00e9es personnelles que nous poss\u00e9dons, qui comprend toutes les donn\u00e9es que vous nous avez fournies. Vous pouvez \u00e9galement nous demander d'effacer toutes les donn\u00e9es \u00e0 caract\u00e8re personnel vous concernant. Cela n'inclut pas les donn\u00e9es que nous devons conserver pour des raisons de gestion, de r\u00e9glementation ou de s\u00e9curit\u00e9.<\/p>\n\n\n\n<p><strong>O\u00f9 vos donn\u00e9es seront-elles envoy\u00e9es ?<\/strong><\/p>\n\n\n\n<p>Les commentaires des visiteurs peuvent \u00eatre v\u00e9rifi\u00e9s par le service de surveillance automatique des spams.<\/p>\n\n\n\n<p>E-mail:<a href=\"https:\/\/www.aocfiberlink.com\/fr\/verifier\/\">sales@aocfiberlink.com<\/a><\/p>","protected":false},"excerpt":{"rendered":"<p>Who are we Our website address is: https:\/\/www.aocfiberlink.com . comment When visitors leave comments, we collect the data displayed in the comment form, as well as<span class=\"excerpt-hellip\"> [\u2026]<\/span><\/p>\n","protected":false},"author":1,"featured_media":0,"parent":0,"menu_order":0,"comment_status":"closed","ping_status":"open","template":"","meta":{"rs_blank_template":"","rs_page_bg_color":"","slide_template_v7":"","footnotes":""},"class_list":["post-3","page","type-page","status-publish","hentry"],"aioseo_notices":[],"_links":{"self":[{"href":"https:\/\/www.aocfiberlink.com\/fr\/wp-json\/wp\/v2\/pages\/3","targetHints":{"allow":["GET"]}}],"collection":[{"href":"https:\/\/www.aocfiberlink.com\/fr\/wp-json\/wp\/v2\/pages"}],"about":[{"href":"https:\/\/www.aocfiberlink.com\/fr\/wp-json\/wp\/v2\/types\/page"}],"author":[{"embeddable":true,"href":"https:\/\/www.aocfiberlink.com\/fr\/wp-json\/wp\/v2\/users\/1"}],"replies":[{"embeddable":true,"href":"https:\/\/www.aocfiberlink.com\/fr\/wp-json\/wp\/v2\/comments?post=3"}],"version-history":[{"count":0,"href":"https:\/\/www.aocfiberlink.com\/fr\/wp-json\/wp\/v2\/pages\/3\/revisions"}],"wp:attachment":[{"href":"https:\/\/www.aocfiberlink.com\/fr\/wp-json\/wp\/v2\/media?parent=3"}],"curies":[{"name":"wp","href":"https:\/\/api.w.org\/{rel}","templated":true}]}}