{"id":1096,"date":"2023-08-28T06:28:37","date_gmt":"2023-08-27T22:28:37","guid":{"rendered":"https:\/\/www.aocfiberlink.com\/?post_type=product&#038;p=1096"},"modified":"2025-07-08T11:11:16","modified_gmt":"2025-07-08T03:11:16","slug":"retractable-4k-hdmi-2-0-aoc-reel-armed-active-optical-cable-am-to-am-100m-7","status":"publish","type":"product","link":"https:\/\/www.aocfiberlink.com\/fr\/product\/armored-tactical-fiber-optic-cable-with-roxtone-pcd-reel-12lc\/","title":{"rendered":"C\u00e2ble tactique en fibre optique blind\u00e9 avec Roxtone PCD Reel-12 LC"},"content":{"rendered":"<h5>Stainless Steel Armored Tactical Fiber Optical Cable Reel- pre-terminated LC connectors on Roxtone PCD Cable Drum<\/h5>\n<p>Terminated with LC connectors, the FTCD sereis Stainless Steel Armored Tactical Fiber Cables are available in 4\/6\/8\/12\/24 cores and support both single-mode and multi-mode options, ensuring compatibility with various transmission requirements.<\/p>\n<ul>\n<li data-sourcepos=\"7:1-7:67\"><strong>Construit pour durer :<\/strong> La s\u00e9rie FTCD-OM324LC-XXXX offre des connexions par fibre optique fiables pour les environnements exigeants. Id\u00e9ale pour les r\u00e9seaux temporaires lors de concerts, festivals, etc.<\/li>\n<li data-sourcepos=\"8:1-8:44\"><strong>Durabilit\u00e9 de niveau militaire :<\/strong> Le c\u00e2ble arm\u00e9 en acier inoxydable r\u00e9siste aux conditions difficiles, d\u00e9passant la r\u00e9sistance de la fibre standard.<\/li>\n<li data-sourcepos=\"9:1-9:82\"><strong>D\u00e9ploiement flexible :<\/strong> La conception tr\u00e8s portable simplifie l'installation et l'enroulement pour des utilisations multiples. Parfait pour les organisateurs d'\u00e9v\u00e9nements et les services de location.<\/li>\n<li data-sourcepos=\"10:1-10:166\"><strong>Installation rapide et facile :<\/strong> Les connecteurs LC pr\u00e9termin\u00e9s et le tambour de c\u00e2ble Roxtone PCD assurent un d\u00e9ploiement rapide. Comprend des rallonges de tambour de stockage pour un acc\u00e8s facile.<\/li>\n<li data-sourcepos=\"11:1-12:0\"><strong>Port\u00e9e \u00e9tendue :<\/strong> Transmit data over long distances (up to 1,000 meters) with high-quality 4\/6\/8\/12\/24 SM or MM fiber.<\/li>\n<\/ul>\n<p data-sourcepos=\"13:1-13:17\"><strong>Caract\u00e9ristiques principales :<\/strong><\/p>\n<ul data-sourcepos=\"15:1-19:24\">\n<li data-sourcepos=\"15:1-15:51\">C\u00e2ble arm\u00e9 en acier inoxydable robuste<\/li>\n<li data-sourcepos=\"16:1-16:46\">Connecteurs LC pr\u00e9termin\u00e9s pour une installation rapide<\/li>\n<li data-sourcepos=\"17:1-17:48\">Tambour de c\u00e2ble incassable Roxtone PCD avec enrouleur<\/li>\n<li data-sourcepos=\"18:1-18:34\">R\u00e9sistance \u00e9lev\u00e9e aux chocs et \u00e0 l'\u00e9crasement<\/li>\n<li data-sourcepos=\"19:1-19:24\">Fonctionnement dans une large gamme de temp\u00e9ratures<\/li>\n<li data-sourcepos=\"20:1-20:47\">Frein \u00e0 inertie r\u00e9glable et rembobinage direct \u00e0 la manivelle<\/li>\n<li data-sourcepos=\"21:1-21:37\">Poign\u00e9e permanente pour faciliter le transport<\/li>\n<li data-sourcepos=\"22:1-23:0\">Comprend : C\u00e2ble en fibre OM3 \u00e0 24 fils, tambour de c\u00e2ble, capuchons en alliage de zinc<\/li>\n<\/ul>\n<p>Cet enrouleur tactique blind\u00e9 de c\u00e2ble \u00e0 fibre optique OM4 est livr\u00e9 avec les accessoires suivants :<\/p>\n<ul>\n<li>1x c\u00e2ble en fibre optique 24 fils, arm\u00e9 en acier inoxydable et gain\u00e9 de TPU, sur les deux terminaisons en tant qu'interfaces de jonction ;<\/li>\n<li>1x Roxtone PCD 235\/310\/380 tambour de c\u00e2ble portable mais incassable avec enrouleur ;<\/li>\n<\/ul>\n<p>Fabriqu\u00e9 \u00e0 partir d'un c\u00e2ble \u00e0 fibre optique pure OM4 de haute qualit\u00e9, cette bobine de c\u00e2ble \u00e0 fibre optique tactique OM3 est con\u00e7ue pour \u00e9tendre la distance de transmission entre la source de donn\u00e9es et les dispositifs d'affichage avec une longueur maximale de 1000 m\u00e8tres, ce qui offre des capacit\u00e9s de transmission in\u00e9gal\u00e9es.<\/p>\n<p data-sourcepos=\"24:1-24:17\"><strong>Applications:<\/strong><\/p>\n<p>These armored fiberr optical cables with reel are designed for durability and reliability in demanding environments such as:<\/p>\n<ul data-sourcepos=\"26:1-31:0\">\n<li data-sourcepos=\"26:1-26:44\">Production et diffusion vid\u00e9o \u00e0 distance<\/li>\n<li data-sourcepos=\"27:1-27:41\">D\u00e9ploiements sur le terrain dans des environnements difficiles<\/li>\n<li data-sourcepos=\"28:1-28:52\">Installations temporaires en r\u00e9seau (\u00e9v\u00e9nements, concerts)<\/li>\n<li data-sourcepos=\"29:1-29:20\">Zones \u00e0 fort trafic<\/li>\n<li data-sourcepos=\"30:1-31:0\">Applications de s\u00e9curit\u00e9 et de d\u00e9tection<\/li>\n<\/ul>\n<p data-sourcepos=\"39:1-39:21\"><strong>Remplacements pour :<\/strong><\/p>\n<ul data-sourcepos=\"41:1-45:0\">\n<li data-sourcepos=\"41:1-41:27\">#<a href=\"https:\/\/www.bhphotovideo.com\/c\/product\/1172060-REG\/tactical_fiber_systems_12lc1000tfr_tfs_duratac_stainless_steel.html\/specs\">BHphotovideo TA12LC1000TF<\/a><\/li>\n<li data-sourcepos=\"42:1-42:14\">#<a href=\"https:\/\/tacticalfiber.eu\/products.php?cat=12+Fiber+Armored+DuraTAC+Reels+-+12+LC+Connectors\">TFS DuraTAC<\/a><\/li>\n<li data-sourcepos=\"43:1-43:20\">#<a href=\"https:\/\/beetekav.com\/collections\/armored-multi-mode-cable\">S\u00e9rie Beetek G202<\/a><\/li>\n<li data-sourcepos=\"44:1-45:0\">#<a href=\"https:\/\/shop.klotz-ais.com\/fiber-optic-1\/fiberlink-cable-drum\/lc-lc-1.html\">Klotz Fiberlink Cable Drums LC-LC <\/a><\/li>\n<\/ul>","protected":false},"excerpt":{"rendered":"<p>-2\/4\/6\/8\/10\/12\/24 fiber counts with stainless steel armored protection on tactical fiber cable reel<\/p>\n<p>-10 times stronger stainless steel armored tactical fiber optic cable<\/p>\n<p>-Conception r\u00e9tractable et durable avec capuchons de protection ;<\/p>\n<p>-La construction tr\u00e8s flexible permet de multiples d\u00e9ploiements.<\/p>\n<p>-R\u00e9sistance \u00e9lev\u00e9e aux chocs et \u00e0 l'\u00e9crasement<\/p>\n<p>-Bande passante jusqu'\u00e0 100 Gbps<\/p>\n<p>-Longueur personnalis\u00e9e jusqu'\u00e0 1000m<\/p>","protected":false},"featured_media":2165,"comment_status":"open","ping_status":"closed","template":"","meta":{"rs_blank_template":"","rs_page_bg_color":"","slide_template_v7":""},"product_brand":[],"product_cat":[488,692,108],"product_tag":[688,689,690,403,397,405,408,407,400,399,406,691,409,396,393,398,404],"class_list":{"0":"post-1096","1":"product","2":"type-product","3":"status-publish","4":"has-post-thumbnail","6":"product_cat-solution-audio-visual","7":"product_cat-fiber-cable-assemblies","8":"product_cat-shop","9":"product_tag-armored-fiber-optic-cable","10":"product_tag-armored-fiber-reel","11":"product_tag-armored-fiber-system","12":"product_tag-armored-tactical-cable-drum","13":"product_tag-armored-tactical-fiber-optical-cable","14":"product_tag-klotz-cable-drum","15":"product_tag-klotz-fiber-cable","16":"product_tag-klotz-fiberlink-alternative","17":"product_tag-klotz-fiberlink-cable","18":"product_tag-klotz-fiberlink-drum","19":"product_tag-klotz-fiberlink-replacement","20":"product_tag-tactical-cable-reel","21":"product_tag-tactical-fiber-cable","22":"product_tag-tactical-fiber-optic-cable","23":"product_tag-tactical-fiber-optic-cable-reel","24":"product_tag-tactical-fiber-optical-cable-drum","25":"product_tag-tactical-fiber-systems","27":"first","28":"instock","29":"shipping-taxable","30":"product-type-simple"},"aioseo_notices":[],"_links":{"self":[{"href":"https:\/\/www.aocfiberlink.com\/fr\/wp-json\/wp\/v2\/product\/1096","targetHints":{"allow":["GET"]}}],"collection":[{"href":"https:\/\/www.aocfiberlink.com\/fr\/wp-json\/wp\/v2\/product"}],"about":[{"href":"https:\/\/www.aocfiberlink.com\/fr\/wp-json\/wp\/v2\/types\/product"}],"replies":[{"embeddable":true,"href":"https:\/\/www.aocfiberlink.com\/fr\/wp-json\/wp\/v2\/comments?post=1096"}],"wp:featuredmedia":[{"embeddable":true,"href":"https:\/\/www.aocfiberlink.com\/fr\/wp-json\/wp\/v2\/media\/2165"}],"wp:attachment":[{"href":"https:\/\/www.aocfiberlink.com\/fr\/wp-json\/wp\/v2\/media?parent=1096"}],"wp:term":[{"taxonomy":"product_brand","embeddable":true,"href":"https:\/\/www.aocfiberlink.com\/fr\/wp-json\/wp\/v2\/product_brand?post=1096"},{"taxonomy":"product_cat","embeddable":true,"href":"https:\/\/www.aocfiberlink.com\/fr\/wp-json\/wp\/v2\/product_cat?post=1096"},{"taxonomy":"product_tag","embeddable":true,"href":"https:\/\/www.aocfiberlink.com\/fr\/wp-json\/wp\/v2\/product_tag?post=1096"}],"curies":[{"name":"wp","href":"https:\/\/api.w.org\/{rel}","templated":true}]}}