{"id":1112,"date":"2023-01-01T09:38:47","date_gmt":"2023-01-01T01:38:47","guid":{"rendered":"https:\/\/www.aocfiberlink.com\/?post_type=product&#038;p=1112"},"modified":"2025-10-25T10:19:30","modified_gmt":"2025-10-25T02:19:30","slug":"cable-optique-actif-fibre-hdmi-4k-2","status":"publish","type":"product","link":"https:\/\/www.aocfiberlink.com\/fr\/product\/4k-fiber-optic-hdmi2-aoc-active-optical-cable\/","title":{"rendered":"C\u00e2ble optique actif 4K \u00e0 fibre optique HDMI2.0 AOC-AM \u00e0 AM"},"content":{"rendered":"<p>Fiber optic HDMI AOC cables far surpass the limitations of traditional copper cables by harnessing the power of light. These innovative cables transmit signals through pulses of light, resulting in superior performance across the board.<\/p>\n<p>Our FHDC-2002 <strong>18Gbps <\/strong><strong>4K Fiber Optic HDMI2.0 AOC-Active Optical Cables<\/strong>\u00a0are slimmer, lighter, and more flexible than their copper counterparts, while offering significantly higher bandwidth and longer transmission distances. Their immunity to electromagnetic interference ensures pristine signal quality, making them ideal for diverse applications, from home theaters to professional settings.<\/p>\n<p>AOCFiberlink is at the forefront of fiber optic HDMI cable technology. Our commitment to research and development, coupled with rigorous quality control, has enabled us to streamline manufacturing processes and deliver exceptional products. This dedication has solidified our position as a global leader in the fiber optic industry.<\/p>\n<p><strong>Caract\u00e9ristiques principales\u00a0:<\/strong><\/p>\n<ul>\n<li class=\"text-th-primary-dark\"><strong>R\u00e9solution de haute qualit\u00e9<\/strong>: Supports 4K@60Hz 4:4:4 video signals up to 300 meters for a high-quality viewing experience.<\/li>\n<li class=\"text-th-primary-dark\"><strong>Bande passante \u00e9lev\u00e9e<\/strong>: Capacit\u00e9 de 18 Gbps, assurant une transmission rapide et fiable du contenu multim\u00e9dia<\/li>\n<li class=\"text-th-primary-dark\"><strong>Transmission sans perte<\/strong>: Fournit des visuels 4K \u00e0 60 Hz, des signaux d&#039;affichage VR et 3D sur de longues distances<\/li>\n<li class=\"text-th-primary-dark\"><strong>Taux de rafra\u00eechissement rapide<\/strong>: 4K\/60Hz resolution for crisp, sharp images; higher rates at lower resolutions<\/li>\n<li class=\"text-th-primary-dark\"><strong>HDR dynamique<\/strong>: optimise le contraste, la profondeur, la luminosit\u00e9 et la gamme de couleurs image par image<\/li>\n<li class=\"text-th-primary-dark\"><strong>eARC am\u00e9lior\u00e9<\/strong>: Simplifie la connectivit\u00e9 et l&#039;optimisation audio pour plusieurs composants<\/li>\n<li class=\"text-th-primary-dark\"><strong>Audio de haute qualit\u00e9<\/strong>: Prend en charge jusqu&#039;\u00e0 192 kHz, 24 bits, 5.1 et 7.1 non compress\u00e9s, les formats Dolby sans perte et l&#039;audio 32 canaux<\/li>\n<li class=\"text-th-primary-dark\"><strong>VRR pour les jeux<\/strong>: Gameplay fluide avec un minimum de d\u00e9calage, de saccades et de d\u00e9chirure de cadre<\/li>\n<li class=\"text-th-primary-dark\"><strong>Fonctionnalit\u00e9s avanc\u00e9es<\/strong>: Prend en charge EDID, fonction d&#039;auto-d\u00e9tection, ALLM, QMS et QFT<\/li>\n<li class=\"text-th-primary-dark\"><strong>Construction durable<\/strong>: Bo\u00eetier en alliage de zinc, connecteurs plaqu\u00e9s or r\u00e9sistants \u00e0 la corrosion<\/li>\n<li class=\"text-th-primary-dark\"><strong>R\u00e9sistance EMI<\/strong>: Haute r\u00e9sistance aux interf\u00e9rences \u00e9lectromagn\u00e9tiques, assurant un environnement s\u00fbr et sans rayonnement<\/li>\n<li class=\"text-th-primary-dark\"><strong>Personnalisable<\/strong>: Up to 300m maximum length (30m max for ARC), custom length, logo, and packaging available<\/li>\n<\/ul>\n<p><strong>Applications:<\/strong><\/p>\n<ul>\n<li>Affichage num\u00e9rique<\/li>\n<li>Panneaux et moniteurs LED pour stades, h\u00f4pitaux, centres commerciaux<\/li>\n<li>Mat\u00e9riel d&#039;imagerie m\u00e9dicale<\/li>\n<li>Syst\u00e8me d&#039;information vid\u00e9o d&#039;embarquement \u00e0 l&#039;a\u00e9roport<\/li>\n<li>Cin\u00e9ma maison, Blu-ray, vid\u00e9o 3D, projecteur, d\u00e9codeur, DVR, contr\u00f4le de la console de jeu et connexion du moniteur<\/li>\n<li>Station de radio et de t\u00e9l\u00e9vision<\/li>\n<li>Mat\u00e9riel de visioconf\u00e9rence<\/li>\n<li>Syst\u00e8me de surveillance de la s\u00e9curit\u00e9<\/li>\n<\/ul>","protected":false},"excerpt":{"rendered":"<p>-Extension des signaux vid\u00e9o 4096 x 2160 \/ 3840 x 2160 (4K) \u00e0 60Hz 4:4:4 jusqu'\u00e0 300m (1000ft)<\/p>\n<p>-Enti\u00e8rement compatible avec les sp\u00e9cifications HDMI 2.0, y compris l'ARC, le rapport d'aspect 21:9, etc.<\/p>\n<p>-Compatible avec les formatsPCM, DTS-HD Master et Dolby Digital True HD Surround Sound<\/p>\n<p>-Profil EMI\/RFI pratiquement nul pour une performance sans faille<\/p>\n<p>-La conception hybride fibre\/cuivre ne n\u00e9cessite pas d'alimentation externe.<\/p>\n<p>-Prise en charge de HDCP 2.2 \/ EDID \/ DDC \/ CEC<\/p>","protected":false},"featured_media":1124,"comment_status":"open","ping_status":"closed","template":"","meta":{"rs_blank_template":"","rs_page_bg_color":"","slide_template_v7":""},"product_brand":[],"product_cat":[488,489,490,37,76,492,24,108,493],"product_tag":[45,421,429,42,44,43,30,430,426,298,424,31,431,422,46,47,425,423,427,428,29],"class_list":{"0":"post-1112","1":"product","2":"type-product","3":"status-publish","4":"has-post-thumbnail","6":"product_cat-solution-audio-visual","7":"product_cat-solution-education","8":"product_cat-solution-hd-conferences","9":"product_cat-hdmi-2-0","10":"product_cat-hot-sellers","11":"product_cat-solution-medical","12":"product_cat-optical-hdmi-cables","13":"product_cat-shop","14":"product_cat-solution-smart-home","15":"product_tag-4k-active-optical-cable","16":"product_tag-4k-fiber-optic-hdmi","17":"product_tag-4k-fiber-optic-hdmi-cable","18":"product_tag-4k-fiber-optical-cable","19":"product_tag-4k-hdmi-fiber-cable","20":"product_tag-active-hdmi-2-0-cable","21":"product_tag-active-hdmi-cable","22":"product_tag-best-fiber-optic-hdmi-cable","23":"product_tag-fiber-optic-cable-hdmi","24":"product_tag-fiber-optic-hdmi","25":"product_tag-fiber-optic-hdmi-aoc-cable","26":"product_tag-fiber-optic-hdmi-cable","27":"product_tag-fiber-optic-hdmi-cable-benefits","28":"product_tag-fiber-optic-hdmi2-0","29":"product_tag-hdmi-2-0-active-optical-cable","30":"product_tag-hdmi-2-0-optical-cable","31":"product_tag-hdmi-aoc-cable","32":"product_tag-hdmi2-0-aoc","33":"product_tag-high-speed-hdmi-cable","34":"product_tag-long-distance-hdmi-cable","35":"product_tag-optical-hdmi-cable","37":"first","38":"instock","39":"shipping-taxable","40":"product-type-variable"},"aioseo_notices":[],"_links":{"self":[{"href":"https:\/\/www.aocfiberlink.com\/fr\/wp-json\/wp\/v2\/product\/1112","targetHints":{"allow":["GET"]}}],"collection":[{"href":"https:\/\/www.aocfiberlink.com\/fr\/wp-json\/wp\/v2\/product"}],"about":[{"href":"https:\/\/www.aocfiberlink.com\/fr\/wp-json\/wp\/v2\/types\/product"}],"replies":[{"embeddable":true,"href":"https:\/\/www.aocfiberlink.com\/fr\/wp-json\/wp\/v2\/comments?post=1112"}],"wp:featuredmedia":[{"embeddable":true,"href":"https:\/\/www.aocfiberlink.com\/fr\/wp-json\/wp\/v2\/media\/1124"}],"wp:attachment":[{"href":"https:\/\/www.aocfiberlink.com\/fr\/wp-json\/wp\/v2\/media?parent=1112"}],"wp:term":[{"taxonomy":"product_brand","embeddable":true,"href":"https:\/\/www.aocfiberlink.com\/fr\/wp-json\/wp\/v2\/product_brand?post=1112"},{"taxonomy":"product_cat","embeddable":true,"href":"https:\/\/www.aocfiberlink.com\/fr\/wp-json\/wp\/v2\/product_cat?post=1112"},{"taxonomy":"product_tag","embeddable":true,"href":"https:\/\/www.aocfiberlink.com\/fr\/wp-json\/wp\/v2\/product_tag?post=1112"}],"curies":[{"name":"wp","href":"https:\/\/api.w.org\/{rel}","templated":true}]}}