{"id":1129,"date":"2023-01-02T10:00:00","date_gmt":"2023-01-02T02:00:00","guid":{"rendered":"https:\/\/www.aocfiberlink.com\/?post_type=product&#038;p=1129"},"modified":"2025-10-25T10:32:01","modified_gmt":"2025-10-25T02:32:01","slug":"cable-optique-actif-fibre-hdmi-4k-3","status":"publish","type":"product","link":"https:\/\/www.aocfiberlink.com\/fr\/product\/4k-active-fiber-optic-hdmi-cable-factory\/","title":{"rendered":"18Gbps 4K Active Fiber Optic HDMI Cable Factory Supply"},"content":{"rendered":"<p>Fiber Optic HDMI 4K Cables, also called 4K Active Fiber Optic HDMI Cables, far surpass the limitations of traditional copper cables by harnessing the power of light. These innovative cables transmit signals through pulses of light, resulting in superior performance across the board.<\/p>\n<p>Our FHDC-2003 <strong>18Gbps\u00a0<\/strong><strong>4K Support Active Optical HDMI Cables<\/strong>\u00a0are slimmer, lighter, and more flexible than their copper counterparts, while offering significantly higher bandwidth and longer transmission distances. Their immunity to electromagnetic interference ensures pristine signal quality, making them ideal for diverse applications, from home theaters to professional settings.<\/p>\n<p><a href=\"https:\/\/www.aocfiberlink.com\/fr\/\">AOCFiberlink<\/a> is at the forefront of fiber optic connectivity technology. Our commitment to research and development, coupled with rigorous quality control, has enabled us to streamline manufacturing processes and deliver exceptional products. This dedication has solidified our position as a global leader in the fiber optic industry.<\/p>\n<p><strong>Caract\u00e9ristiques principales\u00a0:<\/strong><\/p>\n<ul>\n<li class=\"text-th-primary-dark\"><strong>R\u00e9solution de haute qualit\u00e9<\/strong>: Supports 4K@60Hz 4:4:4 video signals up to 300 meters for a high-quality viewing experience.<\/li>\n<li class=\"text-th-primary-dark\"><strong>Bande passante \u00e9lev\u00e9e<\/strong>: Capacit\u00e9 de 18 Gbps, assurant une transmission rapide et fiable du contenu multim\u00e9dia<\/li>\n<li class=\"text-th-primary-dark\"><strong>Transmission sans perte<\/strong>: Fournit des visuels 4K \u00e0 60 Hz, des signaux d&#039;affichage VR et 3D sur de longues distances<\/li>\n<li class=\"text-th-primary-dark\"><strong>Taux de rafra\u00eechissement rapide<\/strong>: 6 Hz \u00e0 une r\u00e9solution 4K pour des images nettes et nettes ; taux plus \u00e9lev\u00e9s \u00e0 des r\u00e9solutions inf\u00e9rieures<\/li>\n<li class=\"text-th-primary-dark\"><strong>HDR dynamique<\/strong>: optimise le contraste, la profondeur, la luminosit\u00e9 et la gamme de couleurs image par image<\/li>\n<li class=\"text-th-primary-dark\"><strong>eARC am\u00e9lior\u00e9<\/strong>: Simplifie la connectivit\u00e9 et l&#039;optimisation audio pour plusieurs composants<\/li>\n<li class=\"text-th-primary-dark\"><strong>Audio de haute qualit\u00e9<\/strong>: Prend en charge jusqu&#039;\u00e0 192 kHz, 24 bits, 5.1 et 7.1 non compress\u00e9s, les formats Dolby sans perte et l&#039;audio 32 canaux<\/li>\n<li class=\"text-th-primary-dark\"><strong>VRR pour les jeux<\/strong>: Gameplay fluide avec un minimum de d\u00e9calage, de saccades et de d\u00e9chirure de cadre<\/li>\n<li class=\"text-th-primary-dark\"><strong>Fonctionnalit\u00e9s avanc\u00e9es<\/strong>: Prend en charge EDID, fonction d&#039;auto-d\u00e9tection, ALLM, QMS et QFT<\/li>\n<li class=\"text-th-primary-dark\"><strong>Construction durable<\/strong>: Bo\u00eetier en alliage de zinc, connecteurs plaqu\u00e9s or r\u00e9sistants \u00e0 la corrosion<\/li>\n<li class=\"text-th-primary-dark\"><strong>R\u00e9sistance EMI<\/strong>: Haute r\u00e9sistance aux interf\u00e9rences \u00e9lectromagn\u00e9tiques, assurant un environnement s\u00fbr et sans rayonnement<\/li>\n<li class=\"text-th-primary-dark\"><strong>Personnalisable<\/strong>: Up to 300m maximum length (30m max for eARC), custom length, logo, and packaging available<\/li>\n<\/ul>\n<p><strong>Applications:<\/strong><\/p>\n<ul>\n<li>Affichage num\u00e9rique<\/li>\n<li>Panneaux et moniteurs LED pour stades, h\u00f4pitaux, centres commerciaux<\/li>\n<li>Mat\u00e9riel d&#039;imagerie m\u00e9dicale<\/li>\n<li>Syst\u00e8me d&#039;information vid\u00e9o d&#039;embarquement \u00e0 l&#039;a\u00e9roport<\/li>\n<li>Cin\u00e9ma maison, Blu-ray, vid\u00e9o 3D, projecteur, d\u00e9codeur, DVR, contr\u00f4le de la console de jeu et connexion du moniteur<\/li>\n<li>Station de radio et de t\u00e9l\u00e9vision<\/li>\n<li>Mat\u00e9riel de visioconf\u00e9rence<\/li>\n<li>Syst\u00e8me de surveillance de la s\u00e9curit\u00e9<\/li>\n<\/ul>","protected":false},"excerpt":{"rendered":"<p>-Extension des signaux vid\u00e9o 4096 x 2160 \/ 3840 x 2160 (4K) \u00e0 60Hz 4:4:4 jusqu'\u00e0 300m (1000ft)<\/p>\n<p>-Fully supports HDMI 2.0 spec, including eARC, 21:9 Aspect Ratio and more<\/p>\n<p>-Compatible avec les formatsPCM, DTS-HD Master et Dolby Digital True HD Surround Sound<\/p>\n<p>-Profil EMI\/RFI pratiquement nul pour une performance sans faille<\/p>\n<p>-Hybrid Fiber\/Copper design requires no external power<\/p>\n<p>-Prise en charge de HDCP 2.2 \/ EDID \/ DDC \/ CEC<\/p>","protected":false},"featured_media":1140,"comment_status":"open","ping_status":"closed","template":"","meta":{"rs_blank_template":"","rs_page_bg_color":"","slide_template_v7":""},"product_brand":[],"product_cat":[488,489,490,37,24,108,493],"product_tag":[434,45,429,42,44,433,436,43,30,33,31,435,46,47,29],"class_list":{"0":"post-1129","1":"product","2":"type-product","3":"status-publish","4":"has-post-thumbnail","6":"product_cat-solution-audio-visual","7":"product_cat-solution-education","8":"product_cat-solution-hd-conferences","9":"product_cat-hdmi-2-0","10":"product_cat-optical-hdmi-cables","11":"product_cat-shop","12":"product_cat-solution-smart-home","13":"product_tag-4k-active-hdmi-cable","14":"product_tag-4k-active-optical-cable","15":"product_tag-4k-fiber-optic-hdmi-cable","16":"product_tag-4k-fiber-optical-cable","17":"product_tag-4k-hdmi-fiber-cable","18":"product_tag-active-fiber-optic-hdmi","19":"product_tag-active-fiber-optic-hdmi-cable-factory","20":"product_tag-active-hdmi-2-0-cable","21":"product_tag-active-hdmi-cable","22":"product_tag-active-optical-hdmi-cable","23":"product_tag-fiber-optic-hdmi-cable","24":"product_tag-fiber-optic-hdmi-cable-factory","25":"product_tag-hdmi-2-0-active-optical-cable","26":"product_tag-hdmi-2-0-optical-cable","27":"product_tag-optical-hdmi-cable","29":"first","30":"instock","31":"shipping-taxable","32":"product-type-variable"},"aioseo_notices":[],"_links":{"self":[{"href":"https:\/\/www.aocfiberlink.com\/fr\/wp-json\/wp\/v2\/product\/1129","targetHints":{"allow":["GET"]}}],"collection":[{"href":"https:\/\/www.aocfiberlink.com\/fr\/wp-json\/wp\/v2\/product"}],"about":[{"href":"https:\/\/www.aocfiberlink.com\/fr\/wp-json\/wp\/v2\/types\/product"}],"replies":[{"embeddable":true,"href":"https:\/\/www.aocfiberlink.com\/fr\/wp-json\/wp\/v2\/comments?post=1129"}],"wp:featuredmedia":[{"embeddable":true,"href":"https:\/\/www.aocfiberlink.com\/fr\/wp-json\/wp\/v2\/media\/1140"}],"wp:attachment":[{"href":"https:\/\/www.aocfiberlink.com\/fr\/wp-json\/wp\/v2\/media?parent=1129"}],"wp:term":[{"taxonomy":"product_brand","embeddable":true,"href":"https:\/\/www.aocfiberlink.com\/fr\/wp-json\/wp\/v2\/product_brand?post=1129"},{"taxonomy":"product_cat","embeddable":true,"href":"https:\/\/www.aocfiberlink.com\/fr\/wp-json\/wp\/v2\/product_cat?post=1129"},{"taxonomy":"product_tag","embeddable":true,"href":"https:\/\/www.aocfiberlink.com\/fr\/wp-json\/wp\/v2\/product_tag?post=1129"}],"curies":[{"name":"wp","href":"https:\/\/api.w.org\/{rel}","templated":true}]}}