{"id":1851,"date":"2023-01-01T09:30:06","date_gmt":"2023-01-01T01:30:06","guid":{"rendered":"https:\/\/www.aocfiberlink.com\/?post_type=product&#038;p=1851"},"modified":"2025-10-25T10:11:42","modified_gmt":"2025-10-25T02:11:42","slug":"8k-active-optical-hdmi-2-1-fiber-cable-type-am-to-type-am-48gbps-3","status":"publish","type":"product","link":"https:\/\/www.aocfiberlink.com\/fr\/product\/8k-hdmi2-fiber-optic-cable-100feet-4k-144hz\/","title":{"rendered":"C\u00e2ble \u00e0 fibre optique 8K HDMI2.1 100 pieds-4K\/144Hz-48Gbps"},"content":{"rendered":"<p data-sourcepos=\"11:1-11:308\">The FHDC-2105 series <strong>C\u00e2ble \u00e0 fibre optique HDMI 8K <\/strong>is the latest addition to our <a href=\"https:\/\/www.aocfiberlink.com\/fr\/categorie-produit\/cables-optiques-hdmi\/\">Fiber Optic <\/a><a href=\"https:\/\/www.aocfiberlink.com\/fr\/categorie-produit\/cables-optiques-hdmi\/\">8K HDMI <\/a><a href=\"https:\/\/www.aocfiberlink.com\/fr\/categorie-produit\/cables-optiques-hdmi\/\"> Cables family<\/a>.\u00a0 Unlike other 8K HDMI Fiber Optic Cables, the FHDC-2105 stands out with its plastic injection molding and sleek light sky blue aluminum alloy shell, combining elegance with advanced functionality. \u00a0This makes it not only a high-performance 8K HDMI Fiber Optic Cable, but also an aesthetically appealing choice for any setup.<\/p>\n<p><img loading=\"lazy\" decoding=\"async\" class=\"size-large wp-image-1736 aligncenter\" src=\"https:\/\/www.aocfiberlink.com\/wp-content\/uploads\/2024\/09\/8K-HDMI-2.1-Active-Fiber-Optical-Cables-Application-1024x437.png\" alt=\"Application des c\u00e2bles actifs \u00e0 fibre optique 8K HDMI 2.1\" width=\"1024\" height=\"437\" srcset=\"https:\/\/www.aocfiberlink.com\/wp-content\/uploads\/2024\/09\/8K-HDMI-2.1-Active-Fiber-Optical-Cables-Application-1024x437.png 1024w, https:\/\/www.aocfiberlink.com\/wp-content\/uploads\/2024\/09\/8K-HDMI-2.1-Active-Fiber-Optical-Cables-Application-300x128.png 300w, https:\/\/www.aocfiberlink.com\/wp-content\/uploads\/2024\/09\/8K-HDMI-2.1-Active-Fiber-Optical-Cables-Application-768x328.png 768w, https:\/\/www.aocfiberlink.com\/wp-content\/uploads\/2024\/09\/8K-HDMI-2.1-Active-Fiber-Optical-Cables-Application-18x8.png 18w, https:\/\/www.aocfiberlink.com\/wp-content\/uploads\/2024\/09\/8K-HDMI-2.1-Active-Fiber-Optical-Cables-Application-150x64.png 150w, https:\/\/www.aocfiberlink.com\/wp-content\/uploads\/2024\/09\/8K-HDMI-2.1-Active-Fiber-Optical-Cables-Application-480x205.png 480w, https:\/\/www.aocfiberlink.com\/wp-content\/uploads\/2024\/09\/8K-HDMI-2.1-Active-Fiber-Optical-Cables-Application-600x256.png 600w, https:\/\/www.aocfiberlink.com\/wp-content\/uploads\/2024\/09\/8K-HDMI-2.1-Active-Fiber-Optical-Cables-Application.png 1464w\" sizes=\"auto, (max-width:767px) 480px, (max-width:1024px) 100vw, 1024px\" \/><\/p>\n<p data-sourcepos=\"13:1-13:411\">The FHDC-2105 series 8K HDMI Fiber Optic Cables are produced with high-quality hybrid cables(YOFC OM3 Optical Fiber+Copper Wires), supporting\u00a0 full range of uncompressed HDMI 2.1 specification features, including 8K video, ARC, dynamic HDR, HDR 10, up to 48Gbps bandwidth, VRR, ALLM, QMS, QFT, 3D effect, etc. With up to 8K\/60Hz UHD resolution, 4K\/144Hz high refresh rate, and universal compatibility, the FHDC-2105 8K HDMI fiber optic cable is ideal for home theater, TV broadcasting station, gaming, projectors,media servers\u00a0 and other applications for 8K UHD video over long distances up to 150m\/500ft, with no signal loss or delay.<\/p>\n<p><img loading=\"lazy\" decoding=\"async\" class=\"alignright wp-image-1852\" src=\"https:\/\/www.aocfiberlink.com\/wp-content\/uploads\/2024\/11\/8K-HDMI-Fiber-Optic-Cable.jpg\" alt=\"C\u00e2ble HDMI 8K \u00e0 fibre optique-FHDC-2105-AOCFiberlink\" width=\"500\" height=\"500\" srcset=\"https:\/\/www.aocfiberlink.com\/wp-content\/uploads\/2024\/11\/8K-HDMI-Fiber-Optic-Cable.jpg 800w, https:\/\/www.aocfiberlink.com\/wp-content\/uploads\/2024\/11\/8K-HDMI-Fiber-Optic-Cable-300x300.jpg 300w, https:\/\/www.aocfiberlink.com\/wp-content\/uploads\/2024\/11\/8K-HDMI-Fiber-Optic-Cable-150x150.jpg 150w, https:\/\/www.aocfiberlink.com\/wp-content\/uploads\/2024\/11\/8K-HDMI-Fiber-Optic-Cable-768x768.jpg 768w, https:\/\/www.aocfiberlink.com\/wp-content\/uploads\/2024\/11\/8K-HDMI-Fiber-Optic-Cable-12x12.jpg 12w, https:\/\/www.aocfiberlink.com\/wp-content\/uploads\/2024\/11\/8K-HDMI-Fiber-Optic-Cable-75x75.jpg 75w, https:\/\/www.aocfiberlink.com\/wp-content\/uploads\/2024\/11\/8K-HDMI-Fiber-Optic-Cable-480x480.jpg 480w, https:\/\/www.aocfiberlink.com\/wp-content\/uploads\/2024\/11\/8K-HDMI-Fiber-Optic-Cable-500x500.jpg 500w, https:\/\/www.aocfiberlink.com\/wp-content\/uploads\/2024\/11\/8K-HDMI-Fiber-Optic-Cable-600x600.jpg 600w\" sizes=\"auto, (max-width:767px) 480px, 500px\" \/><\/p>\n<p><strong>Caract\u00e9ristiques principales\u00a0:<\/strong><\/p>\n<ul>\n<li><strong>UHD Resolution<\/strong>: Supports latest HDMI 2.1 specifications for 8K@60Hz, 4K@144Hz, backward compatible<\/li>\n<li class=\"text-th-primary-dark\"><strong>Bande passante \u00e9lev\u00e9e<\/strong>: 48Gbps capacity, no signal loss, no latency<\/li>\n<li class=\"text-th-primary-dark\"><strong>Transmission sans perte<\/strong>: Delivers 8K@60Hz visuals, VR, and 3D display signals up to 300m\/1000ft<\/li>\n<li class=\"text-th-primary-dark\"><strong>Taux de rafra\u00eechissement rapide<\/strong>: 144Hz\/120Hz at 4K resolution for crisp, sharp images; higher rates at lower resolutions<\/li>\n<li class=\"text-th-primary-dark\"><strong>HDR dynamique<\/strong>: optimise le contraste, la profondeur, la luminosit\u00e9 et la gamme de couleurs image par image<\/li>\n<li class=\"text-th-primary-dark\"><strong>Audio de haute qualit\u00e9<\/strong>: Prend en charge jusqu&#039;\u00e0 192 kHz, 24 bits, 5.1 et 7.1 non compress\u00e9s, les formats Dolby sans perte et l&#039;audio 32 canaux<\/li>\n<li class=\"text-th-primary-dark\"><strong>VRR pour les jeux<\/strong>: Gameplay fluide avec un minimum de d\u00e9calage, de saccades et de d\u00e9chirure de cadre<\/li>\n<li class=\"text-th-primary-dark\"><strong>Fonctionnalit\u00e9s avanc\u00e9es<\/strong>: Prend en charge EDID, fonction d&#039;auto-d\u00e9tection, ALLM, QMS et QFT<\/li>\n<li class=\"text-th-primary-dark\"><strong>Construction durable<\/strong>: Aluminum-alloy housing, corrosion-resistant gold-plated connectors<\/li>\n<li class=\"text-th-primary-dark\"><strong>R\u00e9sistance EMI<\/strong>: Haute r\u00e9sistance aux interf\u00e9rences \u00e9lectromagn\u00e9tiques, assurant un environnement s\u00fbr et sans rayonnement<\/li>\n<li class=\"text-th-primary-dark\"><strong>Personnalisable<\/strong>: Up to 150m\/500ft maximum length, custom length, logo, and packaging available<\/li>\n<\/ul>\n<p><strong>How we guarantee the quality:<\/strong><\/p>\n<table>\n<thead>\n<tr>\n<th><img loading=\"lazy\" decoding=\"async\" class=\"alignright wp-image-1092\" src=\"https:\/\/www.aocfiberlink.com\/wp-content\/uploads\/2024\/07\/mmexport1720791534742.jpg\" alt=\"8K Fiber Optic HDMI 2.1 Cable-AOCFiberlink\" width=\"700\" height=\"700\" srcset=\"https:\/\/www.aocfiberlink.com\/wp-content\/uploads\/2024\/07\/mmexport1720791534742.jpg 1000w, https:\/\/www.aocfiberlink.com\/wp-content\/uploads\/2024\/07\/mmexport1720791534742-300x300.jpg 300w, https:\/\/www.aocfiberlink.com\/wp-content\/uploads\/2024\/07\/mmexport1720791534742-150x150.jpg 150w, https:\/\/www.aocfiberlink.com\/wp-content\/uploads\/2024\/07\/mmexport1720791534742-768x768.jpg 768w, https:\/\/www.aocfiberlink.com\/wp-content\/uploads\/2024\/07\/mmexport1720791534742-12x12.jpg 12w, https:\/\/www.aocfiberlink.com\/wp-content\/uploads\/2024\/07\/mmexport1720791534742-75x75.jpg 75w, https:\/\/www.aocfiberlink.com\/wp-content\/uploads\/2024\/07\/mmexport1720791534742-480x480.jpg 480w, https:\/\/www.aocfiberlink.com\/wp-content\/uploads\/2024\/07\/mmexport1720791534742-500x500.jpg 500w, https:\/\/www.aocfiberlink.com\/wp-content\/uploads\/2024\/07\/mmexport1720791534742-600x600.jpg 600w\" sizes=\"auto, (max-width:767px) 480px, 700px\" \/><\/th>\n<th><\/th>\n<th>\n<h2 class=\"sc-gXfVKN hOTIIO pf-162_\" style=\"text-align: left;\" data-pf-type=\"Heading\">German Silicon-Line Chipset<\/h2>\n<\/th>\n<\/tr>\n<\/thead>\n<tbody>\n<tr>\n<td>\n<h2 class=\"sc-gXfVKN hOTIIO pf-162_\" style=\"text-align: right;\" data-pf-type=\"Heading\">Dust-free Workshop<\/h2>\n<\/td>\n<td><\/td>\n<td><img loading=\"lazy\" decoding=\"async\" class=\"wp-image-1444\" src=\"https:\/\/www.aocfiberlink.com\/wp-content\/uploads\/2024\/10\/HDMI-AOC-Factory-COB1200-1024x597.jpg\" alt=\"China 8K Fiber Optic HDMI AOC Factory-COB1200\" width=\"700\" height=\"408\" srcset=\"https:\/\/www.aocfiberlink.com\/wp-content\/uploads\/2024\/10\/HDMI-AOC-Factory-COB1200-1024x597.jpg 1024w, https:\/\/www.aocfiberlink.com\/wp-content\/uploads\/2024\/10\/HDMI-AOC-Factory-COB1200-300x175.jpg 300w, https:\/\/www.aocfiberlink.com\/wp-content\/uploads\/2024\/10\/HDMI-AOC-Factory-COB1200-768x448.jpg 768w, https:\/\/www.aocfiberlink.com\/wp-content\/uploads\/2024\/10\/HDMI-AOC-Factory-COB1200-129x75.jpg 129w, https:\/\/www.aocfiberlink.com\/wp-content\/uploads\/2024\/10\/HDMI-AOC-Factory-COB1200-480x280.jpg 480w, https:\/\/www.aocfiberlink.com\/wp-content\/uploads\/2024\/10\/HDMI-AOC-Factory-COB1200-600x350.jpg 600w, https:\/\/www.aocfiberlink.com\/wp-content\/uploads\/2024\/10\/HDMI-AOC-Factory-COB1200.jpg 1200w\" sizes=\"auto, (max-width:767px) 480px, 700px\" \/><\/td>\n<\/tr>\n<tr>\n<td><img loading=\"lazy\" decoding=\"async\" class=\"alignright wp-image-1857\" src=\"https:\/\/www.aocfiberlink.com\/wp-content\/uploads\/2024\/11\/8K-HDMI-Fiber-Optic-Cable-Structure-2.jpg\" alt=\"8KFiber Optic HDMI 2.1 Cable Structure-AOCFiberlink\" width=\"701\" height=\"701\" srcset=\"https:\/\/www.aocfiberlink.com\/wp-content\/uploads\/2024\/11\/8K-HDMI-Fiber-Optic-Cable-Structure-2.jpg 800w, https:\/\/www.aocfiberlink.com\/wp-content\/uploads\/2024\/11\/8K-HDMI-Fiber-Optic-Cable-Structure-2-300x300.jpg 300w, https:\/\/www.aocfiberlink.com\/wp-content\/uploads\/2024\/11\/8K-HDMI-Fiber-Optic-Cable-Structure-2-150x150.jpg 150w, https:\/\/www.aocfiberlink.com\/wp-content\/uploads\/2024\/11\/8K-HDMI-Fiber-Optic-Cable-Structure-2-768x768.jpg 768w, https:\/\/www.aocfiberlink.com\/wp-content\/uploads\/2024\/11\/8K-HDMI-Fiber-Optic-Cable-Structure-2-12x12.jpg 12w, https:\/\/www.aocfiberlink.com\/wp-content\/uploads\/2024\/11\/8K-HDMI-Fiber-Optic-Cable-Structure-2-75x75.jpg 75w, https:\/\/www.aocfiberlink.com\/wp-content\/uploads\/2024\/11\/8K-HDMI-Fiber-Optic-Cable-Structure-2-480x480.jpg 480w, https:\/\/www.aocfiberlink.com\/wp-content\/uploads\/2024\/11\/8K-HDMI-Fiber-Optic-Cable-Structure-2-500x500.jpg 500w, https:\/\/www.aocfiberlink.com\/wp-content\/uploads\/2024\/11\/8K-HDMI-Fiber-Optic-Cable-Structure-2-600x600.jpg 600w\" sizes=\"auto, (max-width:767px) 480px, 701px\" \/><\/td>\n<td><\/td>\n<td>\n<h2 class=\"sc-gXfVKN hOTIIO pf-162_\" style=\"text-align: left;\" data-pf-type=\"Heading\">Premium Hybrid Cable<\/h2>\n<\/td>\n<\/tr>\n<\/tbody>\n<\/table>\n<table>\n<thead>\n<tr>\n<th>\n<h2 class=\"sc-gXfVKN hOTIIO pf-162_\" style=\"text-align: right;\" data-pf-type=\"Heading\"><span class=\"sc-eGJWMs gQYBcx pf-164_\" data-pf-type=\"Text\">Strict Quality Test<\/span><\/h2>\n<\/th>\n<th><\/th>\n<th><img loading=\"lazy\" decoding=\"async\" class=\"alignright wp-image-1858\" src=\"https:\/\/www.aocfiberlink.com\/wp-content\/uploads\/2024\/11\/8K-HDMI-Fiber-Optic-Cable-Factory-Testing.jpg\" alt=\"8K HDMI Fiber Optic Cable Factory Testing\" width=\"700\" height=\"700\" srcset=\"https:\/\/www.aocfiberlink.com\/wp-content\/uploads\/2024\/11\/8K-HDMI-Fiber-Optic-Cable-Factory-Testing.jpg 800w, https:\/\/www.aocfiberlink.com\/wp-content\/uploads\/2024\/11\/8K-HDMI-Fiber-Optic-Cable-Factory-Testing-300x300.jpg 300w, https:\/\/www.aocfiberlink.com\/wp-content\/uploads\/2024\/11\/8K-HDMI-Fiber-Optic-Cable-Factory-Testing-150x150.jpg 150w, https:\/\/www.aocfiberlink.com\/wp-content\/uploads\/2024\/11\/8K-HDMI-Fiber-Optic-Cable-Factory-Testing-768x768.jpg 768w, https:\/\/www.aocfiberlink.com\/wp-content\/uploads\/2024\/11\/8K-HDMI-Fiber-Optic-Cable-Factory-Testing-12x12.jpg 12w, https:\/\/www.aocfiberlink.com\/wp-content\/uploads\/2024\/11\/8K-HDMI-Fiber-Optic-Cable-Factory-Testing-75x75.jpg 75w, https:\/\/www.aocfiberlink.com\/wp-content\/uploads\/2024\/11\/8K-HDMI-Fiber-Optic-Cable-Factory-Testing-480x480.jpg 480w, https:\/\/www.aocfiberlink.com\/wp-content\/uploads\/2024\/11\/8K-HDMI-Fiber-Optic-Cable-Factory-Testing-500x500.jpg 500w, https:\/\/www.aocfiberlink.com\/wp-content\/uploads\/2024\/11\/8K-HDMI-Fiber-Optic-Cable-Factory-Testing-600x600.jpg 600w\" sizes=\"auto, (max-width:767px) 480px, 700px\" \/><\/th>\n<\/tr>\n<\/thead>\n<tbody>\n<tr>\n<td><img loading=\"lazy\" decoding=\"async\" class=\"alignright wp-image-1854\" style=\"font-weight: bold; text-align: center;\" src=\"https:\/\/www.aocfiberlink.com\/wp-content\/uploads\/2024\/11\/8K-Fiber-Optic-HDMI-Cable-843x1024.jpg\" alt=\"8K Fiber Optic HDMI Cable-FHDC-2105-AOCFiberlink\" width=\"700\" height=\"850\" srcset=\"https:\/\/www.aocfiberlink.com\/wp-content\/uploads\/2024\/11\/8K-Fiber-Optic-HDMI-Cable-843x1024.jpg 843w, https:\/\/www.aocfiberlink.com\/wp-content\/uploads\/2024\/11\/8K-Fiber-Optic-HDMI-Cable-247x300.jpg 247w, https:\/\/www.aocfiberlink.com\/wp-content\/uploads\/2024\/11\/8K-Fiber-Optic-HDMI-Cable-768x933.jpg 768w, https:\/\/www.aocfiberlink.com\/wp-content\/uploads\/2024\/11\/8K-Fiber-Optic-HDMI-Cable-10x12.jpg 10w, https:\/\/www.aocfiberlink.com\/wp-content\/uploads\/2024\/11\/8K-Fiber-Optic-HDMI-Cable-62x75.jpg 62w, https:\/\/www.aocfiberlink.com\/wp-content\/uploads\/2024\/11\/8K-Fiber-Optic-HDMI-Cable-480x583.jpg 480w, https:\/\/www.aocfiberlink.com\/wp-content\/uploads\/2024\/11\/8K-Fiber-Optic-HDMI-Cable-600x729.jpg 600w, https:\/\/www.aocfiberlink.com\/wp-content\/uploads\/2024\/11\/8K-Fiber-Optic-HDMI-Cable.jpg 1200w\" sizes=\"auto, (max-width:767px) 480px, 700px\" \/><\/td>\n<td><\/td>\n<td>\n<h2 class=\"sc-gXfVKN hOTIIO pf-162_\" style=\"text-align: left;\" data-pf-type=\"Heading\"><span class=\"sc-eGJWMs gQYBcx pf-164_\" data-pf-type=\"Text\">48Gbps 8K HDMI 2.1 UHD Video<\/span><\/h2>\n<\/td>\n<\/tr>\n<tr>\n<td>\n<h2 class=\"sc-gXfVKN hOTIIO pf-223_\" style=\"text-align: right;\" data-pf-type=\"Heading\"><span class=\"sc-eGJWMs gQYBcx pf-225_\" data-pf-type=\"Text\">Enjoy Immersive eARC Audio<\/span><\/h2>\n<\/td>\n<td><\/td>\n<td><img loading=\"lazy\" decoding=\"async\" class=\"alignright wp-image-1855\" src=\"https:\/\/www.aocfiberlink.com\/wp-content\/uploads\/2024\/11\/8K-HDMI-Fiber-Optic-eARC-Audio-AOCFiberlink-843x1024.jpg\" alt=\"8K HDMI Fiber Optic-eARC Audio-AOCFiberlink\" width=\"695\" height=\"844\" srcset=\"https:\/\/www.aocfiberlink.com\/wp-content\/uploads\/2024\/11\/8K-HDMI-Fiber-Optic-eARC-Audio-AOCFiberlink-843x1024.jpg 843w, https:\/\/www.aocfiberlink.com\/wp-content\/uploads\/2024\/11\/8K-HDMI-Fiber-Optic-eARC-Audio-AOCFiberlink-247x300.jpg 247w, https:\/\/www.aocfiberlink.com\/wp-content\/uploads\/2024\/11\/8K-HDMI-Fiber-Optic-eARC-Audio-AOCFiberlink-768x932.jpg 768w, https:\/\/www.aocfiberlink.com\/wp-content\/uploads\/2024\/11\/8K-HDMI-Fiber-Optic-eARC-Audio-AOCFiberlink-10x12.jpg 10w, https:\/\/www.aocfiberlink.com\/wp-content\/uploads\/2024\/11\/8K-HDMI-Fiber-Optic-eARC-Audio-AOCFiberlink-62x75.jpg 62w, https:\/\/www.aocfiberlink.com\/wp-content\/uploads\/2024\/11\/8K-HDMI-Fiber-Optic-eARC-Audio-AOCFiberlink-480x583.jpg 480w, https:\/\/www.aocfiberlink.com\/wp-content\/uploads\/2024\/11\/8K-HDMI-Fiber-Optic-eARC-Audio-AOCFiberlink-600x729.jpg 600w, https:\/\/www.aocfiberlink.com\/wp-content\/uploads\/2024\/11\/8K-HDMI-Fiber-Optic-eARC-Audio-AOCFiberlink.jpg 1200w\" sizes=\"auto, (max-width:767px) 480px, 695px\" \/><\/td>\n<\/tr>\n<\/tbody>\n<\/table>\n<p><strong>Applications:<\/strong><\/p>\n<p><img loading=\"lazy\" decoding=\"async\" class=\"alignright wp-image-1859\" src=\"https:\/\/www.aocfiberlink.com\/wp-content\/uploads\/2024\/11\/8K-Fiber-Optic-HDMI-Cable-application-scenarios-788x1024.jpg\" alt=\"8K Fiber Optic HDMI Cable application scenarios\" width=\"489\" height=\"635\" srcset=\"https:\/\/www.aocfiberlink.com\/wp-content\/uploads\/2024\/11\/8K-Fiber-Optic-HDMI-Cable-application-scenarios-788x1024.jpg 788w, https:\/\/www.aocfiberlink.com\/wp-content\/uploads\/2024\/11\/8K-Fiber-Optic-HDMI-Cable-application-scenarios-231x300.jpg 231w, https:\/\/www.aocfiberlink.com\/wp-content\/uploads\/2024\/11\/8K-Fiber-Optic-HDMI-Cable-application-scenarios-768x998.jpg 768w, https:\/\/www.aocfiberlink.com\/wp-content\/uploads\/2024\/11\/8K-Fiber-Optic-HDMI-Cable-application-scenarios-9x12.jpg 9w, https:\/\/www.aocfiberlink.com\/wp-content\/uploads\/2024\/11\/8K-Fiber-Optic-HDMI-Cable-application-scenarios-58x75.jpg 58w, https:\/\/www.aocfiberlink.com\/wp-content\/uploads\/2024\/11\/8K-Fiber-Optic-HDMI-Cable-application-scenarios-480x624.jpg 480w, https:\/\/www.aocfiberlink.com\/wp-content\/uploads\/2024\/11\/8K-Fiber-Optic-HDMI-Cable-application-scenarios-600x780.jpg 600w, https:\/\/www.aocfiberlink.com\/wp-content\/uploads\/2024\/11\/8K-Fiber-Optic-HDMI-Cable-application-scenarios.jpg 1154w\" sizes=\"auto, (max-width:767px) 480px, 489px\" \/><\/p>\n<ul>\n<li>PC de jeu<\/li>\n<li>LED walls, signage &amp; security monitoring system<\/li>\n<li>Mat\u00e9riel d&#039;imagerie m\u00e9dicale<\/li>\n<li>Syst\u00e8me d&#039;information vid\u00e9o d&#039;embarquement \u00e0 l&#039;a\u00e9roport<\/li>\n<li>Cin\u00e9ma maison, Blu-ray, vid\u00e9o 3D, projecteur, d\u00e9codeur, DVR, contr\u00f4le de la console de jeu et connexion du moniteur<\/li>\n<li>Station de radio et de t\u00e9l\u00e9vision<\/li>\n<li>Video conference<\/li>\n<\/ul>\n<p><strong>Gentle Reminding: <\/strong><\/p>\n<ul>\n<li>Installation of this 8K HDMI Fiber Optic Cable is directional:<\/li>\n<li>SOURCE side to connect HDMI source devices like PC, set-top box, DVR, PS5,media server etc.;<\/li>\n<li>DISPLAY side to connect HDMI display devices like TV, LED Wall, LED signage, monitors, projectors etc.<\/li>\n<\/ul>\n<p><strong>Ordering Information:<\/strong><\/p>\n<table>\n<tbody>\n<tr>\n<td width=\"186\">Product Code<\/td>\n<td colspan=\"2\" width=\"231\">Longueur<\/td>\n<td width=\"124\">Gift Box<\/p>\n<p>(mm)<\/td>\n<td width=\"136\">Master Carton (mm)<\/td>\n<td width=\"112\">QTY\/CTN<\/p>\n<p>(PCs)<\/td>\n<td width=\"112\">N.W.<\/p>\n<p>(KG)\/CTN<\/td>\n<td width=\"121\">G.W.<\/p>\n<p>(KG)\/CTN<\/td>\n<\/tr>\n<tr>\n<td width=\"186\">&nbsp;<\/td>\n<td width=\"106\">(Meters)<\/td>\n<td width=\"124\">Feet<\/td>\n<td width=\"124\">&nbsp;<\/td>\n<td width=\"136\">&nbsp;<\/td>\n<td width=\"112\">&nbsp;<\/td>\n<td width=\"112\">&nbsp;<\/td>\n<td width=\"121\">&nbsp;<\/td>\n<\/tr>\n<tr>\n<td width=\"186\">FHDC-2105-010<\/td>\n<td width=\"106\">10<\/td>\n<td width=\"124\">33<\/td>\n<td width=\"124\">240*225*75<\/td>\n<td width=\"136\">470*385*255<\/td>\n<td width=\"112\">10<\/td>\n<td width=\"112\">7.0<\/td>\n<td width=\"121\">8.0<\/td>\n<\/tr>\n<tr>\n<td width=\"186\">FHDC-2105-015<\/td>\n<td width=\"106\">15<\/td>\n<td width=\"124\">50<\/td>\n<td width=\"124\">240*225*75<\/td>\n<td width=\"136\">470*385*255<\/td>\n<td width=\"112\">10<\/td>\n<td width=\"112\">8.5<\/td>\n<td width=\"121\">9.5<\/td>\n<\/tr>\n<tr>\n<td width=\"186\">FHDC-2105-020<\/td>\n<td width=\"106\">20<\/td>\n<td width=\"124\">67<\/td>\n<td width=\"124\">240*225*75<\/td>\n<td width=\"136\">470*385*255<\/td>\n<td width=\"112\">10<\/td>\n<td width=\"112\">9.5<\/td>\n<td width=\"121\">10.5<\/td>\n<\/tr>\n<tr>\n<td width=\"186\">FHDC-2105-030<\/td>\n<td width=\"106\">30<\/td>\n<td width=\"124\">100<\/td>\n<td width=\"124\">240*225*75<\/td>\n<td width=\"136\">470*385*255<\/td>\n<td width=\"112\">10<\/td>\n<td width=\"112\">12<\/td>\n<td width=\"121\">13<\/td>\n<\/tr>\n<tr>\n<td width=\"186\">FHDC-2105-040<\/td>\n<td width=\"106\">40<\/td>\n<td width=\"124\">130<\/td>\n<td width=\"124\">240*225*75<\/td>\n<td width=\"136\">470*385*255<\/td>\n<td width=\"112\">10<\/td>\n<td width=\"112\">14.5<\/td>\n<td width=\"121\">15.5<\/td>\n<\/tr>\n<tr>\n<td width=\"186\">FHDC-2105-050<\/td>\n<td width=\"106\">50<\/td>\n<td width=\"124\">165<\/td>\n<td width=\"124\">290*275*75<\/td>\n<td width=\"136\">565*385*300<\/td>\n<td width=\"112\">10<\/td>\n<td width=\"112\">20.5<\/td>\n<td width=\"121\">21.5<\/td>\n<\/tr>\n<tr>\n<td width=\"186\">FHDC-2105-060<\/td>\n<td width=\"106\">60<\/td>\n<td width=\"124\">197<\/td>\n<td width=\"124\">290*275*75<\/td>\n<td width=\"136\">565*385*300<\/td>\n<td width=\"112\">10<\/td>\n<td width=\"112\">22.5<\/td>\n<td width=\"121\">23.5<\/td>\n<\/tr>\n<tr>\n<td width=\"186\">FHDC-2105-070<\/td>\n<td width=\"106\">70<\/td>\n<td width=\"124\">230<\/td>\n<td width=\"124\">290*275*75<\/td>\n<td width=\"136\">390*350*343<\/td>\n<td width=\"112\">5<\/td>\n<td width=\"112\">13<\/td>\n<td width=\"121\">14<\/td>\n<\/tr>\n<tr>\n<td width=\"186\">FHDC-2105-080<\/td>\n<td width=\"106\">80<\/td>\n<td width=\"124\">263<\/td>\n<td width=\"124\">340*325*75<\/td>\n<td width=\"136\">390*350*343<\/td>\n<td width=\"112\">5<\/td>\n<td width=\"112\">15<\/td>\n<td width=\"121\">16<\/td>\n<\/tr>\n<tr>\n<td width=\"186\">FHDC-2105-090<\/td>\n<td width=\"106\">90<\/td>\n<td width=\"124\">295<\/td>\n<td width=\"124\">340*325*75<\/td>\n<td width=\"136\">390*350*343<\/td>\n<td width=\"112\">5<\/td>\n<td width=\"112\">16<\/td>\n<td width=\"121\">17<\/td>\n<\/tr>\n<tr>\n<td width=\"186\">FHDC-2105-100<\/td>\n<td width=\"106\">100<\/td>\n<td width=\"124\">320<\/td>\n<td width=\"124\">340*325*75<\/td>\n<td width=\"136\">390*350*343<\/td>\n<td width=\"112\">5<\/td>\n<td width=\"112\">17.5<\/td>\n<td width=\"121\">18.5<\/td>\n<\/tr>\n<\/tbody>\n<\/table>\n<p>Remark: Customized length up to 150m\/500feet.<\/p>","protected":false},"excerpt":{"rendered":"<p>-German <a href=\"https:\/\/www.silicon-line.com\/products\/ic\/\">Silicon-Line Gmbh VSCEL IC driver<\/a>(chipset);<br \/>\n-Premium hybrid cable(YOFC OM3 Fiber+Oxgen-free Copper Wies) for EMI-free &amp; no latency transmission;<br \/>\n-48Gbps bandwidth for HDMI2.1 8K\/60Hz UHD resolution ;<br \/>\n-Super slim,flexible and lightweight;<br \/>\n-Elegant aluminum-alloy housing and gold-plated connectors;<\/p>","protected":false},"featured_media":1852,"comment_status":"open","ping_status":"closed","template":"","meta":{"rs_blank_template":"","rs_page_bg_color":"","slide_template_v7":""},"product_brand":[],"product_cat":[488,490,38,24,493],"product_tag":[537,465,467,536,452,451,40,535,248,41,466,29],"class_list":{"0":"post-1851","1":"product","2":"type-product","3":"status-publish","4":"has-post-thumbnail","6":"product_cat-solution-audio-visual","7":"product_cat-solution-hd-conferences","8":"product_cat-hdmi-2-1","9":"product_cat-optical-hdmi-cables","10":"product_cat-solution-smart-home","11":"product_tag-8k-fiber-cable","12":"product_tag-8k-fiber-optic-hdmi-cable","13":"product_tag-8k-hdmi-2-1-active-optical-cable","14":"product_tag-8k-hdmi-2-1-fiber-optic-cable","15":"product_tag-8k-hdmi-active-optical-cable","16":"product_tag-8k-hdmi-fiber","17":"product_tag-8k-hdmi-fiber-cable","18":"product_tag-8k-hdmi-fiber-optic-cable","19":"product_tag-8k-optical-hdmi-cable","20":"product_tag-fiber-optic-hdmi-2-1-cable","21":"product_tag-hdmi-2-1-fiber-cable","22":"product_tag-optical-hdmi-cable","24":"first","25":"instock","26":"shipping-taxable","27":"product-type-simple"},"aioseo_notices":[],"_links":{"self":[{"href":"https:\/\/www.aocfiberlink.com\/fr\/wp-json\/wp\/v2\/product\/1851","targetHints":{"allow":["GET"]}}],"collection":[{"href":"https:\/\/www.aocfiberlink.com\/fr\/wp-json\/wp\/v2\/product"}],"about":[{"href":"https:\/\/www.aocfiberlink.com\/fr\/wp-json\/wp\/v2\/types\/product"}],"replies":[{"embeddable":true,"href":"https:\/\/www.aocfiberlink.com\/fr\/wp-json\/wp\/v2\/comments?post=1851"}],"wp:featuredmedia":[{"embeddable":true,"href":"https:\/\/www.aocfiberlink.com\/fr\/wp-json\/wp\/v2\/media\/1852"}],"wp:attachment":[{"href":"https:\/\/www.aocfiberlink.com\/fr\/wp-json\/wp\/v2\/media?parent=1851"}],"wp:term":[{"taxonomy":"product_brand","embeddable":true,"href":"https:\/\/www.aocfiberlink.com\/fr\/wp-json\/wp\/v2\/product_brand?post=1851"},{"taxonomy":"product_cat","embeddable":true,"href":"https:\/\/www.aocfiberlink.com\/fr\/wp-json\/wp\/v2\/product_cat?post=1851"},{"taxonomy":"product_tag","embeddable":true,"href":"https:\/\/www.aocfiberlink.com\/fr\/wp-json\/wp\/v2\/product_tag?post=1851"}],"curies":[{"name":"wp","href":"https:\/\/api.w.org\/{rel}","templated":true}]}}