{"id":2156,"date":"2024-01-05T01:00:03","date_gmt":"2024-01-04T17:00:03","guid":{"rendered":"https:\/\/www.aocfiberlink.com\/?post_type=product&#038;p=2156"},"modified":"2025-10-25T14:31:12","modified_gmt":"2025-10-25T06:31:12","slug":"usb-3-1-gen-2-aoc-cableam-optique-actif-vers-af50m10gbps-5","status":"publish","type":"product","link":"https:\/\/www.aocfiberlink.com\/fr\/product\/pure-fiber-usb3-active-optical-cable-am-to-am-5gbps-15m\/","title":{"rendered":"C\u00e2ble optique actif Pure Fiber USB3-AM \u00e0 AM-5Gbps-15m"},"content":{"rendered":"<p>Abbreviated as USB3 AOC, the AOCFiberlink FPUC-3003 <strong>Pure Fiber USB3 Active Optical Cable <\/strong>is also called USB3 Optical Cable, USB3 Fiber Optical Cable, Fiber Optic USB Cable. This USB3 Active Optical Cable has two standard USB3 type-A male connectors, utilizing high flex OM1 pure fiber optical cable with TPU jacket as the transmission media, featuring maximum 5Gbps data rate, &gt;10millions drag chain test, and transmission distance up to 100m (330ft) .<\/p>\n<p>The FPUC-3003 is specifically designed to extend the EMI-free USB 3.0 signal transmission for applications where galvanic isolation is a must, such as medical devices,industrial machine vision systems, web cameras and more. If you want the cable to be backward compatible with USB2.0\/1.1, a <strong>SuperTT build-in devices<\/strong>(also called as <strong>USB Dongle<\/strong>) is needed.<\/p>\n<p>Gentle reminding: since it is made of pure fiber optic, the FPUC-3001 does not deliver power from the Host to Device. That is to say, this pure fiber USB3 Active Optical Cable only work with self-powered USB devices.<\/p>\n<p><strong>Highlight Features:<\/strong><\/p>\n<ul>\n<li class=\"text-th-primary-dark\"><strong>High Bandwidth:<\/strong> complied with USB 3.0 standard, up to 5Gbps super speed<\/li>\n<li class=\"text-th-primary-dark\"><strong>Backward Compatible:<\/strong> Supports USB 2.0\/1.1 when work with SuperTT build-in devices<\/li>\n<li class=\"text-th-primary-dark\"><strong>Long length Transmission:<\/strong> Delivers lossless signals over 100meter maximum length<\/li>\n<li class=\"text-th-primary-dark\"><strong>Powered<\/strong> by USB VBUS<\/li>\n<li class=\"text-th-primary-dark\"><strong>Easy Installation:<\/strong> Plug and play for both sides, unidirectional design<\/li>\n<li class=\"text-th-primary-dark\"><strong>Supports<\/strong> self-powered USB 3.0 compliant devices<\/li>\n<li class=\"text-th-primary-dark\"><strong>Durable Construction:<\/strong> Aluminum-alloy housing, corrosion-resistant gold-plated connectors<\/li>\n<li class=\"text-th-primary-dark\"><strong>RFI\/EMI Resistance:<\/strong> High resistance to electromagnetic interference, ensuring a safe, radiation-free environment<\/li>\n<li class=\"text-th-primary-dark\"><strong>Customization:<\/strong> Up to 100m maximum length, logo, and packaging available<\/li>\n<\/ul>\n<p><strong>Applications:<\/strong><\/p>\n<ul>\n<li>Machine Vision Camera Link<\/li>\n<li>Industrial Control<\/li>\n<li>Digital Signage<\/li>\n<li>Home Network Integration<\/li>\n<li>Medical Device Connectivity<\/li>\n<li>KVM Extension<\/li>\n<li>Remote Desktop USB 3.0 Connections<\/li>\n<li>Security: web camera, access control<\/li>\n<li>USB 3.0 Devices Sharing: print, scan, storage<\/li>\n<\/ul>\n<p><strong>Connection Diagram:<\/strong><\/p>\n<div id=\"attachment_2157\" style=\"width: 1034px\" class=\"wp-caption alignleft\"><img loading=\"lazy\" decoding=\"async\" aria-describedby=\"caption-attachment-2157\" class=\"size-large wp-image-2157\" src=\"https:\/\/www.aocfiberlink.com\/wp-content\/uploads\/2025\/07\/AOCFiberlink-FPUC-3001-pure-fiber-USB3-active-optical-cable-connection-diagram-1024x228.webp\" alt=\"AOCFiberlink FPUC-3001 pure fiber USB3 active optical cable connection diagram\" width=\"1024\" height=\"228\" srcset=\"https:\/\/www.aocfiberlink.com\/wp-content\/uploads\/2025\/07\/AOCFiberlink-FPUC-3001-pure-fiber-USB3-active-optical-cable-connection-diagram-1024x228.webp 1024w, https:\/\/www.aocfiberlink.com\/wp-content\/uploads\/2025\/07\/AOCFiberlink-FPUC-3001-pure-fiber-USB3-active-optical-cable-connection-diagram-300x67.webp 300w, https:\/\/www.aocfiberlink.com\/wp-content\/uploads\/2025\/07\/AOCFiberlink-FPUC-3001-pure-fiber-USB3-active-optical-cable-connection-diagram-768x171.webp 768w, https:\/\/www.aocfiberlink.com\/wp-content\/uploads\/2025\/07\/AOCFiberlink-FPUC-3001-pure-fiber-USB3-active-optical-cable-connection-diagram-1536x342.webp 1536w, https:\/\/www.aocfiberlink.com\/wp-content\/uploads\/2025\/07\/AOCFiberlink-FPUC-3001-pure-fiber-USB3-active-optical-cable-connection-diagram-18x4.webp 18w, https:\/\/www.aocfiberlink.com\/wp-content\/uploads\/2025\/07\/AOCFiberlink-FPUC-3001-pure-fiber-USB3-active-optical-cable-connection-diagram-150x33.webp 150w, https:\/\/www.aocfiberlink.com\/wp-content\/uploads\/2025\/07\/AOCFiberlink-FPUC-3001-pure-fiber-USB3-active-optical-cable-connection-diagram-480x107.webp 480w, https:\/\/www.aocfiberlink.com\/wp-content\/uploads\/2025\/07\/AOCFiberlink-FPUC-3001-pure-fiber-USB3-active-optical-cable-connection-diagram-600x134.webp 600w, https:\/\/www.aocfiberlink.com\/wp-content\/uploads\/2025\/07\/AOCFiberlink-FPUC-3001-pure-fiber-USB3-active-optical-cable-connection-diagram.webp 1794w\" sizes=\"auto, (max-width:767px) 480px, (max-width:1024px) 100vw, 1024px\" \/><p id=\"caption-attachment-2157\" class=\"wp-caption-text\">AOCFiberlink FPUC-3001 pure fiber USB3 active optical cable connection diagram<\/p><\/div>\n<p>&nbsp;<\/p>\n<p>&nbsp;<\/p>\n<p>&nbsp;<\/p>\n<p>&nbsp;<\/p>\n<p>&nbsp;<\/p>\n<p>&nbsp;<\/p>\n<p>&nbsp;<\/p>\n<p>&nbsp;<\/p>\n<p><strong>Get A Quote<\/strong><\/p>\n<style id=\"wpforms-css-vars-1449\">\n\t\t\t\t#wpforms-1449 {\n\t\t\t\t--wpforms-container-padding: 0px;\n--wpforms-container-border-width: 1px;\n--wpforms-container-border-radius: 3px;\n--wpforms-background-color: rgba(0, 0, 0, 0);\n--wpforms-field-size-input-height: 43px;\n--wpforms-field-size-input-spacing: 15px;\n--wpforms-field-size-font-size: 16px;\n--wpforms-field-size-line-height: 19px;\n--wpforms-field-size-padding-h: 14px;\n--wpforms-field-size-checkbox-size: 16px;\n--wpforms-field-size-sublabel-spacing: 5px;\n--wpforms-field-size-icon-size: 1;\n--wpforms-label-size-font-size: 16px;\n--wpforms-label-size-line-height: 19px;\n--wpforms-label-size-sublabel-font-size: 14px;\n--wpforms-label-size-sublabel-line-height: 17px;\n--wpforms-button-size-font-size: 17px;\n--wpforms-button-size-height: 41px;\n--wpforms-button-size-padding-h: 15px;\n--wpforms-button-size-margin-top: 10px;\n--wpforms-container-shadow-size-box-shadow: none;\n\t\t\t}\n\t\t\t<\/style><div class=\"wpforms-container wpforms-container-full wpforms-render-modern\" id=\"wpforms-1449\"><form id=\"wpforms-form-1449\" class=\"wpforms-validate wpforms-form wpforms-ajax-form\" data-formid=\"1449\" method=\"post\" enctype=\"multipart\/form-data\" action=\"\/fr\/wp-json\/wp\/v2\/product\/2156\" data-token=\"64a5676219b962b0674d2bb35465eaeb\" data-token-time=\"1776104365\"><noscript class=\"wpforms-error-noscript\">Veuillez activer JavaScript dans votre navigateur pour remplir ce formulaire.<\/noscript><div id=\"wpforms-error-noscript\" style=\"display: none;\">Veuillez activer JavaScript dans votre navigateur pour remplir ce formulaire.<\/div><div class=\"wpforms-field-container\">\t\t<div id=\"wpforms-1449-field_4-container\"\n\t\t\tclass=\"wpforms-field wpforms-field-text\"\n\t\t\tdata-field-type=\"text\"\n\t\t\tdata-field-id=\"4\"\n\t\t\t>\n\t\t\t<label class=\"wpforms-field-label\" for=\"wpforms-1449-field_4\" >Name Email Message<\/label>\n\t\t\t<input type=\"text\" id=\"wpforms-1449-field_4\" class=\"wpforms-field-medium\" name=\"wpforms[fields][4]\" >\n\t\t<\/div>\n\t\t<div id=\"wpforms-1449-field_1-container\" class=\"wpforms-field wpforms-field-name\" data-field-id=\"1\"><label class=\"wpforms-field-label\" for=\"wpforms-1449-field_1\">Name <span class=\"wpforms-required-label\" aria-hidden=\"true\">*<\/span><\/label><input type=\"text\" id=\"wpforms-1449-field_1\" class=\"wpforms-field-medium wpforms-field-required\" name=\"wpforms[fields][1]\" aria-errormessage=\"wpforms-1449-field_1-error\" required><\/div><div id=\"wpforms-1449-field_2-container\" class=\"wpforms-field wpforms-field-email\" data-field-id=\"2\"><label class=\"wpforms-field-label\" for=\"wpforms-1449-field_2\">Email <span class=\"wpforms-required-label\" aria-hidden=\"true\">*<\/span><\/label><input type=\"email\" id=\"wpforms-1449-field_2\" class=\"wpforms-field-medium wpforms-field-required\" name=\"wpforms[fields][2]\" spellcheck=\"false\" aria-errormessage=\"wpforms-1449-field_2-error\" required><\/div><div id=\"wpforms-1449-field_3-container\" class=\"wpforms-field wpforms-field-textarea\" data-field-id=\"3\"><label class=\"wpforms-field-label\" for=\"wpforms-1449-field_3\">Message <span class=\"wpforms-required-label\" aria-hidden=\"true\">*<\/span><\/label><textarea id=\"wpforms-1449-field_3\" class=\"wpforms-field-medium wpforms-field-required\" name=\"wpforms[fields][3]\" aria-errormessage=\"wpforms-1449-field_3-error\" required><\/textarea><\/div><script>\n\t\t\t\t( function() {\n\t\t\t\t\tconst style = document.createElement( 'style' );\n\t\t\t\t\tstyle.appendChild( document.createTextNode( '#wpforms-1449-field_4-container { position: absolute !important; overflow: hidden !important; display: inline !important; height: 1px !important; width: 1px !important; z-index: -1000 !important; padding: 0 !important; } #wpforms-1449-field_4-container input { visibility: hidden; } #wpforms-conversational-form-page #wpforms-1449-field_4-container label { counter-increment: none; }' ) );\n\t\t\t\t\tdocument.head.appendChild( style );\n\t\t\t\t\tdocument.currentScript?.remove();\n\t\t\t\t} )();\n\t\t\t<\/script><\/div><!-- .wpforms-field-container --><div class=\"wpforms-submit-container\" ><input type=\"hidden\" name=\"wpforms[id]\" value=\"1449\"><input type=\"hidden\" name=\"page_title\" value=\"\"><input type=\"hidden\" name=\"page_url\" value=\"https:\/\/www.aocfiberlink.com\/fr\/wp-json\/wp\/v2\/product\/2156\"><input type=\"hidden\" name=\"url_referer\" value=\"\"><button type=\"submit\" name=\"wpforms[submit]\" id=\"wpforms-submit-1449\" class=\"wpforms-submit\" data-alt-text=\"Sending\u2026\" data-submit-text=\"Send\" aria-live=\"assertive\" value=\"wpforms-submit\">Send<\/button><img loading=\"lazy\" decoding=\"async\" src=\"https:\/\/www.aocfiberlink.com\/wp-content\/plugins\/wpforms-lite\/assets\/images\/submit-spin.svg\" class=\"wpforms-submit-spinner\" style=\"display: none;\" width=\"26\" height=\"26\" alt=\"Chargement en cours\"><\/div><\/form><\/div>  <!-- .wpforms-container -->\n","protected":false},"excerpt":{"rendered":"<p>C\u00e2ble de liaison USB 3.0 \u00e0 Type-A m\u00e2le-m\u00e2le en fibre optique pure<\/p>\n<p>-USB 3.0 jusqu'\u00e0 une vitesse de 5Gbps<\/p>\n<p>-Profil EMI\/RFI pratiquement nul pour une performance sans faille<\/p>\n<p>-Extension de la distance jusqu'\u00e0 100m<\/p>","protected":false},"featured_media":833,"comment_status":"open","ping_status":"closed","template":"","meta":{"rs_blank_template":"","rs_page_bg_color":"","slide_template_v7":""},"product_brand":[],"product_cat":[488,490,491,492,25],"product_tag":[56,57,212,213,455,454,456,58,66,69,70,685,458,687,686,457,684,459],"class_list":{"0":"post-2156","1":"product","2":"type-product","3":"status-publish","4":"has-post-thumbnail","6":"product_cat-solution-audio-visual","7":"product_cat-solution-hd-conferences","8":"product_cat-solution-machine-vision","9":"product_cat-solution-medical","10":"product_cat-optical-usb-cables","11":"product_tag-fiber-optic-usb-cable","12":"product_tag-optical-usb-cable","13":"product_tag-pure-fiber-aoc","14":"product_tag-pure-fiber-usb","15":"product_tag-pure-fiber-usb-cable","16":"product_tag-usb-3-0-optical-cable","17":"product_tag-usb-3-0-optical-extension-cable","18":"product_tag-usb-active-optical-cable","19":"product_tag-usb-aoc","20":"product_tag-usb-aoc-cable","21":"product_tag-usb-optical-cable","22":"product_tag-usb3-aoc","23":"product_tag-usb3-extension-cable","24":"product_tag-usb3-fiber-cable","25":"product_tag-usb3-fiber-optic","26":"product_tag-usb3-fiber-optical-cable","27":"product_tag-usb3-optical-cable","28":"product_tag-usb3-optical-extension-cable","30":"first","31":"instock","32":"shipping-taxable","33":"product-type-simple"},"aioseo_notices":[],"_links":{"self":[{"href":"https:\/\/www.aocfiberlink.com\/fr\/wp-json\/wp\/v2\/product\/2156","targetHints":{"allow":["GET"]}}],"collection":[{"href":"https:\/\/www.aocfiberlink.com\/fr\/wp-json\/wp\/v2\/product"}],"about":[{"href":"https:\/\/www.aocfiberlink.com\/fr\/wp-json\/wp\/v2\/types\/product"}],"replies":[{"embeddable":true,"href":"https:\/\/www.aocfiberlink.com\/fr\/wp-json\/wp\/v2\/comments?post=2156"}],"wp:featuredmedia":[{"embeddable":true,"href":"https:\/\/www.aocfiberlink.com\/fr\/wp-json\/wp\/v2\/media\/833"}],"wp:attachment":[{"href":"https:\/\/www.aocfiberlink.com\/fr\/wp-json\/wp\/v2\/media?parent=2156"}],"wp:term":[{"taxonomy":"product_brand","embeddable":true,"href":"https:\/\/www.aocfiberlink.com\/fr\/wp-json\/wp\/v2\/product_brand?post=2156"},{"taxonomy":"product_cat","embeddable":true,"href":"https:\/\/www.aocfiberlink.com\/fr\/wp-json\/wp\/v2\/product_cat?post=2156"},{"taxonomy":"product_tag","embeddable":true,"href":"https:\/\/www.aocfiberlink.com\/fr\/wp-json\/wp\/v2\/product_tag?post=2156"}],"curies":[{"name":"wp","href":"https:\/\/api.w.org\/{rel}","templated":true}]}}