{"id":2361,"date":"2026-03-24T15:45:10","date_gmt":"2026-03-24T07:45:10","guid":{"rendered":"https:\/\/www.aocfiberlink.com\/?post_type=product&#038;p=2361"},"modified":"2026-03-24T16:05:24","modified_gmt":"2026-03-24T08:05:24","slug":"8k-active-optical-hdmi-2-1-fiber-cable-type-am-to-type-am-48gbps-4","status":"publish","type":"product","link":"https:\/\/www.aocfiberlink.com\/fr\/product\/ultra-slim-8k-fiber-optic-hdmi-active-optical-cable-8m\/","title":{"rendered":"C\u00e2ble optique actif HDMI 8K \u00e0 fibre optique ultra-mince - AM \u00e0 AM-48Gbps-8m"},"content":{"rendered":"<p data-sourcepos=\"11:1-11:308\">The FHDC-2102 series <strong>Super Slim 8K Fiber Optic HDMI 2.1 Cable<\/strong>, also known as 8K HDMI Active Optical Cable, 8K HDMI Fiber Cable, HDMI 2.1 Fiber Cable, 8K HDMI 2.1 Active Optical Cable, 8K Optical HDMI Cable, and 8K HDMI AOC, offers exceptional performance and reliability for demanding applications.<\/p>\n<p><img loading=\"lazy\" decoding=\"async\" class=\"size-large wp-image-1736 aligncenter\" src=\"https:\/\/www.aocfiberlink.com\/wp-content\/uploads\/2024\/09\/8K-HDMI-2.1-Active-Fiber-Optical-Cables-Application-1024x437.png\" alt=\"Application des c\u00e2bles actifs \u00e0 fibre optique 8K HDMI 2.1\" width=\"1024\" height=\"437\" srcset=\"https:\/\/www.aocfiberlink.com\/wp-content\/uploads\/2024\/09\/8K-HDMI-2.1-Active-Fiber-Optical-Cables-Application-1024x437.png 1024w, https:\/\/www.aocfiberlink.com\/wp-content\/uploads\/2024\/09\/8K-HDMI-2.1-Active-Fiber-Optical-Cables-Application-300x128.png 300w, https:\/\/www.aocfiberlink.com\/wp-content\/uploads\/2024\/09\/8K-HDMI-2.1-Active-Fiber-Optical-Cables-Application-768x328.png 768w, https:\/\/www.aocfiberlink.com\/wp-content\/uploads\/2024\/09\/8K-HDMI-2.1-Active-Fiber-Optical-Cables-Application-18x8.png 18w, https:\/\/www.aocfiberlink.com\/wp-content\/uploads\/2024\/09\/8K-HDMI-2.1-Active-Fiber-Optical-Cables-Application-150x64.png 150w, https:\/\/www.aocfiberlink.com\/wp-content\/uploads\/2024\/09\/8K-HDMI-2.1-Active-Fiber-Optical-Cables-Application-480x205.png 480w, https:\/\/www.aocfiberlink.com\/wp-content\/uploads\/2024\/09\/8K-HDMI-2.1-Active-Fiber-Optical-Cables-Application-600x256.png 600w, https:\/\/www.aocfiberlink.com\/wp-content\/uploads\/2024\/09\/8K-HDMI-2.1-Active-Fiber-Optical-Cables-Application.png 1464w\" sizes=\"auto, (max-width:767px) 480px, (max-width:1024px) 100vw, 1024px\" \/><\/p>\n<p data-sourcepos=\"13:1-13:411\">Crafted with high-quality super slim, flexible, and lightweight hybrid optical fiber cable, the FHDC-2102 8K HDMI2.1 Fiber Active Optical Cable delivers unmatched transmission and flexibility with a maximum data rate of 48Gbps, supporting stunning visuals with resolutions up to 8K (7680 x 4320p) at 60Hz and a smooth refresh rate of 144Hz for 4K (3840 x 2160p). This 8K HDMI 2.1 Fiber Optical Cable supports enhanced features like CEC, HDCP 2.3, and HDR for an immersive viewing experience as well.<\/p>\n<div id=\"attachment_2363\" style=\"width: 1034px\" class=\"wp-caption alignright\"><img loading=\"lazy\" decoding=\"async\" aria-describedby=\"caption-attachment-2363\" class=\"size-large wp-image-2363\" src=\"https:\/\/www.aocfiberlink.com\/wp-content\/uploads\/2026\/03\/image_1774336948655-1024x768.jpg\" alt=\"AOCFiberlink FHDC-2102 Ultra-slim 8K Fiber Optic HDMI AOC Cable-800\" width=\"1024\" height=\"768\" srcset=\"https:\/\/www.aocfiberlink.com\/wp-content\/uploads\/2026\/03\/image_1774336948655-1024x768.jpg 1024w, https:\/\/www.aocfiberlink.com\/wp-content\/uploads\/2026\/03\/image_1774336948655-300x225.jpg 300w, https:\/\/www.aocfiberlink.com\/wp-content\/uploads\/2026\/03\/image_1774336948655-768x576.jpg 768w, https:\/\/www.aocfiberlink.com\/wp-content\/uploads\/2026\/03\/image_1774336948655-16x12.jpg 16w, https:\/\/www.aocfiberlink.com\/wp-content\/uploads\/2026\/03\/image_1774336948655-100x75.jpg 100w, https:\/\/www.aocfiberlink.com\/wp-content\/uploads\/2026\/03\/image_1774336948655-480x360.jpg 480w, https:\/\/www.aocfiberlink.com\/wp-content\/uploads\/2026\/03\/image_1774336948655-600x450.jpg 600w, https:\/\/www.aocfiberlink.com\/wp-content\/uploads\/2026\/03\/image_1774336948655.jpg 1154w\" sizes=\"auto, (max-width:767px) 480px, (max-width:1024px) 100vw, 1024px\" \/><p id=\"caption-attachment-2363\" class=\"wp-caption-text\"><strong>Caract\u00e9ristiques principales\u00a0:<\/strong><\/p><\/div>\n<ul>\n<li><strong>Super slim,flexible and lightweight<\/strong><\/li>\n<li><strong>2 x 3 mm OD, transparent PVC jacket, nearly invisible<\/strong><\/li>\n<li class=\"text-th-primary-dark\"><strong>R\u00e9solution de haute qualit\u00e9<\/strong>: Prend en charge 8K@60Hz, 4K@144Hz, 4K@120Hz selon les sp\u00e9cifications HDMI 2.1, r\u00e9trocompatible<\/li>\n<li class=\"text-th-primary-dark\"><strong>Bande passante \u00e9lev\u00e9e<\/strong>: Capacit\u00e9 de 48 Gbps, r\u00e9trocompatible<\/li>\n<li class=\"text-th-primary-dark\"><strong>Transmission sans perte<\/strong>: Fournit des visuels 8K @ 60Hz, des signaux d&#039;affichage VR et 3D sur de longues distances<\/li>\n<li class=\"text-th-primary-dark\"><strong>HDR dynamique<\/strong>: optimise le contraste, la profondeur, la luminosit\u00e9 et la gamme de couleurs image par image<\/li>\n<li class=\"text-th-primary-dark\"><strong>Audio de haute qualit\u00e9<\/strong>: Prend en charge jusqu&#039;\u00e0 192 kHz, 24 bits, 5.1 et 7.1 non compress\u00e9s, les formats Dolby sans perte et l&#039;audio 32 canaux<\/li>\n<li class=\"text-th-primary-dark\"><strong>VRR pour les jeux<\/strong>: Gameplay fluide avec un minimum de d\u00e9calage, de saccades et de d\u00e9chirure de cadre<\/li>\n<li class=\"text-th-primary-dark\"><strong>Fonctionnalit\u00e9s avanc\u00e9es<\/strong>: Prend en charge EDID, fonction d&#039;auto-d\u00e9tection, ALLM, QMS et QFT<\/li>\n<li class=\"text-th-primary-dark\"><strong>Construction durable<\/strong>: Bo\u00eetier en alliage de zinc, connecteurs plaqu\u00e9s or r\u00e9sistants \u00e0 la corrosion<\/li>\n<li class=\"text-th-primary-dark\"><strong>R\u00e9sistance EMI<\/strong>: Haute r\u00e9sistance aux interf\u00e9rences \u00e9lectromagn\u00e9tiques, assurant un environnement s\u00fbr et sans rayonnement<\/li>\n<li class=\"text-th-primary-dark\"><strong>Personnalisable<\/strong>: Up to 20m maximum length, custom length, logo, and packaging available<\/li>\n<\/ul>\n<div id=\"attachment_2364\" style=\"width: 1034px\" class=\"wp-caption alignright\"><img loading=\"lazy\" decoding=\"async\" aria-describedby=\"caption-attachment-2364\" class=\"size-large wp-image-2364\" src=\"https:\/\/www.aocfiberlink.com\/wp-content\/uploads\/2026\/03\/image_1774336946445-1024x800.jpg\" alt=\"AOCFiberlink FHDC-2102 Ultra-thin 8K Fiber Optic HDMI AOC Cable-800\" width=\"1024\" height=\"800\" srcset=\"https:\/\/www.aocfiberlink.com\/wp-content\/uploads\/2026\/03\/image_1774336946445-1024x800.jpg 1024w, https:\/\/www.aocfiberlink.com\/wp-content\/uploads\/2026\/03\/image_1774336946445-300x234.jpg 300w, https:\/\/www.aocfiberlink.com\/wp-content\/uploads\/2026\/03\/image_1774336946445-768x600.jpg 768w, https:\/\/www.aocfiberlink.com\/wp-content\/uploads\/2026\/03\/image_1774336946445-1536x1200.jpg 1536w, https:\/\/www.aocfiberlink.com\/wp-content\/uploads\/2026\/03\/image_1774336946445-15x12.jpg 15w, https:\/\/www.aocfiberlink.com\/wp-content\/uploads\/2026\/03\/image_1774336946445-96x75.jpg 96w, https:\/\/www.aocfiberlink.com\/wp-content\/uploads\/2026\/03\/image_1774336946445-1280x1000.jpg 1280w, https:\/\/www.aocfiberlink.com\/wp-content\/uploads\/2026\/03\/image_1774336946445-480x375.jpg 480w, https:\/\/www.aocfiberlink.com\/wp-content\/uploads\/2026\/03\/image_1774336946445-600x469.jpg 600w, https:\/\/www.aocfiberlink.com\/wp-content\/uploads\/2026\/03\/image_1774336946445.jpg 1879w\" sizes=\"auto, (max-width:767px) 480px, (max-width:1024px) 100vw, 1024px\" \/><p id=\"caption-attachment-2364\" class=\"wp-caption-text\"><strong>Applications:<\/strong><\/p><\/div>\n<ul>\n<li>PC de jeu<\/li>\n<li>Affichage num\u00e9rique<\/li>\n<li>Panneaux et moniteurs LED pour stades, h\u00f4pitaux, centres commerciaux<\/li>\n<li>Mat\u00e9riel d&#039;imagerie m\u00e9dicale<\/li>\n<li>Syst\u00e8me d&#039;information vid\u00e9o d&#039;embarquement \u00e0 l&#039;a\u00e9roport<\/li>\n<li>Cin\u00e9ma maison, Blu-ray, vid\u00e9o 3D, projecteur, d\u00e9codeur, DVR, contr\u00f4le de la console de jeu et connexion du moniteur<\/li>\n<li>Station de radio et de t\u00e9l\u00e9vision<\/li>\n<li>Mat\u00e9riel de visioconf\u00e9rence<\/li>\n<li>Syst\u00e8me de surveillance de la s\u00e9curit\u00e9<\/li>\n<\/ul>\n<p><img loading=\"lazy\" decoding=\"async\" class=\"size-large wp-image-1740\" style=\"width: 50%;\" src=\"https:\/\/www.aocfiberlink.com\/wp-content\/uploads\/2024\/09\/8k-HDMI-2.1-picture-quality-compared-to-4k-and-2k-819x1024.jpg\" alt=\"8k HDMI 2.1 picture quality compared to 4k and 2k\" width=\"819\" height=\"1024\" align=\"left\" srcset=\"https:\/\/www.aocfiberlink.com\/wp-content\/uploads\/2024\/09\/8k-HDMI-2.1-picture-quality-compared-to-4k-and-2k-819x1024.jpg 819w, https:\/\/www.aocfiberlink.com\/wp-content\/uploads\/2024\/09\/8k-HDMI-2.1-picture-quality-compared-to-4k-and-2k-240x300.jpg 240w, https:\/\/www.aocfiberlink.com\/wp-content\/uploads\/2024\/09\/8k-HDMI-2.1-picture-quality-compared-to-4k-and-2k-768x960.jpg 768w, https:\/\/www.aocfiberlink.com\/wp-content\/uploads\/2024\/09\/8k-HDMI-2.1-picture-quality-compared-to-4k-and-2k-10x12.jpg 10w, https:\/\/www.aocfiberlink.com\/wp-content\/uploads\/2024\/09\/8k-HDMI-2.1-picture-quality-compared-to-4k-and-2k-60x75.jpg 60w, https:\/\/www.aocfiberlink.com\/wp-content\/uploads\/2024\/09\/8k-HDMI-2.1-picture-quality-compared-to-4k-and-2k-480x600.jpg 480w, https:\/\/www.aocfiberlink.com\/wp-content\/uploads\/2024\/09\/8k-HDMI-2.1-picture-quality-compared-to-4k-and-2k-600x750.jpg 600w, https:\/\/www.aocfiberlink.com\/wp-content\/uploads\/2024\/09\/8k-HDMI-2.1-picture-quality-compared-to-4k-and-2k.jpg 1200w\" sizes=\"auto, (max-width:767px) 480px, (max-width:819px) 100vw, 819px\" \/><img loading=\"lazy\" decoding=\"async\" class=\"size-large wp-image-1741\" style=\"width: 50%;\" src=\"https:\/\/www.aocfiberlink.com\/wp-content\/uploads\/2024\/09\/Enjoy-eARC-Perfect-Audio-Fidelity-819x1024.jpg\" alt=\"Enjoy eARC Perfect Audio Fidelity\" width=\"819\" height=\"1024\" align=\"right\" srcset=\"https:\/\/www.aocfiberlink.com\/wp-content\/uploads\/2024\/09\/Enjoy-eARC-Perfect-Audio-Fidelity-819x1024.jpg 819w, https:\/\/www.aocfiberlink.com\/wp-content\/uploads\/2024\/09\/Enjoy-eARC-Perfect-Audio-Fidelity-240x300.jpg 240w, https:\/\/www.aocfiberlink.com\/wp-content\/uploads\/2024\/09\/Enjoy-eARC-Perfect-Audio-Fidelity-768x960.jpg 768w, https:\/\/www.aocfiberlink.com\/wp-content\/uploads\/2024\/09\/Enjoy-eARC-Perfect-Audio-Fidelity-10x12.jpg 10w, https:\/\/www.aocfiberlink.com\/wp-content\/uploads\/2024\/09\/Enjoy-eARC-Perfect-Audio-Fidelity-60x75.jpg 60w, https:\/\/www.aocfiberlink.com\/wp-content\/uploads\/2024\/09\/Enjoy-eARC-Perfect-Audio-Fidelity-480x600.jpg 480w, https:\/\/www.aocfiberlink.com\/wp-content\/uploads\/2024\/09\/Enjoy-eARC-Perfect-Audio-Fidelity-600x750.jpg 600w, https:\/\/www.aocfiberlink.com\/wp-content\/uploads\/2024\/09\/Enjoy-eARC-Perfect-Audio-Fidelity.jpg 1200w\" sizes=\"auto, (max-width:767px) 480px, (max-width:819px) 100vw, 819px\" \/><\/p>","protected":false},"excerpt":{"rendered":"<p>-Super slim,ultra-thin,transparent,flexible and lightweight;<br \/>\n-Unparalleled 8K\/60Hz &amp; 4K\/144Hz resolution;<br \/>\n-Premium hybrid aoc solution for lossless transmission;<br \/>\n-Bande passante de 48\u00a0Gbit\/s\u00a0;<br \/>\n-Bo\u00eetier en alliage de zinc \u00e0 prise facile et connecteurs plaqu\u00e9s or<\/p>","protected":false},"featured_media":1196,"comment_status":"open","ping_status":"closed","template":"","meta":{"rs_blank_template":"","rs_page_bg_color":"","slide_template_v7":""},"product_brand":[683],"product_cat":[488,490,38,24,493],"product_tag":[465,467,452,40,248,39,41,35,466,29,641,639,640],"class_list":{"0":"post-2361","1":"product","2":"type-product","3":"status-publish","4":"has-post-thumbnail","6":"product_brand-aocfiberlink","7":"product_cat-solution-audio-visual","8":"product_cat-solution-hd-conferences","9":"product_cat-hdmi-2-1","10":"product_cat-optical-hdmi-cables","11":"product_cat-solution-smart-home","12":"product_tag-8k-fiber-optic-hdmi-cable","13":"product_tag-8k-hdmi-2-1-active-optical-cable","14":"product_tag-8k-hdmi-active-optical-cable","15":"product_tag-8k-hdmi-fiber-cable","16":"product_tag-8k-optical-hdmi-cable","17":"product_tag-active-hdmi-2-1-cable","18":"product_tag-fiber-optic-hdmi-2-1-cable","19":"product_tag-hdmi-2-1-aoc","20":"product_tag-hdmi-2-1-fiber-cable","21":"product_tag-optical-hdmi-cable","22":"product_tag-super-slim","23":"product_tag-ultra-slim","24":"product_tag-ultra-thin","26":"first","27":"instock","28":"shipping-taxable","29":"product-type-simple"},"aioseo_notices":[],"_links":{"self":[{"href":"https:\/\/www.aocfiberlink.com\/fr\/wp-json\/wp\/v2\/product\/2361","targetHints":{"allow":["GET"]}}],"collection":[{"href":"https:\/\/www.aocfiberlink.com\/fr\/wp-json\/wp\/v2\/product"}],"about":[{"href":"https:\/\/www.aocfiberlink.com\/fr\/wp-json\/wp\/v2\/types\/product"}],"replies":[{"embeddable":true,"href":"https:\/\/www.aocfiberlink.com\/fr\/wp-json\/wp\/v2\/comments?post=2361"}],"wp:featuredmedia":[{"embeddable":true,"href":"https:\/\/www.aocfiberlink.com\/fr\/wp-json\/wp\/v2\/media\/1196"}],"wp:attachment":[{"href":"https:\/\/www.aocfiberlink.com\/fr\/wp-json\/wp\/v2\/media?parent=2361"}],"wp:term":[{"taxonomy":"product_brand","embeddable":true,"href":"https:\/\/www.aocfiberlink.com\/fr\/wp-json\/wp\/v2\/product_brand?post=2361"},{"taxonomy":"product_cat","embeddable":true,"href":"https:\/\/www.aocfiberlink.com\/fr\/wp-json\/wp\/v2\/product_cat?post=2361"},{"taxonomy":"product_tag","embeddable":true,"href":"https:\/\/www.aocfiberlink.com\/fr\/wp-json\/wp\/v2\/product_tag?post=2361"}],"curies":[{"name":"wp","href":"https:\/\/api.w.org\/{rel}","templated":true}]}}