{"id":293,"date":"2023-01-01T09:01:24","date_gmt":"2023-01-01T01:01:24","guid":{"rendered":"https:\/\/www.aocfiberlink.com\/?post_type=product&#038;p=293"},"modified":"2025-10-24T16:08:03","modified_gmt":"2025-10-24T08:08:03","slug":"detachable-8k-hdmi-aoc-active-optical-cable","status":"publish","type":"product","link":"https:\/\/www.aocfiberlink.com\/fr\/produit\/cable-optique-actif-arme-detachable-8k-hdmi-aoc\/","title":{"rendered":"Detachable 8K HDMI 2.1 AOC-Active Optical Cable-AD to AD-48Gbps"},"content":{"rendered":"<p>Les s\u00e9ries FHDA-21AD-XX <strong>C\u00e2bles optiques AOC-Active HDMI 2.1 blind\u00e9s d\u00e9tachables <\/strong>sont \u00e9galement appel\u00e9s HDMI 2.1 AOC, c\u00e2ble optique actif HDMI 2.1, c\u00e2ble HDMI fibre optique, c\u00e2ble HDMI optique, c\u00e2ble HDMI actif, c\u00e2ble HDMI 2.1 actif, c\u00e2ble HDMI optique actif.<\/p>\n<p>Construits avec de l&#039;acier inoxydable de haute qualit\u00e9 et un c\u00e2ble \u00e0 fibre optique hybride renforc\u00e9 (4 fibres et 7 cuivre), les c\u00e2bles optiques actifs HDMI 2.1 AOC blind\u00e9s offrent une durabilit\u00e9 et une r\u00e9silience exceptionnelles. Avec une armure r\u00e9sistante \u00e0 l&#039;\u00e9crasement capable de supporter jusqu&#039;\u00e0 500 kg de force, ces c\u00e2bles sont con\u00e7us pour les environnements exigeants. La veste en TPU de qualit\u00e9 industrielle offre une large plage de temp\u00e9ratures de fonctionnement (-40 \u2103 \u00e0 + 80 \u2103), ce qui les rend parfaites pour une utilisation dans des environnements difficiles tels que les chirurgies m\u00e9dicales, la location d&#039;\u00e9v\u00e9nements en direct, l&#039;arm\u00e9e, le bord d&#039;un navire, la mise en sc\u00e8ne temporaire ou n&#039;importe o\u00f9 qui n\u00e9cessite une prolongation. C\u00e2bles HDMI dans des conditions difficiles.<\/p>\n<p>Les c\u00e2bles AOC HDMI 2.1 blind\u00e9s d\u00e9tachables de la s\u00e9rie FHDA-21AD-XX, similaires aux c\u00e2bles AOC HDMI 2.1 standard, transmettent des signaux ultra-rapides jusqu&#039;\u00e0 48 Gbps et une r\u00e9solution 8K @ 60Hz, sous-\u00e9chantillonnage couleur 4: 4: 4, HDR, eARC sans aucune perte de signal. Ces c\u00e2bles HDMI \u00e0 fibre optique d\u00e9tachables r\u00e9sistants aux EMI, conformes aux sp\u00e9cifications HDMI 2.1, offrent une qualit\u00e9 visuelle in\u00e9gal\u00e9e avec une r\u00e9solution allant jusqu&#039;\u00e0 8K et un taux de rafra\u00eechissement allant jusqu&#039;\u00e0 144 Hz. Plongez dans une exp\u00e9rience de divertissement et de jeu exceptionnelle. La solution optique assure une transmission sans perte m\u00eame sur de longues distances, garantissant une qualit\u00e9 de signal sup\u00e9rieure.<\/p>\n<p><strong>Caract\u00e9ristiques principales\u00a0:<\/strong><\/p>\n<ul>\n<li class=\"text-th-primary-dark\"><strong>R\u00e9solution de haute qualit\u00e9<\/strong>: Prend en charge 8K@60Hz, 4K@144Hz, 4K@120Hz selon les sp\u00e9cifications HDMI 2.1, r\u00e9trocompatible<\/li>\n<li class=\"text-th-primary-dark\"><strong>Bande passante \u00e9lev\u00e9e<\/strong>: Capacit\u00e9 de 48 Gbps, r\u00e9trocompatible<\/li>\n<li class=\"text-th-primary-dark\"><strong>Transmission sans perte<\/strong>: Fournit des visuels 8K @ 60Hz, des signaux d&#039;affichage VR et 3D sur de longues distances<\/li>\n<li class=\"text-th-primary-dark\"><strong>Taux de rafra\u00eechissement rapide<\/strong>: 120 Hz \u00e0 une r\u00e9solution 4K pour des images nettes et nettes ; taux plus \u00e9lev\u00e9s \u00e0 des r\u00e9solutions inf\u00e9rieures<\/li>\n<li class=\"text-th-primary-dark\"><strong>HDR dynamique<\/strong>: optimise le contraste, la profondeur, la luminosit\u00e9 et la gamme de couleurs image par image<\/li>\n<li class=\"text-th-primary-dark\"><strong>eARC am\u00e9lior\u00e9<\/strong>: Simplifie la connectivit\u00e9 et l&#039;optimisation audio pour plusieurs composants<\/li>\n<li class=\"text-th-primary-dark\"><strong>Audio de haute qualit\u00e9<\/strong>: Prend en charge jusqu&#039;\u00e0 192 kHz, 24 bits, 5.1 et 7.1 non compress\u00e9s, les formats Dolby sans perte et l&#039;audio 32 canaux<\/li>\n<li class=\"text-th-primary-dark\"><strong>VRR pour les jeux<\/strong>: Gameplay fluide avec un minimum de d\u00e9calage, de saccades et de d\u00e9chirure de cadre<\/li>\n<li class=\"text-th-primary-dark\"><strong>Fonctionnalit\u00e9s avanc\u00e9es<\/strong>: Prend en charge EDID, fonction d&#039;auto-d\u00e9tection, ALLM, QMS et QFT<\/li>\n<li class=\"text-th-primary-dark\"><strong>Construction durable<\/strong>: Bo\u00eetier en alliage de zinc, connecteurs plaqu\u00e9s or r\u00e9sistants \u00e0 la corrosion<\/li>\n<li class=\"text-th-primary-dark\"><strong>R\u00e9sistance EMI<\/strong>: Haute r\u00e9sistance aux interf\u00e9rences \u00e9lectromagn\u00e9tiques, assurant un environnement s\u00fbr et sans rayonnement<\/li>\n<li class=\"text-th-primary-dark\"><strong>Personnalisable<\/strong>: Jusqu&#039;\u00e0 70 m de longueur maximale (30 m max pour eARC), longueur, logo et emballage personnalis\u00e9s disponibles<\/li>\n<\/ul>\n<p><strong>Applications:<\/strong><\/p>\n<ul>\n<li>Affichage num\u00e9rique<\/li>\n<li>Panneaux et moniteurs LED pour stades, h\u00f4pitaux, centres commerciaux<\/li>\n<li>Mat\u00e9riel d&#039;imagerie m\u00e9dicale<\/li>\n<li>Syst\u00e8me d&#039;information vid\u00e9o d&#039;embarquement \u00e0 l&#039;a\u00e9roport<\/li>\n<li>Cin\u00e9ma maison, Blu-ray, vid\u00e9o 3D, projecteur, d\u00e9codeur, DVR, contr\u00f4le de la console de jeu et connexion du moniteur<\/li>\n<li>Station de radio et de t\u00e9l\u00e9vision<\/li>\n<li>Mat\u00e9riel de visioconf\u00e9rence<\/li>\n<li>Syst\u00e8me de surveillance de la s\u00e9curit\u00e9<\/li>\n<\/ul>","protected":false},"excerpt":{"rendered":"<p>-Detachable ends for easier deployment<br \/>\n-HDMI2.1, 8K\/60Hz, 48Gbps bandwidth;<br \/>\n-LED indication, secure latching;<br \/>\n-EMI-free transmission;<br \/>\n-Minimum bend radius 48mm or ~ 1.8 inches<br \/>\n-Maximum pull strength 15kg or ~ 33 pounds<br \/>\n-Minimum conduit diameter 16mm or ~ 0.63 inches<\/p>","protected":false},"featured_media":2265,"comment_status":"open","ping_status":"closed","template":"","meta":[],"product_brand":[],"product_cat":[488,490,38,76,24,493],"product_tag":[39,30,33,34,31,35,32,36,29],"class_list":{"0":"post-293","1":"product","2":"type-product","3":"status-publish","4":"has-post-thumbnail","6":"product_cat-solution-audio-visual","7":"product_cat-solution-hd-conferences","8":"product_cat-hdmi-2-1","9":"product_cat-hot-sellers","10":"product_cat-optical-hdmi-cables","11":"product_cat-solution-smart-home","12":"product_tag-active-hdmi-2-1-cable","13":"product_tag-active-hdmi-cable","14":"product_tag-active-optical-hdmi-cable","15":"product_tag-aoc-hdmi-cable","16":"product_tag-fiber-optic-hdmi-cable","17":"product_tag-hdmi-2-1-aoc","18":"product_tag-hdmi-fiber-cable","19":"product_tag-hybrid-hdmi-cable-8k","20":"product_tag-optical-hdmi-cable","22":"first","23":"instock","24":"shipping-taxable","25":"product-type-simple"},"aioseo_notices":[],"_links":{"self":[{"href":"https:\/\/www.aocfiberlink.com\/fr\/wp-json\/wp\/v2\/product\/293","targetHints":{"allow":["GET"]}}],"collection":[{"href":"https:\/\/www.aocfiberlink.com\/fr\/wp-json\/wp\/v2\/product"}],"about":[{"href":"https:\/\/www.aocfiberlink.com\/fr\/wp-json\/wp\/v2\/types\/product"}],"replies":[{"embeddable":true,"href":"https:\/\/www.aocfiberlink.com\/fr\/wp-json\/wp\/v2\/comments?post=293"}],"wp:featuredmedia":[{"embeddable":true,"href":"https:\/\/www.aocfiberlink.com\/fr\/wp-json\/wp\/v2\/media\/2265"}],"wp:attachment":[{"href":"https:\/\/www.aocfiberlink.com\/fr\/wp-json\/wp\/v2\/media?parent=293"}],"wp:term":[{"taxonomy":"product_brand","embeddable":true,"href":"https:\/\/www.aocfiberlink.com\/fr\/wp-json\/wp\/v2\/product_brand?post=293"},{"taxonomy":"product_cat","embeddable":true,"href":"https:\/\/www.aocfiberlink.com\/fr\/wp-json\/wp\/v2\/product_cat?post=293"},{"taxonomy":"product_tag","embeddable":true,"href":"https:\/\/www.aocfiberlink.com\/fr\/wp-json\/wp\/v2\/product_tag?post=293"}],"curies":[{"name":"wp","href":"https:\/\/api.w.org\/{rel}","templated":true}]}}