{"id":326,"date":"2023-01-01T09:35:20","date_gmt":"2023-01-01T01:35:20","guid":{"rendered":"https:\/\/www.aocfiberlink.com\/?post_type=product&#038;p=326"},"modified":"2025-10-25T10:12:57","modified_gmt":"2025-10-25T02:12:57","slug":"cable-optique-actif-fibre-hdmi-4k","status":"publish","type":"product","link":"https:\/\/www.aocfiberlink.com\/fr\/product\/4k-active-optical-hdmi-cable-factory\/","title":{"rendered":"18Gbps 4K@60Hz Active Optial HDMI Cable Factory Supply"},"content":{"rendered":"<p>Les c\u00e2bles HDMI optiques actifs d\u00e9passent de loin les limites des c\u00e2bles en cuivre traditionnels en exploitant la puissance de la lumi\u00e8re. Ces c\u00e2bles innovants transmettent les signaux par le biais d'impulsions lumineuses, ce qui se traduit par des performances sup\u00e9rieures dans tous les domaines.<\/p>\n<p>Notre FHDC-2001 <strong>18Gbps\u00a0<\/strong><strong>C\u00e2bles HDMI optiques actifs 4K<\/strong>\u00a0sont plus minces, plus l\u00e9gers et plus flexibles que leurs homologues en cuivre, tout en offrant une bande passante nettement plus \u00e9lev\u00e9e et des distances de transmission plus longues. Leur immunit\u00e9 aux interf\u00e9rences \u00e9lectromagn\u00e9tiques garantit une qualit\u00e9 de signal irr\u00e9prochable, ce qui les rend id\u00e9ales pour diverses applications, des home cin\u00e9mas aux environnements professionnels.<\/p>\n<p><a href=\"https:\/\/www.aocfiberlink.com\/fr\/\">AOCFiberlink<\/a> est \u00e0 la pointe de la technologie en mati\u00e8re de connectivit\u00e9 par fibre optique. Notre engagement dans la recherche et le d\u00e9veloppement, associ\u00e9 \u00e0 un contr\u00f4le de qualit\u00e9 rigoureux, nous a permis de rationaliser les processus de fabrication et de fournir des produits exceptionnels. Ce d\u00e9vouement nous a permis de consolider notre position de leader mondial dans l'industrie de la fibre optique.<\/p>\n<p><strong>Caract\u00e9ristiques principales\u00a0:<\/strong><\/p>\n<ul>\n<li class=\"text-th-primary-dark\"><strong>R\u00e9solution de haute qualit\u00e9<\/strong>: Prend en charge les signaux vid\u00e9o 4K@60Hz 4:4:4 jusqu'\u00e0 300 m\u00e8tres pour une exp\u00e9rience visuelle de haute qualit\u00e9.<\/li>\n<li class=\"text-th-primary-dark\"><strong>Bande passante \u00e9lev\u00e9e<\/strong>: Capacit\u00e9 de 18 Gbps, assurant une transmission rapide et fiable du contenu multim\u00e9dia<\/li>\n<li class=\"text-th-primary-dark\"><strong>Transmission sans perte<\/strong>: Fournit des visuels 4K \u00e0 60 Hz, des signaux d&#039;affichage VR et 3D sur de longues distances<\/li>\n<li class=\"text-th-primary-dark\"><strong>Taux de rafra\u00eechissement rapide<\/strong>: 6 Hz \u00e0 une r\u00e9solution 4K pour des images nettes et nettes ; taux plus \u00e9lev\u00e9s \u00e0 des r\u00e9solutions inf\u00e9rieures<\/li>\n<li class=\"text-th-primary-dark\"><strong>HDR dynamique<\/strong>: optimise le contraste, la profondeur, la luminosit\u00e9 et la gamme de couleurs image par image<\/li>\n<li class=\"text-th-primary-dark\"><strong>eARC am\u00e9lior\u00e9<\/strong>: Simplifie la connectivit\u00e9 et l&#039;optimisation audio pour plusieurs composants<\/li>\n<li class=\"text-th-primary-dark\"><strong>Audio de haute qualit\u00e9<\/strong>: Prend en charge jusqu&#039;\u00e0 192 kHz, 24 bits, 5.1 et 7.1 non compress\u00e9s, les formats Dolby sans perte et l&#039;audio 32 canaux<\/li>\n<li class=\"text-th-primary-dark\"><strong>VRR pour les jeux<\/strong>: Gameplay fluide avec un minimum de d\u00e9calage, de saccades et de d\u00e9chirure de cadre<\/li>\n<li class=\"text-th-primary-dark\"><strong>Fonctionnalit\u00e9s avanc\u00e9es<\/strong>: Prend en charge EDID, fonction d&#039;auto-d\u00e9tection, ALLM, QMS et QFT<\/li>\n<li class=\"text-th-primary-dark\"><strong>Construction durable<\/strong>: Bo\u00eetier en alliage de zinc, connecteurs plaqu\u00e9s or r\u00e9sistants \u00e0 la corrosion<\/li>\n<li class=\"text-th-primary-dark\"><strong>R\u00e9sistance EMI<\/strong>: Haute r\u00e9sistance aux interf\u00e9rences \u00e9lectromagn\u00e9tiques, assurant un environnement s\u00fbr et sans rayonnement<\/li>\n<li class=\"text-th-primary-dark\"><strong>Personnalisable<\/strong>: Longueur maximale de 300 m (30 m maximum pour l'eARC), possibilit\u00e9 de personnaliser la longueur, le logo et l'emballage.<\/li>\n<\/ul>\n<p><strong>Applications:<\/strong><\/p>\n<ul>\n<li>Affichage num\u00e9rique<\/li>\n<li>Panneaux et moniteurs LED pour stades, h\u00f4pitaux, centres commerciaux<\/li>\n<li>Mat\u00e9riel d&#039;imagerie m\u00e9dicale<\/li>\n<li>Syst\u00e8me d&#039;information vid\u00e9o d&#039;embarquement \u00e0 l&#039;a\u00e9roport<\/li>\n<li>Cin\u00e9ma maison, Blu-ray, vid\u00e9o 3D, projecteur, d\u00e9codeur, DVR, contr\u00f4le de la console de jeu et connexion du moniteur<\/li>\n<li>Station de radio et de t\u00e9l\u00e9vision<\/li>\n<li>Mat\u00e9riel de visioconf\u00e9rence<\/li>\n<li>Syst\u00e8me de surveillance de la s\u00e9curit\u00e9<\/li>\n<\/ul>","protected":false},"excerpt":{"rendered":"<p>-Extension des signaux vid\u00e9o 4096 x 2160 \/ 3840 x 2160 (4K) \u00e0 60Hz 4:4:4 jusqu'\u00e0 300m (1000ft)<\/p>\n<p>-Enti\u00e8rement compatible avec les sp\u00e9cifications HDMI 2.0, y compris l'eARC, le rapport d'aspect 21:9, etc.<\/p>\n<p>-Compatible avec les formatsPCM, DTS-HD Master et Dolby Digital True HD Surround Sound<\/p>\n<p>-Profil EMI\/RFI pratiquement nul pour une performance sans faille<\/p>\n<p>-La conception hybride fibre\/cuivre ne n\u00e9cessite pas d'alimentation externe.<\/p>\n<p>-Prise en charge de HDCP 2.2 \/ EDID \/ DDC \/ CEC<\/p>","protected":false},"featured_media":1063,"comment_status":"open","ping_status":"closed","template":"","meta":{"rs_blank_template":"","rs_page_bg_color":"","slide_template_v7":""},"product_brand":[],"product_cat":[488,489,490,37,492,24,108,493],"product_tag":[45,42,44,43,30,33,46,47,29],"class_list":{"0":"post-326","1":"product","2":"type-product","3":"status-publish","4":"has-post-thumbnail","6":"product_cat-solution-audio-visual","7":"product_cat-solution-education","8":"product_cat-solution-hd-conferences","9":"product_cat-hdmi-2-0","10":"product_cat-solution-medical","11":"product_cat-optical-hdmi-cables","12":"product_cat-shop","13":"product_cat-solution-smart-home","14":"product_tag-4k-active-optical-cable","15":"product_tag-4k-fiber-optical-cable","16":"product_tag-4k-hdmi-fiber-cable","17":"product_tag-active-hdmi-2-0-cable","18":"product_tag-active-hdmi-cable","19":"product_tag-active-optical-hdmi-cable","20":"product_tag-hdmi-2-0-active-optical-cable","21":"product_tag-hdmi-2-0-optical-cable","22":"product_tag-optical-hdmi-cable","24":"first","25":"instock","26":"shipping-taxable","27":"product-type-simple"},"aioseo_notices":[],"_links":{"self":[{"href":"https:\/\/www.aocfiberlink.com\/fr\/wp-json\/wp\/v2\/product\/326","targetHints":{"allow":["GET"]}}],"collection":[{"href":"https:\/\/www.aocfiberlink.com\/fr\/wp-json\/wp\/v2\/product"}],"about":[{"href":"https:\/\/www.aocfiberlink.com\/fr\/wp-json\/wp\/v2\/types\/product"}],"replies":[{"embeddable":true,"href":"https:\/\/www.aocfiberlink.com\/fr\/wp-json\/wp\/v2\/comments?post=326"}],"wp:featuredmedia":[{"embeddable":true,"href":"https:\/\/www.aocfiberlink.com\/fr\/wp-json\/wp\/v2\/media\/1063"}],"wp:attachment":[{"href":"https:\/\/www.aocfiberlink.com\/fr\/wp-json\/wp\/v2\/media?parent=326"}],"wp:term":[{"taxonomy":"product_brand","embeddable":true,"href":"https:\/\/www.aocfiberlink.com\/fr\/wp-json\/wp\/v2\/product_brand?post=326"},{"taxonomy":"product_cat","embeddable":true,"href":"https:\/\/www.aocfiberlink.com\/fr\/wp-json\/wp\/v2\/product_cat?post=326"},{"taxonomy":"product_tag","embeddable":true,"href":"https:\/\/www.aocfiberlink.com\/fr\/wp-json\/wp\/v2\/product_tag?post=326"}],"curies":[{"name":"wp","href":"https:\/\/api.w.org\/{rel}","templated":true}]}}