{"id":328,"date":"2023-01-01T09:46:34","date_gmt":"2023-01-01T01:46:34","guid":{"rendered":"https:\/\/www.aocfiberlink.com\/?post_type=product&#038;p=328"},"modified":"2025-10-25T10:18:16","modified_gmt":"2025-10-25T02:18:16","slug":"cable-optique-actif-hdmi-20-aoc-amovible","status":"publish","type":"product","link":"https:\/\/www.aocfiberlink.com\/fr\/product\/detachable-4k-hdmi2-active-optical-cable-aoc\/","title":{"rendered":"C\u00e2ble optique actif HDMI 2.0 4K d\u00e9tachable-AOC-DM-DM,18Gbps"},"content":{"rendered":"<p>Les s\u00e9ries FHDC-20DD-XX <strong>C\u00e2bles optiques d\u00e9tachables HDMI 2.0 AOC-Active <\/strong>sont \u00e9galement appel\u00e9s HDMI 2.0 AOC, c\u00e2ble optique actif HDMI 2.0, c\u00e2ble HDMI fibre optique, c\u00e2ble HDMI optique, c\u00e2ble HDMI actif, c\u00e2ble actif HDMI 2.0, c\u00e2ble HDMI optique actif.<\/p>\n<p>Fabriqu\u00e9s avec un c\u00e2ble \u00e0 fibre optique hybride de haute qualit\u00e9 (3 fibres et 7 cuivre), les c\u00e2bles optiques actifs \u00e0 fibre 4K HDMI 2.0 offrent des capacit\u00e9s de transmission in\u00e9gal\u00e9es. Avec un d\u00e9bit de donn\u00e9es maximal de 18 Gbit\/s, ces c\u00e2bles offrent des performances haute vitesse, garantissant une qualit\u00e9 visuelle irr\u00e9prochable avec des r\u00e9solutions allant jusqu&#039;\u00e0 4096 x 2160 \/ 3840 x 2160 (4K) \u00e0 des signaux vid\u00e9o de 60 Hz. D\u00e9couvrez le spectre complet des couleurs avec 4:4:4 et profitez de fonctionnalit\u00e9s am\u00e9lior\u00e9es telles que HDR et eARC, le tout sans aucune perte de signal, m\u00eame sur de longues distances.<\/p>\n<p>Con\u00e7us pour la durabilit\u00e9 et la fiabilit\u00e9, les c\u00e2bles HDMI 2.0 \u00e0 fibre optique active 4K sont dot\u00e9s d&#039;une gaine en TPU de qualit\u00e9 industrielle. Cette gaine offre une protection exceptionnelle et permet \u00e0 ces c\u00e2bles de fonctionner parfaitement dans une large plage de temp\u00e9ratures, de -40\u2103 \u00e0 +80\u2103. Avec cette construction robuste, ces c\u00e2bles sont id\u00e9aux pour les environnements exigeants tels que les chirurgies m\u00e9dicales, la location d&#039;\u00e9v\u00e9nements en direct, les applications militaires, les installations \u00e0 bord de navires, la mise en sc\u00e8ne temporaire ou tout sc\u00e9nario n\u00e9cessitant une connectivit\u00e9 HDMI \u00e9tendue dans des conditions difficiles.<\/p>\n<p><strong>Caract\u00e9ristiques principales\u00a0:<\/strong><\/p>\n<ul>\n<li class=\"text-th-primary-dark\"><strong>Verrouillage s\u00e9curis\u00e9<\/strong>: Conception d\u00e9tachable avec un m\u00e9canisme de verrouillage fiable pour \u00e9viter toute d\u00e9connexion accidentelle<\/li>\n<li class=\"text-th-primary-dark\"><strong>R\u00e9solution de haute qualit\u00e9<\/strong>: Prend en charge les signaux vid\u00e9o 4K@60Hz 4:4:4 jusqu&#039;\u00e0 150 m\u00e8tres pour une exp\u00e9rience visuelle de haute qualit\u00e9.<\/li>\n<li class=\"text-th-primary-dark\"><strong>Bande passante \u00e9lev\u00e9e<\/strong>: Capacit\u00e9 de 18 Gbps, assurant une transmission rapide et fiable du contenu multim\u00e9dia<\/li>\n<li class=\"text-th-primary-dark\"><strong>Transmission sans perte<\/strong>: Fournit des visuels 4K \u00e0 60 Hz, des signaux d&#039;affichage VR et 3D sur de longues distances<\/li>\n<li class=\"text-th-primary-dark\"><strong>Taux de rafra\u00eechissement rapide<\/strong>: 6 Hz \u00e0 une r\u00e9solution 4K pour des images nettes et nettes ; taux plus \u00e9lev\u00e9s \u00e0 des r\u00e9solutions inf\u00e9rieures<\/li>\n<li class=\"text-th-primary-dark\"><strong>HDR dynamique<\/strong>: optimise le contraste, la profondeur, la luminosit\u00e9 et la gamme de couleurs image par image<\/li>\n<li class=\"text-th-primary-dark\"><strong>eARC am\u00e9lior\u00e9<\/strong>: Simplifie la connectivit\u00e9 et l&#039;optimisation audio pour plusieurs composants<\/li>\n<li class=\"text-th-primary-dark\"><strong>Audio de haute qualit\u00e9<\/strong>: Prend en charge jusqu&#039;\u00e0 192 kHz, 24 bits, 5.1 et 7.1 non compress\u00e9s, les formats Dolby sans perte et l&#039;audio 32 canaux<\/li>\n<li class=\"text-th-primary-dark\"><strong>VRR pour les jeux<\/strong>: Gameplay fluide avec un minimum de d\u00e9calage, de saccades et de d\u00e9chirure de cadre<\/li>\n<li class=\"text-th-primary-dark\"><strong>Fonctionnalit\u00e9s avanc\u00e9es<\/strong>: Prend en charge EDID, fonction d&#039;auto-d\u00e9tection, ALLM, QMS et QFT<\/li>\n<li class=\"text-th-primary-dark\"><strong>Construction durable<\/strong>: Bo\u00eetier en alliage de zinc, connecteurs plaqu\u00e9s or r\u00e9sistants \u00e0 la corrosion<\/li>\n<li class=\"text-th-primary-dark\"><strong>R\u00e9sistance EMI<\/strong>: Haute r\u00e9sistance aux interf\u00e9rences \u00e9lectromagn\u00e9tiques, assurant un environnement s\u00fbr et sans rayonnement<\/li>\n<li class=\"text-th-primary-dark\"><strong>Personnalisable<\/strong>: Jusqu&#039;\u00e0 150 m de longueur maximale (30 m max pour eARC), longueur, logo et emballage personnalis\u00e9s disponibles<\/li>\n<\/ul>\n<p><strong>Applications:<\/strong><\/p>\n<ul>\n<li>Affichage num\u00e9rique<\/li>\n<li>Panneaux et moniteurs LED pour stades, h\u00f4pitaux, centres commerciaux<\/li>\n<li>Mat\u00e9riel d&#039;imagerie m\u00e9dicale<\/li>\n<li>Syst\u00e8me d&#039;information vid\u00e9o d&#039;embarquement \u00e0 l&#039;a\u00e9roport<\/li>\n<li>Cin\u00e9ma maison, Blu-ray, vid\u00e9o 3D, projecteur, d\u00e9codeur, DVR, contr\u00f4le de la console de jeu et connexion du moniteur<\/li>\n<li>Station de radio et de t\u00e9l\u00e9vision<\/li>\n<li>Mat\u00e9riel de visioconf\u00e9rence<\/li>\n<li>Syst\u00e8me de surveillance de la s\u00e9curit\u00e9<\/li>\n<\/ul>","protected":false},"excerpt":{"rendered":"<p>-Extr\u00e9mit\u00e9s d\u00e9tachables pour un d\u00e9ploiement plus facile<br \/>\n-HDMI2.0, 4K\/60Hz, bande passante de 18Gbps ;<br \/>\n-Indication LED, verrouillage s\u00e9curis\u00e9 ;<br \/>\n-Transmission sans EMI ;<br \/>\n-Rayon de courbure minimum 48mm ou ~ 1.8 pouces<br \/>\n-Force de traction maximale de 15 kg ou ~ 33 livres<br \/>\n-Diam\u00e8tre minimum du conduit 16mm ou ~ 0.63 pouces<\/p>","protected":false},"featured_media":329,"comment_status":"open","ping_status":"closed","template":"","meta":{"rs_blank_template":"","rs_page_bg_color":"","slide_template_v7":""},"product_brand":[],"product_cat":[488,490,37,24,493],"product_tag":[51,44,53,50,49,52,48,29],"class_list":{"0":"post-328","1":"product","2":"type-product","3":"status-publish","4":"has-post-thumbnail","6":"product_cat-solution-audio-visual","7":"product_cat-solution-hd-conferences","8":"product_cat-hdmi-2-0","9":"product_cat-optical-hdmi-cables","10":"product_cat-solution-smart-home","11":"product_tag-4k-hdmi-aoc-cable","12":"product_tag-4k-hdmi-fiber-cable","13":"product_tag-active-fiber-optic-aoc","14":"product_tag-active-optical-hdmi-2-0-cable","15":"product_tag-detachable-hdmi-2-0-aoc-cable","16":"product_tag-detachable-hdmi-aoc-cable","17":"product_tag-hdmi-2-0-aoc-cable","18":"product_tag-optical-hdmi-cable","20":"first","21":"instock","22":"shipping-taxable","23":"product-type-simple"},"aioseo_notices":[],"_links":{"self":[{"href":"https:\/\/www.aocfiberlink.com\/fr\/wp-json\/wp\/v2\/product\/328","targetHints":{"allow":["GET"]}}],"collection":[{"href":"https:\/\/www.aocfiberlink.com\/fr\/wp-json\/wp\/v2\/product"}],"about":[{"href":"https:\/\/www.aocfiberlink.com\/fr\/wp-json\/wp\/v2\/types\/product"}],"replies":[{"embeddable":true,"href":"https:\/\/www.aocfiberlink.com\/fr\/wp-json\/wp\/v2\/comments?post=328"}],"wp:featuredmedia":[{"embeddable":true,"href":"https:\/\/www.aocfiberlink.com\/fr\/wp-json\/wp\/v2\/media\/329"}],"wp:attachment":[{"href":"https:\/\/www.aocfiberlink.com\/fr\/wp-json\/wp\/v2\/media?parent=328"}],"wp:term":[{"taxonomy":"product_brand","embeddable":true,"href":"https:\/\/www.aocfiberlink.com\/fr\/wp-json\/wp\/v2\/product_brand?post=328"},{"taxonomy":"product_cat","embeddable":true,"href":"https:\/\/www.aocfiberlink.com\/fr\/wp-json\/wp\/v2\/product_cat?post=328"},{"taxonomy":"product_tag","embeddable":true,"href":"https:\/\/www.aocfiberlink.com\/fr\/wp-json\/wp\/v2\/product_tag?post=328"}],"curies":[{"name":"wp","href":"https:\/\/api.w.org\/{rel}","templated":true}]}}