{"id":332,"date":"2023-01-01T09:50:53","date_gmt":"2023-01-01T01:50:53","guid":{"rendered":"https:\/\/www.aocfiberlink.com\/?post_type=product&#038;p=332"},"modified":"2025-10-25T10:21:57","modified_gmt":"2025-10-25T02:21:57","slug":"cable-optique-actif-hdmi-2-0-aoc-hdmi-2-0-amovible-%e5%a4%8d%e5%88%b6","status":"publish","type":"product","link":"https:\/\/www.aocfiberlink.com\/fr\/product\/armored-4k-hdmi2-aoc-active-optical-cable\/","title":{"rendered":"C\u00e2ble optique actif AOC 4K HDMI2.0 d\u00e9tachable, DM-AM, 18Gbps"},"content":{"rendered":"<p>Le FHDC-2103 <strong>Armored 4K HDMI2.0 AOC-Active Optical Cables-type AM to D <\/strong>est con\u00e7u pour une durabilit\u00e9 \u00e0 toute \u00e9preuve, parfaitement adapt\u00e9 \u00e0 l'utilisation la plus s\u00e9v\u00e8re et aux abus attendus des applications de location et de route. Ce c\u00e2ble HDMI optique actif 4K blind\u00e9 prend en charge des r\u00e9solutions allant jusqu'\u00e0 4K@60 (4:4:4) 18 Gbps sur des longueurs de c\u00e2ble allant jusqu'\u00e0 300 m\u00e8tres sans avoir besoin d'une alimentation externe ou de prolongateurs suppl\u00e9mentaires.<\/p>\n<p>Fabriqu\u00e9s avec un c\u00e2ble \u00e0 fibre optique hybride de haute qualit\u00e9 (3 fibres et 7 cuivre), les c\u00e2bles optiques actifs \u00e0 fibre 4K HDMI 2.0 offrent des capacit\u00e9s de transmission in\u00e9gal\u00e9es. Avec un d\u00e9bit de donn\u00e9es maximal de 18 Gbit\/s, ces c\u00e2bles offrent des performances haute vitesse, garantissant une qualit\u00e9 visuelle irr\u00e9prochable avec des r\u00e9solutions allant jusqu&#039;\u00e0 4096 x 2160 \/ 3840 x 2160 (4K) \u00e0 des signaux vid\u00e9o de 60 Hz. D\u00e9couvrez le spectre complet des couleurs avec 4:4:4 et profitez de fonctionnalit\u00e9s am\u00e9lior\u00e9es telles que HDR et eARC, le tout sans aucune perte de signal, m\u00eame sur de longues distances.<\/p>\n<p><strong>Caract\u00e9ristiques principales\u00a0:<\/strong><\/p>\n<ul>\n<li><strong>Remplacement id\u00e9al<\/strong>: pour\u00a0<a href=\"https:\/\/shop.klotz-ais.com\/foahd.html\">Klotz FOAHD<\/a>,<a href=\"https:\/\/shop.klotz-ais.com\/foauhd.html\">FOAUHD<\/a>,<a href=\"https:\/\/shop.klotz-ais.com\/foauh.html\">FOAUH<\/a>,<a href=\"https:\/\/shop.klotz-ais.com\/foauhr.html\">FOAUHR,<\/a> <a href=\"https:\/\/www.l-com.com\/search?keywords=AOC-HDAA20A4K&amp;view_type=grid\">S\u00e9rie L-COM AOC-HDAA20A4K<\/a>, <a href=\"https:\/\/beetekav.com\/products\/gdh05\">Beetek GHD05<\/a>, <a href=\"https:\/\/tripplite.eaton.com\/main\/search?q=P568FA\">Eaton P568FA<\/a> et <a href=\"https:\/\/www1.kramerav.com\/Product\/CRS-PlugNView-H#Tab_Overview\">Kramer CRS-PlugNView-H<\/a>\u00a0s\u00e9rie<\/li>\n<li class=\"text-th-primary-dark\"><strong>Haute r\u00e9solution:<\/strong>\u00a0Prend en charge les signaux vid\u00e9o 4K@60Hz 4:4:4 jusqu&#039;\u00e0 150 m\u00e8tres pour une exp\u00e9rience visuelle de haute qualit\u00e9.<\/li>\n<li class=\"text-th-primary-dark\"><strong>Bande passante \u00e9lev\u00e9e<\/strong>: Capacit\u00e9 de 18 Gbps, assurant une transmission rapide et fiable du contenu multim\u00e9dia<\/li>\n<li class=\"text-th-primary-dark\"><strong>Transmission sans perte<\/strong>: Fournit des visuels 4K \u00e0 60 Hz, des signaux d&#039;affichage VR et 3D sur de longues distances<\/li>\n<li class=\"text-th-primary-dark\"><strong>Taux de rafra\u00eechissement rapide<\/strong>: 60 Hz \u00e0 une r\u00e9solution 4K pour des images nettes et nettes ; taux plus \u00e9lev\u00e9s \u00e0 des r\u00e9solutions inf\u00e9rieures<\/li>\n<li class=\"text-th-primary-dark\"><strong>HDR dynamique<\/strong>: optimise le contraste, la profondeur, la luminosit\u00e9 et la gamme de couleurs image par image<\/li>\n<li class=\"text-th-primary-dark\"><strong>eARC am\u00e9lior\u00e9<\/strong>: Simplifie la connectivit\u00e9 et l&#039;optimisation audio pour plusieurs composants<\/li>\n<li class=\"text-th-primary-dark\"><strong>Audio de haute qualit\u00e9<\/strong>: Prend en charge jusqu&#039;\u00e0 192 kHz, 24 bits, 5.1 et 7.1 non compress\u00e9s, les formats Dolby sans perte et l&#039;audio 32 canaux<\/li>\n<li class=\"text-th-primary-dark\"><strong>VRR pour les jeux<\/strong>: Gameplay fluide avec un minimum de d\u00e9calage, de saccades et de d\u00e9chirure de cadre<\/li>\n<li class=\"text-th-primary-dark\"><strong>Fonctionnalit\u00e9s avanc\u00e9es<\/strong>: Prend en charge EDID, fonction d&#039;auto-d\u00e9tection, ALLM, QMS et QFT<\/li>\n<li class=\"text-th-primary-dark\"><strong>Construction durable<\/strong>: Bo\u00eetier en alliage de zinc, connecteurs plaqu\u00e9s or r\u00e9sistants \u00e0 la corrosion<\/li>\n<li class=\"text-th-primary-dark\"><strong>R\u00e9sistance EMI<\/strong>: Haute r\u00e9sistance aux interf\u00e9rences \u00e9lectromagn\u00e9tiques, assurant un environnement s\u00fbr et sans rayonnement<\/li>\n<li class=\"text-th-primary-dark\"><strong>Personnalisable<\/strong>: Jusqu&#039;\u00e0 150 m de longueur maximale (30 m max pour eARC), longueur, logo et emballage personnalis\u00e9s disponibles<\/li>\n<\/ul>\n<p><strong>Applications:<\/strong><\/p>\n<ul>\n<li>Affichage num\u00e9rique<\/li>\n<li>Panneaux et moniteurs LED pour stades, h\u00f4pitaux, centres commerciaux<\/li>\n<li>Mat\u00e9riel d&#039;imagerie m\u00e9dicale<\/li>\n<li>Syst\u00e8me d&#039;information vid\u00e9o d&#039;embarquement \u00e0 l&#039;a\u00e9roport<\/li>\n<li>Cin\u00e9ma maison, Blu-ray, vid\u00e9o 3D, projecteur, d\u00e9codeur, DVR, contr\u00f4le de la console de jeu et connexion du moniteur<\/li>\n<li>Station de radio et de t\u00e9l\u00e9vision<\/li>\n<li>Mat\u00e9riel de visioconf\u00e9rence<\/li>\n<li>Syst\u00e8me de surveillance de la s\u00e9curit\u00e9<\/li>\n<\/ul>","protected":false},"excerpt":{"rendered":"<p>-Extension des signaux vid\u00e9o 4096 x 2160 \/ 3840 x 2160 (4K) \u00e0 60Hz 4:4:4 jusqu'\u00e0 150m (492ft)<\/p>\n<p>-Enti\u00e8rement compatible avec les sp\u00e9cifications HDMI 2.0, y compris l'eARC, le rapport d'aspect 21:9, etc.<\/p>\n<p>-Compatible avec les formatsPCM, DTS-HD Master et Dolby Digital True HD Surround Sound<\/p>\n<p>-Profil EMI\/RFI pratiquement nul pour une performance sans faille<\/p>\n<p>-La conception hybride fibre\/cuivre ne n\u00e9cessite pas d'alimentation externe.<\/p>\n<p>-Prise en charge de HDCP 2.2 \/ EDID \/ DDC \/ CEC<\/p>","protected":false},"featured_media":470,"comment_status":"open","ping_status":"closed","template":"","meta":{"rs_blank_template":"","rs_page_bg_color":"","slide_template_v7":""},"product_brand":[],"product_cat":[488,490,37,24,108,493],"product_tag":[51,44,53,50,49,52,48,29],"class_list":{"0":"post-332","1":"product","2":"type-product","3":"status-publish","4":"has-post-thumbnail","6":"product_cat-solution-audio-visual","7":"product_cat-solution-hd-conferences","8":"product_cat-hdmi-2-0","9":"product_cat-optical-hdmi-cables","10":"product_cat-shop","11":"product_cat-solution-smart-home","12":"product_tag-4k-hdmi-aoc-cable","13":"product_tag-4k-hdmi-fiber-cable","14":"product_tag-active-fiber-optic-aoc","15":"product_tag-active-optical-hdmi-2-0-cable","16":"product_tag-detachable-hdmi-2-0-aoc-cable","17":"product_tag-detachable-hdmi-aoc-cable","18":"product_tag-hdmi-2-0-aoc-cable","19":"product_tag-optical-hdmi-cable","21":"first","22":"instock","23":"shipping-taxable","24":"product-type-simple"},"aioseo_notices":[],"_links":{"self":[{"href":"https:\/\/www.aocfiberlink.com\/fr\/wp-json\/wp\/v2\/product\/332","targetHints":{"allow":["GET"]}}],"collection":[{"href":"https:\/\/www.aocfiberlink.com\/fr\/wp-json\/wp\/v2\/product"}],"about":[{"href":"https:\/\/www.aocfiberlink.com\/fr\/wp-json\/wp\/v2\/types\/product"}],"replies":[{"embeddable":true,"href":"https:\/\/www.aocfiberlink.com\/fr\/wp-json\/wp\/v2\/comments?post=332"}],"wp:featuredmedia":[{"embeddable":true,"href":"https:\/\/www.aocfiberlink.com\/fr\/wp-json\/wp\/v2\/media\/470"}],"wp:attachment":[{"href":"https:\/\/www.aocfiberlink.com\/fr\/wp-json\/wp\/v2\/media?parent=332"}],"wp:term":[{"taxonomy":"product_brand","embeddable":true,"href":"https:\/\/www.aocfiberlink.com\/fr\/wp-json\/wp\/v2\/product_brand?post=332"},{"taxonomy":"product_cat","embeddable":true,"href":"https:\/\/www.aocfiberlink.com\/fr\/wp-json\/wp\/v2\/product_cat?post=332"},{"taxonomy":"product_tag","embeddable":true,"href":"https:\/\/www.aocfiberlink.com\/fr\/wp-json\/wp\/v2\/product_tag?post=332"}],"curies":[{"name":"wp","href":"https:\/\/api.w.org\/{rel}","templated":true}]}}