{"id":369,"date":"2024-01-02T08:00:44","date_gmt":"2024-01-02T00:00:44","guid":{"rendered":"https:\/\/www.aocfiberlink.com\/?post_type=product&#038;p=369"},"modified":"2025-10-25T10:47:51","modified_gmt":"2025-10-25T02:47:51","slug":"cable-optique-actif-usb-c-3-1-aoc-type-c-to-c-hybride-10gbps-usb-3-1","status":"publish","type":"product","link":"https:\/\/www.aocfiberlink.com\/fr\/product\/usb3-aoc-active-optical-cable-am-microb-15m\/","title":{"rendered":"C\u00e2ble optique actif USB3.1 Gen2 AOC-AM vers Micro B,10Gbps,15m"},"content":{"rendered":"<p>Les s\u00e9ries FUBC-31AB-XX <strong>C\u00e2bles optiques actifs USB 3.1 Gen 2 AOC-10Gbps-type A vers Micro-B <\/strong>sont \u00e9galement appel\u00e9s USB 3.1 AOC, c\u00e2ble USB \u00e0 fibre optique, c\u00e2ble USB optique, c\u00e2ble optique actif USB, AOC USB hybride, c\u00e2ble optique actif USB 3.1. Ils sont sp\u00e9cialement con\u00e7us pour r\u00e9pondre \u00e0 la demande croissante de connexions haut d\u00e9bit, jusqu&#039;\u00e0 10 Gbit\/s. Ces c\u00e2bles fournissent des liaisons plug-and-play qui d\u00e9passent les limites des c\u00e2bles en cuivre traditionnels, permettant des distances \u00e9tendues pour la transmission de donn\u00e9es.<\/p>\n<p>Con\u00e7us pour prendre en charge les derni\u00e8res normes USB 3.1 Gen 2, nos AOC USB 3.1 GEN 2 sont parfaits pour une large gamme d&#039;applications. Qu&#039;il s&#039;agisse d&#039;exp\u00e9riences AR\/VR immersives, de cam\u00e9ras de salle de conf\u00e9rence, de syst\u00e8mes de vision industrielle ou de p\u00e9riph\u00e9riques de stockage, ces c\u00e2bles offrent une connectivit\u00e9 fiable et performante.<\/p>\n<p>Les c\u00e2bles optiques actifs USB 3.1 GEN 2 Type-A vers Micro-B sont con\u00e7us pour les p\u00e9riph\u00e9riques contemporains qui utilisent le connecteur USB Type-C. Avec ces c\u00e2bles, les utilisateurs peuvent s&#039;attendre \u00e0 des performances sup\u00e9rieures et \u00e0 une exp\u00e9rience plug-and-play transparente. Dites adieu aux tracas des configurations compliqu\u00e9es et profitez d&#039;une connectivit\u00e9 sans effort avec nos AOC USB 3.1 GEN 2 AB.<\/p>\n<p><strong>Caract\u00e9ristiques principales\u00a0:<\/strong><\/p>\n<ul>\n<li class=\"text-th-primary-dark\"><strong>Bande passante \u00e9lev\u00e9e<\/strong>: conforme aux derni\u00e8res normes USB 3.1 Gen 2, jusqu&#039;\u00e0 10 Gbps super vitesse<\/li>\n<li class=\"text-th-primary-dark\"><strong>R\u00e9trocompatible<\/strong>: Supporte l'USB 3.2 @ 10Gbps jusqu'\u00e0 100 m\u00e8tres (330ft)<\/li>\n<li><strong>Transmission longue dur\u00e9e<\/strong>: Fournit des signaux sans perte sur une longueur maximale de 100 m\u00e8tres<\/li>\n<li><strong>Source de courant<\/strong>: Prend en charge 5V 900mA max vers l&#039;appareil distant<\/li>\n<li><strong>Installation facile<\/strong>: Plug and play pour les deux c\u00f4t\u00e9s, conception unidirectionnelle<\/li>\n<li class=\"text-th-primary-dark\"><strong>Construction durable<\/strong>: Bo\u00eetier en alliage de zinc, connecteurs plaqu\u00e9s or r\u00e9sistants \u00e0 la corrosion<\/li>\n<li class=\"text-th-primary-dark\"><strong>R\u00e9sistance EMI<\/strong>: Haute r\u00e9sistance aux interf\u00e9rences \u00e9lectromagn\u00e9tiques, assurant un environnement s\u00fbr et sans rayonnement<\/li>\n<li class=\"text-th-primary-dark\"><strong>Personnalisable<\/strong>: Longueur maximale de 100 m, longueur, logo et emballage personnalis\u00e9s disponibles<\/li>\n<\/ul>\n<p><strong>Applications:<\/strong><\/p>\n<ul>\n<li>Lien de cam\u00e9ra de vision industrielle<\/li>\n<li>Syst\u00e8me de surveillance de la s\u00e9curit\u00e9<\/li>\n<\/ul>","protected":false},"excerpt":{"rendered":"<ul>\n<li>C\u00e2ble de liaison fibre optique USB 3.1 vers Type-A vers Micro-B, compatible avec les principales cam\u00e9ras industrielles<\/li>\n<li>USB 3.1 Gen2 10 Gb\/s<\/li>\n<li>Profil EMI\/RFI pratiquement nul pour des performances sans faille<\/li>\n<li>La conception hybride fibre\/cuivre ne n\u00e9cessite aucune alimentation externe<\/li>\n<li>Extension de la distance jusqu'\u00e0 100 m, personnalisable<\/li>\n<\/ul>","protected":false},"featured_media":473,"comment_status":"open","ping_status":"closed","template":"","meta":{"rs_blank_template":"","rs_page_bg_color":"","slide_template_v7":""},"product_brand":[],"product_cat":[491,25,108],"product_tag":[56,57,244,67,292,291,58,66],"class_list":{"0":"post-369","1":"product","2":"type-product","3":"status-publish","4":"has-post-thumbnail","6":"product_cat-solution-machine-vision","7":"product_cat-optical-usb-cables","8":"product_cat-shop","9":"product_tag-fiber-optic-usb-cable","10":"product_tag-optical-usb-cable","11":"product_tag-usb-3-1-active-optical-cable","12":"product_tag-usb-3-1-aoc","13":"product_tag-usb-3-1-gen2-active-optical-cable","14":"product_tag-usb-3-1-gen2-aoc","15":"product_tag-usb-active-optical-cable","16":"product_tag-usb-aoc","18":"first","19":"instock","20":"shipping-taxable","21":"product-type-simple"},"aioseo_notices":[],"_links":{"self":[{"href":"https:\/\/www.aocfiberlink.com\/fr\/wp-json\/wp\/v2\/product\/369","targetHints":{"allow":["GET"]}}],"collection":[{"href":"https:\/\/www.aocfiberlink.com\/fr\/wp-json\/wp\/v2\/product"}],"about":[{"href":"https:\/\/www.aocfiberlink.com\/fr\/wp-json\/wp\/v2\/types\/product"}],"replies":[{"embeddable":true,"href":"https:\/\/www.aocfiberlink.com\/fr\/wp-json\/wp\/v2\/comments?post=369"}],"wp:featuredmedia":[{"embeddable":true,"href":"https:\/\/www.aocfiberlink.com\/fr\/wp-json\/wp\/v2\/media\/473"}],"wp:attachment":[{"href":"https:\/\/www.aocfiberlink.com\/fr\/wp-json\/wp\/v2\/media?parent=369"}],"wp:term":[{"taxonomy":"product_brand","embeddable":true,"href":"https:\/\/www.aocfiberlink.com\/fr\/wp-json\/wp\/v2\/product_brand?post=369"},{"taxonomy":"product_cat","embeddable":true,"href":"https:\/\/www.aocfiberlink.com\/fr\/wp-json\/wp\/v2\/product_cat?post=369"},{"taxonomy":"product_tag","embeddable":true,"href":"https:\/\/www.aocfiberlink.com\/fr\/wp-json\/wp\/v2\/product_tag?post=369"}],"curies":[{"name":"wp","href":"https:\/\/api.w.org\/{rel}","templated":true}]}}