{"id":482,"date":"2024-01-01T06:00:40","date_gmt":"2023-12-31T22:00:40","guid":{"rendered":"https:\/\/www.aocfiberlink.com\/?post_type=product&#038;p=482"},"modified":"2025-10-25T10:39:57","modified_gmt":"2025-10-25T02:39:57","slug":"usb-3-1-gen-2-aoc-cableam-optique-actif-vers-af50m10gbps","status":"publish","type":"product","link":"https:\/\/www.aocfiberlink.com\/fr\/product\/fiber-optic-usb3-aoc-active-optical-cable\/","title":{"rendered":"C\u00e2ble optique actif USB 3.1 AOC \u00e0 fibre optique, Gen-2, 10 Gbit\/s, AM vers AF, 100 m"},"content":{"rendered":"<p>La FUMF-3201 <strong>10\u00a0Gbit\/s <\/strong><strong>C\u00e2ble d'extension USB 3.2 Gen2 \u00e0 fibre optique<\/strong> est un c\u00e2ble optique actif qui prend en charge l'extension des signaux USB allant de 2.0 \u00e0 3.2 Gen 2, ce qui signifie que ce c\u00e2ble peut prendre en charge 10 Gbps. Contrairement aux c\u00e2bles en cuivre traditionnels, ce c\u00e2ble \u00e0 fibre optique transmet les donn\u00e9es \u00e0 l'aide d'impulsions lumineuses, ce qui minimise la perte de signal et permet d'obtenir des performances irr\u00e9prochables jusqu'\u00e0 100 m\u00e8tres. Gr\u00e2ce \u00e0 la conception USB m\u00e2le-femelle, vous pouvez connecter et \u00e9tendre pratiquement n'importe quel p\u00e9riph\u00e9rique USB en quelques secondes.<\/p>\n<p>Ce c\u00e2ble d'extension \u00e0 fibre optique FUMF-3201 est con\u00e7u pour r\u00e9pondre \u00e0 la demande croissante de transfert de donn\u00e9es \u00e0 haut d\u00e9bit sur de longues distances entre des dispositifs distants et des appareils tels que des cam\u00e9ras PTZ, des \u00e9crans tactiles interactifs, des tableaux intelligents et bien d'autres encore.<\/p>\n<p><strong>Caract\u00e9ristiques principales\u00a0:<\/strong><\/p>\n<ul>\n<li class=\"text-th-primary-dark\"><strong>Bande passante \u00e9lev\u00e9e<\/strong>: conforme aux derni\u00e8res normes USB 3.2 Gen 2, jusqu&#039;\u00e0 10 Gbps super vitesse<\/li>\n<li class=\"text-th-primary-dark\"><strong>R\u00e9trocompatible<\/strong>: Prise en charge de l'USB 3.0 @ 5Gbps jusqu'\u00e0 100 m\u00e8tres (328ft), USB 2.0 jusqu'\u00e0 50 m\u00e8tres (164ft)<\/li>\n<li><strong>Transmission longue dur\u00e9e<\/strong>: D\u00e9livre des signaux de perte sur une longueur maximale de 100m<\/li>\n<li><strong>Haute r\u00e9solution<\/strong>: Mode alternatif DisplayPort supportant une r\u00e9solution jusqu'\u00e0 4K<\/li>\n<li><strong>Source de courant<\/strong>: Prend en charge 5V 900mA max vers l&#039;appareil distant<\/li>\n<li><strong>Installation facile<\/strong>: Plug and play pour les deux c\u00f4t\u00e9s, conception unidirectionnelle<\/li>\n<li class=\"text-th-primary-dark\"><strong>Construction durable<\/strong>: Bo\u00eetier en alliage de zinc, connecteurs plaqu\u00e9s or r\u00e9sistants \u00e0 la corrosion<\/li>\n<li class=\"text-th-primary-dark\"><strong>R\u00e9sistance EMI<\/strong>: Haute r\u00e9sistance aux interf\u00e9rences \u00e9lectromagn\u00e9tiques, assurant un environnement s\u00fbr et sans rayonnement<\/li>\n<li class=\"text-th-primary-dark\"><strong>Personnalisable<\/strong>: Longueur maximale de 100 m, longueur, logo et emballage personnalis\u00e9s disponibles<\/li>\n<\/ul>\n<p><strong>Applications:<\/strong><\/p>\n<ul>\n<li>Lien de cam\u00e9ra de vision industrielle<\/li>\n<li>Cin\u00e9ma maison, Blu-ray, vid\u00e9o 3D, projecteur, d\u00e9codeur, DVR, contr\u00f4le de la console de jeu et connexion du moniteur<\/li>\n<li>\u00c9quipement d&#039;imagerie m\u00e9dicale<\/li>\n<li>Panneaux et moniteurs LED<\/li>\n<li>Station de diffusion de radio et de t\u00e9l\u00e9vision<\/li>\n<li>Syst\u00e8me vid\u00e9o embarqu\u00e9 dans l&#039;avion<\/li>\n<li>Salle de conf\u00e9rence<\/li>\n<li>Affichage num\u00e9rique<\/li>\n<li>Mat\u00e9riel de visioconf\u00e9rence<\/li>\n<li>Syst\u00e8me de surveillance de la s\u00e9curit\u00e9<\/li>\n<\/ul>\n<p><b>Type de connecteur USB R\u00e9f\u00e9rences :<\/b><\/p>\n<table class=\"table table-bordered\">\n<tbody>\n<tr>\n<td align=\"center\">USB 2.0 Type A<br \/>\nUSB 3.0 Type A<br \/>\nUSB 3.1 Type A<img decoding=\"async\" src=\"https:\/\/www.activeopticalcable.com\/image\/catalog\/products\/USBConnector\/USB-A.jpg\" \/><\/td>\n<td align=\"center\">USB 2.0 Type C<br \/>\nUSB 3.0 Type C<br \/>\nUSB 3.1 Type C<img decoding=\"async\" src=\"https:\/\/www.activeopticalcable.com\/image\/catalog\/products\/USBConnector\/USB-C.jpg\" \/><\/td>\n<\/tr>\n<tr>\n<td align=\"center\">USB 2.0 Type B<\/p>\n<p><img decoding=\"async\" src=\"https:\/\/www.activeopticalcable.com\/image\/catalog\/products\/USBConnector\/USB2.0-B.jpg\" \/><\/td>\n<td align=\"center\">USB 3.0 Type B<\/p>\n<p><img decoding=\"async\" src=\"https:\/\/www.activeopticalcable.com\/image\/catalog\/products\/USBConnector\/USB3.0-B.jpg\" \/><\/td>\n<\/tr>\n<tr>\n<td align=\"center\">USB 2.0 Micro B<\/p>\n<p><img decoding=\"async\" src=\"https:\/\/www.activeopticalcable.com\/image\/catalog\/products\/USBConnector\/USB2.0-Micro-B.jpg\" \/><\/td>\n<td align=\"center\">USB 3.0 Micro B<\/p>\n<p><img decoding=\"async\" src=\"https:\/\/www.activeopticalcable.com\/image\/catalog\/products\/USBConnector\/USB3.0-Micro-B.jpg\" \/><\/td>\n<\/tr>\n<tr>\n<td align=\"center\">USB 2.0 Mini B<br \/>\nUSB 3.0 Mini B<img decoding=\"async\" src=\"https:\/\/www.activeopticalcable.com\/image\/catalog\/products\/USBConnector\/USB-Mini-B.jpg\" \/><\/td>\n<td><\/td>\n<\/tr>\n<\/tbody>\n<\/table>\n<p><b>Garantie : 2 ans de garantie<\/b><\/p>","protected":false},"excerpt":{"rendered":"<p>-C\u00e2ble de liaison fibre optique USB 3.2 vers Type-A m\u00e2le vers Type-A femelle<\/p>\n<p>-USB 3.2 Gen2 10Gbps<\/p>\n<p>-Profil EMI\/RFI pratiquement nul pour une performance sans faille<\/p>\n<p>-La conception hybride fibre\/cuivre ne n\u00e9cessite pas d'alimentation externe.<\/p>\n<p>-Extension de la distance jusqu'\u00e0 100m<\/p>","protected":false},"featured_media":483,"comment_status":"open","ping_status":"closed","template":"","meta":{"rs_blank_template":"","rs_page_bg_color":"","slide_template_v7":""},"product_brand":[],"product_cat":[489,490,76,491,492,25,493],"product_tag":[390,290,56,391,57,392,389,58,279,66,69,265,70],"class_list":{"0":"post-482","1":"product","2":"type-product","3":"status-publish","4":"has-post-thumbnail","6":"product_cat-solution-education","7":"product_cat-solution-hd-conferences","8":"product_cat-hot-sellers","9":"product_cat-solution-machine-vision","10":"product_cat-solution-medical","11":"product_cat-optical-usb-cables","12":"product_cat-solution-smart-home","13":"product_tag-10gbps-usb-cable","14":"product_tag-fiber-optic-usb","15":"product_tag-fiber-optic-usb-cable","16":"product_tag-long-distance-usb-extension","17":"product_tag-optical-usb-cable","18":"product_tag-ptz-camera-cable","19":"product_tag-usb-3-2-gen-2-extension-cable","20":"product_tag-usb-active-optical-cable","21":"product_tag-usb-active-optical-extension-cable","22":"product_tag-usb-aoc","23":"product_tag-usb-aoc-cable","24":"product_tag-usb-fiber-optic","25":"product_tag-usb-optical-cable","27":"first","28":"instock","29":"shipping-taxable","30":"product-type-simple"},"aioseo_notices":[],"_links":{"self":[{"href":"https:\/\/www.aocfiberlink.com\/fr\/wp-json\/wp\/v2\/product\/482","targetHints":{"allow":["GET"]}}],"collection":[{"href":"https:\/\/www.aocfiberlink.com\/fr\/wp-json\/wp\/v2\/product"}],"about":[{"href":"https:\/\/www.aocfiberlink.com\/fr\/wp-json\/wp\/v2\/types\/product"}],"replies":[{"embeddable":true,"href":"https:\/\/www.aocfiberlink.com\/fr\/wp-json\/wp\/v2\/comments?post=482"}],"wp:featuredmedia":[{"embeddable":true,"href":"https:\/\/www.aocfiberlink.com\/fr\/wp-json\/wp\/v2\/media\/483"}],"wp:attachment":[{"href":"https:\/\/www.aocfiberlink.com\/fr\/wp-json\/wp\/v2\/media?parent=482"}],"wp:term":[{"taxonomy":"product_brand","embeddable":true,"href":"https:\/\/www.aocfiberlink.com\/fr\/wp-json\/wp\/v2\/product_brand?post=482"},{"taxonomy":"product_cat","embeddable":true,"href":"https:\/\/www.aocfiberlink.com\/fr\/wp-json\/wp\/v2\/product_cat?post=482"},{"taxonomy":"product_tag","embeddable":true,"href":"https:\/\/www.aocfiberlink.com\/fr\/wp-json\/wp\/v2\/product_tag?post=482"}],"curies":[{"name":"wp","href":"https:\/\/api.w.org\/{rel}","templated":true}]}}