{"id":492,"date":"2023-01-01T10:10:41","date_gmt":"2023-01-01T02:10:41","guid":{"rendered":"https:\/\/www.aocfiberlink.com\/?post_type=product&#038;p=492"},"modified":"2025-10-25T10:26:01","modified_gmt":"2025-10-25T02:26:01","slug":"armored-4k-active-optical-hdmi-cable-roxtone-drum-100m","status":"publish","type":"product","link":"https:\/\/www.aocfiberlink.com\/fr\/produit\/retractable-4k-hdmi-2-0-aoc-reel-armed-active-optical-cable-am-to-am-100m\/","title":{"rendered":"Armored 4K Active Optical HDMI Cable on Roxtone drum-AM to AM-100m"},"content":{"rendered":"<p>Les s\u00e9ries FHDC-20AA-XX <strong>Armored 4K Active Optical HDMI Cable <\/strong>is designed with heavy\u2212duty durability perfectly suited for the harshest use and abuse expected from rental and road applications. This Active Optical Armored 4K HDMI Cable supports resolutions up to 4K@60 (4:4:4) 18 Gbps over long cable runs up to 100 meters without the need for an external power supply or additional extenders.<\/p>\n<p>Fabriqu\u00e9s avec un c\u00e2ble \u00e0 fibre optique hybride de haute qualit\u00e9 (3 fibres et 7 cuivre), les c\u00e2bles optiques actifs \u00e0 fibre 4K HDMI 2.0 offrent des capacit\u00e9s de transmission in\u00e9gal\u00e9es. Avec un d\u00e9bit de donn\u00e9es maximal de 18 Gbit\/s, ces c\u00e2bles offrent des performances haute vitesse, garantissant une qualit\u00e9 visuelle irr\u00e9prochable avec des r\u00e9solutions allant jusqu&#039;\u00e0 4096 x 2160 \/ 3840 x 2160 (4K) \u00e0 des signaux vid\u00e9o de 60 Hz. D\u00e9couvrez le spectre complet des couleurs avec 4:4:4 et profitez de fonctionnalit\u00e9s am\u00e9lior\u00e9es telles que HDR et eARC, le tout sans aucune perte de signal, m\u00eame sur de longues distances.<\/p>\n<p><strong>Caract\u00e9ristiques principales\u00a0:<\/strong><\/p>\n<ul>\n<li><strong>Remplacement id\u00e9al<\/strong>: for <a href=\"https:\/\/shop.klotz-ais.com\/foauhw.html\">Klotz FOAUHW050,FOAUHW075,FOAUHW100<\/a> et <a href=\"https:\/\/www1.kramerav.com\/Product\/CRS-PlugNView-H#Tab_Overview\">Kramer CRS-PlugNView-H<\/a> series<\/li>\n<li class=\"text-th-primary-dark\"><strong>Conception r\u00e9tractable et extr\u00eamement durable<\/strong>: Construction durable en aluminium\/acier pour moins de 11,3 kg ; Conception de cadre empilable\u00a0; Capuchons de protection inclus\u00a0;<\/li>\n<li class=\"text-th-primary-dark\"><strong>Haute r\u00e9solution:<\/strong> Prend en charge les signaux vid\u00e9o 4K@60Hz 4:4:4 jusqu&#039;\u00e0 150 m\u00e8tres pour une exp\u00e9rience visuelle de haute qualit\u00e9.<\/li>\n<li class=\"text-th-primary-dark\"><strong>Bande passante \u00e9lev\u00e9e<\/strong>: Capacit\u00e9 de 18 Gbps, assurant une transmission rapide et fiable du contenu multim\u00e9dia<\/li>\n<li class=\"text-th-primary-dark\"><strong>Transmission sans perte<\/strong>: Fournit des visuels 4K \u00e0 60 Hz, des signaux d&#039;affichage VR et 3D sur de longues distances<\/li>\n<li class=\"text-th-primary-dark\"><strong>Taux de rafra\u00eechissement rapide<\/strong>: 60 Hz \u00e0 une r\u00e9solution 4K pour des images nettes et nettes ; taux plus \u00e9lev\u00e9s \u00e0 des r\u00e9solutions inf\u00e9rieures<\/li>\n<li class=\"text-th-primary-dark\"><strong>HDR dynamique<\/strong>: optimise le contraste, la profondeur, la luminosit\u00e9 et la gamme de couleurs image par image<\/li>\n<li class=\"text-th-primary-dark\"><strong>eARC am\u00e9lior\u00e9<\/strong>: Simplifie la connectivit\u00e9 et l&#039;optimisation audio pour plusieurs composants<\/li>\n<li class=\"text-th-primary-dark\"><strong>Audio de haute qualit\u00e9<\/strong>: Prend en charge jusqu&#039;\u00e0 192 kHz, 24 bits, 5.1 et 7.1 non compress\u00e9s, les formats Dolby sans perte et l&#039;audio 32 canaux<\/li>\n<li class=\"text-th-primary-dark\"><strong>VRR pour les jeux<\/strong>: Gameplay fluide avec un minimum de d\u00e9calage, de saccades et de d\u00e9chirure de cadre<\/li>\n<li class=\"text-th-primary-dark\"><strong>Fonctionnalit\u00e9s avanc\u00e9es<\/strong>: Prend en charge EDID, fonction d&#039;auto-d\u00e9tection, ALLM, QMS et QFT<\/li>\n<li class=\"text-th-primary-dark\"><strong>Construction durable<\/strong>: Bo\u00eetier en alliage de zinc, connecteurs plaqu\u00e9s or r\u00e9sistants \u00e0 la corrosion<\/li>\n<li class=\"text-th-primary-dark\"><strong>R\u00e9sistance EMI<\/strong>: Haute r\u00e9sistance aux interf\u00e9rences \u00e9lectromagn\u00e9tiques, assurant un environnement s\u00fbr et sans rayonnement<\/li>\n<li class=\"text-th-primary-dark\"><strong>Personnalisable<\/strong>: Jusqu&#039;\u00e0 150 m de longueur maximale (30 m max pour eARC), longueur, logo et emballage personnalis\u00e9s disponibles<\/li>\n<\/ul>\n<p><strong>Applications:<\/strong><\/p>\n<ul>\n<li>Rental and Staging<\/li>\n<li>LED signs &amp; monitors<\/li>\n<li>Mat\u00e9riel d&#039;imagerie m\u00e9dicale<\/li>\n<li>Station de radio et de t\u00e9l\u00e9vision<\/li>\n<\/ul>","protected":false},"excerpt":{"rendered":"<ul>\n<li>Rectractable &amp; Durable design on solid cable drum;<\/li>\n<li>Extend full 4096 x 2160 \/ 3840 x 2160 (4K) at 60Hz 4:4:4 video signals up to 300m (985ft)<\/li>\n<li>Prend enti\u00e8rement en charge les sp\u00e9cifications HDMI 2.0, y compris eARC, le format d&#039;image 21:9 et plus encore<\/li>\n<li>Compatible PCM, DTS-HD Master et Dolby Digital True HD Surround Sound<\/li>\n<li>Profil EMI\/RFI pratiquement nul pour des performances sans faille<\/li>\n<li>Extremely Durable \u2014 integrated. stainless steel, corrugated tube with Kevlar reinforcement protection<\/li>\n<li>Prend en charge HDCP 2.2 \/ EDID \/ DDC \/ CEC<\/li>\n<\/ul>","protected":false},"featured_media":493,"comment_status":"open","ping_status":"closed","template":"","meta":[],"product_brand":[],"product_cat":[488,37,24,108],"product_tag":[43,50,484,483,47,29,75,73,74],"class_list":{"0":"post-492","1":"product","2":"type-product","3":"status-publish","4":"has-post-thumbnail","6":"product_cat-solution-audio-visual","7":"product_cat-hdmi-2-0","8":"product_cat-optical-hdmi-cables","9":"product_cat-shop","10":"product_tag-active-hdmi-2-0-cable","11":"product_tag-active-optical-hdmi-2-0-cable","12":"product_tag-armored-4k-active-optical-hdmi-cable","13":"product_tag-armored-4k-hdmi-cable","14":"product_tag-hdmi-2-0-optical-cable","15":"product_tag-optical-hdmi-cable","16":"product_tag-retractable-active-optical-cables","17":"product_tag-retractable-hdmi-aoc-reel","18":"product_tag-retractable-hdmi-cable-reel","20":"first","21":"instock","22":"shipping-taxable","23":"product-type-simple"},"aioseo_notices":[],"_links":{"self":[{"href":"https:\/\/www.aocfiberlink.com\/fr\/wp-json\/wp\/v2\/product\/492","targetHints":{"allow":["GET"]}}],"collection":[{"href":"https:\/\/www.aocfiberlink.com\/fr\/wp-json\/wp\/v2\/product"}],"about":[{"href":"https:\/\/www.aocfiberlink.com\/fr\/wp-json\/wp\/v2\/types\/product"}],"replies":[{"embeddable":true,"href":"https:\/\/www.aocfiberlink.com\/fr\/wp-json\/wp\/v2\/comments?post=492"}],"wp:featuredmedia":[{"embeddable":true,"href":"https:\/\/www.aocfiberlink.com\/fr\/wp-json\/wp\/v2\/media\/493"}],"wp:attachment":[{"href":"https:\/\/www.aocfiberlink.com\/fr\/wp-json\/wp\/v2\/media?parent=492"}],"wp:term":[{"taxonomy":"product_brand","embeddable":true,"href":"https:\/\/www.aocfiberlink.com\/fr\/wp-json\/wp\/v2\/product_brand?post=492"},{"taxonomy":"product_cat","embeddable":true,"href":"https:\/\/www.aocfiberlink.com\/fr\/wp-json\/wp\/v2\/product_cat?post=492"},{"taxonomy":"product_tag","embeddable":true,"href":"https:\/\/www.aocfiberlink.com\/fr\/wp-json\/wp\/v2\/product_tag?post=492"}],"curies":[{"name":"wp","href":"https:\/\/api.w.org\/{rel}","templated":true}]}}