{"id":555,"date":"2023-06-18T07:58:16","date_gmt":"2023-06-17T23:58:16","guid":{"rendered":"https:\/\/www.aocfiberlink.com\/?post_type=product&#038;p=555"},"modified":"2025-07-08T10:10:23","modified_gmt":"2025-07-08T02:10:23","slug":"dvi-d-hybrid-active-optical-cable-aoc-4k","status":"publish","type":"product","link":"https:\/\/www.aocfiberlink.com\/fr\/produit\/cable-fibre-optique-active-dvi-d-aoc-hybride-10-2gbps-4k30hz\/","title":{"rendered":"DVI-D Hybrid Active Optical Cable-AOC 10.2Gbps 4K@30Hz"},"content":{"rendered":"<p>Les s\u00e9ries FDVC-10VV-XX <strong>C\u00e2bles Fibre Optique Active Hybride DVI-D, <\/strong>also knows as DVI AOC, DVI Active Optical Cable, DVI Fiber Optical Cable, Optical DVI Cable, Active DVI Cable, DVI Extender over Fiber Optical Cable, offer compact design, reliable transmission of WUXGA (1920&#215;1200) or 1080p@60Hz \u00a0(4K 30Hz) signals up to 100m. With low power consumption and support for EDID and HDCP, it provides easy installation and compatibility for enhanced flexibility in diverse environments.<\/p>\n<p>Designed for durability and reliability, the DVI Active Optical Fiber Cables feature an industrial-grade TPU jacket, which provide exceptional protection and enables these cables to operate flawlessly in a wide temperature range, from -40\u2103 to +80\u2103. With this rugged construction, these cables are ideal for demanding environments such as <a href=\"https:\/\/www.aocfiberlink.com\/fr\/medical\/\">Medical Surgeries<\/a>, L<a href=\"https:\/\/www.aocfiberlink.com\/fr\/audio-visual-2\/\">ive Events Rental<\/a>, Military applications, Shipboard installations, Temporary Staging, or any scenario that demands extended HDMI connectivity in challenging conditions.<\/p>\n<p><strong>Caract\u00e9ristiques principales\u00a0:<\/strong><\/p>\n<ul>\n<li>\u00c9tend WUXGA (1920\u00d71200) \u00e0 60Hz ou 1080p \u00e0 60Hz (36bit, 3.4 Gbps\/ch)<\/li>\n<li>Interface DVI \u00e0 canal unique, prend en charge jusqu&#039;\u00e0 10,2 Gbit\/s de bande passante<\/li>\n<li>Plus fin, plus l\u00e9ger et plus doux que le c\u00e2ble en cuivre conventionnel<\/li>\n<li>Exploit\u00e9 par une source DVI sans alimentation externe<\/li>\n<li>Transmet les donn\u00e9es DVI jusqu&#039;\u00e0 100 m (328 pieds) sur un c\u00e2ble hybride optique<\/li>\n<li>Prend en charge la transmission de contenu 3D<\/li>\n<li>Conforme \u00e0 EDID, HDCP<\/li>\n<li>Extends any DVI Single-Link resolution up to 328 ft. (100 meters)<\/li>\n<\/ul>\n<p><strong>Applications:<\/strong><\/p>\n<ul>\n<li>Affichage num\u00e9rique<\/li>\n<li>Panneaux et moniteurs LED pour stades, h\u00f4pitaux, centres commerciaux<\/li>\n<li>Mat\u00e9riel d&#039;imagerie m\u00e9dicale<\/li>\n<li>Syst\u00e8me d&#039;information vid\u00e9o d&#039;embarquement \u00e0 l&#039;a\u00e9roport<\/li>\n<li>Cin\u00e9ma maison, Blu-ray, vid\u00e9o 3D, projecteur, d\u00e9codeur, DVR, contr\u00f4le de la console de jeu et connexion du moniteur<\/li>\n<li>Station de radio et de t\u00e9l\u00e9vision<\/li>\n<li>Mat\u00e9riel de visioconf\u00e9rence<\/li>\n<li>Syst\u00e8me de surveillance de la s\u00e9curit\u00e9<\/li>\n<\/ul>","protected":false},"excerpt":{"rendered":"<ul>\n<li>Jusqu&#039;\u00e0 100 m de transmission longue distance<\/li>\n<li>Prend en charge jusqu&#039;\u00e0 10,2 Gbit\/s<\/li>\n<li>Prend en charge les r\u00e9solutions jusqu&#039;\u00e0 1080p et 4K2K<\/li>\n<li>Aucune alimentation externe n\u00e9cessaire<\/li>\n<li>Pas de rayonnement et tr\u00e8s r\u00e9sistant aux EMI<\/li>\n<li>Connecteur source programmable pour stocker les informations EDID<\/li>\n<\/ul>","protected":false},"featured_media":559,"comment_status":"open","ping_status":"closed","template":"","meta":[],"product_brand":[683],"product_cat":[488,89,108,493],"product_tag":[94,91,241,95,92,93],"class_list":{"0":"post-555","1":"product","2":"type-product","3":"status-publish","4":"has-post-thumbnail","6":"product_brand-aocfiberlink","7":"product_cat-solution-audio-visual","8":"product_cat-dvi-aoc","9":"product_cat-shop","10":"product_cat-solution-smart-home","11":"product_tag-active-dvi-cable","12":"product_tag-dvi-active-optical-cable","13":"product_tag-dvi-aoc","14":"product_tag-dvi-extender-over-fiber-optical-cable","15":"product_tag-dvi-fiber-optical-cable","16":"product_tag-optical-dvi-cable","18":"first","19":"instock","20":"shipping-taxable","21":"product-type-simple"},"aioseo_notices":[],"_links":{"self":[{"href":"https:\/\/www.aocfiberlink.com\/fr\/wp-json\/wp\/v2\/product\/555","targetHints":{"allow":["GET"]}}],"collection":[{"href":"https:\/\/www.aocfiberlink.com\/fr\/wp-json\/wp\/v2\/product"}],"about":[{"href":"https:\/\/www.aocfiberlink.com\/fr\/wp-json\/wp\/v2\/types\/product"}],"replies":[{"embeddable":true,"href":"https:\/\/www.aocfiberlink.com\/fr\/wp-json\/wp\/v2\/comments?post=555"}],"wp:featuredmedia":[{"embeddable":true,"href":"https:\/\/www.aocfiberlink.com\/fr\/wp-json\/wp\/v2\/media\/559"}],"wp:attachment":[{"href":"https:\/\/www.aocfiberlink.com\/fr\/wp-json\/wp\/v2\/media?parent=555"}],"wp:term":[{"taxonomy":"product_brand","embeddable":true,"href":"https:\/\/www.aocfiberlink.com\/fr\/wp-json\/wp\/v2\/product_brand?post=555"},{"taxonomy":"product_cat","embeddable":true,"href":"https:\/\/www.aocfiberlink.com\/fr\/wp-json\/wp\/v2\/product_cat?post=555"},{"taxonomy":"product_tag","embeddable":true,"href":"https:\/\/www.aocfiberlink.com\/fr\/wp-json\/wp\/v2\/product_tag?post=555"}],"curies":[{"name":"wp","href":"https:\/\/api.w.org\/{rel}","templated":true}]}}