{"id":558,"date":"2023-01-01T11:40:31","date_gmt":"2023-01-01T03:40:31","guid":{"rendered":"https:\/\/www.aocfiberlink.com\/?post_type=product&#038;p=558"},"modified":"2025-10-25T10:30:24","modified_gmt":"2025-10-25T02:30:24","slug":"cable-fibre-optique-active-dvi-hdmi-aoc-hybride-10-2gbps-4k30hz","status":"publish","type":"product","link":"https:\/\/www.aocfiberlink.com\/fr\/product\/detachable-dvi-to-hdmi-aoc-active-optical-cable-4k\/","title":{"rendered":"C\u00e2ble optique actif d\u00e9tachable DVI vers HDMI - 10,2 Gbps 4K@30Hz"},"content":{"rendered":"<p>La s\u00e9rie FDVC-10VM-XX <strong>C\u00e2bles optiques actifs DVI vers HDMI, <\/strong>\u00e9galement connu sous le nom de DIV-HDMI AOC, c\u00e2ble optique actif DVI-HDMI, c\u00e2ble \u00e0 fibre optique DVI-HDMI, c\u00e2ble DVI optique, c\u00e2ble DVI actif. Il fournit une connexion num\u00e9rique transparente entre une source compatible DVI et un \u00e9cran compatible HDMI, permettant une connectivit\u00e9 facile entre les appareils. Que vous souhaitiez regarder des vid\u00e9os depuis votre ordinateur portable sur un \u00e9cran plus grand ou connecter un appareil \u00e9quip\u00e9 de HDMI \u00e0 un \u00e9cran DVI, ce DVI vers HDMI AOC offre des performances fiables et une transmission vid\u00e9o de haute qualit\u00e9.<\/p>\n<p>Profitez d&#039;une qualit\u00e9 vid\u00e9o am\u00e9lior\u00e9e et d&#039;un divertissement immersif avec le c\u00e2ble optique actif HDMI vers DVI. Parfait pour les amateurs de jeux et les configurations home cin\u00e9ma, ce c\u00e2ble vous permet de connecter HDMI \u00e0 DVI et de profiter d&#039;une exp\u00e9rience vid\u00e9o sup\u00e9rieure sur votre appareil compatible. Que vous jouiez, diffusiez en continu ou regardiez des films, l&#039;AOC HDMI vers DVI garantit une exp\u00e9rience visuelle transparente et impressionnante.<\/p>\n<p><strong>Caract\u00e9ristiques principales\u00a0:<\/strong><\/p>\n<ul>\n<li>\u00c9tend WUXGA (1920\u00d71200) \u00e0 60Hz ou 1080p \u00e0 60Hz (36bit, 3.4 Gbps\/ch)<\/li>\n<li>Interface DVI \u00e0 canal unique, prend en charge jusqu&#039;\u00e0 10,2 Gbit\/s de bande passante<\/li>\n<li>Plus fin, plus l\u00e9ger et plus doux que le c\u00e2ble en cuivre conventionnel<\/li>\n<li>Exploit\u00e9 par une source DVI sans alimentation externe<\/li>\n<li>Transmet les donn\u00e9es DVI jusqu&#039;\u00e0 100 m (328 pieds) sur un c\u00e2ble hybride optique<\/li>\n<li>Prend en charge la transmission de contenu 3D<\/li>\n<li>Conforme \u00e0 EDID, HDCP<\/li>\n<\/ul>\n<p><strong>Applications:<\/strong><\/p>\n<ul>\n<li>Affichage num\u00e9rique<\/li>\n<li>Panneaux et moniteurs LED pour stades, h\u00f4pitaux, centres commerciaux<\/li>\n<li>Mat\u00e9riel d&#039;imagerie m\u00e9dicale<\/li>\n<li>Syst\u00e8me d&#039;information vid\u00e9o d&#039;embarquement \u00e0 l&#039;a\u00e9roport<\/li>\n<li>Cin\u00e9ma maison, Blu-ray, vid\u00e9o 3D, projecteur, d\u00e9codeur, DVR, contr\u00f4le de la console de jeu et connexion du moniteur<\/li>\n<li>Station de radio et de t\u00e9l\u00e9vision<\/li>\n<li>Mat\u00e9riel de visioconf\u00e9rence<\/li>\n<li>Syst\u00e8me de surveillance de la s\u00e9curit\u00e9<\/li>\n<\/ul>","protected":false},"excerpt":{"rendered":"<ul>\n<li>Jusqu&#039;\u00e0 100 m de transmission longue distance<\/li>\n<li>Prend en charge jusqu&#039;\u00e0 10,2 Gbit\/s<\/li>\n<li>Prend en charge les r\u00e9solutions jusqu&#039;\u00e0 1080p et 4K2K<\/li>\n<li>Aucune alimentation externe n\u00e9cessaire<\/li>\n<li>Pas de rayonnement et tr\u00e8s r\u00e9sistant aux EMI<\/li>\n<li>Connecteur source programmable pour stocker les informations EDID<\/li>\n<\/ul>","protected":false},"featured_media":560,"comment_status":"open","ping_status":"closed","template":"","meta":{"rs_blank_template":"","rs_page_bg_color":"","slide_template_v7":""},"product_brand":[683],"product_cat":[488,89,37,24,493],"product_tag":[44,94,90,91,92,97,96,32,29],"class_list":{"0":"post-558","1":"product","2":"type-product","3":"status-publish","4":"has-post-thumbnail","6":"product_brand-aocfiberlink","7":"product_cat-solution-audio-visual","8":"product_cat-dvi-aoc","9":"product_cat-hdmi-2-0","10":"product_cat-optical-hdmi-cables","11":"product_cat-solution-smart-home","12":"product_tag-4k-hdmi-fiber-cable","13":"product_tag-active-dvi-cable","14":"product_tag-div-aoc","15":"product_tag-dvi-active-optical-cable","16":"product_tag-dvi-fiber-optical-cable","17":"product_tag-hdmi-2-0-fiber-cable","18":"product_tag-hdmi-aoc","19":"product_tag-hdmi-fiber-cable","20":"product_tag-optical-hdmi-cable","22":"first","23":"instock","24":"shipping-taxable","25":"product-type-simple"},"aioseo_notices":[],"_links":{"self":[{"href":"https:\/\/www.aocfiberlink.com\/fr\/wp-json\/wp\/v2\/product\/558","targetHints":{"allow":["GET"]}}],"collection":[{"href":"https:\/\/www.aocfiberlink.com\/fr\/wp-json\/wp\/v2\/product"}],"about":[{"href":"https:\/\/www.aocfiberlink.com\/fr\/wp-json\/wp\/v2\/types\/product"}],"replies":[{"embeddable":true,"href":"https:\/\/www.aocfiberlink.com\/fr\/wp-json\/wp\/v2\/comments?post=558"}],"wp:featuredmedia":[{"embeddable":true,"href":"https:\/\/www.aocfiberlink.com\/fr\/wp-json\/wp\/v2\/media\/560"}],"wp:attachment":[{"href":"https:\/\/www.aocfiberlink.com\/fr\/wp-json\/wp\/v2\/media?parent=558"}],"wp:term":[{"taxonomy":"product_brand","embeddable":true,"href":"https:\/\/www.aocfiberlink.com\/fr\/wp-json\/wp\/v2\/product_brand?post=558"},{"taxonomy":"product_cat","embeddable":true,"href":"https:\/\/www.aocfiberlink.com\/fr\/wp-json\/wp\/v2\/product_cat?post=558"},{"taxonomy":"product_tag","embeddable":true,"href":"https:\/\/www.aocfiberlink.com\/fr\/wp-json\/wp\/v2\/product_tag?post=558"}],"curies":[{"name":"wp","href":"https:\/\/api.w.org\/{rel}","templated":true}]}}